{"id":102,"date":"2020-03-02T09:41:59","date_gmt":"2020-03-02T09:41:59","guid":{"rendered":"http:\/\/sentec.es\/?page_id=102"},"modified":"2020-09-25T13:12:17","modified_gmt":"2020-09-25T11:12:17","slug":"empresa","status":"publish","type":"page","link":"https:\/\/sentec.es\/index.php\/empresa\/","title":{"rendered":"Empresa"},"content":{"rendered":"<p>[et_pb_section fb_built=\u00bb1&#8243; _builder_version=\u00bb3.22&#8243; min_height=\u00bb861px\u00bb custom_margin=\u00bb||-173px|||\u00bb custom_padding=\u00bb68px||110px|||\u00bb][et_pb_row _builder_version=\u00bb4.3.4&#8243;][et_pb_column type=\u00bb4_4&#8243; _builder_version=\u00bb4.3.4&#8243;][et_pb_text _builder_version=\u00bb4.3.4&#8243; text_font_size=\u00bb42px\u00bb text_line_height=\u00bb1.6em\u00bb custom_margin=\u00bb||42px|||\u00bb]<\/p>\n<h1 style=\"text-align: center;\"><strong>\u00a0SENTEC<\/strong><\/h1>\n<h1 style=\"text-align: center;\"><strong>\u00a0&amp;<\/strong><\/h1>\n<h1 style=\"text-align: center;\"><strong> DESMI RO-CLEAN<\/strong><\/h1>\n<p style=\"text-align: center;\"><strong><\/strong><\/p>\n<p>[\/et_pb_text][et_pb_text _builder_version=\u00bb4.3.4&#8243; text_font=\u00bbVerdana||||||||\u00bb text_font_size=\u00bb17px\u00bb custom_padding=\u00bb0px|||||\u00bb hover_enabled=\u00bb0&#8243;]<\/p>\n<h1 style=\"text-align: center;\"><\/h1>\n<p style=\"text-align: center;\"><span style=\"text-decoration: underline;\"><strong>Equipos para la contenci\u00f3n y recuperaci\u00f3n de vertidos de hidrocarburos, productos qu\u00edmicos y s\u00f3lidos flotantes<\/strong><\/span><\/p>\n<p>&nbsp;<\/p>\n<p style=\"text-align: justify;\"><em><strong>SENTEC<\/strong><\/em>\u00a0es una empresa especializada en la comercializaci\u00f3n de equipos para la contenci\u00f3n y recuperaci\u00f3n de vertidos de hidrocarburos, productos qu\u00edmicos y s\u00f3lidos flotantes, as\u00ed como de barreras para el control de riadas e inundaciones.<\/p>\n<p style=\"text-align: justify;\">Desde hace m\u00e1s de 30 a\u00f1os SENTEC tiene encomendada la distribuci\u00f3n y el servicio postventa de los prestigiosos equipos anticontaminaci\u00f3n de la multinacional\u00a0<em><strong>DESMI<\/strong><\/em>, la mayor empresa europea en este sector.<\/p>\n<p style=\"text-align: justify;\">Fundada en 1834, DESMI es una de las empresas m\u00e1s antiguas de Dinamarca y actualmente est\u00e1 presente en m\u00e1s de 100 pa\u00edses con una amplia red de agentes y distribuidores.<\/p>\n<p style=\"text-align: justify;\">SENTEC est\u00e1 en disposici\u00f3n de recomendar el producto m\u00e1s adecuado a las necesidades de cada cliente al ser su gama de productos la m\u00e1s amplia del mercado espa\u00f1ol.<\/p>\n<p style=\"text-align: justify;\">Su liderazgo se basa en la fiabilidad tecnol\u00f3gica de sus productos, en su agilidad de respuesta y en su fuerte compromiso de servicio al cliente.<\/p>\n<p style=\"text-align: justify;\"><strong>Entre nuestros clientes figuran: <\/strong><\/p>\n<table width=\"100%\">\n<tbody>\n<tr>\n<td style=\"width: 61.3915%;\">&#8211; Sociedad de Salvamento y Seguridad Mar\u00edtima (SASEMAR)<br \/> &#8211; Autoridades Portuarias<br \/> &#8211; Boteros y Amarradores<br \/> &#8211; Xunta de Galicia<br \/> &#8211; Repsol<br \/> &#8211; CLH<br \/> &#8211; Cepsa<br \/> &#8211; Gobierno Vasco<br \/> &#8211; Petronor<br \/> &#8211; Conoco<br \/> &#8211; Shell<br \/> &#8211; Ertoil<br \/> &#8211; BP Oil<\/td>\n<td style=\"width: 38.6085%;\">&#8211; Tepsa<br \/> &#8211; Petroval<br \/> &#8211; Astano<br \/> &#8211; Terminales Canarios<br \/> &#8211; Gesa<br \/> &#8211; Capesa<br \/> &#8211; Remolcanosa<br \/> &#8211; Astilleros Zamakona<br \/> &#8211; Protecfire<br \/> &#8211; Sato<br \/> &#8211; Remasa<br \/> &#8211; Astilleros Cardama<br \/> &#8211; Factor\u00eda Naval de Mar\u00edn<\/td>\n<\/tr>\n<\/tbody>\n<\/table>\n<p>&nbsp;<\/p>\n<p>[\/et_pb_text][\/et_pb_column][\/et_pb_row][\/et_pb_section][et_pb_section fb_built=\u00bb1&#8243; fullwidth=\u00bbon\u00bb _builder_version=\u00bb4.3.4&#8243;][et_pb_fullwidth_image src=\u00bbhttps:\/\/sentec.es\/wp-content\/uploads\/2020\/04\/www.sentec.es-barrera-oceanica-Ro-Boom.jpg\u00bb _builder_version=\u00bb4.3.4&#8243; min_height=\u00bb1108px\u00bb custom_margin=\u00bb59px|||||\u00bb custom_padding=\u00bb0px|||||\u00bb][\/et_pb_fullwidth_image][\/et_pb_section]<\/p>\n","protected":false},"excerpt":{"rendered":"<p>\u00a0SENTEC \u00a0&amp; DESMI RO-CLEAN Equipos para la contenci\u00f3n y recuperaci\u00f3n de vertidos de hidrocarburos, productos qu\u00edmicos y s\u00f3lidos flotantes &nbsp; SENTEC\u00a0es una empresa especializada en la comercializaci\u00f3n de equipos para la contenci\u00f3n y recuperaci\u00f3n de vertidos de hidrocarburos, productos qu\u00edmicos y s\u00f3lidos flotantes, as\u00ed como de barreras para el control de riadas e inundaciones. Desde [&hellip;]<\/p>\n","protected":false},"author":1,"featured_media":0,"parent":0,"menu_order":0,"comment_status":"closed","ping_status":"closed","template":"","meta":{"_et_pb_use_builder":"on","_et_pb_old_content":"","_et_gb_content_width":"","footnotes":""},"class_list":["post-102","page","type-page","status-publish","hentry"],"aioseo_notices":[],"_links":{"self":[{"href":"https:\/\/sentec.es\/index.php\/wp-json\/wp\/v2\/pages\/102"}],"collection":[{"href":"https:\/\/sentec.es\/index.php\/wp-json\/wp\/v2\/pages"}],"about":[{"href":"https:\/\/sentec.es\/index.php\/wp-json\/wp\/v2\/types\/page"}],"author":[{"embeddable":true,"href":"https:\/\/sentec.es\/index.php\/wp-json\/wp\/v2\/users\/1"}],"replies":[{"embeddable":true,"href":"https:\/\/sentec.es\/index.php\/wp-json\/wp\/v2\/comments?post=102"}],"version-history":[{"count":32,"href":"https:\/\/sentec.es\/index.php\/wp-json\/wp\/v2\/pages\/102\/revisions"}],"predecessor-version":[{"id":2532,"href":"https:\/\/sentec.es\/index.php\/wp-json\/wp\/v2\/pages\/102\/revisions\/2532"}],"wp:attachment":[{"href":"https:\/\/sentec.es\/index.php\/wp-json\/wp\/v2\/media?parent=102"}],"curies":[{"name":"wp","href":"https:\/\/api.w.org\/{rel}","templated":true}]}}