{"id":1123,"date":"2020-03-14T12:20:08","date_gmt":"2020-03-14T10:20:08","guid":{"rendered":"http:\/\/sentec.es\/?page_id=1123"},"modified":"2021-02-09T11:13:16","modified_gmt":"2021-02-09T09:13:16","slug":"skimmer-terrapin","status":"publish","type":"page","link":"https:\/\/sentec.es\/index.php\/skimmer-terrapin\/","title":{"rendered":"TERRAPIN"},"content":{"rendered":"<p>[et_pb_section fb_built=\u00bb1&#8243; _builder_version=\u00bb4.3.4&#8243;][et_pb_row _builder_version=\u00bb4.3.4&#8243;][et_pb_column type=\u00bb4_4&#8243; _builder_version=\u00bb4.3.4&#8243;][et_pb_text _builder_version=\u00bb4.3.4&#8243; text_font=\u00bbVerdana||||||||\u00bb text_font_size=\u00bb17px\u00bb custom_padding=\u00bb||0px|||\u00bb]<\/p>\n<h1 style=\"text-align: justify;\">DESMI TERRAPIN<\/h1>\n<h2><strong><br \/> <\/strong>Skimmer de rebosadero de 10 m3\/h<\/h2>\n<p>&nbsp;<\/p>\n<p style=\"text-align: justify;\">El <em>DESMI TERRAPIN<\/em> es un peque\u00f1o skimmer de rebosadero con flotador central especialmente desarrollado para la recuperaci\u00f3n de hidrocarburos en aguas portuarias tranquilas, balsas de decantaci\u00f3n, separadores industriales y tanques. Su capacidad m\u00e1xima de recogida es de 10 m3\/h y puede ser conectado a un cami\u00f3n de vac\u00edo o a cualquier bomba de aspiraci\u00f3n autocebante de caudal variable. Su rebosadero flotante se ajusta autom\u00e1ticamente al grosor de la capa de hidrocarburo en funci\u00f3n del caudal de la bomba de aspiraci\u00f3n. A una velocidad baja de la bomba el rebosadero flotante asciende permitiendo la recogida de capas de hidrocarburo muy finas con el m\u00ednimo contenido de agua. A mayor velocidad de la bomba el rebosadero desciende dejando entrar capas de hidrocarburo m\u00e1s gruesas.<\/p>\n<p>[\/et_pb_text][\/et_pb_column][\/et_pb_row][et_pb_row column_structure=\u00bb1_3,1_3,1_3&#8243; _builder_version=\u00bb4.3.4&#8243; custom_padding=\u00bb4px||4px|||\u00bb][et_pb_column type=\u00bb1_3&#8243; _builder_version=\u00bb4.3.4&#8243;][et_pb_image src=\u00bbhttps:\/\/sentec.es\/wp-content\/uploads\/2020\/03\/www.sentec.es-skimmer-rebosadero-DESMI-Terrapin-a.jpg\u00bb _builder_version=\u00bb4.3.4&#8243;][\/et_pb_image][\/et_pb_column][et_pb_column type=\u00bb1_3&#8243; _builder_version=\u00bb4.3.4&#8243;][et_pb_image src=\u00bbhttps:\/\/sentec.es\/wp-content\/uploads\/2020\/03\/www.sentec.es-skimmer-rebosadero-DESMI-Terrapin-c.jpg\u00bb _builder_version=\u00bb4.3.4&#8243;][\/et_pb_image][\/et_pb_column][et_pb_column type=\u00bb1_3&#8243; _builder_version=\u00bb4.3.4&#8243;][et_pb_image src=\u00bbhttps:\/\/sentec.es\/wp-content\/uploads\/2020\/03\/www.sentec.es-skimmer-rebosadero-DESMI-Terrapin-b.jpg\u00bb _builder_version=\u00bb4.3.4&#8243;][\/et_pb_image][\/et_pb_column][\/et_pb_row][et_pb_row _builder_version=\u00bb4.3.4&#8243; custom_padding=\u00bb||17px|||\u00bb][et_pb_column type=\u00bb4_4&#8243; _builder_version=\u00bb4.3.4&#8243;][et_pb_text _builder_version=\u00bb4.3.4&#8243; text_font=\u00bbVerdana||||||||\u00bb text_font_size=\u00bb17px\u00bb hover_enabled=\u00bb0&#8243;]<\/p>\n<p style=\"text-align: justify;\">El DESMI TERRAPIN puede utilizarse en flotaci\u00f3n libre conectando la manguera de aspiraci\u00f3n a su parte inferior o, alternativamente, puede suspenderse desde arriba conectando la manguera a su parte superior. Esto permite el acceso a sumideros y alcantarillas o su introducci\u00f3n a trav\u00e9s de las tapas de registro de los tanques de almacenamiento.<\/p>\n<p style=\"text-align: justify;\">EL DESMI TERRAPIN est\u00e1 fabricado en acero inoxidable de grado marino, poliuretano y polietileno moldeado, lo que hace que sea especialmente resistente a los hidrocarburos y a los agentes atmosf\u00e9ricos. Disponemos de bombas de diafragma, centr\u00edfugas y perist\u00e1lticas, tanto de accionamiento diesel como el\u00e9ctrico.\u00a0<\/p>\n<p class=\"TextopredeteCar\" style=\"text-align: justify;\">El Desmi Terrapin tambi\u00e9n se puede suministrar con tres flotadores auxiliares en vez de con un flotador central lo que le confiere mayor estabilidad en presencia de oleaje.<\/p>\n<p>[\/et_pb_text][\/et_pb_column][\/et_pb_row][et_pb_row column_structure=\u00bb1_3,1_3,1_3&#8243; _builder_version=\u00bb4.3.4&#8243; custom_padding=\u00bb4px||4px|||\u00bb][et_pb_column type=\u00bb1_3&#8243; _builder_version=\u00bb4.3.4&#8243;][et_pb_image src=\u00bbhttps:\/\/sentec.es\/wp-content\/uploads\/2021\/02\/image00361.jpg\u00bb _builder_version=\u00bb4.3.4&#8243; hover_enabled=\u00bb0&#8243;][\/et_pb_image][\/et_pb_column][et_pb_column type=\u00bb1_3&#8243; _builder_version=\u00bb4.3.4&#8243;][et_pb_image src=\u00bbhttps:\/\/sentec.es\/wp-content\/uploads\/2021\/02\/Terrapin-draw04.jpg\u00bb _builder_version=\u00bb4.3.4&#8243; hover_enabled=\u00bb0&#8243;][\/et_pb_image][\/et_pb_column][et_pb_column type=\u00bb1_3&#8243; _builder_version=\u00bb4.3.4&#8243;][et_pb_image src=\u00bbhttps:\/\/sentec.es\/wp-content\/uploads\/2021\/02\/borra16.jpg\u00bb _builder_version=\u00bb4.3.4&#8243; hover_enabled=\u00bb0&#8243;][\/et_pb_image][\/et_pb_column][\/et_pb_row][et_pb_row _builder_version=\u00bb4.3.4&#8243;][et_pb_column _builder_version=\u00bb4.3.4&#8243; type=\u00bb4_4&#8243;][et_pb_text _builder_version=\u00bb4.3.4&#8243; hover_enabled=\u00bb0&#8243; custom_margin=\u00bb||-35px|||\u00bb][\/et_pb_text][\/et_pb_column][\/et_pb_row][et_pb_row _builder_version=\u00bb4.3.4&#8243;][et_pb_column type=\u00bb4_4&#8243; _builder_version=\u00bb4.3.4&#8243;][et_pb_text _builder_version=\u00bb4.3.4&#8243; text_font_size=\u00bb16px\u00bb]<\/p>\n<table width=\"100%\">\n<tbody>\n<tr>\n<td style=\"width: 41.0627%;\"><strong>DATOS T\u00c9CNICOS<\/strong><\/td>\n<td style=\"width: 55.9373%;\"><strong>DESMI TERRAPIN <\/strong><\/td>\n<\/tr>\n<tr>\n<td style=\"width: 41.0627%;\">Capacidad nominal<\/td>\n<td style=\"width: 55.9373%;\">10 m3\/h dependiendo de la bomba<\/td>\n<\/tr>\n<tr>\n<td style=\"width: 41.0627%;\">Rebosadero de admisi\u00f3n<\/td>\n<td style=\"width: 55.9373%;\">350 mm de di\u00e1metro, autoajustable<\/td>\n<\/tr>\n<tr>\n<td style=\"width: 41.0627%;\">Calado<\/td>\n<td style=\"width: 55.9373%;\">340 m m<\/td>\n<\/tr>\n<tr>\n<td style=\"width: 41.0627%;\">Peso<\/td>\n<td style=\"width: 55.9373%;\">8,5 kg<\/td>\n<\/tr>\n<tr>\n<td style=\"width: 41.0627%;\">Bomba<\/td>\n<td style=\"width: 55.9373%;\">Bomba de aspiraci\u00f3n externa, preferentemente autocebante y de caudal variable (perist\u00e1ltica o de diafragma)<\/td>\n<\/tr>\n<tr>\n<td style=\"width: 41.0627%;\">M\u00e1ximo paso de s\u00f3lidos<\/td>\n<td style=\"width: 55.9373%;\">20 mm \u2013 seg\u00fan bomba<\/td>\n<\/tr>\n<tr>\n<td style=\"width: 41.0627%;\">Dimensiones<\/td>\n<td style=\"width: 55.9373%;\">380 x 410 mm de di\u00e1metro<\/td>\n<\/tr>\n<tr>\n<td style=\"width: 41.0627%;\">Racor de aspiraci\u00f3n<\/td>\n<td style=\"width: 55.9373%;\">1 \u00bc\u201d CAMLOCK macho<\/td>\n<\/tr>\n<\/tbody>\n<\/table>\n<p>[\/et_pb_text][\/et_pb_column][\/et_pb_row][\/et_pb_section]<\/p>\n","protected":false},"excerpt":{"rendered":"<p>DESMI TERRAPIN Skimmer de rebosadero de 10 m3\/h &nbsp; El DESMI TERRAPIN es un peque\u00f1o skimmer de rebosadero con flotador central especialmente desarrollado para la recuperaci\u00f3n de hidrocarburos en aguas portuarias tranquilas, balsas de decantaci\u00f3n, separadores industriales y tanques. Su capacidad m\u00e1xima de recogida es de 10 m3\/h y puede ser conectado a un cami\u00f3n [&hellip;]<\/p>\n","protected":false},"author":1,"featured_media":0,"parent":0,"menu_order":0,"comment_status":"closed","ping_status":"closed","template":"","meta":{"_et_pb_use_builder":"on","_et_pb_old_content":"","_et_gb_content_width":"","footnotes":""},"class_list":["post-1123","page","type-page","status-publish","hentry"],"aioseo_notices":[],"_links":{"self":[{"href":"https:\/\/sentec.es\/index.php\/wp-json\/wp\/v2\/pages\/1123"}],"collection":[{"href":"https:\/\/sentec.es\/index.php\/wp-json\/wp\/v2\/pages"}],"about":[{"href":"https:\/\/sentec.es\/index.php\/wp-json\/wp\/v2\/types\/page"}],"author":[{"embeddable":true,"href":"https:\/\/sentec.es\/index.php\/wp-json\/wp\/v2\/users\/1"}],"replies":[{"embeddable":true,"href":"https:\/\/sentec.es\/index.php\/wp-json\/wp\/v2\/comments?post=1123"}],"version-history":[{"count":7,"href":"https:\/\/sentec.es\/index.php\/wp-json\/wp\/v2\/pages\/1123\/revisions"}],"predecessor-version":[{"id":2578,"href":"https:\/\/sentec.es\/index.php\/wp-json\/wp\/v2\/pages\/1123\/revisions\/2578"}],"wp:attachment":[{"href":"https:\/\/sentec.es\/index.php\/wp-json\/wp\/v2\/media?parent=1123"}],"curies":[{"name":"wp","href":"https:\/\/api.w.org\/{rel}","templated":true}]}}