{"id":1133,"date":"2020-03-14T16:15:04","date_gmt":"2020-03-14T14:15:04","guid":{"rendered":"http:\/\/sentec.es\/?page_id=1133"},"modified":"2020-04-26T10:12:30","modified_gmt":"2020-04-26T08:12:30","slug":"skimmer-ro-skim-2","status":"publish","type":"page","link":"https:\/\/sentec.es\/index.php\/skimmer-ro-skim-2\/","title":{"rendered":"RO-SKIM"},"content":{"rendered":"\n[et_pb_section fb_built=\u00bb1&#8243; _builder_version=\u00bb4.3.4&#8243;][et_pb_row _builder_version=\u00bb4.3.4&#8243;][et_pb_column type=\u00bb4_4&#8243; _builder_version=\u00bb4.3.4&#8243;][et_pb_text _builder_version=\u00bb4.3.4&#8243; text_font=\u00bbVerdana||||||||\u00bb text_font_size=\u00bb17px\u00bb custom_padding=\u00bb||0px|||\u00bb hover_enabled=\u00bb0&#8243;]<h1 style=\"text-align: justify;\">RO-SKIM<\/h1>\n<h2><strong><br \/> <\/strong>Skimmer de rebosadero<\/h2>\n<p>&nbsp;<\/p>\n<p style=\"text-align: justify;\">El <em>RO-SKIM<\/em> es una secci\u00f3n de barrera flotante RO-BOOM que incorpora un skimmer de rebosadero con bomba de tornillo DOP-250 o DOP-160. El RO-SKIM puede ser conectado a cualquier barrera flotante dotada de conexiones r\u00e1pidas ASTM o a nuestro cerco lateral con tang\u00f3n RO-SWEEP.<\/p>\n[\/et_pb_text][\/et_pb_column][\/et_pb_row][et_pb_row column_structure=\u00bb1_3,1_3,1_3&#8243; _builder_version=\u00bb4.3.4&#8243; custom_padding=\u00bb4px||4px|||\u00bb][et_pb_column type=\u00bb1_3&#8243; _builder_version=\u00bb4.3.4&#8243;][et_pb_image src=\u00bbhttp:\/\/sentec.es\/wp-content\/uploads\/2020\/03\/www.sentec.es-skimmer-Ro-Skim-1.jpg\u00bb _builder_version=\u00bb4.3.4&#8243; hover_enabled=\u00bb0&#8243;][\/et_pb_image][\/et_pb_column][et_pb_column type=\u00bb1_3&#8243; _builder_version=\u00bb4.3.4&#8243;][et_pb_image src=\u00bbhttp:\/\/sentec.es\/wp-content\/uploads\/2020\/03\/Ro-Skim.jpg\u00bb _builder_version=\u00bb4.3.4&#8243; hover_enabled=\u00bb0&#8243;][\/et_pb_image][\/et_pb_column][et_pb_column type=\u00bb1_3&#8243; _builder_version=\u00bb4.3.4&#8243;][et_pb_image src=\u00bbhttp:\/\/sentec.es\/wp-content\/uploads\/2020\/03\/www.sentec.es-barrera-contencion-Ro-Boom-11-2.jpg\u00bb _builder_version=\u00bb4.3.4&#8243; hover_enabled=\u00bb0&#8243;][\/et_pb_image][\/et_pb_column][\/et_pb_row][et_pb_row _builder_version=\u00bb4.3.4&#8243; custom_padding=\u00bb||17px|||\u00bb][et_pb_column type=\u00bb4_4&#8243; _builder_version=\u00bb4.3.4&#8243;][et_pb_text _builder_version=\u00bb4.3.4&#8243; text_font=\u00bbVerdana||||||||\u00bb text_font_size=\u00bb17px\u00bb hover_enabled=\u00bb0&#8243;]<p style=\"text-align: justify;\">La bomba de tornillo DESMI DOP incorporada en el skimmer es capaz de bombear hidrocarburos de viscosidad extrema a contrapresiones de hasta 10 bar, as\u00ed como de triturar s\u00f3lidos con un di\u00e1metro de hasta 50mm. La posici\u00f3n del rebosadero de admisi\u00f3n puede se ajustada a distancia en funci\u00f3n del grosor de la capa de hidrocarburo. El RO-SKIM est\u00e1 disponible en varios tama\u00f1os con capacidades de recogida de entre 12 y 125 m3\/h.<\/p>\n[\/et_pb_text][\/et_pb_column][\/et_pb_row][\/et_pb_section]\n","protected":false},"excerpt":{"rendered":"<p>RO-SKIM Skimmer de rebosadero &nbsp; El RO-SKIM es una secci\u00f3n de barrera flotante RO-BOOM que incorpora un skimmer de rebosadero con bomba de tornillo DOP-250 o DOP-160. El RO-SKIM puede ser conectado a cualquier barrera flotante dotada de conexiones r\u00e1pidas ASTM o a nuestro cerco lateral con tang\u00f3n RO-SWEEP. La bomba de tornillo DESMI DOP [&hellip;]<\/p>\n","protected":false},"author":1,"featured_media":0,"parent":0,"menu_order":0,"comment_status":"closed","ping_status":"closed","template":"","meta":{"_et_pb_use_builder":"on","_et_pb_old_content":"","_et_gb_content_width":"","footnotes":""},"class_list":["post-1133","page","type-page","status-publish","hentry"],"aioseo_notices":[],"_links":{"self":[{"href":"https:\/\/sentec.es\/index.php\/wp-json\/wp\/v2\/pages\/1133"}],"collection":[{"href":"https:\/\/sentec.es\/index.php\/wp-json\/wp\/v2\/pages"}],"about":[{"href":"https:\/\/sentec.es\/index.php\/wp-json\/wp\/v2\/types\/page"}],"author":[{"embeddable":true,"href":"https:\/\/sentec.es\/index.php\/wp-json\/wp\/v2\/users\/1"}],"replies":[{"embeddable":true,"href":"https:\/\/sentec.es\/index.php\/wp-json\/wp\/v2\/comments?post=1133"}],"version-history":[{"count":3,"href":"https:\/\/sentec.es\/index.php\/wp-json\/wp\/v2\/pages\/1133\/revisions"}],"predecessor-version":[{"id":2401,"href":"https:\/\/sentec.es\/index.php\/wp-json\/wp\/v2\/pages\/1133\/revisions\/2401"}],"wp:attachment":[{"href":"https:\/\/sentec.es\/index.php\/wp-json\/wp\/v2\/media?parent=1133"}],"curies":[{"name":"wp","href":"https:\/\/api.w.org\/{rel}","templated":true}]}}