{"id":1143,"date":"2020-03-14T17:17:47","date_gmt":"2020-03-14T15:17:47","guid":{"rendered":"http:\/\/sentec.es\/?page_id=1143"},"modified":"2020-04-26T10:27:22","modified_gmt":"2020-04-26T08:27:22","slug":"aspirador-vacio-ro-vac-mk-ii","status":"publish","type":"page","link":"https:\/\/sentec.es\/index.php\/aspirador-vacio-ro-vac-mk-ii\/","title":{"rendered":"RO-VAC MK II"},"content":{"rendered":"\n[et_pb_section fb_built=\u00bb1&#8243; _builder_version=\u00bb4.3.4&#8243;][et_pb_row _builder_version=\u00bb4.3.4&#8243;][et_pb_column type=\u00bb4_4&#8243; _builder_version=\u00bb4.3.4&#8243;][et_pb_text _builder_version=\u00bb4.3.4&#8243; text_font=\u00bbVerdana||||||||\u00bb text_font_size=\u00bb17px\u00bb custom_padding=\u00bb||0px|||\u00bb]<h1 style=\"text-align: justify;\">RO-VAC MK II<\/h1>\n<h2><strong><br \/> <\/strong>Equipo de limpieza por vac\u00edo e hidrolavado<\/h2>\n<p>&nbsp;<\/p>\n<p style=\"text-align: justify;\">El <em>RO-VAC MK II <\/em>es un potente aspirador industrial para la recuperaci\u00f3n de productos qu\u00edmicos e hidrocarburos derramados sobre el agua o el suelo. Adem\u00e1s, incorpora una bomba de agua de alta presi\u00f3n con inyector de detergente para la limpieza de barreras flotantes, skimmers o cualquier superficie contaminada por petr\u00f3leo. El RO-VAC MK II incorpora una bomba de vac\u00edo capaz de generar un caudal de aire de 6.800 l\/min y una depresi\u00f3n de hasta el 95%. Como dep\u00f3sito de vac\u00edo se puede optar por barriles est\u00e1ndar de 200 l o por nuestros tanques cisterna de 2 y 5m3 de capacidad.<\/p>[\/et_pb_text][\/et_pb_column][\/et_pb_row][et_pb_row column_structure=\u00bb1_3,1_3,1_3&#8243; _builder_version=\u00bb4.3.4&#8243; custom_padding=\u00bb4px||4px|||\u00bb][et_pb_column type=\u00bb1_3&#8243; _builder_version=\u00bb4.3.4&#8243;][et_pb_image src=\u00bbhttp:\/\/sentec.es\/wp-content\/uploads\/2020\/03\/www.sentec.es-aspirador-liquidos-12.jpg\u00bb _builder_version=\u00bb4.3.4&#8243;][\/et_pb_image][\/et_pb_column][et_pb_column type=\u00bb1_3&#8243; _builder_version=\u00bb4.3.4&#8243;][et_pb_image src=\u00bbhttp:\/\/sentec.es\/wp-content\/uploads\/2020\/03\/www.sentec.es-aspirador-liquidos-4.jpg\u00bb _builder_version=\u00bb4.3.4&#8243;][\/et_pb_image][\/et_pb_column][et_pb_column type=\u00bb1_3&#8243; _builder_version=\u00bb4.3.4&#8243;][et_pb_image src=\u00bbhttp:\/\/sentec.es\/wp-content\/uploads\/2020\/03\/www.sentec.es-aspirador-liquidos-5.jpg\u00bb _builder_version=\u00bb4.3.4&#8243;][\/et_pb_image][\/et_pb_column][\/et_pb_row][et_pb_row _builder_version=\u00bb4.3.4&#8243; custom_padding=\u00bb||17px|||\u00bb][et_pb_column type=\u00bb4_4&#8243; _builder_version=\u00bb4.3.4&#8243;][et_pb_text _builder_version=\u00bb4.3.4&#8243; text_font=\u00bbVerdana||||||||\u00bb text_font_size=\u00bb17px\u00bb]<p style=\"text-align: justify;\">La principal ventaja de un equipo de vac\u00edo frente a una bomba tradicional es que el producto aspirado pasa directamente al tanque de almacenamiento sin entrar en contacto con componentes mec\u00e1nicos. Esto permite la recuperaci\u00f3n de productos qu\u00edmicos abrasivos y de s\u00f3lidos de gran di\u00e1metro.<\/p>[\/et_pb_text][\/et_pb_column][\/et_pb_row][et_pb_row column_structure=\u00bb1_3,1_3,1_3&#8243; _builder_version=\u00bb4.3.4&#8243; custom_padding=\u00bb4px||4px|||\u00bb][et_pb_column type=\u00bb1_3&#8243; _builder_version=\u00bb4.3.4&#8243;][et_pb_image src=\u00bbhttp:\/\/sentec.es\/wp-content\/uploads\/2020\/03\/www.sentec.es-aspirador-liquidos-7.jpg\u00bb _builder_version=\u00bb4.3.4&#8243;][\/et_pb_image][\/et_pb_column][et_pb_column type=\u00bb1_3&#8243; _builder_version=\u00bb4.3.4&#8243;][et_pb_image src=\u00bbhttp:\/\/sentec.es\/wp-content\/uploads\/2020\/03\/www.sentec.es-aspirador-liquidos-6.jpg\u00bb _builder_version=\u00bb4.3.4&#8243;][\/et_pb_image][\/et_pb_column][et_pb_column type=\u00bb1_3&#8243; _builder_version=\u00bb4.3.4&#8243;][et_pb_image src=\u00bbhttp:\/\/sentec.es\/wp-content\/uploads\/2020\/03\/www.sentec.es-aspirador-liquidos-1.jpg\u00bb _builder_version=\u00bb4.3.4&#8243;][\/et_pb_image][\/et_pb_column][\/et_pb_row][et_pb_row _builder_version=\u00bb4.3.4&#8243;][et_pb_column type=\u00bb4_4&#8243; _builder_version=\u00bb4.3.4&#8243;][et_pb_text _builder_version=\u00bb4.3.4&#8243; text_font=\u00bbVerdana||||||||\u00bb text_font_size=\u00bb17px\u00bb]<p style=\"text-align: justify;\">El RO-VAC MKII ha sido utilizado con gran \u00e9xito para la limpieza de playas contaminadas por petr\u00f3leo, una tarea que suele ser complicada por estar el hidrocarburo mezclado con arena, conchas, piedras y algas. Para la recuperaci\u00f3n de hidrocarburos derramados sobre el agua el RO-VAC MK II puede ser conectado a nuestros skimmers de rebosadero DESMI MINI-MAX y DESMI TERMITE.<\/p>[\/et_pb_text][\/et_pb_column][\/et_pb_row][et_pb_row column_structure=\u00bb1_3,1_3,1_3&#8243; _builder_version=\u00bb4.3.4&#8243; custom_padding=\u00bb4px||4px|||\u00bb][et_pb_column type=\u00bb1_3&#8243; _builder_version=\u00bb4.3.4&#8243;][et_pb_image src=\u00bbhttp:\/\/sentec.es\/wp-content\/uploads\/2020\/03\/www.sentec.es-aspirador-liquidos-8.jpg\u00bb _builder_version=\u00bb4.3.4&#8243;][\/et_pb_image][\/et_pb_column][et_pb_column type=\u00bb1_3&#8243; _builder_version=\u00bb4.3.4&#8243;][et_pb_image src=\u00bbhttp:\/\/sentec.es\/wp-content\/uploads\/2020\/03\/www.sentec.es-aspirador-liquidos-3.jpg\u00bb _builder_version=\u00bb4.3.4&#8243; custom_padding=\u00bb0px|||||\u00bb][\/et_pb_image][et_pb_button button_text=\u00bbVIDEO\u00bb _builder_version=\u00bb4.3.4&#8243; button_url=\u00bbhttps:\/\/www.youtube.com\/watch?v=_p6_7UwODMQ\u00bb url_new_window=\u00bbon\u00bb button_alignment=\u00bbcenter\u00bb custom_button=\u00bbon\u00bb button_icon=\u00bb%%40%%\u00bb hover_enabled=\u00bb0&#8243; button_border_width=\u00bb3px\u00bb button_border_radius=\u00bb44px\u00bb][\/et_pb_button][\/et_pb_column][et_pb_column type=\u00bb1_3&#8243; _builder_version=\u00bb4.3.4&#8243;][et_pb_image src=\u00bbhttp:\/\/sentec.es\/wp-content\/uploads\/2020\/03\/www.sentec.es-aspirador-liquidos-2.jpg\u00bb _builder_version=\u00bb4.3.4&#8243;][\/et_pb_image][\/et_pb_column][\/et_pb_row][\/et_pb_section]\n","protected":false},"excerpt":{"rendered":"<p>RO-VAC MK II Equipo de limpieza por vac\u00edo e hidrolavado &nbsp; El RO-VAC MK II es un potente aspirador industrial para la recuperaci\u00f3n de productos qu\u00edmicos e hidrocarburos derramados sobre el agua o el suelo. Adem\u00e1s, incorpora una bomba de agua de alta presi\u00f3n con inyector de detergente para la limpieza de barreras flotantes, skimmers [&hellip;]<\/p>\n","protected":false},"author":1,"featured_media":0,"parent":0,"menu_order":0,"comment_status":"closed","ping_status":"closed","template":"","meta":{"_et_pb_use_builder":"on","_et_pb_old_content":"","_et_gb_content_width":"","footnotes":""},"class_list":["post-1143","page","type-page","status-publish","hentry"],"aioseo_notices":[],"_links":{"self":[{"href":"https:\/\/sentec.es\/index.php\/wp-json\/wp\/v2\/pages\/1143"}],"collection":[{"href":"https:\/\/sentec.es\/index.php\/wp-json\/wp\/v2\/pages"}],"about":[{"href":"https:\/\/sentec.es\/index.php\/wp-json\/wp\/v2\/types\/page"}],"author":[{"embeddable":true,"href":"https:\/\/sentec.es\/index.php\/wp-json\/wp\/v2\/users\/1"}],"replies":[{"embeddable":true,"href":"https:\/\/sentec.es\/index.php\/wp-json\/wp\/v2\/comments?post=1143"}],"version-history":[{"count":5,"href":"https:\/\/sentec.es\/index.php\/wp-json\/wp\/v2\/pages\/1143\/revisions"}],"predecessor-version":[{"id":2403,"href":"https:\/\/sentec.es\/index.php\/wp-json\/wp\/v2\/pages\/1143\/revisions\/2403"}],"wp:attachment":[{"href":"https:\/\/sentec.es\/index.php\/wp-json\/wp\/v2\/media?parent=1143"}],"curies":[{"name":"wp","href":"https:\/\/api.w.org\/{rel}","templated":true}]}}