{"id":120,"date":"2020-03-02T10:26:55","date_gmt":"2020-03-02T10:26:55","guid":{"rendered":"http:\/\/sentec.es\/?page_id=120"},"modified":"2021-05-10T11:00:26","modified_gmt":"2021-05-10T09:00:26","slug":"solidos-en-agua","status":"publish","type":"page","link":"https:\/\/sentec.es\/index.php\/solidos-en-agua\/","title":{"rendered":"Solidos en agua"},"content":{"rendered":"<p>[et_pb_section fb_built=\u00bb1&#8243; admin_label=\u00bbHero Section\u00bb _builder_version=\u00bb4.3.4&#8243; use_background_color_gradient=\u00bbon\u00bb background_color_gradient_start=\u00bbrgba(0,0,0,0.5)\u00bb background_color_gradient_end=\u00bbrgba(0,0,0,0)\u00bb background_color_gradient_overlays_image=\u00bbon\u00bb background_image=\u00bbhttps:\/\/sentec.es\/wp-content\/uploads\/2020\/03\/contencion-plasticos-flotantes.jpg\u00bb parallax=\u00bbon\u00bb min_height=\u00bb404px\u00bb custom_margin=\u00bb||37px|||\u00bb custom_padding=\u00bb0%||0%|||\u00bb][\/et_pb_section][et_pb_section fb_built=\u00bb1&#8243; admin_label=\u00bbBlog Section\u00bb _builder_version=\u00bb3.22&#8243; min_height=\u00bb724px\u00bb custom_margin=\u00bb-38px|||||\u00bb custom_padding=\u00bb31px||50px|||\u00bb][et_pb_row _builder_version=\u00bb4.3.4&#8243;][et_pb_column type=\u00bb4_4&#8243; _builder_version=\u00bb4.3.4&#8243;][et_pb_text _builder_version=\u00bb4.3.4&#8243;]<\/p>\n<h1 style=\"text-align: center;\"><strong>EQUIPOS PARA LA CONTENCI\u00d3N DE S\u00d3LIDOS FLOTANTES<\/strong><\/h1>\n<p>[\/et_pb_text][\/et_pb_column][\/et_pb_row][et_pb_row column_structure=\u00bb1_4,1_4,1_4,1_4&#8243; _builder_version=\u00bb4.3.4&#8243;][et_pb_column type=\u00bb1_4&#8243; _builder_version=\u00bb4.3.4&#8243;][et_pb_image src=\u00bbhttps:\/\/sentec.es\/wp-content\/uploads\/2020\/03\/www.sentec.es-Globe-Boom30.jpg\u00bb url=\u00bbhttps:\/\/sentec.es\/index.php\/barrera-contencion-globeboom-2\/\u00bb _builder_version=\u00bb4.3.4&#8243; custom_margin=\u00bb||3px|||\u00bb][\/et_pb_image][et_pb_text _builder_version=\u00bb4.3.4&#8243; link_option_url=\u00bbhttps:\/\/sentec.es\/index.php\/barrera-contencion-globeboom-2\/\u00bb]<\/p>\n<p style=\"text-align: center;\"><strong>BARRERA GLOBE-BOOM<\/strong><\/p>\n<p>[\/et_pb_text][\/et_pb_column][et_pb_column type=\u00bb1_4&#8243; _builder_version=\u00bb4.3.4&#8243;][et_pb_image src=\u00bbhttps:\/\/sentec.es\/wp-content\/uploads\/2020\/03\/03.jpg\u00bb url=\u00bbhttps:\/\/sentec.es\/index.php\/barrera-flotante-fondeo-permanente-ro-fence\/\u00bb _builder_version=\u00bb4.3.4&#8243; custom_margin=\u00bb||3px|||\u00bb][\/et_pb_image][et_pb_text _builder_version=\u00bb4.3.4&#8243; link_option_url=\u00bbhttps:\/\/sentec.es\/index.php\/barrera-flotante-fondeo-permanente-ro-fence\/\u00bb]<\/p>\n<p style=\"text-align: center;\"><b>BARRERA RO-FENCE<\/b><\/p>\n<p>[\/et_pb_text][\/et_pb_column][et_pb_column type=\u00bb1_4&#8243; _builder_version=\u00bb4.3.4&#8243;][et_pb_image src=\u00bbhttps:\/\/sentec.es\/wp-content\/uploads\/2020\/04\/barrera-algas-Meshboom.jpg\u00bb url=\u00bbhttps:\/\/sentec.es\/index.php\/barrera-algas-mesh-boom\/\u00bb _builder_version=\u00bb4.3.4&#8243; custom_margin=\u00bb||2px|||\u00bb][\/et_pb_image][et_pb_text _builder_version=\u00bb4.3.4&#8243; custom_padding=\u00bb||0px|||\u00bb link_option_url=\u00bbhttps:\/\/sentec.es\/index.php\/barrera-algas-mesh-boom\/\u00bb]<\/p>\n<p style=\"text-align: center;\"><b>BARRERA MESH-BOOM<\/b><\/p>\n<p>[\/et_pb_text][\/et_pb_column][et_pb_column type=\u00bb1_4&#8243; _builder_version=\u00bb4.3.4&#8243;][et_pb_image src=\u00bbhttps:\/\/sentec.es\/wp-content\/uploads\/2020\/03\/Barrera-fondeo-permanente-Oilfence-2.jpg\u00bb url=\u00bbhttps:\/\/sentec.es\/index.php\/barrera-fondeo-permanente-oilfence\/\u00bb _builder_version=\u00bb4.3.4&#8243; custom_margin=\u00bb||3px|||\u00bb][\/et_pb_image][et_pb_text _builder_version=\u00bb4.3.4&#8243; link_option_url=\u00bbhttps:\/\/sentec.es\/index.php\/barrera-fondeo-permanente-oilfence\/\u00bb]<\/p>\n<p style=\"text-align: center;\"><b>BARRERA OIL-FENCE<\/b><\/p>\n<p>[\/et_pb_text][\/et_pb_column][\/et_pb_row][et_pb_row column_structure=\u00bb1_4,1_4,1_4,1_4&#8243; _builder_version=\u00bb4.3.4&#8243;][et_pb_column type=\u00bb1_4&#8243; _builder_version=\u00bb4.3.4&#8243;][et_pb_image src=\u00bbhttps:\/\/sentec.es\/wp-content\/uploads\/2020\/04\/skimmer-algas.jpg\u00bb url=\u00bbhttps:\/\/sentec.es\/index.php\/skimmer-algas-desmi-st-mk-ii\/\u00bb _builder_version=\u00bb4.3.4&#8243; custom_margin=\u00bb||2px|||\u00bb][\/et_pb_image][et_pb_text _builder_version=\u00bb4.3.4&#8243; custom_padding=\u00bb||0px|||\u00bb link_option_url=\u00bbhttps:\/\/sentec.es\/index.php\/skimmer-algas-desmi-st-mk-ii\/\u00bb]<\/p>\n<p style=\"text-align: center;\"><b>SKIMMER ST MKII<\/b><\/p>\n<p>[\/et_pb_text][\/et_pb_column][et_pb_column type=\u00bb1_4&#8243; _builder_version=\u00bb4.3.4&#8243;][et_pb_image src=\u00bbhttps:\/\/sentec.es\/wp-content\/uploads\/2021\/05\/Enviro-Enhancer-11.jpg\u00bb url=\u00bbhttps:\/\/sentec.es\/index.php\/recogida-plasticos-flotantes-enviro-enhancer-enviro-tube\/\u00bb _builder_version=\u00bb4.3.4&#8243; custom_margin=\u00bb||2px|||\u00bb hover_enabled=\u00bb0&#8243;][\/et_pb_image][et_pb_text _builder_version=\u00bb4.3.4&#8243; link_option_url=\u00bbhttps:\/\/sentec.es\/index.php\/recogida-plasticos-flotantes-enviro-enhancer-enviro-tube\/\u00bb]<\/p>\n<p style=\"text-align: center;\"><b>ENVIRO ENHANCER<\/b><\/p>\n<p>[\/et_pb_text][\/et_pb_column][et_pb_column type=\u00bb1_4&#8243; _builder_version=\u00bb4.3.4&#8243;][et_pb_image src=\u00bbhttps:\/\/sentec.es\/wp-content\/uploads\/2020\/04\/Page-8-Image-11.jpg\u00bb url=\u00bbhttps:\/\/sentec.es\/index.php\/recogida-plasticos-flotantes-enviro-enhancer-enviro-tube\/\u00bb _builder_version=\u00bb4.3.4&#8243; custom_margin=\u00bb||3px|||\u00bb][\/et_pb_image][et_pb_text _builder_version=\u00bb4.3.4&#8243; link_option_url=\u00bbhttps:\/\/sentec.es\/index.php\/recogida-plasticos-flotantes-enviro-enhancer-enviro-tube\/\u00bb]<\/p>\n<p style=\"text-align: center;\"><b>ENVIRO TUBE<\/b><\/p>\n<p>[\/et_pb_text][\/et_pb_column][et_pb_column type=\u00bb1_4&#8243; _builder_version=\u00bb4.3.4&#8243;][et_pb_image src=\u00bbhttps:\/\/sentec.es\/wp-content\/uploads\/2020\/04\/Scan-Trawl.jpg\u00bb url=\u00bbhttps:\/\/sentec.es\/index.php\/recuperacion-plasticos-flotantes-river-sweep-2-2\/\u00bb _builder_version=\u00bb4.3.4&#8243; custom_margin=\u00bb||3px|||\u00bb][\/et_pb_image][et_pb_text _builder_version=\u00bb4.3.4&#8243; custom_padding=\u00bb||0px|||\u00bb link_option_url=\u00bbhttps:\/\/sentec.es\/index.php\/recuperacion-plasticos-flotantes-river-sweep-2-2\/\u00bb]<\/p>\n<p style=\"text-align: center;\"><b>RIVER SWEEP<\/b><\/p>\n<p>[\/et_pb_text][\/et_pb_column][\/et_pb_row][et_pb_row _builder_version=\u00bb4.3.4&#8243;][et_pb_column type=\u00bb4_4&#8243; _builder_version=\u00bb4.3.4&#8243;][et_pb_text _builder_version=\u00bb4.3.4&#8243; text_font=\u00bbVerdana||||||||\u00bb text_font_size=\u00bb17px\u00bb]<\/p>\n<p style=\"text-align: justify;\">Los desechos marinos y acu\u00e1ticos son uno de los problemas de contaminaci\u00f3n m\u00e1s extendidos que asolan los oc\u00e9anos, r\u00edos y lagos de todo el mundo. La gesti\u00f3n exitosa del problema requiere una comprensi\u00f3n integral de los ambientes marinos y acu\u00e1ticos junto con la experiencia necesaria y la correcta selecci\u00f3n de equipos. M\u00e1s de 180 a\u00f1os de probada tecnolog\u00eda han hecho de DESMI un l\u00edder del mercado en tecnolog\u00edas de sistemas de bombeo y un l\u00edder mundial en soluciones para combatir la contaminaci\u00f3n acu\u00e1tica por petr\u00f3leo y otros contaminantes.<\/p>\n<p>[\/et_pb_text][\/et_pb_column][\/et_pb_row][\/et_pb_section][et_pb_section fb_built=\u00bb1&#8243; fullwidth=\u00bbon\u00bb _builder_version=\u00bb4.3.4&#8243;][et_pb_fullwidth_image src=\u00bbhttps:\/\/sentec.es\/wp-content\/uploads\/2020\/04\/GB-4.jpg\u00bb _builder_version=\u00bb4.3.4&#8243;][\/et_pb_fullwidth_image][\/et_pb_section]<\/p>\n","protected":false},"excerpt":{"rendered":"<p>EQUIPOS PARA LA CONTENCI\u00d3N DE S\u00d3LIDOS FLOTANTESBARRERA GLOBE-BOOMBARRERA RO-FENCEBARRERA MESH-BOOMBARRERA OIL-FENCESKIMMER ST MKIIENVIRO ENHANCERENVIRO TUBERIVER SWEEPLos desechos marinos y acu\u00e1ticos son uno de los problemas de contaminaci\u00f3n m\u00e1s extendidos que asolan los oc\u00e9anos, r\u00edos y lagos de todo el mundo. La gesti\u00f3n exitosa del problema requiere una comprensi\u00f3n integral de los ambientes marinos y acu\u00e1ticos [&hellip;]<\/p>\n","protected":false},"author":1,"featured_media":0,"parent":0,"menu_order":0,"comment_status":"closed","ping_status":"closed","template":"","meta":{"_et_pb_use_builder":"on","_et_pb_old_content":"","_et_gb_content_width":"","footnotes":""},"class_list":["post-120","page","type-page","status-publish","hentry"],"aioseo_notices":[],"_links":{"self":[{"href":"https:\/\/sentec.es\/index.php\/wp-json\/wp\/v2\/pages\/120"}],"collection":[{"href":"https:\/\/sentec.es\/index.php\/wp-json\/wp\/v2\/pages"}],"about":[{"href":"https:\/\/sentec.es\/index.php\/wp-json\/wp\/v2\/types\/page"}],"author":[{"embeddable":true,"href":"https:\/\/sentec.es\/index.php\/wp-json\/wp\/v2\/users\/1"}],"replies":[{"embeddable":true,"href":"https:\/\/sentec.es\/index.php\/wp-json\/wp\/v2\/comments?post=120"}],"version-history":[{"count":35,"href":"https:\/\/sentec.es\/index.php\/wp-json\/wp\/v2\/pages\/120\/revisions"}],"predecessor-version":[{"id":2697,"href":"https:\/\/sentec.es\/index.php\/wp-json\/wp\/v2\/pages\/120\/revisions\/2697"}],"wp:attachment":[{"href":"https:\/\/sentec.es\/index.php\/wp-json\/wp\/v2\/media?parent=120"}],"curies":[{"name":"wp","href":"https:\/\/api.w.org\/{rel}","templated":true}]}}