{"id":1200,"date":"2020-03-15T10:55:18","date_gmt":"2020-03-15T08:55:18","guid":{"rendered":"http:\/\/sentec.es\/?page_id=1200"},"modified":"2020-04-26T17:21:16","modified_gmt":"2020-04-26T15:21:16","slug":"aplicador-de-dispersante-widespray","status":"publish","type":"page","link":"https:\/\/sentec.es\/index.php\/aplicador-de-dispersante-widespray\/","title":{"rendered":"WIDESPRAY"},"content":{"rendered":"\n[et_pb_section fb_built=\u00bb1&#8243; _builder_version=\u00bb4.3.4&#8243;][et_pb_row _builder_version=\u00bb4.3.4&#8243;][et_pb_column type=\u00bb4_4&#8243; _builder_version=\u00bb4.3.4&#8243;][et_pb_text _builder_version=\u00bb4.3.4&#8243; text_font=\u00bbVerdana||||||||\u00bb text_font_size=\u00bb17px\u00bb custom_padding=\u00bb||0px|||\u00bb hover_enabled=\u00bb0&#8243;]<h1 style=\"text-align: justify;\">DESMI WIDESPRAY<\/h1>\n<h2><strong><br \/> <\/strong>Equipo para la aplicaci\u00f3n de dispersante<\/h2>\n<p>&nbsp;<\/p>\n<p style=\"text-align: justify;\">El <em>WIDESPRAY<\/em> es un equipo aut\u00f3nomo de f\u00e1cil instalaci\u00f3n para la aplicaci\u00f3n de dispersante desde una embarcaci\u00f3n. Est\u00e1 compuesto por una bomba port\u00e1til accionada por motor diesel, dos tangones laterales con boquillas para la aplicaci\u00f3n del dispersante y un juego de mangueras.<\/p>\n[\/et_pb_text][\/et_pb_column][\/et_pb_row][et_pb_row column_structure=\u00bb1_3,1_3,1_3&#8243; _builder_version=\u00bb4.3.4&#8243; custom_padding=\u00bb4px||4px|||\u00bb][et_pb_column type=\u00bb1_3&#8243; _builder_version=\u00bb4.3.4&#8243;][et_pb_image src=\u00bbhttp:\/\/sentec.es\/wp-content\/uploads\/2020\/03\/www.sentec.es-aplicador-dispersantes-Widespray-2.jpg\u00bb _builder_version=\u00bb4.3.4&#8243; hover_enabled=\u00bb0&#8243;][\/et_pb_image][\/et_pb_column][et_pb_column type=\u00bb1_3&#8243; _builder_version=\u00bb4.3.4&#8243;][et_pb_image src=\u00bbhttp:\/\/sentec.es\/wp-content\/uploads\/2020\/03\/www.sentec.es-aplicador-dispersantes-Widespray-1.jpg\u00bb _builder_version=\u00bb4.3.4&#8243; hover_enabled=\u00bb0&#8243;][\/et_pb_image][\/et_pb_column][et_pb_column type=\u00bb1_3&#8243; _builder_version=\u00bb4.3.4&#8243;][et_pb_image src=\u00bbhttp:\/\/sentec.es\/wp-content\/uploads\/2020\/03\/www.sentec.es-bomba-dispersante-Widespray-3.jpg\u00bb _builder_version=\u00bb4.3.4&#8243; hover_enabled=\u00bb0&#8243;][\/et_pb_image][\/et_pb_column][\/et_pb_row][et_pb_row _builder_version=\u00bb4.3.4&#8243; custom_padding=\u00bb||17px|||\u00bb][et_pb_column type=\u00bb4_4&#8243; _builder_version=\u00bb4.3.4&#8243;][et_pb_text _builder_version=\u00bb4.3.4&#8243; text_font=\u00bbVerdana||||||||\u00bb text_font_size=\u00bb17px\u00bb hover_enabled=\u00bb0&#8243;]<p style=\"text-align: justify;\">El equipo permite la aplicaci\u00f3n de dispersante concentrado o diluido con agua de mar a un caudal variable de hasta 100 litros por minuto.\u00a0 Los tangones de pulverizaci\u00f3n de 4,5 \u00f3 6m de longitud se instalan en ambos costados de la embarcaci\u00f3n cerca de la proa mediante un mecanismo de fijaci\u00f3n r\u00e1pido. Los tangones pueden ser girados horizontalmente para situarlos paralelos al costado de la embarcaci\u00f3n y facilitar la navegaci\u00f3n hasta el lugar del derrame.<\/p>\n[\/et_pb_text][\/et_pb_column][\/et_pb_row][et_pb_row column_structure=\u00bb1_3,1_3,1_3&#8243; _builder_version=\u00bb4.3.4&#8243; custom_padding=\u00bb4px||4px|||\u00bb][et_pb_column type=\u00bb1_3&#8243; _builder_version=\u00bb4.3.4&#8243;][et_pb_image src=\u00bbhttp:\/\/sentec.es\/wp-content\/uploads\/2020\/03\/www.sentec.es-bomba-dispersante-Widespray-2.jpg\u00bb _builder_version=\u00bb4.3.4&#8243; hover_enabled=\u00bb0&#8243;][\/et_pb_image][\/et_pb_column][et_pb_column type=\u00bb1_3&#8243; _builder_version=\u00bb4.3.4&#8243;][et_pb_image src=\u00bbhttp:\/\/sentec.es\/wp-content\/uploads\/2020\/03\/www.sentec.es-bomba-dispersante-Widespray-1.jpg\u00bb _builder_version=\u00bb4.3.4&#8243; hover_enabled=\u00bb0&#8243;][\/et_pb_image][\/et_pb_column][et_pb_column type=\u00bb1_3&#8243; _builder_version=\u00bb4.3.4&#8243;][et_pb_image src=\u00bbhttp:\/\/sentec.es\/wp-content\/uploads\/2020\/03\/www.sentec.es-aplicador-dispersantes-Widespray-3.jpg\u00bb _builder_version=\u00bb4.3.4&#8243; hover_enabled=\u00bb0&#8243;][\/et_pb_image][\/et_pb_column][\/et_pb_row][et_pb_row _builder_version=\u00bb4.3.4&#8243;][et_pb_column type=\u00bb4_4&#8243; _builder_version=\u00bb4.3.4&#8243;][et_pb_text _builder_version=\u00bb4.3.4&#8243; text_font=\u00bbVerdana||||||||\u00bb text_font_size=\u00bb17px\u00bb hover_enabled=\u00bb0&#8243;]<p>El motor diesel de la bomba es de arranque el\u00e9ctrico e incorpora un supresor de chispas en el tubo de escape. Disponemos de otros modelos con accionamiento el\u00e9ctrico o hidr\u00e1ulico.<\/p>\n[\/et_pb_text][\/et_pb_column][\/et_pb_row][\/et_pb_section]\n","protected":false},"excerpt":{"rendered":"<p>DESMI WIDESPRAY Equipo para la aplicaci\u00f3n de dispersante &nbsp; El WIDESPRAY es un equipo aut\u00f3nomo de f\u00e1cil instalaci\u00f3n para la aplicaci\u00f3n de dispersante desde una embarcaci\u00f3n. Est\u00e1 compuesto por una bomba port\u00e1til accionada por motor diesel, dos tangones laterales con boquillas para la aplicaci\u00f3n del dispersante y un juego de mangueras. El equipo permite la [&hellip;]<\/p>\n","protected":false},"author":1,"featured_media":0,"parent":0,"menu_order":0,"comment_status":"closed","ping_status":"closed","template":"","meta":{"_et_pb_use_builder":"on","_et_pb_old_content":"","_et_gb_content_width":"","footnotes":""},"class_list":["post-1200","page","type-page","status-publish","hentry"],"aioseo_notices":[],"_links":{"self":[{"href":"https:\/\/sentec.es\/index.php\/wp-json\/wp\/v2\/pages\/1200"}],"collection":[{"href":"https:\/\/sentec.es\/index.php\/wp-json\/wp\/v2\/pages"}],"about":[{"href":"https:\/\/sentec.es\/index.php\/wp-json\/wp\/v2\/types\/page"}],"author":[{"embeddable":true,"href":"https:\/\/sentec.es\/index.php\/wp-json\/wp\/v2\/users\/1"}],"replies":[{"embeddable":true,"href":"https:\/\/sentec.es\/index.php\/wp-json\/wp\/v2\/comments?post=1200"}],"version-history":[{"count":3,"href":"https:\/\/sentec.es\/index.php\/wp-json\/wp\/v2\/pages\/1200\/revisions"}],"predecessor-version":[{"id":2421,"href":"https:\/\/sentec.es\/index.php\/wp-json\/wp\/v2\/pages\/1200\/revisions\/2421"}],"wp:attachment":[{"href":"https:\/\/sentec.es\/index.php\/wp-json\/wp\/v2\/media?parent=1200"}],"curies":[{"name":"wp","href":"https:\/\/api.w.org\/{rel}","templated":true}]}}