{"id":124,"date":"2020-03-02T10:26:55","date_gmt":"2020-03-02T10:26:55","guid":{"rendered":"http:\/\/sentec.es\/?page_id=124"},"modified":"2023-11-29T12:42:49","modified_gmt":"2023-11-29T10:42:49","slug":"barreras","status":"publish","type":"page","link":"https:\/\/sentec.es\/index.php\/barreras\/","title":{"rendered":"Barreras"},"content":{"rendered":"<p>[et_pb_section fb_built=\u00bb1&#8243; admin_label=\u00bbBlog Section\u00bb _builder_version=\u00bb3.22&#8243; custom_padding=\u00bb120px||50px|\u00bb global_colors_info=\u00bb{}\u00bb][et_pb_row _builder_version=\u00bb4.3.4&#8243; global_colors_info=\u00bb{}\u00bb][et_pb_column type=\u00bb4_4&#8243; _builder_version=\u00bb4.3.4&#8243; global_colors_info=\u00bb{}\u00bb][et_pb_text _builder_version=\u00bb4.3.4&#8243; text_font=\u00bb||||||||\u00bb global_colors_info=\u00bb{}\u00bb]<\/p>\n<h1 style=\"text-align: center;\"><span style=\"text-decoration: underline;\">BARRERAS PARA LA CONTENCI\u00d3N DE VERTIDOS DE HIDROCARBUROS<\/span><\/h1>\n<p>[\/et_pb_text][\/et_pb_column][\/et_pb_row][et_pb_row column_structure=\u00bb1_4,1_4,1_4,1_4&#8243; _builder_version=\u00bb4.3.4&#8243; min_height=\u00bb261px\u00bb custom_padding=\u00bb51px|||||\u00bb global_colors_info=\u00bb{}\u00bb][et_pb_column type=\u00bb1_4&#8243; _builder_version=\u00bb4.3.4&#8243; global_colors_info=\u00bb{}\u00bb][et_pb_image src=\u00bbhttps:\/\/sentec.es\/wp-content\/uploads\/2020\/03\/www.sentec.es-barrera-inflable-Ro-Boom.jpg\u00bb url=\u00bbhttps:\/\/sentec.es\/index.php\/barrera-ro-boom\/\u00bb _builder_version=\u00bb4.3.4&#8243; custom_margin=\u00bb||2px|||\u00bb global_colors_info=\u00bb{}\u00bb][\/et_pb_image][et_pb_text _builder_version=\u00bb4.10.6&#8243; link_option_url=\u00bbhttps:\/\/sentec.es\/index.php\/barrera-ro-boom\/\u00bb hover_enabled=\u00bb0&#8243; global_colors_info=\u00bb{}\u00bb sticky_enabled=\u00bb0&#8243;]<\/p>\n<p style=\"text-align: center;\"><strong>DESMI RO-BOOM<\/strong><\/p>\n<p>[\/et_pb_text][\/et_pb_column][et_pb_column type=\u00bb1_4&#8243; _builder_version=\u00bb4.3.4&#8243; global_colors_info=\u00bb{}\u00bb][et_pb_image src=\u00bbhttps:\/\/sentec.es\/wp-content\/uploads\/2020\/03\/www.sentec.es-barrera-portuaria-Troilboom.jpg\u00bb url=\u00bbhttps:\/\/sentec.es\/index.php\/barrera-flotante-portuaria-troilboom-gp\/\u00bb _builder_version=\u00bb4.3.4&#8243; min_height=\u00bb176px\u00bb custom_margin=\u00bb-5px||2px|||\u00bb custom_padding=\u00bb5px||5px|||\u00bb global_colors_info=\u00bb{}\u00bb][\/et_pb_image][et_pb_text _builder_version=\u00bb4.10.6&#8243; custom_margin=\u00bb-2px|||||\u00bb link_option_url=\u00bbhttps:\/\/sentec.es\/index.php\/barrera-flotante-portuaria-troilboom-gp\/\u00bb hover_enabled=\u00bb0&#8243; global_colors_info=\u00bb{}\u00bb sticky_enabled=\u00bb0&#8243;]<\/p>\n<p style=\"text-align: center;\"><b>DESMI TROILBOOM GP<\/b><\/p>\n<p>[\/et_pb_text][\/et_pb_column][et_pb_column type=\u00bb1_4&#8243; _builder_version=\u00bb4.3.4&#8243; global_colors_info=\u00bb{}\u00bb][et_pb_image src=\u00bbhttps:\/\/sentec.es\/wp-content\/uploads\/2020\/03\/image0044.jpg\u00bb url=\u00bbhttps:\/\/sentec.es\/index.php\/barrera-flotante-a-boom\/\u00bb _builder_version=\u00bb4.3.4&#8243; custom_margin=\u00bb-2px||3px|||\u00bb custom_padding=\u00bb6px||3px|||\u00bb global_colors_info=\u00bb{}\u00bb][\/et_pb_image][et_pb_text _builder_version=\u00bb4.10.6&#8243; custom_margin=\u00bb-1px|||||\u00bb custom_padding=\u00bb||0px|||\u00bb link_option_url=\u00bbhttps:\/\/sentec.es\/index.php\/barrera-flotante-a-boom\/\u00bb hover_enabled=\u00bb0&#8243; global_colors_info=\u00bb{}\u00bb sticky_enabled=\u00bb0&#8243;]<\/p>\n<p style=\"text-align: center;\"><b>DESMI A-BOOM<\/b><\/p>\n<p>[\/et_pb_text][\/et_pb_column][et_pb_column type=\u00bb1_4&#8243; _builder_version=\u00bb4.3.4&#8243; global_colors_info=\u00bb{}\u00bb][et_pb_image src=\u00bbhttps:\/\/sentec.es\/wp-content\/uploads\/2020\/03\/www.sentec.es-barrera-fondeo-permanente-Ro-fence.jpg\u00bb url=\u00bbhttps:\/\/sentec.es\/index.php\/barrera-flotante-fondeo-permanente-ro-fence\/\u00bb _builder_version=\u00bb4.3.4&#8243; min_height=\u00bb175px\u00bb custom_margin=\u00bb||2px|||\u00bb custom_padding=\u00bb||6px|||\u00bb global_colors_info=\u00bb{}\u00bb][\/et_pb_image][et_pb_text _builder_version=\u00bb4.10.6&#8243; custom_margin=\u00bb-6px|||||\u00bb custom_padding=\u00bb|0px|0px|||\u00bb link_option_url=\u00bbhttps:\/\/sentec.es\/index.php\/barrera-flotante-fondeo-permanente-ro-fence\/\u00bb hover_enabled=\u00bb0&#8243; global_colors_info=\u00bb{}\u00bb sticky_enabled=\u00bb0&#8243;]<\/p>\n<p style=\"text-align: center;\"><strong>DESMI RO-FENCE<\/strong><\/p>\n<p>[\/et_pb_text][\/et_pb_column][\/et_pb_row][et_pb_row column_structure=\u00bb1_4,1_4,1_4,1_4&#8243; _builder_version=\u00bb4.3.4&#8243; min_height=\u00bb252px\u00bb custom_margin=\u00bb-16px|auto||auto||\u00bb global_colors_info=\u00bb{}\u00bb][et_pb_column type=\u00bb1_4&#8243; _builder_version=\u00bb4.3.4&#8243; global_colors_info=\u00bb{}\u00bb][et_pb_image src=\u00bbhttps:\/\/sentec.es\/wp-content\/uploads\/2020\/03\/www.sentec.es-barrera-playa-Ro-Boom-Beach.jpg\u00bb url=\u00bbhttps:\/\/sentec.es\/index.php\/barrera-selladora-playas-rb-beach\/\u00bb _builder_version=\u00bb4.3.4&#8243; custom_margin=\u00bb||2px|||\u00bb global_colors_info=\u00bb{}\u00bb][\/et_pb_image][et_pb_text _builder_version=\u00bb4.10.6&#8243; link_option_url=\u00bbhttps:\/\/sentec.es\/index.php\/barrera-selladora-playas-rb-beach\/\u00bb hover_enabled=\u00bb0&#8243; global_colors_info=\u00bb{}\u00bb sticky_enabled=\u00bb0&#8243;]<\/p>\n<p style=\"text-align: center;\"><b>DESMI RO-BOOM BEACH<\/b><\/p>\n<p>[\/et_pb_text][\/et_pb_column][et_pb_column type=\u00bb1_4&#8243; _builder_version=\u00bb4.3.4&#8243; global_colors_info=\u00bb{}\u00bb][et_pb_image src=\u00bbhttps:\/\/sentec.es\/wp-content\/uploads\/2020\/03\/www.sentec.es-barrera-flotante.jpg\u00bb url=\u00bbhttps:\/\/sentec.es\/index.php\/barrera-fondeo-permanente-oilfence\/\u00bb _builder_version=\u00bb4.3.4&#8243; custom_margin=\u00bb||1px|||\u00bb global_colors_info=\u00bb{}\u00bb][\/et_pb_image][et_pb_text _builder_version=\u00bb4.3.4&#8243; link_option_url=\u00bbhttps:\/\/sentec.es\/index.php\/barrera-fondeo-permanente-oilfence\/\u00bb global_colors_info=\u00bb{}\u00bb]<\/p>\n<p style=\"text-align: center;\"><b>OILFENCE\u00ae<\/b><\/p>\n<p>[\/et_pb_text][\/et_pb_column][et_pb_column type=\u00bb1_4&#8243; _builder_version=\u00bb4.3.4&#8243; global_colors_info=\u00bb{}\u00bb][et_pb_image src=\u00bbhttps:\/\/sentec.es\/wp-content\/uploads\/2020\/03\/www.sentec.es-Globe-Boom30.jpg\u00bb url=\u00bbhttps:\/\/sentec.es\/index.php\/barrera-contencion-globeboom\/\u00bb _builder_version=\u00bb4.3.4&#8243; custom_margin=\u00bb||1px|||\u00bb global_colors_info=\u00bb{}\u00bb][\/et_pb_image][et_pb_text _builder_version=\u00bb4.3.4&#8243; custom_padding=\u00bb||0px|||\u00bb link_option_url=\u00bbhttps:\/\/sentec.es\/index.php\/barrera-contencion-globeboom\/\u00bb global_colors_info=\u00bb{}\u00bb]<\/p>\n<p style=\"text-align: center;\"><b>GLOBEBOOM\u00ae<\/b><\/p>\n<p>[\/et_pb_text][\/et_pb_column][et_pb_column type=\u00bb1_4&#8243; _builder_version=\u00bb4.3.4&#8243; global_colors_info=\u00bb{}\u00bb][et_pb_image src=\u00bbhttps:\/\/sentec.es\/wp-content\/uploads\/2020\/03\/WWW.SENTEC.ES-BARRERA-IGNIFUGA-PYROBOOM.jpg\u00bb url=\u00bbhttps:\/\/sentec.es\/wp-content\/uploads\/2020\/03\/Barrera-Pyroboom.pdf\u00bb _builder_version=\u00bb4.3.4&#8243; custom_margin=\u00bb||2px|||\u00bb global_colors_info=\u00bb{}\u00bb][\/et_pb_image][et_pb_text _builder_version=\u00bb4.3.4&#8243; custom_padding=\u00bb||0px|||\u00bb link_option_url=\u00bbhttps:\/\/sentec.es\/wp-content\/uploads\/2020\/03\/Barrera-Pyroboom.pdf\u00bb global_colors_info=\u00bb{}\u00bb]<\/p>\n<p style=\"text-align: center;\"><b>PYROBOOM\u00ae<\/b><\/p>\n<p>[\/et_pb_text][\/et_pb_column][\/et_pb_row][et_pb_row _builder_version=\u00bb4.3.4&#8243; global_colors_info=\u00bb{}\u00bb][et_pb_column type=\u00bb4_4&#8243; _builder_version=\u00bb4.3.4&#8243; global_colors_info=\u00bb{}\u00bb][et_pb_text _builder_version=\u00bb4.3.4&#8243; text_font=\u00bbVerdana||||||||\u00bb text_font_size=\u00bb17px\u00bb custom_margin=\u00bb||2px|||\u00bb global_colors_info=\u00bb{}\u00bb]<\/p>\n<p>&nbsp;<\/p>\n<p style=\"text-align: justify;\"><span style=\"text-decoration: underline;\"><strong>RO-BOOM<\/strong><\/span><\/p>\n<p style=\"text-align: justify;\">La RO-BOOM es reconocida mundialmente como la barrera m\u00e1s efectiva, fiable y duradera para\u00a0la contenci\u00f3n de derrames de hidrocarburos disponible hoy en d\u00eda. La RO-BOOM se ha ganado esta reputaci\u00f3n despu\u00e9s de muchos derrames y despliegues. Fabricada bajo un extraordinario proceso de moldeo de caucho neopreno, la RO-BOOM es una barrera inflable con alta resistencia a la tracci\u00f3n y al ambiente marino y con excelentes habilidades para adaptarse a las olas. Cuando est\u00e1 desinflada \u00e9sta queda completamente plana permitiendo su almacenamiento en carreteles con un m\u00ednimo de volumen. Se han suministrado m\u00e1s de 600.000 metros a empresas petroleras, puertos, terminales y centros de emergencia. La RO-BOOM est\u00e1 disponible en secciones de hasta 300m de longitud, y en nueve tama\u00f1os desde 600 hasta 3.200 mm de altura. La barrera se puede suministrar con conectores de bisagra de acero inoxidable o con conectores universales ASTM. Utilizando nuestras soplantes de alta capacidad, el tiempo de despliegue se reduce a menos de 10 minutos para 200 m de barrera.<\/p>\n<p>&nbsp;<\/p>\n<p><span style=\"text-decoration: underline;\"><strong>TROILBOOM GP<\/strong><\/span><\/p>\n<p style=\"text-align: justify;\">La TROILBOOM GP es una barrera no inflable de despliegue r\u00e1pido y sencillo fabricada en PVC y poli\u00e9ster. La barrera TROILBOOM GP es ideal para operaciones costeras y portuarias donde una r\u00e1pida respuesta a cualquier amenaza de contaminaci\u00f3n es requerida. Puede ser desplegada muy r\u00e1pidamente, ya sea desde un contenedor, bastidor de almacenamiento o desde un carretel hidr\u00e1ulicamente accionado. El tiempo promedio de despliegue es de 3 a 5 minutos por cada 200 metros y no es necesario ning\u00fan equipo auxiliar como infladores para el despliegue de la barrera. Debido a la alta flexibilidad de su construcci\u00f3n la barrera TROILBOOM se adapta muy f\u00e1cilmente a las olas y, por lo tanto, es capaz de contener hidrocarburos bajo condiciones meteorol\u00f3gicas m\u00e1s adversas que lo que son capaces muchas de sus competidoras. La TROILBOOM est\u00e1 disponible en 4\u00a0 tama\u00f1os diferentes de 450 mm a 1.100 mm de altura para adaptarse a la mayor\u00eda de las aplicaciones y en 3 versiones diferentes dependiendo de las necesidades del usuario. La TROILBOOM tambi\u00e9n est\u00e1 disponible con una amplia gama de equipos auxiliares incluyendo varios carreteles de almacenamiento y bastidores, compensadores de marea, equipos de remolque y fondeo, etc. Varios centenares de miles de metros de TROILBOOM se han suministrado desde su comercializaci\u00f3n hace m\u00e1s de 25 a\u00f1os.<\/p>\n<p style=\"text-align: justify;\"><span style=\"text-decoration: underline;\"><strong>A-BOOM<\/strong><\/span><\/p>\n<p style=\"text-align: justify;\">DESMI RO-CLEAN ha desarrollado la nueva barrera portuaria \u00abA-BOOM\u00bb que, por los materiales empleados en su fabricaci\u00f3n, puede ser incinerada una vez acabada su vida \u00fatil generando un m\u00ednimo de residuos. Las barreras \u00abA-BOOM\u00bb se fabrican con un tejido de polipropileno de alta resistencia a la tracci\u00f3n y a los rayos UV. Los flotadores son de espuma de polietileno expandido HDPE, un material ligero e hidr\u00f3fobo. Las barreras \u00abA-BOOM\u00bb incorporan 3 cintas de polipropileno longitudinales con una resistencia a la tracci\u00f3n de m\u00e1s de 3 toneladas. Las barreras \u00abA-BOOM\u00bb se suministran en bolsas que contienen un tramo de 15m de longitud. El peso de cada bolsa es de tan s\u00f3lo 23 kg, por lo que puede ser f\u00e1cilmente transportada por 2 personas.<\/p>\n<p style=\"text-align: justify;\"><span style=\"text-decoration: underline;\"><strong>RO-FENCE<\/strong><\/span><\/p>\n<p style=\"text-align: justify;\">RO-FENCE es una barrera de flotadores s\u00f3lidos dise\u00f1ada para instalaciones y despliegues de larga duraci\u00f3n en puertos, r\u00edos, lagunas, lagos, tomas de agua y terminales d\u00f3nde se requiere un tiempo de respuesta cero. Se fabrica con los mejores materiales disponibles para ofrecer una alta resistencia a la abrasi\u00f3n, a los hidrocarburos, al ozono y a la luz solar. Los flotadores son moldeados en polietileno de alta densidad y son muy resistentes a los rayos UV. Est\u00e1n atornillados a una banda de caucho neopreno dotada de lastre en forma de pesos de plomo o de cadena en la parte inferior. Para conseguir una mayor fiabilidad y durabilidad los flotadores tambi\u00e9n pueden ser rellenados con espuma de polietileno. Este simple y robusto dise\u00f1o requiere un bajo mantenimiento y permite un despliegue muy prolongado incluso bajo condiciones climatol\u00f3gicas adversas.<\/p>\n<p style=\"text-align: justify;\"><span style=\"text-decoration: underline;\"><strong>RO-BOOM BEACH<\/strong><\/span><\/p>\n<p style=\"text-align: justify;\">La contenci\u00f3n de hidrocarburos en la zona intramareal supone un problema para las barreras con fald\u00f3n convencional. La RO-BOOM BEACH es una barrera especial con dos c\u00e1maras de agua que hacen las veces de lastre, y una s\u00f3la c\u00e1mara de aire, que le proporciona la flotabilidad. Cuando el nivel del agua baja la RO-BOOM BEACH se asienta en la arena o en el lodo sellando el \u00e1rea de forma efectiva. Cuando el nivel de agua sube la barrera volver\u00e1 a flotar y actuar\u00e1 como una barrera convencional. La RO-BOOM BEACH se fabrica de caucho neopreno, el mismo material de la RO-BOOM, ofreciendo una alta resistencia a la abrasi\u00f3n, algo esencial en este tipo de aplicaci\u00f3n.<\/p>\n<p style=\"text-align: justify;\"><span style=\"text-decoration: underline;\"><strong>OILFENCE\u00ae<\/strong><\/span><\/p>\n<p style=\"text-align: justify;\">La barrera OILFENCE\u00ae se viene fabricando desde hace m\u00e1s de 30 a\u00f1os y muchas de las primeras barreras siguen a\u00fan en servicio. Este dise\u00f1o \u00fanico es extremadamente estable y s\u00f3lido debido a la combinaci\u00f3n de flotadores m\u00f3viles extra anchos y a la banda central de alta resistencia a la tracci\u00f3n. Otra ventaja es que apenas requiere mantenimiento y limpieza cuando la barrera se encuentra fondeada por largos per\u00edodos de tiempo.<\/p>\n<p style=\"text-align: justify;\"><strong><span style=\"text-decoration: underline;\">GLOBEBOOM<\/span>\u00ae<\/strong><\/p>\n<p style=\"text-align: justify;\">El dise\u00f1o de la GLOBEBOOM\u00ae ha demostrado ser excelente para todo tipo de aplicaciones. El dise\u00f1o semiesf\u00e9rico de los flotadores proporciona la m\u00e1s eficiente relaci\u00f3n volumen-superficie posible. Este elevado ratio de flotabilidad-peso permite distribuir los flotadores con la distancia suficiente para garantizar una respuesta flexible y din\u00e1mica frente al oleaje.<br \/> La GLOBEBOOM\u00ae\u00a0 puede ser estibada en carreteles de accionamiento manual o hidr\u00e1ulico, lo que facilita tanto el despliegue como la recogida.<\/p>\n<p><span><strong><span style=\"text-decoration: underline;\">PYROBOOM<\/span>\u00ae<\/strong><\/span><\/p>\n<p style=\"text-align: justify;\">La PYROBOOM\u00ae es el resultado de la aplicaci\u00f3n de materiales especiales al dise\u00f1o de la GLOBEBOOM\u00ae para obtener una barrera a prueba de fuego. Ha demostrado ser uno de los dise\u00f1os que mejor se ha comportado en pruebas realizadas por organismos independientes. La PYROBOOM\u00ae puede ser usada en el agua sin efectos nocivos adicionales. Tras su uso en una incineraci\u00f3n casi el 50% del valor de los componentes de la PYROBOOM\u00ae pueden ser recuperados y reutilizados nuevamente. No requiere de un despliegue especial o un equipo de apoyo y puede ser utilizada como una barrera convencional.<\/p>\n<p>[\/et_pb_text][et_pb_button button_url=\u00bbhttps:\/\/www.youtube.com\/watch?v=PwXspfMQM9Y\u00bb url_new_window=\u00bbon\u00bb button_text=\u00bbVIDEO PYROBOOM\u00bb button_alignment=\u00bbcenter\u00bb _builder_version=\u00bb4.3.4&#8243; custom_button=\u00bbon\u00bb button_text_size=\u00bb15px\u00bb button_border_width=\u00bb3px\u00bb button_border_radius=\u00bb54px\u00bb button_icon=\u00bb%%40%%\u00bb global_colors_info=\u00bb{}\u00bb][\/et_pb_button][\/et_pb_column][\/et_pb_row][\/et_pb_section][et_pb_section fb_built=\u00bb1&#8243; fullwidth=\u00bbon\u00bb _builder_version=\u00bb4.3.4&#8243; custom_margin=\u00bb-40px|||||\u00bb global_colors_info=\u00bb{}\u00bb][et_pb_fullwidth_image src=\u00bbhttps:\/\/sentec.es\/wp-content\/uploads\/2020\/04\/Ro-Boom-SPI.jpg\u00bb _builder_version=\u00bb4.3.4&#8243; global_colors_info=\u00bb{}\u00bb][\/et_pb_fullwidth_image][\/et_pb_section]<\/p>\n","protected":false},"excerpt":{"rendered":"<p>BARRERAS PARA LA CONTENCI\u00d3N DE VERTIDOS DE HIDROCARBUROSDESMI RO-BOOMDESMI TROILBOOM GPDESMI A-BOOMDESMI RO-FENCEDESMI RO-BOOM BEACHOILFENCE\u00aeGLOBEBOOM\u00aePYROBOOM\u00ae&nbsp; RO-BOOM La RO-BOOM es reconocida mundialmente como la barrera m\u00e1s efectiva, fiable y duradera para\u00a0la contenci\u00f3n de derrames de hidrocarburos disponible hoy en d\u00eda. La RO-BOOM se ha ganado esta reputaci\u00f3n despu\u00e9s de muchos derrames y despliegues. Fabricada bajo un [&hellip;]<\/p>\n","protected":false},"author":1,"featured_media":0,"parent":0,"menu_order":0,"comment_status":"closed","ping_status":"closed","template":"","meta":{"_et_pb_use_builder":"on","_et_pb_old_content":"","_et_gb_content_width":"","footnotes":""},"class_list":["post-124","page","type-page","status-publish","hentry"],"aioseo_notices":[],"_links":{"self":[{"href":"https:\/\/sentec.es\/index.php\/wp-json\/wp\/v2\/pages\/124"}],"collection":[{"href":"https:\/\/sentec.es\/index.php\/wp-json\/wp\/v2\/pages"}],"about":[{"href":"https:\/\/sentec.es\/index.php\/wp-json\/wp\/v2\/types\/page"}],"author":[{"embeddable":true,"href":"https:\/\/sentec.es\/index.php\/wp-json\/wp\/v2\/users\/1"}],"replies":[{"embeddable":true,"href":"https:\/\/sentec.es\/index.php\/wp-json\/wp\/v2\/comments?post=124"}],"version-history":[{"count":37,"href":"https:\/\/sentec.es\/index.php\/wp-json\/wp\/v2\/pages\/124\/revisions"}],"predecessor-version":[{"id":2787,"href":"https:\/\/sentec.es\/index.php\/wp-json\/wp\/v2\/pages\/124\/revisions\/2787"}],"wp:attachment":[{"href":"https:\/\/sentec.es\/index.php\/wp-json\/wp\/v2\/media?parent=124"}],"curies":[{"name":"wp","href":"https:\/\/api.w.org\/{rel}","templated":true}]}}