{"id":1275,"date":"2020-03-16T09:00:18","date_gmt":"2020-03-16T09:00:18","guid":{"rendered":"http:\/\/sentec.es\/?page_id=1275"},"modified":"2021-07-28T12:00:07","modified_gmt":"2021-07-28T10:00:07","slug":"tanques-2","status":"publish","type":"page","link":"https:\/\/sentec.es\/index.php\/tanques-2\/","title":{"rendered":"Tanques"},"content":{"rendered":"<p>[et_pb_section fb_built=\u00bb1&#8243; admin_label=\u00bbBlog Section\u00bb _builder_version=\u00bb3.22&#8243; custom_padding=\u00bb120px||50px|\u00bb][et_pb_row _builder_version=\u00bb4.3.4&#8243;][et_pb_column type=\u00bb4_4&#8243; _builder_version=\u00bb4.3.4&#8243;][et_pb_text _builder_version=\u00bb4.3.4&#8243;]<\/p>\n<h1 style=\"text-align: center;\"><span style=\"text-decoration: underline;\">TANQUES PARA EL ALMACENAMIENTO DE HIDROCARBUROS<\/span><\/h1>\n<p>[\/et_pb_text][\/et_pb_column][\/et_pb_row][et_pb_row column_structure=\u00bb1_3,1_3,1_3&#8243; _builder_version=\u00bb4.3.4&#8243;][et_pb_column type=\u00bb1_3&#8243; _builder_version=\u00bb4.3.4&#8243;][et_pb_image src=\u00bbhttps:\/\/sentec.es\/wp-content\/uploads\/2020\/03\/www.sentec.es-tanque-flotante-Ro-Tank-6.jpg\u00bb url=\u00bbhttps:\/\/sentec.es\/index.php\/tanque-flotante-ro-tank\/\u00bb _builder_version=\u00bb4.3.4&#8243; custom_margin=\u00bb||2px|||\u00bb][\/et_pb_image][et_pb_text _builder_version=\u00bb4.3.4&#8243; link_option_url=\u00bbhttps:\/\/sentec.es\/index.php\/tanque-flotante-ro-tank\/\u00bb]<\/p>\n<p style=\"text-align: center;\"><strong>TANQUES FLOTANTES RO-TANK<\/strong><\/p>\n<p>[\/et_pb_text][\/et_pb_column][et_pb_column type=\u00bb1_3&#8243; _builder_version=\u00bb4.3.4&#8243;][et_pb_image src=\u00bbhttps:\/\/sentec.es\/wp-content\/uploads\/2020\/03\/www.sentec.es-tanque-plegable-portatil-Troiltank-3.jpg\u00bb url=\u00bbhttps:\/\/sentec.es\/index.php\/tanque-plegable-portatil-troiltank\/\u00bb _builder_version=\u00bb4.3.4&#8243; custom_margin=\u00bb||2px|||\u00bb][\/et_pb_image][et_pb_text _builder_version=\u00bb4.3.4&#8243; link_option_url=\u00bbhttps:\/\/sentec.es\/index.php\/tanque-plegable-portatil-troiltank\/\u00bb]<\/p>\n<p style=\"text-align: center;\"><strong>TANQUES PLEGABLES TROILTANK<\/strong><\/p>\n<p>[\/et_pb_text][\/et_pb_column][et_pb_column type=\u00bb1_3&#8243; _builder_version=\u00bb4.3.4&#8243;][et_pb_image src=\u00bbhttps:\/\/sentec.es\/wp-content\/uploads\/2020\/03\/tanque-Fastank-1.jpg\u00bb url=\u00bbhttps:\/\/sentec.es\/index.php\/tanques-plegables-fastank\/\u00bb _builder_version=\u00bb4.3.4&#8243; custom_margin=\u00bb||3px|||\u00bb][\/et_pb_image][et_pb_text _builder_version=\u00bb4.3.4&#8243; link_option_url=\u00bbhttps:\/\/sentec.es\/index.php\/tanques-plegables-fastank\/\u00bb]<\/p>\n<p style=\"text-align: center;\"><strong>TANQUES PLEGABLES FASTANK<\/strong><\/p>\n<p>[\/et_pb_text][\/et_pb_column][\/et_pb_row][et_pb_row _builder_version=\u00bb4.3.4&#8243;][et_pb_column type=\u00bb4_4&#8243; _builder_version=\u00bb4.3.4&#8243;][et_pb_text _builder_version=\u00bb4.3.4&#8243; text_font=\u00bbVerdana||||||||\u00bb text_font_size=\u00bb17px\u00bb hover_enabled=\u00bb0&#8243;]<\/p>\n<p>&nbsp;<\/p>\n<p><b><u>TANQUES FLOTANTES RO-TANK<\/u><\/b><\/p>\n<p style=\"text-align: justify;\">Los RO-TANK son tanques de almacenamiento de caucho de alta calidad. Disponibles en tama\u00f1os de 5 a 50 m3 pueden ser utilizados tanto en tierra como flotando en el agua. Los RO-TANK est\u00e1n fabricados de una gruesa plancha de caucho Neopreno reforzado con 4 capas interiores de tejido de poli\u00e9ster, un material extraordinariamente resistente a la abrasi\u00f3n y a la perforaci\u00f3n. Su recubrimiento de caucho Hypalon los hace especialmente resistentes a los hidrocarburos y a los agentes atmosf\u00e9ricos (rayos ultravioleta, ozono, salitre). Los RO-TANK quedan completamente planos cuando est\u00e1n vac\u00edos permitiendo ser enrollados para su almacenamiento en una caja o carretel. Estas caracter\u00edsticas hacen que los tanques RO-TANK sean muy vers\u00e1tiles y puedan utilizarse para una amplia variedad de operaciones.<\/p>\n<p style=\"text-align: justify;\"><b><u>TANQUES PLEGABLES FASTANK<\/u><\/b><\/p>\n<p style=\"text-align: justify;\">Los <em>FAST<\/em><em>ANK<\/em><sup>\u00ae<\/sup> son dep\u00f3sitos plegables para el almacenamiento temporal de hidrocarburos recuperados durante las operaciones de limpieza de un vertido. Se caracterizan por su robustez, r\u00e1pido montaje y facilidad de transporte. Otras aplicaciones son la\u00a0prevenci\u00f3n contra incendios, la construcci\u00f3n civil, el almacenamiento de agua potable, de aguas residuales y de otros l\u00edquidos. Son tanques ligeros y port\u00e1tiles que se pueden montar en pocos minutos por una s\u00f3la persona sin requerir herramientas.<\/p>\n<p style=\"text-align: justify;\"><b><u>TANQUES PLEGABLES TROILTANK<\/u><\/b><\/p>\n<p style=\"text-align: justify;\">Los TROILTANK son tanques port\u00e1tiles y plegables para el almacenamiento temporal de residuos oleosos o para la descontaminaci\u00f3n de equipos contaminados por hidrocarburos. Igualmente pueden ser utilizados para el almacenamiento temporal de absorbentes y ropa de trabajo contaminada. Los tanques TROILTANK est\u00e1n disponibles en cuatro tama\u00f1os, todos ellos dotados de una estructura ligera y f\u00e1cil de ensamblar sin necesidad de herramientas.<\/p>\n<p>[\/et_pb_text][\/et_pb_column][\/et_pb_row][\/et_pb_section][et_pb_section fb_built=\u00bb1&#8243; fullwidth=\u00bbon\u00bb _builder_version=\u00bb4.3.4&#8243;][et_pb_fullwidth_image src=\u00bbhttps:\/\/sentec.es\/wp-content\/uploads\/2020\/04\/fastank-5-3-1-no-roofs-with-bags-scaled.jpg\u00bb _builder_version=\u00bb4.3.4&#8243;][\/et_pb_fullwidth_image][\/et_pb_section]<\/p>\n","protected":false},"excerpt":{"rendered":"<p>TANQUES PARA EL ALMACENAMIENTO DE HIDROCARBUROSTANQUES FLOTANTES RO-TANKTANQUES PLEGABLES TROILTANKTANQUES PLEGABLES FASTANK&nbsp; TANQUES FLOTANTES RO-TANK Los RO-TANK son tanques de almacenamiento de caucho de alta calidad. Disponibles en tama\u00f1os de 5 a 50 m3 pueden ser utilizados tanto en tierra como flotando en el agua. Los RO-TANK est\u00e1n fabricados de una gruesa plancha de caucho [&hellip;]<\/p>\n","protected":false},"author":1,"featured_media":0,"parent":0,"menu_order":0,"comment_status":"closed","ping_status":"closed","template":"","meta":{"_et_pb_use_builder":"on","_et_pb_old_content":"","_et_gb_content_width":"","footnotes":""},"class_list":["post-1275","page","type-page","status-publish","hentry"],"aioseo_notices":[],"_links":{"self":[{"href":"https:\/\/sentec.es\/index.php\/wp-json\/wp\/v2\/pages\/1275"}],"collection":[{"href":"https:\/\/sentec.es\/index.php\/wp-json\/wp\/v2\/pages"}],"about":[{"href":"https:\/\/sentec.es\/index.php\/wp-json\/wp\/v2\/types\/page"}],"author":[{"embeddable":true,"href":"https:\/\/sentec.es\/index.php\/wp-json\/wp\/v2\/users\/1"}],"replies":[{"embeddable":true,"href":"https:\/\/sentec.es\/index.php\/wp-json\/wp\/v2\/comments?post=1275"}],"version-history":[{"count":16,"href":"https:\/\/sentec.es\/index.php\/wp-json\/wp\/v2\/pages\/1275\/revisions"}],"predecessor-version":[{"id":2727,"href":"https:\/\/sentec.es\/index.php\/wp-json\/wp\/v2\/pages\/1275\/revisions\/2727"}],"wp:attachment":[{"href":"https:\/\/sentec.es\/index.php\/wp-json\/wp\/v2\/media?parent=1275"}],"curies":[{"name":"wp","href":"https:\/\/api.w.org\/{rel}","templated":true}]}}