{"id":1312,"date":"2020-03-16T12:35:15","date_gmt":"2020-03-16T10:35:15","guid":{"rendered":"http:\/\/sentec.es\/?page_id=1312"},"modified":"2020-04-26T10:57:45","modified_gmt":"2020-04-26T08:57:45","slug":"bomba-spate-pd","status":"publish","type":"page","link":"https:\/\/sentec.es\/index.php\/bomba-spate-pd\/","title":{"rendered":"SPATE PD"},"content":{"rendered":"\n[et_pb_section fb_built=\u00bb1&#8243; _builder_version=\u00bb4.3.4&#8243;][et_pb_row _builder_version=\u00bb4.3.4&#8243;][et_pb_column type=\u00bb4_4&#8243; _builder_version=\u00bb4.3.4&#8243;][et_pb_text _builder_version=\u00bb4.3.4&#8243; text_font=\u00bbVerdana||||||||\u00bb text_font_size=\u00bb17px\u00bb custom_padding=\u00bb||0px|||\u00bb hover_enabled=\u00bb0&#8243; text_font_last_edited=\u00bbon|phone\u00bb header_font_size=\u00bb31px\u00bb header_2_font_size=\u00bb20px\u00bb]<h1 style=\"text-align: justify;\">SPATE PD 75 &amp; PD 100<\/h1>\n<h2><strong><br \/> <\/strong><span style=\"font-size: large;\">Bombas de diafragma de desplazamiento positivo<\/span><\/h2>\n<p>&nbsp;<\/p>\n<p style=\"text-align: justify;\">Las<em> SELWOOD Spate <\/em>son bombas autocebantes de flujo inducido y caudal variable especialmente indicadas para el bombeo de hidrocarburos ligeros y pesados, as\u00ed como de lodos y aguas residuales. Pueden trabajar en seco indefinidamente y apenas requieren mantenimiento.<\/p>\n[\/et_pb_text][\/et_pb_column][\/et_pb_row][et_pb_row column_structure=\u00bb1_3,1_3,1_3&#8243; _builder_version=\u00bb4.3.4&#8243; custom_padding=\u00bb4px||4px|||\u00bb][et_pb_column type=\u00bb1_3&#8243; _builder_version=\u00bb4.3.4&#8243;][et_pb_image src=\u00bbhttp:\/\/sentec.es\/wp-content\/uploads\/2020\/03\/bomba-diafragme-Spate-PD-1.jpg\u00bb _builder_version=\u00bb4.3.4&#8243;][\/et_pb_image][et_pb_image src=\u00bbhttp:\/\/sentec.es\/wp-content\/uploads\/2020\/03\/www.sentec.es-bomba-tornillo-Desmi-DOP-7.jpg\u00bb _builder_version=\u00bb4.3.4&#8243;][\/et_pb_image][\/et_pb_column][et_pb_column type=\u00bb1_3&#8243; _builder_version=\u00bb4.3.4&#8243;][et_pb_image src=\u00bbhttp:\/\/sentec.es\/wp-content\/uploads\/2020\/03\/bomba-diafragme-Spate-PD-2.jpg\u00bb _builder_version=\u00bb4.3.4&#8243;][\/et_pb_image][et_pb_text _builder_version=\u00bb4.3.4&#8243; text_font=\u00bbVerdana||||||||\u00bb text_font_size=\u00bb17px\u00bb]<ul>\n<li>Cebado autom\u00e1tico<\/li>\n<li>Caudal variable<\/li>\n<li>Funcionamiento en seco<\/li>\n<li>Elevaci\u00f3n por succi\u00f3n hasta 9m<\/li>\n<li>Caudales de hasta 80m3\/h<\/li>\n<li>Altura de descarga hasta 30m<\/li>\n<li>Paso de s\u00f3lidos hasta 16mm<\/li>\n<li>Mantenimiento sencillo<\/li>\n<li>Robustas y duraderas<\/li>\n<\/ul>\n<p style=\"text-align: center;\"><span style=\"text-decoration: underline;\"><strong><\/strong><\/span><\/p>[\/et_pb_text][\/et_pb_column][et_pb_column type=\u00bb1_3&#8243; _builder_version=\u00bb4.3.4&#8243;][et_pb_image src=\u00bbhttp:\/\/sentec.es\/wp-content\/uploads\/2020\/03\/bomba-diafragme-Spate-PD-3.jpg\u00bb _builder_version=\u00bb4.3.4&#8243;][\/et_pb_image][et_pb_image src=\u00bbhttp:\/\/sentec.es\/wp-content\/uploads\/2020\/03\/bomba-diafragme-Spate-PD-4.jpg\u00bb _builder_version=\u00bb4.3.4&#8243;][\/et_pb_image][\/et_pb_column][\/et_pb_row][et_pb_row _builder_version=\u00bb4.3.4&#8243;][et_pb_column type=\u00bb4_4&#8243; _builder_version=\u00bb4.3.4&#8243;][et_pb_text _builder_version=\u00bb4.3.4&#8243; text_font=\u00bbVerdana||||||||\u00bb text_font_size=\u00bb17px\u00bb]<p style=\"text-align: justify;\">El dise\u00f1o exclusivo de la Selwood Spate hace que sea la bomba perfecta para la recuperaci\u00f3n de vertidos de hidrocarburos de mediana viscosidad. Es mundialmente conocida por su idoneidad para las aplicaciones de recuperaci\u00f3n de aceite y funciona en combinaci\u00f3n con una amplia gama de skimmers. La Spate maneja aguas sucias, lodos, aceites ligeros y pesados, as\u00ed como productos de la industria del petr\u00f3leo a una velocidad de flujo alta y sin turbulencias. La simplicidad del dise\u00f1o proporciona un mantenimiento muy sencillo.<\/p>[\/et_pb_text][\/et_pb_column][\/et_pb_row][et_pb_row _builder_version=\u00bb4.3.4&#8243;][et_pb_column type=\u00bb4_4&#8243; _builder_version=\u00bb4.3.4&#8243;][et_pb_text _builder_version=\u00bb4.3.4&#8243;]<table width=\"100%\">\n<tbody>\n<tr>\n<td width=\"34%\"><strong>DATOS T\u00c9CNICOS<\/strong><\/td>\n<td width=\"33%\"><strong>Spate PD 75\u00a0<\/strong><\/td>\n<td width=\"33%\"><strong>Spate PD 100\u00a0<\/strong><\/td>\n<\/tr>\n<tr>\n<td width=\"34%\"><strong>Accionamiento<\/strong><\/td>\n<td width=\"33%\">Diesel \u00f3 hidr\u00e1ulico<\/td>\n<td width=\"33%\">Diesel<\/td>\n<\/tr>\n<tr>\n<td width=\"34%\"><strong>Velocidad de la bomba<\/strong><\/td>\n<td width=\"33%\">1.500 r.p.m<\/td>\n<td width=\"33%\">1.000 r.p.m<\/td>\n<\/tr>\n<tr>\n<td width=\"34%\"><strong>Capacidad<\/strong><\/td>\n<td width=\"33%\">31,8 m3\/h<\/td>\n<td width=\"33%\">80 m3\/h<\/td>\n<\/tr>\n<tr>\n<td width=\"34%\"><strong>Elevaci\u00f3n por succi\u00f3n<\/strong><\/td>\n<td width=\"33%\">9,1 m<\/td>\n<td width=\"33%\">9,1 m<\/td>\n<\/tr>\n<tr>\n<td width=\"34%\"><strong>Paso de s\u00f3lidos<\/strong><\/td>\n<td width=\"33%\">6 mm<\/td>\n<td width=\"33%\">16mm<\/td>\n<\/tr>\n<tr>\n<td width=\"34%\"><strong>Manejo de aire<\/strong><\/td>\n<td width=\"33%\">3,77 l\/s<\/td>\n<td width=\"33%\">11,8 l\/s<\/td>\n<\/tr>\n<tr>\n<td width=\"34%\"><strong>Racor de admisi\u00f3n<\/strong><\/td>\n<td width=\"33%\">CAMLOCK 75 mm<\/td>\n<td width=\"33%\">CAMLOCK 100mm<\/td>\n<\/tr>\n<tr>\n<td width=\"34%\"><strong>Racor de descarga<\/strong><\/td>\n<td width=\"33%\">CAMLOCK 75 mm<\/td>\n<td width=\"33%\">CAMLOCK 100mm<\/td>\n<\/tr>\n<tr>\n<td width=\"34%\"><strong>Altura de descarga<\/strong><\/td>\n<td width=\"33%\">30 m<\/td>\n<td width=\"33%\">21 m<\/td>\n<\/tr>\n<tr>\n<td width=\"34%\"><strong>Elevaci\u00f3n autocebado<\/strong><\/td>\n<td width=\"33%\">8,8 m<\/td>\n<td width=\"33%\">8,5 m<\/td>\n<\/tr>\n<tr>\n<td width=\"34%\"><strong>Dimensiones<\/strong><\/td>\n<td width=\"33%\">100 x 64 x 63cm<\/td>\n<td width=\"33%\">224 x 111 x 123cm<\/td>\n<\/tr>\n<tr>\n<td width=\"34%\"><strong>Peso (versi\u00f3n diesel con ruedas)<\/strong><\/td>\n<td width=\"33%\">75 kg<\/td>\n<td width=\"33%\">460 kg<\/td>\n<\/tr>\n<\/tbody>\n<\/table>[\/et_pb_text][\/et_pb_column][\/et_pb_row][\/et_pb_section]\n","protected":false},"excerpt":{"rendered":"<p>SPATE PD 75 &amp; PD 100 Bombas de diafragma de desplazamiento positivo &nbsp; Las SELWOOD Spate son bombas autocebantes de flujo inducido y caudal variable especialmente indicadas para el bombeo de hidrocarburos ligeros y pesados, as\u00ed como de lodos y aguas residuales. Pueden trabajar en seco indefinidamente y apenas requieren mantenimiento. Cebado autom\u00e1tico Caudal variable [&hellip;]<\/p>\n","protected":false},"author":1,"featured_media":0,"parent":0,"menu_order":0,"comment_status":"closed","ping_status":"closed","template":"","meta":{"_et_pb_use_builder":"on","_et_pb_old_content":"","_et_gb_content_width":"","footnotes":""},"class_list":["post-1312","page","type-page","status-publish","hentry"],"aioseo_notices":[],"_links":{"self":[{"href":"https:\/\/sentec.es\/index.php\/wp-json\/wp\/v2\/pages\/1312"}],"collection":[{"href":"https:\/\/sentec.es\/index.php\/wp-json\/wp\/v2\/pages"}],"about":[{"href":"https:\/\/sentec.es\/index.php\/wp-json\/wp\/v2\/types\/page"}],"author":[{"embeddable":true,"href":"https:\/\/sentec.es\/index.php\/wp-json\/wp\/v2\/users\/1"}],"replies":[{"embeddable":true,"href":"https:\/\/sentec.es\/index.php\/wp-json\/wp\/v2\/comments?post=1312"}],"version-history":[{"count":5,"href":"https:\/\/sentec.es\/index.php\/wp-json\/wp\/v2\/pages\/1312\/revisions"}],"predecessor-version":[{"id":2408,"href":"https:\/\/sentec.es\/index.php\/wp-json\/wp\/v2\/pages\/1312\/revisions\/2408"}],"wp:attachment":[{"href":"https:\/\/sentec.es\/index.php\/wp-json\/wp\/v2\/media?parent=1312"}],"curies":[{"name":"wp","href":"https:\/\/api.w.org\/{rel}","templated":true}]}}