{"id":1323,"date":"2020-03-16T16:32:14","date_gmt":"2020-03-16T16:32:14","guid":{"rendered":"http:\/\/sentec.es\/?page_id=1323"},"modified":"2020-04-24T12:48:07","modified_gmt":"2020-04-24T10:48:07","slug":"desmi-loop-80","status":"publish","type":"page","link":"https:\/\/sentec.es\/index.php\/desmi-loop-80\/","title":{"rendered":"DESMI LOOP 80"},"content":{"rendered":"\n[et_pb_section fb_built=\u00bb1&#8243; _builder_version=\u00bb4.3.4&#8243;][et_pb_row _builder_version=\u00bb4.3.4&#8243;][et_pb_column type=\u00bb4_4&#8243; _builder_version=\u00bb4.3.4&#8243;][et_pb_text _builder_version=\u00bb4.3.4&#8243; text_font=\u00bbVerdana||||||||\u00bb text_font_size=\u00bb17px\u00bb custom_padding=\u00bb||0px|||\u00bb hover_enabled=\u00bb0&#8243;]<h1>DESMI LOOP 80<\/h1>\n<h2><strong><br \/> <\/strong>Bomba centr\u00edfuga para hidrocarburos ligeros<\/h2>\n<p>&nbsp;<\/p>\n<p style=\"text-align: justify;\">La bomba LOOP 80 (Light Oil Off-loading Pump) fue desarrollada como una bomba de descarga para ser utilizada en skimmers para la recuperaci\u00f3n de hidrocarburos ligeros. La LOOP es una bomba centr\u00edfuga de una sola etapa equipada con un impulsor semi-abierto, el cual no se fatiga tan f\u00e1cilmente como los del tipo cerrado. La carcasa est\u00e1 hecha de aluminio resistente al agua de mar, el impulsor y la placa de desgaste de bronce, y el eje de acero inoxidable. La carcasa de engranajes est\u00e1 sellada y los engranajes est\u00e1n lubricados permanentemente.<\/p>\n[\/et_pb_text][\/et_pb_column][\/et_pb_row][et_pb_row column_structure=\u00bb1_3,1_3,1_3&#8243; _builder_version=\u00bb4.3.4&#8243; custom_padding=\u00bb4px||4px|||\u00bb][et_pb_column type=\u00bb1_3&#8243; _builder_version=\u00bb4.3.4&#8243;][et_pb_image src=\u00bbhttp:\/\/sentec.es\/wp-content\/uploads\/2020\/03\/bomba-Desmi-LOOP-80-5.jpg\u00bb _builder_version=\u00bb4.3.4&#8243;][\/et_pb_image][\/et_pb_column][et_pb_column type=\u00bb1_3&#8243; _builder_version=\u00bb4.3.4&#8243;][et_pb_image src=\u00bbhttp:\/\/sentec.es\/wp-content\/uploads\/2020\/03\/bomba-Desmi-LOOP-80-4.jpg\u00bb _builder_version=\u00bb4.3.4&#8243;][\/et_pb_image][\/et_pb_column][et_pb_column type=\u00bb1_3&#8243; _builder_version=\u00bb4.3.4&#8243;][et_pb_image src=\u00bbhttp:\/\/sentec.es\/wp-content\/uploads\/2020\/03\/bomba-Desmi-LOOP-80-2.jpg\u00bb _builder_version=\u00bb4.3.4&#8243;][\/et_pb_image][\/et_pb_column][\/et_pb_row][et_pb_row _builder_version=\u00bb4.3.4&#8243; custom_padding=\u00bb||17px|||\u00bb][et_pb_column type=\u00bb4_4&#8243; _builder_version=\u00bb4.3.4&#8243;][et_pb_text _builder_version=\u00bb4.3.4&#8243; text_font=\u00bbVerdana||||||||\u00bb text_font_size=\u00bb17px\u00bb hover_enabled=\u00bb0&#8243;]<p style=\"text-align: justify;\">La bomba LOOP 80 est\u00e1 dise\u00f1ada para encajar debajo de la tolva de la cabeza de un skimmer. En consecuencia, la bomba no toma mucho m\u00e1s espacio (calado) que el racor de descarga, y por tanto, proporciona un muy bajo calado al skimmer cuando \u00e9sta est\u00e1 instalada. Por ello, es ideal para los skimmers m\u00e1s peque\u00f1os donde el espacio disponible es reducido.<\/p>\n[\/et_pb_text][\/et_pb_column][\/et_pb_row][\/et_pb_section]\n","protected":false},"excerpt":{"rendered":"<p>DESMI LOOP 80 Bomba centr\u00edfuga para hidrocarburos ligeros &nbsp; La bomba LOOP 80 (Light Oil Off-loading Pump) fue desarrollada como una bomba de descarga para ser utilizada en skimmers para la recuperaci\u00f3n de hidrocarburos ligeros. La LOOP es una bomba centr\u00edfuga de una sola etapa equipada con un impulsor semi-abierto, el cual no se fatiga [&hellip;]<\/p>\n","protected":false},"author":1,"featured_media":0,"parent":0,"menu_order":0,"comment_status":"closed","ping_status":"closed","template":"","meta":{"_et_pb_use_builder":"on","_et_pb_old_content":"","_et_gb_content_width":"","footnotes":""},"class_list":["post-1323","page","type-page","status-publish","hentry"],"aioseo_notices":[],"_links":{"self":[{"href":"https:\/\/sentec.es\/index.php\/wp-json\/wp\/v2\/pages\/1323"}],"collection":[{"href":"https:\/\/sentec.es\/index.php\/wp-json\/wp\/v2\/pages"}],"about":[{"href":"https:\/\/sentec.es\/index.php\/wp-json\/wp\/v2\/types\/page"}],"author":[{"embeddable":true,"href":"https:\/\/sentec.es\/index.php\/wp-json\/wp\/v2\/users\/1"}],"replies":[{"embeddable":true,"href":"https:\/\/sentec.es\/index.php\/wp-json\/wp\/v2\/comments?post=1323"}],"version-history":[{"count":5,"href":"https:\/\/sentec.es\/index.php\/wp-json\/wp\/v2\/pages\/1323\/revisions"}],"predecessor-version":[{"id":2361,"href":"https:\/\/sentec.es\/index.php\/wp-json\/wp\/v2\/pages\/1323\/revisions\/2361"}],"wp:attachment":[{"href":"https:\/\/sentec.es\/index.php\/wp-json\/wp\/v2\/media?parent=1323"}],"curies":[{"name":"wp","href":"https:\/\/api.w.org\/{rel}","templated":true}]}}