{"id":1349,"date":"2020-03-17T08:05:34","date_gmt":"2020-03-17T06:05:34","guid":{"rendered":"http:\/\/sentec.es\/?page_id=1349"},"modified":"2020-09-25T12:59:07","modified_gmt":"2020-09-25T10:59:07","slug":"bombas-hidrocarburos","status":"publish","type":"page","link":"https:\/\/sentec.es\/index.php\/bombas-hidrocarburos\/","title":{"rendered":"BOMBAS"},"content":{"rendered":"<p>[et_pb_section fb_built=\u00bb1&#8243; admin_label=\u00bbBlog Section\u00bb _builder_version=\u00bb3.22&#8243; custom_padding=\u00bb120px||50px|\u00bb][et_pb_row _builder_version=\u00bb4.3.4&#8243;][et_pb_column type=\u00bb4_4&#8243; _builder_version=\u00bb4.3.4&#8243;][et_pb_text _builder_version=\u00bb4.3.4&#8243;]<\/p>\n<h1 style=\"text-align: center;\"><span style=\"text-decoration: underline;\">BOMBAS PARA HIDROCARBUROS<\/span><\/h1>\n<p>[\/et_pb_text][\/et_pb_column][\/et_pb_row][et_pb_row column_structure=\u00bb1_4,1_4,1_4,1_4&#8243; _builder_version=\u00bb4.3.4&#8243; min_height=\u00bb261px\u00bb custom_padding=\u00bb51px|||||\u00bb][et_pb_column type=\u00bb1_4&#8243; _builder_version=\u00bb4.3.4&#8243;][et_pb_image src=\u00bbhttps:\/\/sentec.es\/wp-content\/uploads\/2020\/03\/www.sentec.es-bomba-tornillo-Desmi-DOP-5.jpg\u00bb url=\u00bbhttps:\/\/sentec.es\/index.php\/bombas-hidrocarburos-desmi-dop\/\u00bb _builder_version=\u00bb4.3.4&#8243; custom_margin=\u00bb||2px|||\u00bb][\/et_pb_image][et_pb_text _builder_version=\u00bb4.3.4&#8243; link_option_url=\u00bbhttps:\/\/sentec.es\/index.php\/bombas-hidrocarburos-desmi-dop\/\u00bb]<\/p>\n<p style=\"text-align: center;\"><b>DESMI DOP<\/b><\/p>\n<p>[\/et_pb_text][\/et_pb_column][et_pb_column type=\u00bb1_4&#8243; _builder_version=\u00bb4.3.4&#8243;][et_pb_image src=\u00bbhttps:\/\/sentec.es\/wp-content\/uploads\/2020\/03\/anillo-inyeccion-Desmi-AIF.jpg\u00bb url=\u00bbhttps:\/\/sentec.es\/index.php\/desmi-aif\/\u00bb _builder_version=\u00bb4.3.4&#8243; custom_margin=\u00bb||2px|||\u00bb][\/et_pb_image][et_pb_text _builder_version=\u00bb4.3.4&#8243; link_option_url=\u00bbhttps:\/\/sentec.es\/index.php\/desmi-aif\/\u00bb]<\/p>\n<p style=\"text-align: center;\"><b>DESMI AIF<\/b><\/p>\n<p>[\/et_pb_text][\/et_pb_column][et_pb_column type=\u00bb1_4&#8243; _builder_version=\u00bb4.3.4&#8243;][et_pb_image src=\u00bbhttps:\/\/sentec.es\/wp-content\/uploads\/2020\/03\/bomba-Desmi-LOOP-80-3.jpg\u00bb url=\u00bbhttps:\/\/sentec.es\/index.php\/desmi-loop-80\/\u00bb _builder_version=\u00bb4.3.4&#8243; custom_margin=\u00bb||3px|||\u00bb][\/et_pb_image][et_pb_text _builder_version=\u00bb4.3.4&#8243; custom_padding=\u00bb||0px|||\u00bb link_option_url=\u00bbhttps:\/\/sentec.es\/index.php\/desmi-loop-80\/\u00bb]<\/p>\n<p style=\"text-align: center;\"><b>DESMI LOOP 80<\/b><\/p>\n<p>[\/et_pb_text][\/et_pb_column][et_pb_column type=\u00bb1_4&#8243; _builder_version=\u00bb4.3.4&#8243;][et_pb_image src=\u00bbhttps:\/\/sentec.es\/wp-content\/uploads\/2020\/03\/Bomba-Spate-PD-75.jpg\u00bb url=\u00bbhttps:\/\/sentec.es\/index.php\/bomba-spate-pd\/\u00bb _builder_version=\u00bb4.3.4&#8243; custom_margin=\u00bb||1px|||\u00bb][\/et_pb_image][et_pb_text _builder_version=\u00bb4.3.4&#8243; custom_padding=\u00bb||0px|||\u00bb link_option_url=\u00bbhttps:\/\/sentec.es\/index.php\/bomba-spate-pd\/\u00bb]<\/p>\n<p style=\"text-align: center;\"><b>SPATE PD 75 &amp; PD 100<\/b><\/p>\n<p>[\/et_pb_text][\/et_pb_column][\/et_pb_row][et_pb_row _builder_version=\u00bb4.3.4&#8243;][et_pb_column type=\u00bb4_4&#8243; _builder_version=\u00bb4.3.4&#8243;][et_pb_text _builder_version=\u00bb4.3.4&#8243; text_font=\u00bbVerdana||||||||\u00bb text_font_size=\u00bb17px\u00bb min_height=\u00bb676px\u00bb custom_margin=\u00bb-28px|||||\u00bb hover_enabled=\u00bb0&#8243;]<\/p>\n<h4 style=\"text-align: justify;\"><\/h4>\n<p>&nbsp;<\/p>\n<p style=\"text-align: justify;\"><span style=\"text-decoration: underline;\"><strong>BOMBAS DE TORNILLO DESMI DOP<\/strong><\/span><\/p>\n<p style=\"text-align: justify;\">Las bombas de tornillo vertical tipo Arqu\u00edmedes\u00a0<em>DESMI<\/em>\u00a0DOP son una potente y eficaz herramienta para el bombeo de l\u00edquidos extremadamente viscosos y contaminados con residuos s\u00f3lidos. Su eficacia ha sido demostrada en una amplia gama de aplicaciones de bombeo de gran dificultad como la descarga de skimmers, la limpieza de tanques y fosas, el bombeo de melazas y de aguas residuales.\u00a0Las bombas DESMI DOP no emulsionan el aceite con el agua, por lo que estos pueden ser f\u00e1cilmente separados mediante decantaci\u00f3n.<\/p>\n<p style=\"text-align: justify;\"><span style=\"text-decoration: underline;\"><strong>ANILLOS DE INYECCI\u00d3N DESMI AIF<\/strong><\/span><\/p>\n<p style=\"text-align: justify;\">Las bombas de tornillo vertical DESMI DOP son capaces de bombear hidrocarburos viscosos a largas distancias. No obstante, como ocurre con cualquier bomba, la fricci\u00f3n causada por el l\u00edquido en la manguera de descarga reduce el caudal, lo que se conoce como <em>p\u00e9rdida por contrapresi\u00f3n<\/em>. Para minimizar este efecto Desmi Ro-Clean ha desarrollado el sistema de\u00a0<em>inyecci\u00f3n de agua\u00a0<\/em>DESMI AIF\u00a0para su gama de bombas DOP. Gracias a este sistema de inyecci\u00f3n la bomba DESMI DOP 250 es capaz de bombear 100 m3\/h de hidrocarburo pesado (200.000 cSt.) a una distancia de 450m, una longitud casi 5 veces superior a la que se hubiese conseguido sin la inyecci\u00f3n de agua.<\/p>\n<p style=\"text-align: justify;\"><span style=\"text-decoration: underline;\"><strong>BOMBAS CENTR\u00cdFUGAS DESMI LOOP 80<\/strong><\/span><\/p>\n<p style=\"text-align: justify;\">La bomba LOOP 80 (\u00abLight Oil Off-loading Pump\u00bb) fue desarrollada como una bomba de descarga para ser utilizada en skimmers para la recuperaci\u00f3n de hidrocarburos ligeros. Est\u00e1 dise\u00f1ada para encajar debajo de la tolva de la cabeza de un skimmer ocupando muy poco espacio y, por tanto, proporciona un muy bajo calado al skimmer cuando \u00e9sta est\u00e1 instalada.<\/p>\n<p style=\"text-align: justify;\"><b><u>BOMBAS DE DIAFRAGMA SPATE PD<\/u><\/b><\/p>\n<p style=\"text-align: justify;\">Las<em>\u00a0SELWOOD Spate\u00a0<\/em>son bombas autocebantes de flujo inducido y caudal variable especialmente indicadas para el bombeo de hidrocarburos ligeros, as\u00ed como de lodos y aguas sucias. Pueden trabajar en seco indefinidamente y apenas requieren mantenimiento. Son mundialmente conocidas por su idoneidad para las aplicaciones de recuperaci\u00f3n de aceite y por funcionar en combinaci\u00f3n con una amplia gama de skimmers.<\/p>\n<p>[\/et_pb_text][\/et_pb_column][\/et_pb_row][\/et_pb_section][et_pb_section fb_built=\u00bb1&#8243; fullwidth=\u00bbon\u00bb _builder_version=\u00bb4.3.4&#8243;][et_pb_fullwidth_image src=\u00bbhttps:\/\/sentec.es\/wp-content\/uploads\/2020\/04\/DOP-pums-160-200-250.jpg\u00bb disabled_on=\u00bbon|on|off\u00bb _builder_version=\u00bb4.3.4&#8243;][\/et_pb_fullwidth_image][\/et_pb_section]<\/p>\n","protected":false},"excerpt":{"rendered":"<p>BOMBAS PARA HIDROCARBUROSDESMI DOPDESMI AIFDESMI LOOP 80SPATE PD 75 &amp; PD 100 &nbsp; BOMBAS DE TORNILLO DESMI DOP Las bombas de tornillo vertical tipo Arqu\u00edmedes\u00a0DESMI\u00a0DOP son una potente y eficaz herramienta para el bombeo de l\u00edquidos extremadamente viscosos y contaminados con residuos s\u00f3lidos. Su eficacia ha sido demostrada en una amplia gama de aplicaciones de [&hellip;]<\/p>\n","protected":false},"author":1,"featured_media":0,"parent":0,"menu_order":0,"comment_status":"closed","ping_status":"closed","template":"","meta":{"_et_pb_use_builder":"on","_et_pb_old_content":"","_et_gb_content_width":"","footnotes":""},"class_list":["post-1349","page","type-page","status-publish","hentry"],"aioseo_notices":[],"_links":{"self":[{"href":"https:\/\/sentec.es\/index.php\/wp-json\/wp\/v2\/pages\/1349"}],"collection":[{"href":"https:\/\/sentec.es\/index.php\/wp-json\/wp\/v2\/pages"}],"about":[{"href":"https:\/\/sentec.es\/index.php\/wp-json\/wp\/v2\/types\/page"}],"author":[{"embeddable":true,"href":"https:\/\/sentec.es\/index.php\/wp-json\/wp\/v2\/users\/1"}],"replies":[{"embeddable":true,"href":"https:\/\/sentec.es\/index.php\/wp-json\/wp\/v2\/comments?post=1349"}],"version-history":[{"count":13,"href":"https:\/\/sentec.es\/index.php\/wp-json\/wp\/v2\/pages\/1349\/revisions"}],"predecessor-version":[{"id":2524,"href":"https:\/\/sentec.es\/index.php\/wp-json\/wp\/v2\/pages\/1349\/revisions\/2524"}],"wp:attachment":[{"href":"https:\/\/sentec.es\/index.php\/wp-json\/wp\/v2\/media?parent=1349"}],"curies":[{"name":"wp","href":"https:\/\/api.w.org\/{rel}","templated":true}]}}