{"id":1402,"date":"2020-03-17T11:17:20","date_gmt":"2020-03-17T09:17:20","guid":{"rendered":"http:\/\/sentec.es\/?page_id=1402"},"modified":"2021-05-07T11:07:42","modified_gmt":"2021-05-07T09:07:42","slug":"barrera-riadas-inundaciones-spillstop-3","status":"publish","type":"page","link":"https:\/\/sentec.es\/index.php\/barrera-riadas-inundaciones-spillstop-3\/","title":{"rendered":"SPILLSTOP"},"content":{"rendered":"<p>[et_pb_section fb_built=\u00bb1&#8243; _builder_version=\u00bb4.3.4&#8243;][et_pb_row _builder_version=\u00bb4.3.4&#8243;][et_pb_column type=\u00bb4_4&#8243; _builder_version=\u00bb4.3.4&#8243;][et_pb_text _builder_version=\u00bb4.3.4&#8243; text_font=\u00bbVerdana||||||||\u00bb text_font_size=\u00bb17px\u00bb custom_padding=\u00bb||0px|||\u00bb]<\/p>\n<h1 style=\"text-align: justify;\">SPILLSTOP<\/h1>\n<h2><strong><br \/> <\/strong>Barrera de contenci\u00f3n terrestre<\/h2>\n<p>&nbsp;<\/p>\n<p style=\"text-align: justify;\"><em>Spillstop<\/em> es una barrera de llenado autom\u00e1tico con una doble funci\u00f3n:<\/p>\n<p style=\"text-align: justify;\"><u>Contenci\u00f3n de vertidos de hidrocarburos y otros l\u00edquidos contaminantes<\/u>: Crea una zona estanca que impide la fuga del vertido. Ejemplos de aplicaciones pueden ser el aislamiento de transformadores refrigerados con aceite, la protecci\u00f3n de dep\u00f3sitos de hidrocarburos, etc.<\/p>\n<p style=\"text-align: justify;\"><u>Contenci\u00f3n de riadas<\/u>: Crea una zona estanca que impide la penetraci\u00f3n del caudal de agua. Protegen almacenes, viviendas, oficinas y comercios\u00a0contra la crecida de r\u00edos e inundaciones.<\/p>\n<p>[\/et_pb_text][\/et_pb_column][\/et_pb_row][et_pb_row column_structure=\u00bb1_3,1_3,1_3&#8243; _builder_version=\u00bb4.3.4&#8243; min_height=\u00bb269px\u00bb custom_padding=\u00bb4px||0px|||\u00bb][et_pb_column type=\u00bb1_3&#8243; _builder_version=\u00bb4.3.4&#8243;][et_pb_image src=\u00bbhttps:\/\/sentec.es\/wp-content\/uploads\/2020\/03\/www.sentec.es-barrera-terrestre-contencion-1.jpg\u00bb _builder_version=\u00bb4.3.4&#8243;][\/et_pb_image][\/et_pb_column][et_pb_column type=\u00bb1_3&#8243; _builder_version=\u00bb4.3.4&#8243;][et_pb_video src=\u00bbhttps:\/\/sentec.es\/wp-content\/uploads\/2020\/03\/Spillstop.mp4&#8243; image_src=\u00bbhttps:\/\/sentec.es\/wp-content\/uploads\/2020\/03\/www.sentec.es-barrera-terrestre-contra-vertidos-1.jpg\u00bb thumbnail_overlay_color=\u00bbrgba(0,0,0,0.6)\u00bb _builder_version=\u00bb4.3.4&#8243; min_height=\u00bb239px\u00bb custom_margin=\u00bb||57px|||\u00bb][\/et_pb_video][\/et_pb_column][et_pb_column type=\u00bb1_3&#8243; _builder_version=\u00bb4.3.4&#8243;][et_pb_image src=\u00bbhttps:\/\/sentec.es\/wp-content\/uploads\/2020\/03\/www.sentec.es-barrera-terrestre-contencion-2.jpg\u00bb _builder_version=\u00bb4.3.4&#8243;][\/et_pb_image][\/et_pb_column][\/et_pb_row][et_pb_row column_structure=\u00bb1_3,1_3,1_3&#8243; _builder_version=\u00bb4.3.4&#8243; custom_padding=\u00bb1px||4px|||\u00bb][et_pb_column type=\u00bb1_3&#8243; _builder_version=\u00bb4.3.4&#8243;][et_pb_image src=\u00bbhttps:\/\/sentec.es\/wp-content\/uploads\/2020\/03\/www.sentec.es-barrera-riadas-6.jpg\u00bb _builder_version=\u00bb4.3.4&#8243;][\/et_pb_image][\/et_pb_column][et_pb_column type=\u00bb1_3&#8243; _builder_version=\u00bb4.3.4&#8243;][et_pb_image src=\u00bbhttps:\/\/sentec.es\/wp-content\/uploads\/2020\/03\/www.sentec.es-barrera-inundaciones-2.jpg\u00bb _builder_version=\u00bb4.3.4&#8243;][\/et_pb_image][\/et_pb_column][et_pb_column type=\u00bb1_3&#8243; _builder_version=\u00bb4.3.4&#8243;][et_pb_image src=\u00bbhttps:\/\/sentec.es\/wp-content\/uploads\/2020\/03\/www.sentec.es-barrera-riadas-7.jpg\u00bb _builder_version=\u00bb4.3.4&#8243;][\/et_pb_image][\/et_pb_column][\/et_pb_row][et_pb_row _builder_version=\u00bb4.3.4&#8243;][et_pb_column type=\u00bb4_4&#8243; _builder_version=\u00bb4.3.4&#8243;][et_pb_text _builder_version=\u00bb4.3.4&#8243; text_font=\u00bbVerdana||||||||\u00bb text_font_size=\u00bb17px\u00bb hover_enabled=\u00bb0&#8243;]<\/p>\n<p style=\"text-align: justify;\">Disponemos de dos tipos de m\u00f3dulo de barrera Spillstop: los que se llenan y asientan\u00a0 autom\u00e1ticamente con el l\u00edquido a contener o a excluir, y los que se llenan previamente con agua o arena. Para garantizar la estabilidad de la barrera se suele utilizar un m\u00f3dulo de llenado previo por cada dos m\u00f3dulos de llenado autom\u00e1tico. Los m\u00f3dulos de barrera Spillstop se suministran en tres alturas: 50, 65 y 90cm.<\/p>\n<p>[\/et_pb_text][\/et_pb_column][\/et_pb_row][et_pb_row column_structure=\u00bb1_4,1_4,1_4,1_4&#8243; _builder_version=\u00bb4.3.4&#8243;][et_pb_column type=\u00bb1_4&#8243; _builder_version=\u00bb4.3.4&#8243;][et_pb_image src=\u00bbhttps:\/\/sentec.es\/wp-content\/uploads\/2020\/03\/Barrera-terrestre-Spillstop-4.jpg\u00bb _builder_version=\u00bb4.3.4&#8243; custom_margin=\u00bb||2px|||\u00bb][\/et_pb_image][et_pb_text _builder_version=\u00bb4.3.4&#8243;]<\/p>\n<p style=\"text-align: center;\"><strong>M\u00d3DULO 0.5 m<\/strong><\/p>\n<p>[\/et_pb_text][\/et_pb_column][et_pb_column type=\u00bb1_4&#8243; _builder_version=\u00bb4.3.4&#8243;][et_pb_image src=\u00bbhttps:\/\/sentec.es\/wp-content\/uploads\/2020\/03\/Barrera-terrestre-Spillstop-1.jpg\u00bb _builder_version=\u00bb4.3.4&#8243; custom_margin=\u00bb||2px|||\u00bb][\/et_pb_image][et_pb_text _builder_version=\u00bb4.3.4&#8243;]<\/p>\n<p style=\"text-align: center;\"><strong>ESQUINA 0,5 m<\/strong><\/p>\n<p>[\/et_pb_text][\/et_pb_column][et_pb_column type=\u00bb1_4&#8243; _builder_version=\u00bb4.3.4&#8243;][et_pb_image src=\u00bbhttps:\/\/sentec.es\/wp-content\/uploads\/2020\/03\/Barrera-terrestre-Spillstop-2.jpg\u00bb _builder_version=\u00bb4.3.4&#8243; custom_margin=\u00bb||2px|||\u00bb][\/et_pb_image][et_pb_text _builder_version=\u00bb4.3.4&#8243;]<\/p>\n<p style=\"text-align: center;\"><strong>M\u00d3DULO 0,9 m<\/strong><\/p>\n<p>[\/et_pb_text][\/et_pb_column][et_pb_column type=\u00bb1_4&#8243; _builder_version=\u00bb4.3.4&#8243;][et_pb_image src=\u00bbhttps:\/\/sentec.es\/wp-content\/uploads\/2020\/03\/Barrera-terrestre-Spillstop-3.jpg\u00bb _builder_version=\u00bb4.3.4&#8243; custom_margin=\u00bb||2px|||\u00bb][\/et_pb_image][et_pb_text _builder_version=\u00bb4.3.4&#8243;]<\/p>\n<p style=\"text-align: center;\"><strong>ESQUINA 0,9 m<\/strong><\/p>\n<p>[\/et_pb_text][\/et_pb_column][\/et_pb_row][et_pb_row _builder_version=\u00bb4.3.4&#8243; min_height=\u00bb428px\u00bb][et_pb_column type=\u00bb4_4&#8243; _builder_version=\u00bb4.3.4&#8243;][et_pb_text _builder_version=\u00bb4.3.4&#8243; text_font_size=\u00bb16px\u00bb custom_margin=\u00bb34px|||||\u00bb]<\/p>\n<table width=\"100%\">\n<tbody>\n<tr>\n<td style=\"width: 32%;\"><span style=\"text-decoration: underline;\"><strong>DATOS T\u00c9CNICOS<\/strong><\/span><\/td>\n<td style=\"width: 43.1723%;\"><span style=\"text-decoration: underline;\"><strong>M\u00d3DULO 0,5 m<\/strong><\/span><\/td>\n<td style=\"width: 18.8277%;\"><span style=\"text-decoration: underline;\"><strong>ESQUINA 0,5 m <\/strong><\/span><\/td>\n<\/tr>\n<tr>\n<td style=\"width: 32%;\"><strong>Dimensiones<\/strong><\/td>\n<td style=\"width: 43.1723%;\">100 x 50 x 50 cm<\/td>\n<td style=\"width: 18.8277%;\">36 x 59 x 50 cm<\/td>\n<\/tr>\n<tr>\n<td style=\"width: 32%;\"><strong>Altura total <\/strong><\/td>\n<td style=\"width: 43.1723%;\">0,5 m<\/td>\n<td style=\"width: 18.8277%;\">0,5 m<\/td>\n<\/tr>\n<tr>\n<td style=\"width: 32%;\"><strong>Color<\/strong><\/td>\n<td style=\"width: 43.1723%; text-align: left;\">Rojo o blanco<\/td>\n<td style=\"width: 18.8277%;\">blanco<\/td>\n<\/tr>\n<tr>\n<td style=\"width: 32%;\"><strong>Composici\u00f3n barrera<\/strong><\/td>\n<td colspan=\"2\" style=\"width: 62%; text-align: center;\">Polietileno media densidad<\/td>\n<\/tr>\n<tr>\n<td style=\"width: 32%;\"><strong>Junta de espuma<\/strong><\/td>\n<td colspan=\"2\" style=\"width: 62%; text-align: center;\">EDPM \u00f3 PVC\/Nitrilo<\/td>\n<\/tr>\n<tr>\n<td style=\"width: 32%;\"><strong>Unidades\/paquete<\/strong><\/td>\n<td style=\"width: 43.1723%;\">1<\/td>\n<td style=\"width: 18.8277%;\">1<\/td>\n<\/tr>\n<tr>\n<td style=\"width: 32%;\"><strong>Peso<\/strong><\/td>\n<td style=\"width: 43.1723%;\">10 kg<\/td>\n<td style=\"width: 18.8277%;\">5 kg<\/td>\n<\/tr>\n<tr>\n<td style=\"width: 32%;\"><strong>LLave incluida<\/strong><\/td>\n<td style=\"width: 43.1723%;\">si<\/td>\n<td style=\"width: 18.8277%;\">no<\/td>\n<\/tr>\n<tr>\n<td style=\"width: 32%;\"><strong>Llave universal<\/strong><\/td>\n<td colspan=\"2\" style=\"width: 62%; text-align: center;\">PVC y acero &#8211; 18 kg<\/td>\n<\/tr>\n<\/tbody>\n<\/table>\n<p>[\/et_pb_text][\/et_pb_column][\/et_pb_row][et_pb_row _builder_version=\u00bb4.3.4&#8243;][et_pb_column type=\u00bb4_4&#8243; _builder_version=\u00bb4.3.4&#8243;][et_pb_text _builder_version=\u00bb4.3.4&#8243; text_font_size=\u00bb16px\u00bb hover_enabled=\u00bb0&#8243;]<\/p>\n<p>&nbsp;<\/p>\n<table width=\"100%\">\n<tbody>\n<tr>\n<td style=\"width: 33%;\"><span style=\"text-decoration: underline;\"><strong>DATOS T\u00c9CNICOS<\/strong><\/span><\/td>\n<td style=\"width: 44.6265%;\"><span style=\"text-decoration: underline;\"><strong>M\u00d3DULO 0,65 m<\/strong><\/span><\/td>\n<td style=\"width: 19.3735%;\"><span style=\"text-decoration: underline;\"><strong>ESQUINA\u00a0<\/strong><\/span><\/td>\n<\/tr>\n<tr>\n<td style=\"width: 33%;\"><strong>Dimensiones<\/strong><\/td>\n<td style=\"width: 44.6265%;\">120 x 65 x 65 cm<\/td>\n<td style=\"width: 19.3735%;\">40 x 74 x 90 cm<\/td>\n<\/tr>\n<tr>\n<td style=\"width: 33%;\"><strong>Altura total <\/strong><\/td>\n<td style=\"width: 44.6265%;\">0,65 m<\/td>\n<td style=\"width: 19.3735%;\">0,9 m<\/td>\n<\/tr>\n<tr>\n<td style=\"width: 33%;\"><strong>Color<\/strong><\/td>\n<td style=\"width: 44.6265%;\">Rojo o blanco<\/td>\n<td style=\"width: 19.3735%;\">blanco<\/td>\n<\/tr>\n<tr>\n<td style=\"width: 33%;\"><strong>Composici\u00f3n barrera<\/strong><\/td>\n<td colspan=\"2\" style=\"text-align: center; width: 64%;\">Polietileno media densidad<\/td>\n<\/tr>\n<tr>\n<td style=\"width: 33%;\"><strong>Junta de espuma<\/strong><\/td>\n<td colspan=\"2\" style=\"text-align: center; width: 64%;\">EDPM \u00f3 PVC\/Nitrilo<\/td>\n<\/tr>\n<tr>\n<td style=\"width: 33%;\"><strong>Unidades\/paquete<\/strong><\/td>\n<td style=\"width: 44.6265%;\">1<\/td>\n<td style=\"width: 19.3735%;\">1<\/td>\n<\/tr>\n<tr>\n<td style=\"width: 33%;\"><strong>Peso<\/strong><\/td>\n<td style=\"width: 44.6265%;\">18 kg<\/td>\n<td style=\"width: 19.3735%;\">16 kg<\/td>\n<\/tr>\n<tr>\n<td style=\"width: 33%;\"><strong>LLave incorporada<\/strong><\/td>\n<td style=\"width: 44.6265%;\">si<\/td>\n<td style=\"width: 19.3735%;\">no<\/td>\n<\/tr>\n<tr>\n<td style=\"width: 33%;\"><strong>Llave universal<\/strong><\/td>\n<td colspan=\"2\" style=\"text-align: center; width: 64%;\">PVC y acero &#8211; 15 kg<\/td>\n<\/tr>\n<\/tbody>\n<\/table>\n<p>[\/et_pb_text][\/et_pb_column][\/et_pb_row][et_pb_row _builder_version=\u00bb4.3.4&#8243;][et_pb_column type=\u00bb4_4&#8243; _builder_version=\u00bb4.3.4&#8243;][et_pb_text _builder_version=\u00bb4.3.4&#8243; text_font_size=\u00bb16px\u00bb]<\/p>\n<p>&nbsp;<\/p>\n<table width=\"100%\">\n<tbody>\n<tr>\n<td style=\"width: 33%;\"><span style=\"text-decoration: underline;\"><strong>DATOS T\u00c9CNICOS<\/strong><\/span><\/td>\n<td style=\"width: 44.6265%;\"><span style=\"text-decoration: underline;\"><strong>M\u00d3DULO 0,9 m<\/strong><\/span><\/td>\n<td style=\"width: 19.3735%;\"><span style=\"text-decoration: underline;\"><strong>ESQUINA 0,9 m <\/strong><\/span><\/td>\n<\/tr>\n<tr>\n<td style=\"width: 33%;\"><strong>Dimensiones<\/strong><\/td>\n<td style=\"width: 44.6265%;\">100 x 75 x 90 cm<\/td>\n<td style=\"width: 19.3735%;\">40 x 74 x 90 cm<\/td>\n<\/tr>\n<tr>\n<td style=\"width: 33%;\"><strong>Altura total <\/strong><\/td>\n<td style=\"width: 44.6265%;\">0,9 m<\/td>\n<td style=\"width: 19.3735%;\">0,9 m<\/td>\n<\/tr>\n<tr>\n<td style=\"width: 33%;\"><strong>Color<\/strong><\/td>\n<td style=\"width: 44.6265%;\">Rojo o blanco<\/td>\n<td style=\"width: 19.3735%;\">blanco<\/td>\n<\/tr>\n<tr>\n<td style=\"width: 33%;\"><strong>Composici\u00f3n barrera<\/strong><\/td>\n<td colspan=\"2\" style=\"text-align: center; width: 64%;\">Polietileno media densidad<\/td>\n<\/tr>\n<tr>\n<td style=\"width: 33%;\"><strong>Junta de espuma<\/strong><\/td>\n<td colspan=\"2\" style=\"text-align: center; width: 64%;\">EDPM \u00f3 PVC\/Nitrilo<\/td>\n<\/tr>\n<tr>\n<td style=\"width: 33%;\"><strong>Unidades\/paquete<\/strong><\/td>\n<td style=\"width: 44.6265%;\">1<\/td>\n<td style=\"width: 19.3735%;\">1<\/td>\n<\/tr>\n<tr>\n<td style=\"width: 33%;\"><strong>Peso<\/strong><\/td>\n<td style=\"width: 44.6265%;\">26 kg<\/td>\n<td style=\"width: 19.3735%;\">16 kg<\/td>\n<\/tr>\n<tr>\n<td style=\"width: 33%;\"><strong>LLave incluida<\/strong><\/td>\n<td style=\"width: 44.6265%;\">si<\/td>\n<td style=\"width: 19.3735%;\">no<\/td>\n<\/tr>\n<tr>\n<td style=\"width: 33%;\"><strong>Llave universal<\/strong><\/td>\n<td colspan=\"2\" style=\"text-align: center; width: 64%;\">Hormig\u00f3n, Polietileno y acero &#8211; 35 kg<\/td>\n<\/tr>\n<\/tbody>\n<\/table>\n<p>[\/et_pb_text][\/et_pb_column][\/et_pb_row][et_pb_row column_structure=\u00bb1_3,1_3,1_3&#8243; _builder_version=\u00bb4.3.4&#8243; custom_padding=\u00bb4px||4px|||\u00bb][et_pb_column type=\u00bb1_3&#8243; _builder_version=\u00bb4.3.4&#8243;][et_pb_image src=\u00bbhttps:\/\/sentec.es\/wp-content\/uploads\/2020\/03\/www.sentec.es-barrera-inundaciones-4-1.jpg\u00bb _builder_version=\u00bb4.3.4&#8243;][\/et_pb_image][\/et_pb_column][et_pb_column type=\u00bb1_3&#8243; _builder_version=\u00bb4.3.4&#8243;][et_pb_image src=\u00bbhttps:\/\/sentec.es\/wp-content\/uploads\/2020\/03\/Spillstop.jpg\u00bb _builder_version=\u00bb4.3.4&#8243;][\/et_pb_image][\/et_pb_column][et_pb_column type=\u00bb1_3&#8243; _builder_version=\u00bb4.3.4&#8243;][et_pb_image src=\u00bbhttps:\/\/sentec.es\/wp-content\/uploads\/2020\/03\/www.sentec.es-barrera-inundaciones-3.jpg\u00bb _builder_version=\u00bb4.3.4&#8243;][\/et_pb_image][\/et_pb_column][\/et_pb_row][et_pb_row column_structure=\u00bb1_3,1_3,1_3&#8243; _builder_version=\u00bb4.3.4&#8243; custom_margin=\u00bb|auto|-16px|auto||\u00bb][et_pb_column type=\u00bb1_3&#8243; _builder_version=\u00bb4.3.4&#8243;][et_pb_image src=\u00bbhttps:\/\/sentec.es\/wp-content\/uploads\/2020\/03\/www.sentec.es-barrera-riadas-8.jpg\u00bb _builder_version=\u00bb4.3.4&#8243;][\/et_pb_image][\/et_pb_column][et_pb_column type=\u00bb1_3&#8243; _builder_version=\u00bb4.3.4&#8243;][et_pb_image src=\u00bbhttps:\/\/sentec.es\/wp-content\/uploads\/2020\/03\/www.sentec.es-barrera-terrestre-contra-vertidos-3-1.jpg\u00bb _builder_version=\u00bb4.3.4&#8243;][\/et_pb_image][\/et_pb_column][et_pb_column type=\u00bb1_3&#8243; _builder_version=\u00bb4.3.4&#8243;][et_pb_image src=\u00bbhttps:\/\/sentec.es\/wp-content\/uploads\/2020\/03\/www.sentec.es-barrera-riadas-9.jpg\u00bb _builder_version=\u00bb4.3.4&#8243;][\/et_pb_image][\/et_pb_column][\/et_pb_row][et_pb_row column_structure=\u00bb1_3,1_3,1_3&#8243; _builder_version=\u00bb4.3.4&#8243; custom_margin=\u00bb-6px|auto||auto||\u00bb][et_pb_column type=\u00bb1_3&#8243; _builder_version=\u00bb4.3.4&#8243;][et_pb_image src=\u00bbhttps:\/\/sentec.es\/wp-content\/uploads\/2020\/03\/www.sentec.es-barrera-terrestre-contencion-3.jpg\u00bb _builder_version=\u00bb4.3.4&#8243;][\/et_pb_image][\/et_pb_column][et_pb_column type=\u00bb1_3&#8243; _builder_version=\u00bb4.3.4&#8243;][et_pb_image src=\u00bbhttps:\/\/sentec.es\/wp-content\/uploads\/2021\/05\/spillstop-60.jpg\u00bb _builder_version=\u00bb4.3.4&#8243;][\/et_pb_image][\/et_pb_column][et_pb_column type=\u00bb1_3&#8243; _builder_version=\u00bb4.3.4&#8243;][et_pb_image src=\u00bbhttps:\/\/sentec.es\/wp-content\/uploads\/2020\/03\/www.sentec.es-barrera-terrestre-contra-vertidos-2.jpg\u00bb _builder_version=\u00bb4.3.4&#8243;][\/et_pb_image][\/et_pb_column][\/et_pb_row][\/et_pb_section]<\/p>\n","protected":false},"excerpt":{"rendered":"<p>SPILLSTOP Barrera de contenci\u00f3n terrestre &nbsp; Spillstop es una barrera de llenado autom\u00e1tico con una doble funci\u00f3n: Contenci\u00f3n de vertidos de hidrocarburos y otros l\u00edquidos contaminantes: Crea una zona estanca que impide la fuga del vertido. Ejemplos de aplicaciones pueden ser el aislamiento de transformadores refrigerados con aceite, la protecci\u00f3n de dep\u00f3sitos de hidrocarburos, etc. [&hellip;]<\/p>\n","protected":false},"author":1,"featured_media":0,"parent":0,"menu_order":0,"comment_status":"closed","ping_status":"closed","template":"","meta":{"_et_pb_use_builder":"on","_et_pb_old_content":"","_et_gb_content_width":"","footnotes":""},"class_list":["post-1402","page","type-page","status-publish","hentry"],"aioseo_notices":[],"_links":{"self":[{"href":"https:\/\/sentec.es\/index.php\/wp-json\/wp\/v2\/pages\/1402"}],"collection":[{"href":"https:\/\/sentec.es\/index.php\/wp-json\/wp\/v2\/pages"}],"about":[{"href":"https:\/\/sentec.es\/index.php\/wp-json\/wp\/v2\/types\/page"}],"author":[{"embeddable":true,"href":"https:\/\/sentec.es\/index.php\/wp-json\/wp\/v2\/users\/1"}],"replies":[{"embeddable":true,"href":"https:\/\/sentec.es\/index.php\/wp-json\/wp\/v2\/comments?post=1402"}],"version-history":[{"count":10,"href":"https:\/\/sentec.es\/index.php\/wp-json\/wp\/v2\/pages\/1402\/revisions"}],"predecessor-version":[{"id":2692,"href":"https:\/\/sentec.es\/index.php\/wp-json\/wp\/v2\/pages\/1402\/revisions\/2692"}],"wp:attachment":[{"href":"https:\/\/sentec.es\/index.php\/wp-json\/wp\/v2\/media?parent=1402"}],"curies":[{"name":"wp","href":"https:\/\/api.w.org\/{rel}","templated":true}]}}