{"id":1456,"date":"2020-03-18T10:59:40","date_gmt":"2020-03-18T08:59:40","guid":{"rendered":"http:\/\/sentec.es\/?page_id=1456"},"modified":"2023-03-28T13:10:53","modified_gmt":"2023-03-28T11:10:53","slug":"cubetos-de-retencion-fast-bund","status":"publish","type":"page","link":"https:\/\/sentec.es\/index.php\/cubetos-de-retencion-fast-bund\/","title":{"rendered":"FAST BUND"},"content":{"rendered":"<p>[et_pb_section fb_built=\u00bb1&#8243; _builder_version=\u00bb4.3.4&#8243; global_colors_info=\u00bb{}\u00bb][et_pb_row _builder_version=\u00bb4.3.4&#8243; global_colors_info=\u00bb{}\u00bb][et_pb_column type=\u00bb4_4&#8243; _builder_version=\u00bb4.3.4&#8243; global_colors_info=\u00bb{}\u00bb][et_pb_text _builder_version=\u00bb4.3.4&#8243; text_font=\u00bbVerdana||||||||\u00bb text_font_size=\u00bb17px\u00bb custom_padding=\u00bb||0px|||\u00bb global_colors_info=\u00bb{}\u00bb]<\/p>\n<h1 style=\"text-align: justify;\">FAST BUND<\/h1>\n<h2><strong><br \/><\/strong>Cubetos de retenci\u00f3n plegables y port\u00e1tiles<\/h2>\n<p>&nbsp;<\/p>\n<p style=\"text-align: justify;\">Los <em>FAST BUND<\/em> son cubetos plegables y port\u00e1tiles concebidos para la contenci\u00f3n de productos peligrosos y contaminantes que pueden ser vertidos durante el manejo de dep\u00f3sitos\u00a0 de carburante y productos qu\u00edmicos o durante el lavado y mantenimiento de veh\u00edculos y equipos industriales. Los cubetos FAST BUND est\u00e1n disponibles en ocho tama\u00f1os st\u00e1ndard aunque tambi\u00e9n se pueden fabricar a medida seg\u00fan las necesidades del cliente.<\/p>\n<p>[\/et_pb_text][\/et_pb_column][\/et_pb_row][et_pb_row column_structure=\u00bb1_3,1_3,1_3&#8243; _builder_version=\u00bb4.3.4&#8243; custom_padding=\u00bb4px||4px|||\u00bb global_colors_info=\u00bb{}\u00bb][et_pb_column type=\u00bb1_3&#8243; _builder_version=\u00bb4.3.4&#8243; global_colors_info=\u00bb{}\u00bb][et_pb_image src=\u00bbhttps:\/\/sentec.es\/wp-content\/uploads\/2020\/03\/cubeto-retencion-Fastank-Bund-1.jpg\u00bb _builder_version=\u00bb4.3.4&#8243; global_colors_info=\u00bb{}\u00bb][\/et_pb_image][et_pb_text _builder_version=\u00bb4.3.4&#8243; text_font=\u00bbVerdana||||||||\u00bb text_font_size=\u00bb17px\u00bb global_colors_info=\u00bb{}\u00bb]<\/p>\n<p><span style=\"text-decoration: underline;\"><strong>Ventajas <\/strong><\/span><\/p>\n<ul>\n<li>Montaje r\u00e1pido y sin herramientas<\/li>\n<li>Ligeros y f\u00e1ciles de transportar<\/li>\n<li>Pared abatible para paso veh\u00edculos<\/li>\n<li>Almacenamiento compacto<\/li>\n<li>Robustos y duraderos<\/li>\n<li>Resistentes a la corrosi\u00f3n<\/li>\n<li>Facilidad de limpieza<\/li>\n<li>Se adaptan al terreno y al clima<\/li>\n<\/ul>\n<p>[\/et_pb_text][\/et_pb_column][et_pb_column type=\u00bb1_3&#8243; _builder_version=\u00bb4.3.4&#8243; global_colors_info=\u00bb{}\u00bb][et_pb_image src=\u00bbhttps:\/\/sentec.es\/wp-content\/uploads\/2020\/03\/cubeto-retencion-Fastank-Bund-8.jpg\u00bb _builder_version=\u00bb4.3.4&#8243; global_colors_info=\u00bb{}\u00bb][\/et_pb_image][et_pb_image src=\u00bbhttps:\/\/sentec.es\/wp-content\/uploads\/2020\/03\/cubeto-retencion-Fastank-Bund-13.jpg\u00bb _builder_version=\u00bb4.3.4&#8243; global_colors_info=\u00bb{}\u00bb][\/et_pb_image][\/et_pb_column][et_pb_column type=\u00bb1_3&#8243; _builder_version=\u00bb4.3.4&#8243; global_colors_info=\u00bb{}\u00bb][et_pb_image src=\u00bbhttps:\/\/sentec.es\/wp-content\/uploads\/2020\/03\/cubeto-retencion-Fastank-Bund-6.jpg\u00bb _builder_version=\u00bb4.3.4&#8243; global_colors_info=\u00bb{}\u00bb][\/et_pb_image][et_pb_text _builder_version=\u00bb4.3.4&#8243; text_font=\u00bbVerdana||||||||\u00bb text_font_size=\u00bb17px\u00bb global_colors_info=\u00bb{}\u00bb]<\/p>\n<p><strong>\u00a0<span style=\"text-decoration: underline;\">Caracter\u00edsticas <\/span><\/strong><\/p>\n<ul>\n<li>Contenci\u00f3n de dep\u00f3sitos y barriles<\/li>\n<li>Descontaminaci\u00f3n de personas<\/li>\n<li>Lavado de equipos y maquinaria<\/li>\n<li>Almacenaje de contaminantes<\/li>\n<li>Reparaci\u00f3n de maquinaria<\/li>\n<li>Bolsa de transporte incluida<\/li>\n<li>Cubierta de polietileno desechable<\/li>\n<li>V\u00e1lvula anti desbordamiento<\/li>\n<\/ul>\n<p>[\/et_pb_text][\/et_pb_column][\/et_pb_row][et_pb_row column_structure=\u00bb1_3,1_3,1_3&#8243; _builder_version=\u00bb4.3.4&#8243; custom_padding=\u00bb4px||4px|||\u00bb global_colors_info=\u00bb{}\u00bb][et_pb_column type=\u00bb1_3&#8243; _builder_version=\u00bb4.3.4&#8243; global_colors_info=\u00bb{}\u00bb][et_pb_image src=\u00bbhttps:\/\/sentec.es\/wp-content\/uploads\/2020\/03\/cubeto-retencion-Fastank-Bund-7.jpg\u00bb _builder_version=\u00bb4.3.4&#8243; global_colors_info=\u00bb{}\u00bb][\/et_pb_image][\/et_pb_column][et_pb_column type=\u00bb1_3&#8243; _builder_version=\u00bb4.3.4&#8243; global_colors_info=\u00bb{}\u00bb][et_pb_image src=\u00bbhttps:\/\/sentec.es\/wp-content\/uploads\/2020\/03\/cubeto-retencion-Fastank-Bund-2.jpg\u00bb _builder_version=\u00bb4.3.4&#8243; global_colors_info=\u00bb{}\u00bb][\/et_pb_image][\/et_pb_column][et_pb_column type=\u00bb1_3&#8243; _builder_version=\u00bb4.3.4&#8243; global_colors_info=\u00bb{}\u00bb][et_pb_image src=\u00bbhttps:\/\/sentec.es\/wp-content\/uploads\/2020\/03\/cubeto-retencion-Fastank-Bund-3.jpg\u00bb _builder_version=\u00bb4.3.4&#8243; global_colors_info=\u00bb{}\u00bb][\/et_pb_image][\/et_pb_column][\/et_pb_row][et_pb_row _builder_version=\u00bb4.3.4&#8243; global_colors_info=\u00bb{}\u00bb][et_pb_column type=\u00bb4_4&#8243; _builder_version=\u00bb4.3.4&#8243; global_colors_info=\u00bb{}\u00bb][et_pb_text _builder_version=\u00bb4.10.6&#8243; text_font=\u00bbVerdana||||||||\u00bb text_font_size=\u00bb17px\u00bb custom_padding=\u00bb||0px|||\u00bb global_colors_info=\u00bb{}\u00bb]<\/p>\n<p><strong><\/strong><\/p>\n<p><span style=\"text-decoration: underline;\"><strong>ESPECIFICACIONES T\u00c9CNICAS<\/strong><\/span><\/p>\n<p>&nbsp;<\/p>\n<table style=\"width: 1160px;\">\n<tbody>\n<tr>\n<td style=\"width: 235px; text-align: center;\">\n<p><span style=\"text-decoration: underline;\"><strong>Capacidad<\/strong><\/span><\/p>\n<p><span style=\"text-decoration: underline;\"><strong>litros<\/strong><\/span><\/p>\n<p><strong><\/strong><\/p>\n<\/td>\n<td style=\"width: 292px; text-align: center;\">\n<p><span style=\"text-decoration: underline;\"><strong>Dimensiones<\/strong><\/span><\/p>\n<p><span style=\"text-decoration: underline;\"><strong> montado<\/strong><\/span><\/p>\n<p><strong><\/strong><\/p>\n<\/td>\n<td style=\"width: 310px; text-align: center;\">\n<p><span style=\"text-decoration: underline;\"><strong>Dimensiones<\/strong><\/span><\/p>\n<p><span style=\"text-decoration: underline;\"><strong> embalado<\/strong><\/span><\/p>\n<p><strong><\/strong><\/p>\n<\/td>\n<td style=\"width: 327px; text-align: center;\">\n<p><span style=\"text-decoration: underline;\"><strong>Peso total<\/strong><\/span><\/p>\n<p><strong>\u00a0<span style=\"text-decoration: underline;\">embalado<\/span><\/strong><\/p>\n<p><strong><\/strong><\/p>\n<\/td>\n<\/tr>\n<tr>\n<td style=\"width: 235px; text-align: center;\"><strong>250<\/strong><\/td>\n<td style=\"width: 292px; text-align: center;\">1 x 1 x 0,25 m<\/td>\n<td style=\"width: 310px; text-align: center;\">0,6 x 0,1 x 0,3 m<\/td>\n<td style=\"width: 327px; text-align: center;\">5,2 kg<\/td>\n<\/tr>\n<tr>\n<td style=\"width: 235px; text-align: center;\"><strong>500<\/strong><\/td>\n<td style=\"width: 292px; text-align: center;\">\u00a01 x 2 x 0,25 m<\/td>\n<td style=\"width: 310px; text-align: center;\">0,6 x 0,1 x 0,3 m<\/td>\n<td style=\"width: 327px; text-align: center;\">7,5 kg<\/td>\n<\/tr>\n<tr>\n<td style=\"width: 235px; text-align: center;\"><strong>562<\/strong><\/td>\n<td style=\"width: 292px; text-align: center;\">1,5 x 1,5 x 0,25 m<\/td>\n<td style=\"width: 310px; text-align: center;\">0,6 x 0,1 x 0,3 m<\/td>\n<td style=\"width: 327px; text-align: center;\">8,0 kg<\/td>\n<\/tr>\n<tr>\n<td style=\"width: 235px; text-align: center;\"><strong>1.250<\/strong><\/td>\n<td style=\"width: 292px; text-align: center;\">2 x 2,5 x 0,25 m<\/td>\n<td style=\"width: 310px; text-align: center;\">0,6 x 0,15 x 0,35 m<\/td>\n<td style=\"width: 327px; text-align: center;\">12 kg<\/td>\n<\/tr>\n<tr>\n<td style=\"width: 235px; text-align: center;\"><strong>1.875<\/strong><\/td>\n<td style=\"width: 292px; text-align: center;\">2,5 x 3,0 x 0,25 m<\/td>\n<td style=\"width: 310px; text-align: center;\">0,6 x 0,15 x 0,35 m<\/td>\n<td style=\"width: 327px; text-align: center;\">17 kg<\/td>\n<\/tr>\n<tr>\n<td style=\"width: 235px; text-align: center;\"><strong>2.187<\/strong><\/td>\n<td style=\"width: 292px; text-align: center;\">2,5 x 3,5 x 0,25 m<\/td>\n<td style=\"width: 310px; text-align: center;\">0,6 x 0,15 x 0,35 m<\/td>\n<td style=\"width: 327px; text-align: center;\">18 kg<\/td>\n<\/tr>\n<tr>\n<td style=\"width: 235px; text-align: center;\"><strong>3.750<\/strong><\/td>\n<td style=\"width: 292px; text-align: center;\">2,5 x 6 x 0,25 m<\/td>\n<td style=\"width: 310px; text-align: center;\">0,8 x 0,36 x 0,22 m<\/td>\n<td style=\"width: 327px; text-align: center;\">25 kg<\/td>\n<\/tr>\n<tr>\n<td style=\"width: 235px; text-align: center;\"><strong>3.950<\/strong><\/td>\n<td style=\"width: 292px; text-align: center;\">3,5 x 4,5 x 0,25 m<\/td>\n<td style=\"width: 310px; text-align: center;\">0,8 x 0,36 x 0,22 m<\/td>\n<td style=\"width: 327px; text-align: center;\">28 kg<\/td>\n<\/tr>\n<\/tbody>\n<\/table>\n<p>[\/et_pb_text][\/et_pb_column][\/et_pb_row][et_pb_row _builder_version=\u00bb4.3.4&#8243; min_height=\u00bb31px\u00bb custom_margin=\u00bb-44px|auto||auto||\u00bb global_colors_info=\u00bb{}\u00bb][et_pb_column type=\u00bb4_4&#8243; _builder_version=\u00bb4.3.4&#8243; global_colors_info=\u00bb{}\u00bb][et_pb_text _builder_version=\u00bb4.3.4&#8243; text_font=\u00bbVerdana||||||||\u00bb text_font_size=\u00bb17px\u00bb global_colors_info=\u00bb{}\u00bb]<\/p>\n<p>\u00a0 \u00a0 \u00a0 \u00a0 \u00a0 \u00a0 \u00a0 \u00a0Los cubetos FAST BUND tambi\u00e9n se pueden fabricar a medida.<\/p>\n<p>[\/et_pb_text][\/et_pb_column][\/et_pb_row][et_pb_row column_structure=\u00bb1_3,1_3,1_3&#8243; _builder_version=\u00bb4.3.4&#8243; custom_padding=\u00bb4px||4px|||\u00bb global_colors_info=\u00bb{}\u00bb][et_pb_column type=\u00bb1_3&#8243; _builder_version=\u00bb4.3.4&#8243; global_colors_info=\u00bb{}\u00bb][et_pb_image src=\u00bbhttps:\/\/sentec.es\/wp-content\/uploads\/2020\/03\/cubeto-retencion-Fastank-Bund-5.jpg\u00bb _builder_version=\u00bb4.3.4&#8243; global_colors_info=\u00bb{}\u00bb][\/et_pb_image][\/et_pb_column][et_pb_column type=\u00bb1_3&#8243; _builder_version=\u00bb4.3.4&#8243; global_colors_info=\u00bb{}\u00bb][et_pb_image src=\u00bbhttps:\/\/sentec.es\/wp-content\/uploads\/2020\/03\/cubeto-retencion-Fastank-Bund-9.jpg\u00bb _builder_version=\u00bb4.3.4&#8243; global_colors_info=\u00bb{}\u00bb][\/et_pb_image][\/et_pb_column][et_pb_column type=\u00bb1_3&#8243; _builder_version=\u00bb4.3.4&#8243; global_colors_info=\u00bb{}\u00bb][et_pb_image src=\u00bbhttps:\/\/sentec.es\/wp-content\/uploads\/2020\/03\/cubeto-retencion-Fastank-Bund-10.jpg\u00bb _builder_version=\u00bb4.3.4&#8243; global_colors_info=\u00bb{}\u00bb][\/et_pb_image][\/et_pb_column][\/et_pb_row][et_pb_row _builder_version=\u00bb4.3.4&#8243; global_colors_info=\u00bb{}\u00bb][et_pb_column type=\u00bb4_4&#8243; _builder_version=\u00bb4.3.4&#8243; global_colors_info=\u00bb{}\u00bb][et_pb_text _builder_version=\u00bb4.3.4&#8243; text_font=\u00bbVerdana||||||||\u00bb text_font_size=\u00bb17px\u00bb min_height=\u00bb261px\u00bb custom_padding=\u00bb||0px|||\u00bb global_colors_info=\u00bb{}\u00bb]<\/p>\n<p><span style=\"text-decoration: underline;\"><strong>ACCESORIOS<\/strong><\/span><\/p>\n<p><u>Forro interior de polietileno desechable<\/u><br \/> Evita tener que limpiar el cubeto tras el almacenamiento de contaminantes.<\/p>\n<p><u>Alfombra antidesgaste <\/u><br \/> Para una protecci\u00f3n adicional de la base del cubeto en suelos irregulares.<\/p>\n<p><u>Estera de protecci\u00f3n interior\u00a0<\/u><br \/> Fabricada en caucho neopreno, proteje el interior del cubeto de objetos punzantes.<\/p>\n<p><u>V\u00e1lvula de drenaje <\/u><br \/> Permite evacuar el l\u00edquido contenido por el cubeto.<\/p>\n<p>[\/et_pb_text][\/et_pb_column][\/et_pb_row][et_pb_row column_structure=\u00bb1_3,1_3,1_3&#8243; _builder_version=\u00bb4.3.4&#8243; custom_padding=\u00bb4px||4px|||\u00bb global_colors_info=\u00bb{}\u00bb][et_pb_column type=\u00bb1_3&#8243; _builder_version=\u00bb4.3.4&#8243; global_colors_info=\u00bb{}\u00bb][et_pb_image src=\u00bbhttps:\/\/sentec.es\/wp-content\/uploads\/2020\/03\/cubeto-retencion-Fastank-Bund-4.jpg\u00bb _builder_version=\u00bb4.3.4&#8243; global_colors_info=\u00bb{}\u00bb][\/et_pb_image][\/et_pb_column][et_pb_column type=\u00bb1_3&#8243; _builder_version=\u00bb4.3.4&#8243; global_colors_info=\u00bb{}\u00bb][et_pb_image src=\u00bbhttps:\/\/sentec.es\/wp-content\/uploads\/2020\/03\/cubeto-retencion-Fastank-Bund-11.jpg\u00bb _builder_version=\u00bb4.3.4&#8243; global_colors_info=\u00bb{}\u00bb][\/et_pb_image][\/et_pb_column][et_pb_column type=\u00bb1_3&#8243; _builder_version=\u00bb4.3.4&#8243; global_colors_info=\u00bb{}\u00bb][et_pb_image src=\u00bbhttps:\/\/sentec.es\/wp-content\/uploads\/2020\/03\/cubeto-retencion-Fastank-Bund-12.jpg\u00bb _builder_version=\u00bb4.3.4&#8243; global_colors_info=\u00bb{}\u00bb][\/et_pb_image][\/et_pb_column][\/et_pb_row][\/et_pb_section]<\/p>\n","protected":false},"excerpt":{"rendered":"<p>FAST BUND Cubetos de retenci\u00f3n plegables y port\u00e1tiles &nbsp; Los FAST BUND son cubetos plegables y port\u00e1tiles concebidos para la contenci\u00f3n de productos peligrosos y contaminantes que pueden ser vertidos durante el manejo de dep\u00f3sitos\u00a0 de carburante y productos qu\u00edmicos o durante el lavado y mantenimiento de veh\u00edculos y equipos industriales. Los cubetos FAST BUND [&hellip;]<\/p>\n","protected":false},"author":1,"featured_media":0,"parent":0,"menu_order":0,"comment_status":"closed","ping_status":"closed","template":"","meta":{"_et_pb_use_builder":"on","_et_pb_old_content":"","_et_gb_content_width":"","footnotes":""},"class_list":["post-1456","page","type-page","status-publish","hentry"],"aioseo_notices":[],"_links":{"self":[{"href":"https:\/\/sentec.es\/index.php\/wp-json\/wp\/v2\/pages\/1456"}],"collection":[{"href":"https:\/\/sentec.es\/index.php\/wp-json\/wp\/v2\/pages"}],"about":[{"href":"https:\/\/sentec.es\/index.php\/wp-json\/wp\/v2\/types\/page"}],"author":[{"embeddable":true,"href":"https:\/\/sentec.es\/index.php\/wp-json\/wp\/v2\/users\/1"}],"replies":[{"embeddable":true,"href":"https:\/\/sentec.es\/index.php\/wp-json\/wp\/v2\/comments?post=1456"}],"version-history":[{"count":9,"href":"https:\/\/sentec.es\/index.php\/wp-json\/wp\/v2\/pages\/1456\/revisions"}],"predecessor-version":[{"id":2760,"href":"https:\/\/sentec.es\/index.php\/wp-json\/wp\/v2\/pages\/1456\/revisions\/2760"}],"wp:attachment":[{"href":"https:\/\/sentec.es\/index.php\/wp-json\/wp\/v2\/media?parent=1456"}],"curies":[{"name":"wp","href":"https:\/\/api.w.org\/{rel}","templated":true}]}}