{"id":1481,"date":"2020-03-18T16:58:03","date_gmt":"2020-03-18T14:58:03","guid":{"rendered":"http:\/\/sentec.es\/?page_id=1481"},"modified":"2021-07-23T11:14:05","modified_gmt":"2021-07-23T09:14:05","slug":"absorbentes-chemsorb","status":"publish","type":"page","link":"https:\/\/sentec.es\/index.php\/absorbentes-chemsorb\/","title":{"rendered":"CHEMSORB"},"content":{"rendered":"<p>[et_pb_section fb_built=\u00bb1&#8243; _builder_version=\u00bb4.3.4&#8243;][et_pb_row _builder_version=\u00bb4.3.4&#8243;][et_pb_column type=\u00bb4_4&#8243; _builder_version=\u00bb4.3.4&#8243;][et_pb_text _builder_version=\u00bb4.3.4&#8243; text_font=\u00bbVerdana||||||||\u00bb text_font_size=\u00bb17px\u00bb]<\/p>\n<h1 style=\"text-align: justify;\"><span>CHEMSORB<strong>\u00a0<\/strong><\/span><\/h1>\n<p style=\"text-align: left;\"><strong><br \/> <\/strong><span><strong>Absorbentes de polipropileno para productos qu\u00edmicos<\/strong><\/span><\/p>\n<p style=\"text-align: justify;\">Los absorbentes <strong>CHEM<\/strong><em><strong>SORB <\/strong><\/em>son un medio eficaz y econ\u00f3mico para la contenci\u00f3n y recuperaci\u00f3n de vertidos de productos qu\u00edmicos dada su facilidad de manejo y su elevada absorci\u00f3n. Est\u00e1n constituidos por fibras de polipropileno con un tratamiento hidrof\u00edlico que permite la absorci\u00f3n de \u00e1cidos agresivos, bases, disolventes y muchos otros productos qu\u00edmicos.<\/p>\n<p style=\"text-align: justify;\">Su extraordinaria capacidad de absorci\u00f3n en relaci\u00f3n con su peso reduce considerablemente los costes de gesti\u00f3n del absorbente contaminado.<\/p>\n<p>[\/et_pb_text][\/et_pb_column][\/et_pb_row][et_pb_row column_structure=\u00bb1_4,1_4,1_4,1_4&#8243; _builder_version=\u00bb4.3.4&#8243; custom_padding=\u00bb2px||29px|||\u00bb][et_pb_column type=\u00bb1_4&#8243; _builder_version=\u00bb4.3.4&#8243;][et_pb_image src=\u00bbhttps:\/\/sentec.es\/wp-content\/uploads\/2020\/03\/Pa\u00f1os-Absorbentes-Sentec-3.jpg\u00bb _builder_version=\u00bb4.3.4&#8243; custom_margin=\u00bb||3px|||\u00bb custom_padding=\u00bb||0px|||\u00bb][\/et_pb_image][et_pb_text _builder_version=\u00bb4.3.4&#8243;]<\/p>\n<p style=\"text-align: center;\"><strong>PA\u00d1OS<\/strong><\/p>\n<p>[\/et_pb_text][\/et_pb_column][et_pb_column type=\u00bb1_4&#8243; _builder_version=\u00bb4.3.4&#8243;][et_pb_image src=\u00bbhttps:\/\/sentec.es\/wp-content\/uploads\/2020\/03\/Rollos-Absorbentes-Sentec-2.jpg\u00bb _builder_version=\u00bb4.3.4&#8243; custom_margin=\u00bb||0px|||\u00bb][\/et_pb_image][et_pb_text _builder_version=\u00bb4.3.4&#8243;]<\/p>\n<p style=\"text-align: center;\"><strong>ROLLOS<\/strong><\/p>\n<p>[\/et_pb_text][\/et_pb_column][et_pb_column type=\u00bb1_4&#8243; _builder_version=\u00bb4.3.4&#8243;][et_pb_image src=\u00bbhttps:\/\/sentec.es\/wp-content\/uploads\/2020\/03\/Almohadillas-Absorbentes-Sentec-11.jpg\u00bb _builder_version=\u00bb4.3.4&#8243; custom_margin=\u00bb||0px|||\u00bb][\/et_pb_image][et_pb_text _builder_version=\u00bb4.3.4&#8243;]<\/p>\n<p style=\"text-align: center;\"><b>ALMOHADILLAS<\/b><\/p>\n<p>[\/et_pb_text][\/et_pb_column][et_pb_column type=\u00bb1_4&#8243; _builder_version=\u00bb4.3.4&#8243;][et_pb_image src=\u00bbhttps:\/\/sentec.es\/wp-content\/uploads\/2020\/03\/ABSORBENTES-SENTEC-CHEMSORB-13A.jpg\u00bb _builder_version=\u00bb4.3.4&#8243; custom_margin=\u00bb||0px|||\u00bb][\/et_pb_image][et_pb_text _builder_version=\u00bb4.3.4&#8243;]<\/p>\n<p style=\"text-align: center;\"><strong>BARRERAS Y CORDONES<\/strong><\/p>\n<p>[\/et_pb_text][\/et_pb_column][\/et_pb_row][et_pb_row column_structure=\u00bb1_4,1_4,1_4,1_4&#8243; _builder_version=\u00bb4.3.4&#8243; custom_padding=\u00bb40px||42px|||\u00bb][et_pb_column type=\u00bb1_4&#8243; _builder_version=\u00bb4.3.4&#8243;][et_pb_image src=\u00bbhttps:\/\/sentec.es\/wp-content\/uploads\/2020\/03\/ABSORBENTES-SENTEC-CHEMSORB-1A.jpg\u00bb _builder_version=\u00bb4.3.4&#8243; custom_margin=\u00bb||0px|||\u00bb][\/et_pb_image][\/et_pb_column][et_pb_column type=\u00bb1_4&#8243; _builder_version=\u00bb4.3.4&#8243;][et_pb_image src=\u00bbhttps:\/\/sentec.es\/wp-content\/uploads\/2020\/03\/ABSORBENTES-SENTEC-CHEMSORB-6A.jpg\u00bb _builder_version=\u00bb4.3.4&#8243; custom_margin=\u00bb||1px|||\u00bb][\/et_pb_image][\/et_pb_column][et_pb_column type=\u00bb1_4&#8243; _builder_version=\u00bb4.3.4&#8243;][et_pb_image src=\u00bbhttps:\/\/sentec.es\/wp-content\/uploads\/2020\/03\/ABSORBENTES-SENTEC-CHEMSORB-10A.jpg\u00bb _builder_version=\u00bb4.3.4&#8243; custom_margin=\u00bb||2px|||\u00bb][\/et_pb_image][\/et_pb_column][et_pb_column type=\u00bb1_4&#8243; _builder_version=\u00bb4.3.4&#8243;][et_pb_image src=\u00bbhttps:\/\/sentec.es\/wp-content\/uploads\/2020\/03\/ABSORBENTES-SENTEC-CHEMSORB-12A.jpg\u00bb _builder_version=\u00bb4.3.4&#8243; custom_margin=\u00bb||1px|||\u00bb][\/et_pb_image][\/et_pb_column][\/et_pb_row][et_pb_row _builder_version=\u00bb4.3.4&#8243; custom_margin=\u00bb-48px|auto||auto||\u00bb][et_pb_column type=\u00bb4_4&#8243; _builder_version=\u00bb4.3.4&#8243;][et_pb_text _builder_version=\u00bb4.3.4&#8243;]<\/p>\n<p style=\"text-align: center;\"><strong>KITS DE EMERGENCIA<\/strong><\/p>\n<p>[\/et_pb_text][\/et_pb_column][\/et_pb_row][et_pb_row _builder_version=\u00bb4.3.4&#8243;][et_pb_column type=\u00bb4_4&#8243; _builder_version=\u00bb4.3.4&#8243;][et_pb_text _builder_version=\u00bb4.3.4&#8243; text_font=\u00bbVerdana||||||||\u00bb text_font_size=\u00bb17px\u00bb]<\/p>\n<p><span style=\"text-decoration: underline;\"><strong>Principales ventajas<\/strong><\/span><\/p>\n<ul>\n<li>Absorben hasta 18 veces su propio peso<\/li>\n<li>Su reducido volumen en relaci\u00f3n a su capacidad de absorci\u00f3n reduce los costes de almacenamiento y los de eliminaci\u00f3n<\/li>\n<li>Pueden ser reutilizados una vez exprimidos si el liquido absorbido as\u00ed lo aconseja.<\/li>\n<li>Pueden ser incinerados, dejando menos de un 0,02 % de cenizas<\/li>\n<li>Alta resistencia al desgarro<\/li>\n<li>Al no ser inflamables no requieren medidas especiales contra incendios<\/li>\n<li>Frente a otros tipos de absorbentes, no crean polvo que pueda afectar a la maquinaria<\/li>\n<li>Disponibles en m\u00faltiples formatos para adaptarse a todas las necesidades<\/li>\n<\/ul>\n<p>&nbsp;<\/p>\n<p>[\/et_pb_text][\/et_pb_column][\/et_pb_row][et_pb_row _builder_version=\u00bb4.3.4&#8243; custom_margin=\u00bb-41px|auto||auto||\u00bb][et_pb_column type=\u00bb4_4&#8243; _builder_version=\u00bb4.3.4&#8243;][et_pb_text _builder_version=\u00bb4.3.4&#8243; text_font=\u00bbVerdana||||||||\u00bb text_font_size=\u00bb17px\u00bb min_height=\u00bb833px\u00bb custom_margin=\u00bb-52px||-61px|||\u00bb custom_padding=\u00bb||0px|||\u00bb]<\/p>\n<p><strong><\/strong><\/p>\n<p><strong><\/strong><\/p>\n<p style=\"text-align: justify;\"><span style=\"text-decoration: underline;\"><strong>Pa\u00f1os y Rollos<\/strong><\/span><\/p>\n<p style=\"text-align: justify;\">Absorben productos qu\u00edmicos agresivos como los \u00e1cidos y las bases fuertes, as\u00ed como hidrocarburos. Ofrecen una excelente capacidad de absorci\u00f3n y una elevada resistencia al desgarro incluso cuando est\u00e1n totalmente saturados. Los rollos permiten cubrir grandes superficies y pueden ser cortados a medida.<\/p>\n<p style=\"text-align: justify;\"><span style=\"text-decoration: underline;\"><strong>Barreras<\/strong><\/span><\/p>\n<p style=\"text-align: justify;\">Contienen y absorben grandes derrames de productos qu\u00edmicos evitando la extensi\u00f3n del vertido y la contaminaci\u00f3n de zonas sensibles. Disponibles en tramos de diferentes di\u00e1metros y longitudes que se unen entre si para formar un cerco de contenci\u00f3n y absorci\u00f3n en la longitud requerida.<\/p>\n<p style=\"text-align: justify;\"><span style=\"text-decoration: underline;\"><strong>Cordones<\/strong><\/span><\/p>\n<p class=\"Textopredete\" style=\"text-align: justify;\">Similares a las barreras pero de menor di\u00e1metro, son m\u00e1s apropiados para su uso en tierra. Se pueden colocar alrededor de la fuga para aislarla y evitar su extensi\u00f3n a otras zonas. Son ideales para proteger arquetas y tapas de alcantarillas.<\/p>\n<p style=\"text-align: justify;\"><span style=\"text-decoration: underline;\"><strong>Almohadillas<\/strong><\/span><\/p>\n<p style=\"text-align: justify;\">Almohadillas rellenas de part\u00edculas de polipropileno con un resistente tejido exterior para la absorci\u00f3n de grandes cantidades de productos qu\u00edmicos corrosivos.<\/p>\n<ul>\n<li>Para la absorci\u00f3n de grandes cantidades de l\u00edquido previamente concentrado por un cord\u00f3n absorbente<\/li>\n<li>Ideales para intervenir en lugares de dif\u00edcil acceso como pozos, desag\u00fces y sumideros<\/li>\n<li>Incinerables, dejando menos de un 0,02 % de cenizas<\/li>\n<li>Capaces de absorber la mayor\u00eda de los l\u00edquidos, incluidos los \u00e1cidos y las bases<\/li>\n<\/ul>\n<p style=\"text-align: justify;\"><span style=\"text-decoration: underline;\"><strong>Kits<\/strong><\/span><\/p>\n<p style=\"text-align: justify;\">Los absorbentes CHEMSORB tambi\u00e9n se suministran en forma de kits para adaptarse a todas las necesidades. Son id\u00f3neos para su ubicaci\u00f3n en lugares estrat\u00e9gicos con alto riesgo de derrame o en camiones cisterna. Disponibles con capacidades de absorci\u00f3n de entre 60 y 2.000 litros.<\/p>\n<p>[\/et_pb_text][\/et_pb_column][\/et_pb_row][et_pb_row column_structure=\u00bb1_4,1_4,1_4,1_4&#8243; _builder_version=\u00bb4.3.4&#8243; custom_padding=\u00bb5px||3px|||\u00bb][et_pb_column type=\u00bb1_4&#8243; _builder_version=\u00bb4.3.4&#8243;][et_pb_image src=\u00bbhttps:\/\/sentec.es\/wp-content\/uploads\/2020\/03\/ABSORBENTES-SENTEC-CHEMSORB-4A.jpg\u00bb _builder_version=\u00bb4.3.4&#8243;][\/et_pb_image][\/et_pb_column][et_pb_column type=\u00bb1_4&#8243; _builder_version=\u00bb4.3.4&#8243;][et_pb_image src=\u00bbhttps:\/\/sentec.es\/wp-content\/uploads\/2020\/03\/ABSORBENTES-SENTEC-CHEMSORB-3A.jpg\u00bb _builder_version=\u00bb4.3.4&#8243;][\/et_pb_image][\/et_pb_column][et_pb_column type=\u00bb1_4&#8243; _builder_version=\u00bb4.3.4&#8243;][et_pb_image src=\u00bbhttps:\/\/sentec.es\/wp-content\/uploads\/2020\/03\/ABSORBENTES-SENTEC-CHEMSORB-2A.jpg\u00bb _builder_version=\u00bb4.3.4&#8243;][\/et_pb_image][\/et_pb_column][et_pb_column type=\u00bb1_4&#8243; _builder_version=\u00bb4.3.4&#8243;][et_pb_image src=\u00bbhttps:\/\/sentec.es\/wp-content\/uploads\/2020\/03\/ABSORBENTES-SENTEC-CHEMSORB-5A.jpg\u00bb _builder_version=\u00bb4.3.4&#8243;][\/et_pb_image][\/et_pb_column][\/et_pb_row][et_pb_row _builder_version=\u00bb4.3.4&#8243;][et_pb_column type=\u00bb4_4&#8243; _builder_version=\u00bb4.3.4&#8243;][et_pb_text _builder_version=\u00bb4.3.4&#8243; text_font_size=\u00bb16px\u00bb]<\/p>\n<p><strong>\u00a0 \u00a0 \u00a0 \u00a0<span style=\"text-decoration: underline;\">Pa\u00f1os y rollos<\/span><\/strong><\/p>\n<table width=\"100%\">\n<tbody>\n<tr>\n<td style=\"text-align: center;\"><strong>Producto<\/strong><\/td>\n<td style=\"text-align: center;\"><strong>C\u00f3digo<\/strong><\/td>\n<td style=\"text-align: center;\"><strong>Absorci\u00f3n (litros)<\/strong><\/td>\n<td style=\"text-align: center;\"><strong>Uds\/pq<\/strong><strong>t. <\/strong><\/td>\n<td style=\"text-align: center;\"><strong>Dimensiones<\/strong><\/td>\n<td style=\"text-align: center;\"><strong>Peso <\/strong><\/td>\n<\/tr>\n<tr>\n<td style=\"text-align: center;\">Pa\u00f1os<\/td>\n<td style=\"text-align: center;\">240<\/td>\n<td style=\"text-align: center;\">131<\/td>\n<td style=\"text-align: center;\">200<\/td>\n<td style=\"text-align: center;\">40 x 52 cm<\/td>\n<td style=\"text-align: center;\">7,4 kg<\/td>\n<\/tr>\n<tr>\n<td style=\"text-align: center;\">Rollos<\/td>\n<td style=\"text-align: center;\">242<\/td>\n<td style=\"text-align: center;\">131<\/td>\n<td style=\"text-align: center;\">1<\/td>\n<td style=\"text-align: center;\">4200 x 100 cm<\/td>\n<td style=\"text-align: center;\">7,4 kg<\/td>\n<\/tr>\n<tr>\n<td style=\"text-align: center;\">Rollos<\/td>\n<td style=\"text-align: center;\">243<\/td>\n<td style=\"text-align: center;\">66<\/td>\n<td style=\"text-align: center;\">1<\/td>\n<td style=\"text-align: center;\">4200 x 50 cm<\/td>\n<td style=\"text-align: center;\">3,7 kg<\/td>\n<\/tr>\n<\/tbody>\n<\/table>\n<p>[\/et_pb_text][\/et_pb_column][\/et_pb_row][et_pb_row _builder_version=\u00bb4.3.4&#8243;][et_pb_column type=\u00bb4_4&#8243; _builder_version=\u00bb4.3.4&#8243;][et_pb_text _builder_version=\u00bb4.3.4&#8243; text_font_size=\u00bb16px\u00bb]<\/p>\n<p><strong>\u00a0 \u00a0 \u00a0 \u00a0 <span style=\"text-decoration: underline;\">Barreras<\/span><\/strong><\/p>\n<table width=\"100%\">\n<tbody>\n<tr>\n<td style=\"text-align: center;\"><strong>C\u00f3digo<\/strong><\/td>\n<td style=\"text-align: center;\"><strong>Absorci\u00f3n (litros)<\/strong><\/td>\n<td style=\"text-align: center;\"><strong>Uds\/pq<\/strong><strong>t. <\/strong><\/td>\n<td style=\"text-align: center;\"><strong>Dimensiones<\/strong><\/td>\n<td style=\"text-align: center;\"><strong>Longitud total <\/strong><\/td>\n<td style=\"text-align: center;\"><strong>Peso <\/strong><\/td>\n<\/tr>\n<tr>\n<td style=\"text-align: center;\">205\/3<\/td>\n<td style=\"text-align: center;\">hasta 125<\/td>\n<td style=\"text-align: center;\">4<\/td>\n<td style=\"text-align: center;\">12,5 x 300 cm<\/td>\n<td style=\"text-align: center;\">12m<\/td>\n<td style=\"text-align: center;\">16,0 kg<\/td>\n<\/tr>\n<tr>\n<td style=\"text-align: center;\">205\/4<\/td>\n<td style=\"text-align: center;\">hasta 140<\/td>\n<td style=\"text-align: center;\">4<\/td>\n<td style=\"text-align: center;\">12,5 x 400 cm<\/td>\n<td style=\"text-align: center;\">16m<\/td>\n<td style=\"text-align: center;\">21,3 kg<\/td>\n<\/tr>\n<tr>\n<td style=\"text-align: center;\">212\/3<\/td>\n<td style=\"text-align: center;\">hasta 120<\/td>\n<td style=\"text-align: center;\">2<\/td>\n<td style=\"text-align: center;\">20,0 x 300 cm<\/td>\n<td style=\"text-align: center;\">\u00a0 6m<\/td>\n<td style=\"text-align: center;\">15,8 kg<\/td>\n<\/tr>\n<tr>\n<td style=\"text-align: center;\">212\/4<\/td>\n<td style=\"text-align: center;\">hasta 160<\/td>\n<td style=\"text-align: center;\">2<\/td>\n<td style=\"text-align: center;\">20,0\u00a0 x 400\u00a0cm<\/td>\n<td style=\"text-align: center;\">\u00a0 \u00a08m<\/td>\n<td style=\"text-align: center;\">21,0 kg<\/td>\n<\/tr>\n<\/tbody>\n<\/table>\n<p>[\/et_pb_text][\/et_pb_column][\/et_pb_row][et_pb_row column_structure=\u00bb1_4,1_4,1_4,1_4&#8243; _builder_version=\u00bb4.3.4&#8243; custom_padding=\u00bb2px||4px|||\u00bb][et_pb_column type=\u00bb1_4&#8243; _builder_version=\u00bb4.3.4&#8243;][et_pb_image src=\u00bbhttps:\/\/sentec.es\/wp-content\/uploads\/2020\/03\/ABSORBENTES-SENTEC-CHEMSORB-7A.jpg\u00bb _builder_version=\u00bb4.3.4&#8243;][\/et_pb_image][\/et_pb_column][et_pb_column type=\u00bb1_4&#8243; _builder_version=\u00bb4.3.4&#8243;][et_pb_image src=\u00bbhttps:\/\/sentec.es\/wp-content\/uploads\/2020\/03\/ABSORBENTES-SENTEC-CHEMSORB-11A.jpg\u00bb _builder_version=\u00bb4.3.4&#8243;][\/et_pb_image][\/et_pb_column][et_pb_column type=\u00bb1_4&#8243; _builder_version=\u00bb4.3.4&#8243;][et_pb_image src=\u00bbhttps:\/\/sentec.es\/wp-content\/uploads\/2020\/03\/ABSORBENTES-SENTEC-CHEMSORB-9A.jpg\u00bb _builder_version=\u00bb4.3.4&#8243;][\/et_pb_image][\/et_pb_column][et_pb_column type=\u00bb1_4&#8243; _builder_version=\u00bb4.3.4&#8243;][et_pb_image src=\u00bbhttps:\/\/sentec.es\/wp-content\/uploads\/2020\/03\/ABSORBENTES-SENTEC-CHEMSORB-8A.jpg\u00bb _builder_version=\u00bb4.3.4&#8243;][\/et_pb_image][\/et_pb_column][\/et_pb_row][et_pb_row _builder_version=\u00bb4.3.4&#8243;][et_pb_column type=\u00bb4_4&#8243; _builder_version=\u00bb4.3.4&#8243;][et_pb_text _builder_version=\u00bb4.3.4&#8243; text_font_size=\u00bb16px\u00bb hover_enabled=\u00bb0&#8243;]<\/p>\n<p><strong>\u00a0 \u00a0 \u00a0 \u00a0 <span style=\"text-decoration: underline;\">Cordones<\/span><\/strong><\/p>\n<table width=\"100%\">\n<tbody>\n<tr>\n<td style=\"text-align: center;\"><strong>C\u00f3digo<\/strong><\/td>\n<td style=\"text-align: center;\"><strong>Absorci\u00f3n (litros)<\/strong><\/td>\n<td style=\"text-align: center;\"><strong>Uds\/pq<\/strong><strong>t. <\/strong><\/td>\n<td style=\"text-align: center;\"><strong>Dimensiones<\/strong><\/td>\n<td style=\"text-align: center;\"><strong>Longitud total <\/strong><\/td>\n<td style=\"text-align: center;\"><strong>Peso <\/strong><\/td>\n<\/tr>\n<tr>\n<td style=\"text-align: center;\">230\/125<\/td>\n<td style=\"text-align: center;\">36<\/td>\n<td style=\"text-align: center;\">10<\/td>\n<td style=\"text-align: center;\">7,5 x 125 cm<\/td>\n<td style=\"text-align: center;\">12,5m<\/td>\n<td style=\"text-align: center;\">3,3 kg<\/td>\n<\/tr>\n<tr>\n<td style=\"text-align: center;\">230\/300<\/td>\n<td style=\"text-align: center;\">42<\/td>\n<td style=\"text-align: center;\">5<\/td>\n<td style=\"text-align: center;\">7,5 x 300 cm<\/td>\n<td style=\"text-align: center;\">15m<\/td>\n<td style=\"text-align: center;\">4,1 kg<\/td>\n<\/tr>\n<\/tbody>\n<\/table>\n<p><strong><\/strong><\/p>\n<p><b>\u00a0 \u00a0 \u00a0<span style=\"text-decoration: underline;\">Almohadillas<\/span><\/b><\/p>\n<table width=\"100%\">\n<tbody>\n<tr>\n<td style=\"text-align: center;\"><strong>C\u00f3digo<\/strong><\/td>\n<td style=\"text-align: center;\"><strong>Absorci\u00f3n (litros)<\/strong><\/td>\n<td style=\"text-align: center;\"><strong>Uds\/pq<\/strong><strong>t. <\/strong><\/td>\n<td style=\"text-align: center;\"><strong>Dimensiones<\/strong><\/td>\n<td style=\"text-align: center;\"><strong>Longitud total <\/strong><\/td>\n<td style=\"text-align: center;\"><strong>Peso <\/strong><\/td>\n<\/tr>\n<tr>\n<td style=\"text-align: center;\">210<\/td>\n<td style=\"text-align: center;\">100<\/td>\n<td style=\"text-align: center;\">10<\/td>\n<td style=\"text-align: center;\">55 x 35\u00a0x 10 cm<\/td>\n<td style=\"text-align: center;\">&#8211;<\/td>\n<td style=\"text-align: center;\">7,5 kg<\/td>\n<\/tr>\n<tr>\n<td style=\"text-align: center;\">211<\/td>\n<td style=\"text-align: center;\">90<\/td>\n<td style=\"text-align: center;\">20<\/td>\n<td style=\"text-align: center;\">33 x 21 x 6 cm<\/td>\n<td style=\"text-align: center;\">&#8211;<\/td>\n<td style=\"text-align: center;\">5,4 kg<\/td>\n<\/tr>\n<\/tbody>\n<\/table>\n<p><strong><\/strong><\/p>\n<p>&nbsp;<\/p>\n<p><strong><\/strong><\/p>\n<p>[\/et_pb_text][\/et_pb_column][\/et_pb_row][\/et_pb_section]<\/p>\n","protected":false},"excerpt":{"rendered":"<p>CHEMSORB\u00a0 Absorbentes de polipropileno para productos qu\u00edmicos Los absorbentes CHEMSORB son un medio eficaz y econ\u00f3mico para la contenci\u00f3n y recuperaci\u00f3n de vertidos de productos qu\u00edmicos dada su facilidad de manejo y su elevada absorci\u00f3n. Est\u00e1n constituidos por fibras de polipropileno con un tratamiento hidrof\u00edlico que permite la absorci\u00f3n de \u00e1cidos agresivos, bases, disolventes y [&hellip;]<\/p>\n","protected":false},"author":1,"featured_media":0,"parent":0,"menu_order":0,"comment_status":"closed","ping_status":"closed","template":"","meta":{"_et_pb_use_builder":"on","_et_pb_old_content":"","_et_gb_content_width":"","footnotes":""},"class_list":["post-1481","page","type-page","status-publish","hentry"],"aioseo_notices":[],"_links":{"self":[{"href":"https:\/\/sentec.es\/index.php\/wp-json\/wp\/v2\/pages\/1481"}],"collection":[{"href":"https:\/\/sentec.es\/index.php\/wp-json\/wp\/v2\/pages"}],"about":[{"href":"https:\/\/sentec.es\/index.php\/wp-json\/wp\/v2\/types\/page"}],"author":[{"embeddable":true,"href":"https:\/\/sentec.es\/index.php\/wp-json\/wp\/v2\/users\/1"}],"replies":[{"embeddable":true,"href":"https:\/\/sentec.es\/index.php\/wp-json\/wp\/v2\/comments?post=1481"}],"version-history":[{"count":15,"href":"https:\/\/sentec.es\/index.php\/wp-json\/wp\/v2\/pages\/1481\/revisions"}],"predecessor-version":[{"id":2720,"href":"https:\/\/sentec.es\/index.php\/wp-json\/wp\/v2\/pages\/1481\/revisions\/2720"}],"wp:attachment":[{"href":"https:\/\/sentec.es\/index.php\/wp-json\/wp\/v2\/media?parent=1481"}],"curies":[{"name":"wp","href":"https:\/\/api.w.org\/{rel}","templated":true}]}}