{"id":1629,"date":"2020-03-31T11:10:18","date_gmt":"2020-03-31T11:10:18","guid":{"rendered":"http:\/\/sentec.es\/?page_id=1629"},"modified":"2024-10-18T10:45:36","modified_gmt":"2024-10-18T08:45:36","slug":"riadas-inundaciones-2","status":"publish","type":"page","link":"https:\/\/sentec.es\/index.php\/riadas-inundaciones-2\/","title":{"rendered":"Riadas-Inundaciones"},"content":{"rendered":"<p>[et_pb_section fb_built=\u00bb1&#8243; disabled_on=\u00bbon|on|off\u00bb admin_label=\u00bbHero Section\u00bb _builder_version=\u00bb4.3.4&#8243; use_background_color_gradient=\u00bbon\u00bb background_color_gradient_start=\u00bbrgba(0,0,0,0.5)\u00bb background_color_gradient_end=\u00bbrgba(0,0,0,0)\u00bb background_color_gradient_overlays_image=\u00bbon\u00bb background_image=\u00bbhttps:\/\/sentec.es\/wp-content\/uploads\/2020\/03\/sPILLSTOP-13-scaled.jpg\u00bb parallax=\u00bbon\u00bb min_height=\u00bb638px\u00bb custom_margin=\u00bb|||\u00bb custom_padding=\u00bb0.5%||0%|||\u00bb global_colors_info=\u00bb{}\u00bb][\/et_pb_section][et_pb_section fb_built=\u00bb1&#8243; admin_label=\u00bbBlog Section\u00bb _builder_version=\u00bb3.22&#8243; min_height=\u00bb1213px\u00bb custom_margin=\u00bb||-285px|||\u00bb custom_padding=\u00bb51px||50px|||\u00bb global_colors_info=\u00bb{}\u00bb][et_pb_row _builder_version=\u00bb4.3.4&#8243; global_colors_info=\u00bb{}\u00bb][et_pb_column type=\u00bb4_4&#8243; _builder_version=\u00bb4.3.4&#8243; global_colors_info=\u00bb{}\u00bb][et_pb_text _builder_version=\u00bb4.3.4&#8243; custom_margin=\u00bb||41px|||\u00bb global_colors_info=\u00bb{}\u00bb]<\/p>\n<h1 style=\"text-align: center;\"><strong>BARRERAS PARA LA CONTENCI\u00d3N DE RIADAS E INUNDACIONES<\/strong><\/h1>\n<p>[\/et_pb_text][\/et_pb_column][\/et_pb_row][et_pb_row column_structure=\u00bb1_2,1_2&#8243; _builder_version=\u00bb4.3.4&#8243; custom_padding=\u00bb|||1px||\u00bb global_colors_info=\u00bb{}\u00bb][et_pb_column type=\u00bb1_2&#8243; _builder_version=\u00bb4.3.4&#8243; global_colors_info=\u00bb{}\u00bb][et_pb_image src=\u00bbhttps:\/\/sentec.es\/wp-content\/uploads\/2020\/03\/www.sentec.es-barrera-riadas-7.jpg\u00bb url=\u00bbhttps:\/\/sentec.es\/index.php\/barrera-riadas-inundaciones-spillstop-3\/\u00bb _builder_version=\u00bb4.3.4&#8243; width=\u00bb100%\u00bb custom_margin=\u00bb|-2px|4px|||\u00bb custom_padding=\u00bb|||53px||\u00bb global_colors_info=\u00bb{}\u00bb][\/et_pb_image][et_pb_text _builder_version=\u00bb4.3.4&#8243; link_option_url=\u00bbhttps:\/\/sentec.es\/index.php\/barrera-riadas-inundaciones-spillstop-3\/\u00bb global_colors_info=\u00bb{}\u00bb]<\/p>\n<p style=\"text-align: center;\"><strong>BARRERA SPILLSTOP<\/strong><\/p>\n<p>[\/et_pb_text][\/et_pb_column][et_pb_column type=\u00bb1_2&#8243; _builder_version=\u00bb4.3.4&#8243; global_colors_info=\u00bb{}\u00bb][et_pb_image src=\u00bbhttps:\/\/sentec.es\/wp-content\/uploads\/2024\/10\/FlowStop02.jpg\u00bb alt=\u00bbBarrera inundaciones y riadas\u00bb title_text=\u00bbFlowStop02&#8243; url=\u00bbhttps:\/\/sentec.es\/index.php\/barrera-inundaciones-flowstop-2\/\u00bb _builder_version=\u00bb4.10.6&#8243; custom_margin=\u00bb|0px|4px|||\u00bb custom_padding=\u00bb|||52px||\u00bb hover_enabled=\u00bb0&#8243; global_colors_info=\u00bb{}\u00bb sticky_enabled=\u00bb0&#8243;][\/et_pb_image][et_pb_text _builder_version=\u00bb4.3.4&#8243; link_option_url=\u00bbhttps:\/\/sentec.es\/index.php\/barrera-inundaciones-flowstop-2\/\u00bb global_colors_info=\u00bb{}\u00bb]<\/p>\n<p style=\"text-align: center;\"><b>BARRERA FLOWSTOP<\/b><\/p>\n<p>[\/et_pb_text][\/et_pb_column][\/et_pb_row][et_pb_row _builder_version=\u00bb4.3.4&#8243; global_colors_info=\u00bb{}\u00bb][et_pb_column type=\u00bb4_4&#8243; _builder_version=\u00bb4.3.4&#8243; global_colors_info=\u00bb{}\u00bb][et_pb_text _builder_version=\u00bb4.3.4&#8243; text_font=\u00bbVerdana||||||||\u00bb text_font_size=\u00bb17px\u00bb min_height=\u00bb401px\u00bb custom_padding=\u00bb||0px|||\u00bb global_colors_info=\u00bb{}\u00bb]<\/p>\n<p style=\"text-align: justify;\">Con el cambio clim\u00e1tico cada vez son mas frecuentes las fuertes precipitaciones que en muy poco tiempo provocan el crecimiento de los r\u00edos y las inundaciones. El uso de barreras de contenci\u00f3n terrestres pueden evitar o minimizar los da\u00f1os econ\u00f3micos de este fen\u00f3meno atmosf\u00e9rico. Las barreras Spillstop y Flowstop son un medio eficaz y econ\u00f3mico para la protecci\u00f3n de las propiedades industriales, p\u00fablicas o privadas.<\/p>\n<p style=\"text-align: justify;\">\n<p style=\"text-align: justify;\">&#8211; Efectivas contra inundaciones por mareas, crecidas de r\u00edos y aguas superficiales<\/p>\n<p style=\"text-align: justify;\">&#8211; Colocaci\u00f3n r\u00e1pida y sencilla<\/p>\n<p style=\"text-align: justify;\">&#8211; Pueden ser desplegadas por una o dos personas.<\/p>\n<p style=\"text-align: justify;\">&#8211; No requiere tornillos ni herramientas<\/p>\n<p style=\"text-align: justify;\">&#8211; Ideales para proteger entradas de veh\u00edculos o puertas de garaje<\/p>\n<p style=\"text-align: justify;\">&#8211; Robustas y resistentes al vandalismo<\/p>\n<p style=\"text-align: justify;\">&#8211; Protecci\u00f3n para los hogares, las empresas y el sector p\u00fablico.<\/p>\n<p>[\/et_pb_text][\/et_pb_column][\/et_pb_row][\/et_pb_section][et_pb_section fb_built=\u00bb1&#8243; fullwidth=\u00bbon\u00bb _builder_version=\u00bb4.3.4&#8243; global_colors_info=\u00bb{}\u00bb][et_pb_fullwidth_image src=\u00bbhttps:\/\/sentec.es\/wp-content\/uploads\/2020\/04\/Barrera-inundaciones-Spillstop-scaled.jpg\u00bb disabled_on=\u00bbon|on|off\u00bb _builder_version=\u00bb4.3.4&#8243; min_height=\u00bb1360px\u00bb custom_margin=\u00bb1px|||||\u00bb custom_padding=\u00bb106px|||||\u00bb global_colors_info=\u00bb{}\u00bb][\/et_pb_fullwidth_image][\/et_pb_section]<\/p>\n","protected":false},"excerpt":{"rendered":"<p>BARRERAS PARA LA CONTENCI\u00d3N DE RIADAS E INUNDACIONESBARRERA SPILLSTOPBARRERA FLOWSTOPCon el cambio clim\u00e1tico cada vez son mas frecuentes las fuertes precipitaciones que en muy poco tiempo provocan el crecimiento de los r\u00edos y las inundaciones. El uso de barreras de contenci\u00f3n terrestres pueden evitar o minimizar los da\u00f1os econ\u00f3micos de este fen\u00f3meno atmosf\u00e9rico. Las barreras [&hellip;]<\/p>\n","protected":false},"author":1,"featured_media":0,"parent":0,"menu_order":0,"comment_status":"closed","ping_status":"closed","template":"","meta":{"_et_pb_use_builder":"on","_et_pb_old_content":"","_et_gb_content_width":"","footnotes":""},"class_list":["post-1629","page","type-page","status-publish","hentry"],"aioseo_notices":[],"_links":{"self":[{"href":"https:\/\/sentec.es\/index.php\/wp-json\/wp\/v2\/pages\/1629"}],"collection":[{"href":"https:\/\/sentec.es\/index.php\/wp-json\/wp\/v2\/pages"}],"about":[{"href":"https:\/\/sentec.es\/index.php\/wp-json\/wp\/v2\/types\/page"}],"author":[{"embeddable":true,"href":"https:\/\/sentec.es\/index.php\/wp-json\/wp\/v2\/users\/1"}],"replies":[{"embeddable":true,"href":"https:\/\/sentec.es\/index.php\/wp-json\/wp\/v2\/comments?post=1629"}],"version-history":[{"count":15,"href":"https:\/\/sentec.es\/index.php\/wp-json\/wp\/v2\/pages\/1629\/revisions"}],"predecessor-version":[{"id":2844,"href":"https:\/\/sentec.es\/index.php\/wp-json\/wp\/v2\/pages\/1629\/revisions\/2844"}],"wp:attachment":[{"href":"https:\/\/sentec.es\/index.php\/wp-json\/wp\/v2\/media?parent=1629"}],"curies":[{"name":"wp","href":"https:\/\/api.w.org\/{rel}","templated":true}]}}