{"id":1712,"date":"2020-04-03T10:24:22","date_gmt":"2020-04-03T10:24:22","guid":{"rendered":"http:\/\/sentec.es\/?page_id=1712"},"modified":"2020-09-30T11:32:34","modified_gmt":"2020-09-30T09:32:34","slug":"contenedores-carreteles","status":"publish","type":"page","link":"https:\/\/sentec.es\/index.php\/contenedores-carreteles\/","title":{"rendered":"Contenedores &#038; Carreteles"},"content":{"rendered":"<p>[et_pb_section fb_built=\u00bb1&#8243; _builder_version=\u00bb4.3.4&#8243;][et_pb_row _builder_version=\u00bb4.3.4&#8243;][et_pb_column type=\u00bb4_4&#8243; _builder_version=\u00bb4.3.4&#8243;][et_pb_text _builder_version=\u00bb4.3.4&#8243; text_font=\u00bb||||||||\u00bb text_font_size=\u00bb17px\u00bb custom_margin=\u00bb||2px|||\u00bb custom_padding=\u00bb||0px|||\u00bb hover_enabled=\u00bb0&#8243;]<\/p>\n<h1 style=\"text-align: center;\"><span style=\"text-decoration: underline;\">CONTENEDORES &amp; CARRETELES<\/span><\/h1>\n<p>&nbsp;<\/p>\n<p style=\"text-align: justify;\">Suministramos una amplia gama de contenedores, tanto est\u00e1ndar como a medida, para el transporte o almacenamiento seguro de nuestros equipos antipoluci\u00f3n marina o para otras aplicaciones. Ofrecemos casi cualquier tama\u00f1o desde 8 hasta 40 pies y fabricados en diversos materiales y colores. Opcionalmente se pueden suministrar con accesorios especiales como esquinas ISO, rampas, puertas a medida, luces y canales para carretilla elevadora.<\/p>\n<p>[\/et_pb_text][\/et_pb_column][\/et_pb_row][et_pb_row column_structure=\u00bb1_3,1_3,1_3&#8243; _builder_version=\u00bb4.3.4&#8243; custom_padding=\u00bb4px||4px|||\u00bb][et_pb_column type=\u00bb1_3&#8243; _builder_version=\u00bb4.3.4&#8243;][et_pb_image src=\u00bbhttps:\/\/sentec.es\/wp-content\/uploads\/2020\/04\/contenedores-DESMI-6.jpg\u00bb _builder_version=\u00bb4.3.4&#8243;][\/et_pb_image][\/et_pb_column][et_pb_column type=\u00bb1_3&#8243; _builder_version=\u00bb4.3.4&#8243;][et_pb_image src=\u00bbhttps:\/\/sentec.es\/wp-content\/uploads\/2020\/04\/contenedores-DESMI-5.jpg\u00bb _builder_version=\u00bb4.3.4&#8243;][\/et_pb_image][\/et_pb_column][et_pb_column type=\u00bb1_3&#8243; _builder_version=\u00bb4.3.4&#8243;][et_pb_image src=\u00bbhttps:\/\/sentec.es\/wp-content\/uploads\/2020\/04\/contenedores-DESMI-4.jpg\u00bb _builder_version=\u00bb4.3.4&#8243;][\/et_pb_image][\/et_pb_column][\/et_pb_row][et_pb_row _builder_version=\u00bb4.3.4&#8243; custom_padding=\u00bb||17px|||\u00bb][et_pb_column type=\u00bb4_4&#8243; _builder_version=\u00bb4.3.4&#8243;][et_pb_text _builder_version=\u00bb4.3.4&#8243; text_font=\u00bbVerdana||||||||\u00bb text_font_size=\u00bb17px\u00bb]<\/p>\n<p style=\"text-align: justify;\">DESMI RO-CLEAN ha suministrado este tipo de contenedores especializados a clientes de todo el mundo durante los \u00faltimos 30 a\u00f1os, muchos de los cuales a\u00fan est\u00e1n en uso y lo estar\u00e1n por muchos a\u00f1os m\u00e1s.<\/p>\n<p>[\/et_pb_text][\/et_pb_column][\/et_pb_row][et_pb_row column_structure=\u00bb1_3,1_3,1_3&#8243; _builder_version=\u00bb4.3.4&#8243; custom_padding=\u00bb4px||4px|||\u00bb][et_pb_column type=\u00bb1_3&#8243; _builder_version=\u00bb4.3.4&#8243;][et_pb_image src=\u00bbhttps:\/\/sentec.es\/wp-content\/uploads\/2020\/04\/contenedores-DESMI-1.jpg\u00bb _builder_version=\u00bb4.3.4&#8243;][\/et_pb_image][\/et_pb_column][et_pb_column type=\u00bb1_3&#8243; _builder_version=\u00bb4.3.4&#8243;][et_pb_image src=\u00bbhttps:\/\/sentec.es\/wp-content\/uploads\/2020\/04\/contenedores-DESMI-8.jpg\u00bb _builder_version=\u00bb4.3.4&#8243;][\/et_pb_image][\/et_pb_column][et_pb_column type=\u00bb1_3&#8243; _builder_version=\u00bb4.3.4&#8243;][et_pb_image src=\u00bbhttps:\/\/sentec.es\/wp-content\/uploads\/2020\/04\/contenedores-DESMI-10.jpg\u00bb _builder_version=\u00bb4.3.4&#8243;][\/et_pb_image][\/et_pb_column][\/et_pb_row][et_pb_row _builder_version=\u00bb4.3.4&#8243;][et_pb_column type=\u00bb4_4&#8243; _builder_version=\u00bb4.3.4&#8243;][et_pb_text _builder_version=\u00bb4.3.4&#8243; text_font=\u00bbVerdana||||||||\u00bb text_font_size=\u00bb17px\u00bb custom_padding=\u00bb||0px|||\u00bb]<\/p>\n<p style=\"text-align: justify;\">DESMI RO-CLEAN tambi\u00e9n fabrica una amplia gama de carreteles para la estiba de barreras flotantes. Nuestros carreteles est\u00e1n fabricados en acero y acabados con una pintura marina epoxi de alta calidad. Disponibles en versi\u00f3n abierta o contenerizada, son capaces de manejar todo tipo de barreras con longitudes de hasta 400m dependiendo del modelo. Podemos personalizar nuestros carreteles con plataformas giratorias, esquinas ISO, brazos de guiado autom\u00e1ticos, puntos de amarre, lonas de protecci\u00f3n, etc. Tambi\u00e9n pueden ser fabricados en versiones de bajo perfil para caber dentro de aviones para un r\u00e1pido transporte. Los carreteles DESMI RO-CLEAN est\u00e1n disponibles con accionamiento hidr\u00e1ulico o manual. Los carreteles hidr\u00e1ulicos incorporan de serie v\u00e1lvulas de choque.<\/p>\n<p>[\/et_pb_text][\/et_pb_column][\/et_pb_row][et_pb_row column_structure=\u00bb1_3,1_3,1_3&#8243; _builder_version=\u00bb4.3.4&#8243; custom_padding=\u00bb4px||4px|||\u00bb][et_pb_column type=\u00bb1_3&#8243; _builder_version=\u00bb4.3.4&#8243;][et_pb_image src=\u00bbhttps:\/\/sentec.es\/wp-content\/uploads\/2020\/04\/contenedores-DESMI-7.jpg\u00bb _builder_version=\u00bb4.3.4&#8243;][\/et_pb_image][\/et_pb_column][et_pb_column type=\u00bb1_3&#8243; _builder_version=\u00bb4.3.4&#8243;][et_pb_image src=\u00bbhttps:\/\/sentec.es\/wp-content\/uploads\/2020\/04\/www.sentec.es-carretel-barrera-flotante-8.jpg\u00bb _builder_version=\u00bb4.3.4&#8243; custom_padding=\u00bb0px|||||\u00bb][\/et_pb_image][\/et_pb_column][et_pb_column type=\u00bb1_3&#8243; _builder_version=\u00bb4.3.4&#8243;][et_pb_image src=\u00bbhttps:\/\/sentec.es\/wp-content\/uploads\/2020\/04\/www.sentec.es-carretel-barrera-flotante-4.jpg\u00bb _builder_version=\u00bb4.3.4&#8243;][\/et_pb_image][\/et_pb_column][\/et_pb_row][et_pb_row column_structure=\u00bb1_3,1_3,1_3&#8243; _builder_version=\u00bb4.3.4&#8243; custom_padding=\u00bb4px||4px|||\u00bb][et_pb_column type=\u00bb1_3&#8243; _builder_version=\u00bb4.3.4&#8243;][et_pb_image src=\u00bbhttps:\/\/sentec.es\/wp-content\/uploads\/2020\/04\/www.sentec.es-carretel-barrera-flotante-2.jpg\u00bb _builder_version=\u00bb4.3.4&#8243;][\/et_pb_image][\/et_pb_column][et_pb_column type=\u00bb1_3&#8243; _builder_version=\u00bb4.3.4&#8243;][et_pb_image src=\u00bbhttps:\/\/sentec.es\/wp-content\/uploads\/2020\/04\/www.sentec.es-carretel-barrera-flotante-7.jpg\u00bb _builder_version=\u00bb4.3.4&#8243; custom_padding=\u00bb0px|||||\u00bb][\/et_pb_image][\/et_pb_column][et_pb_column type=\u00bb1_3&#8243; _builder_version=\u00bb4.3.4&#8243;][et_pb_image src=\u00bbhttps:\/\/sentec.es\/wp-content\/uploads\/2020\/04\/www.sentec.es-carretel-barrera-flotante-6.jpg\u00bb _builder_version=\u00bb4.3.4&#8243;][\/et_pb_image][\/et_pb_column][\/et_pb_row][et_pb_row _builder_version=\u00bb4.3.4&#8243;][et_pb_column type=\u00bb4_4&#8243; _builder_version=\u00bb4.3.4&#8243;][et_pb_text _builder_version=\u00bb4.3.4&#8243; text_font=\u00bbVerdana||||||||\u00bb text_font_size=\u00bb17px\u00bb custom_margin=\u00bb-17px||-19px|||\u00bb custom_padding=\u00bb||0px|||\u00bb]<\/p>\n<p style=\"text-align: justify;\">Tambi\u00e9n fabricamos carreteles para el almacenamiento y despliegue de las mangueras y latiguillos hidr\u00e1ulicos utilizados para el accionamiento de los skimmers. Disponibles en una gran variedad de tama\u00f1os y acabados en acero galvanizado, \u00e9poxi o aluminio. El accionamiento puede ser hidr\u00e1ulico o manual.<\/p>\n<p style=\"text-align: justify;\">[\/et_pb_text][\/et_pb_column][\/et_pb_row][et_pb_row column_structure=\u00bb1_3,1_3,1_3&#8243; _builder_version=\u00bb4.3.4&#8243; custom_padding=\u00bb4px||4px|||\u00bb][et_pb_column type=\u00bb1_3&#8243; _builder_version=\u00bb4.3.4&#8243;][et_pb_image src=\u00bbhttps:\/\/sentec.es\/wp-content\/uploads\/2020\/04\/carretel-mangueras-5.jpg\u00bb _builder_version=\u00bb4.3.4&#8243;][\/et_pb_image][\/et_pb_column][et_pb_column type=\u00bb1_3&#8243; _builder_version=\u00bb4.3.4&#8243;][et_pb_image src=\u00bbhttps:\/\/sentec.es\/wp-content\/uploads\/2020\/04\/carretel-mangueras-1.jpg\u00bb _builder_version=\u00bb4.3.4&#8243; custom_padding=\u00bb0px|||||\u00bb][\/et_pb_image][\/et_pb_column][et_pb_column type=\u00bb1_3&#8243; _builder_version=\u00bb4.3.4&#8243;][et_pb_image src=\u00bbhttps:\/\/sentec.es\/wp-content\/uploads\/2020\/04\/carretel-mangueras-4.jpg\u00bb _builder_version=\u00bb4.3.4&#8243;][\/et_pb_image][\/et_pb_column][\/et_pb_row][et_pb_row column_structure=\u00bb1_3,1_3,1_3&#8243; _builder_version=\u00bb4.3.4&#8243; custom_padding=\u00bb4px||4px|||\u00bb][et_pb_column type=\u00bb1_3&#8243; _builder_version=\u00bb4.3.4&#8243;][et_pb_image src=\u00bbhttps:\/\/sentec.es\/wp-content\/uploads\/2020\/04\/carretel-mangueras-3.jpg\u00bb _builder_version=\u00bb4.3.4&#8243;][\/et_pb_image][\/et_pb_column][et_pb_column type=\u00bb1_3&#8243; _builder_version=\u00bb4.3.4&#8243;][et_pb_image src=\u00bbhttps:\/\/sentec.es\/wp-content\/uploads\/2020\/04\/carretel-mangueras-2.jpg\u00bb _builder_version=\u00bb4.3.4&#8243; custom_padding=\u00bb0px|||||\u00bb][\/et_pb_image][\/et_pb_column][et_pb_column type=\u00bb1_3&#8243; _builder_version=\u00bb4.3.4&#8243;][et_pb_image src=\u00bbhttps:\/\/sentec.es\/wp-content\/uploads\/2020\/04\/6.jpg\u00bb _builder_version=\u00bb4.3.4&#8243;][\/et_pb_image][\/et_pb_column][\/et_pb_row][\/et_pb_section]<\/p>\n","protected":false},"excerpt":{"rendered":"<p>CONTENEDORES &amp; CARRETELES &nbsp; Suministramos una amplia gama de contenedores, tanto est\u00e1ndar como a medida, para el transporte o almacenamiento seguro de nuestros equipos antipoluci\u00f3n marina o para otras aplicaciones. Ofrecemos casi cualquier tama\u00f1o desde 8 hasta 40 pies y fabricados en diversos materiales y colores. Opcionalmente se pueden suministrar con accesorios especiales como esquinas [&hellip;]<\/p>\n","protected":false},"author":1,"featured_media":0,"parent":0,"menu_order":0,"comment_status":"closed","ping_status":"closed","template":"","meta":{"_et_pb_use_builder":"on","_et_pb_old_content":"","_et_gb_content_width":"","footnotes":""},"class_list":["post-1712","page","type-page","status-publish","hentry"],"aioseo_notices":[],"_links":{"self":[{"href":"https:\/\/sentec.es\/index.php\/wp-json\/wp\/v2\/pages\/1712"}],"collection":[{"href":"https:\/\/sentec.es\/index.php\/wp-json\/wp\/v2\/pages"}],"about":[{"href":"https:\/\/sentec.es\/index.php\/wp-json\/wp\/v2\/types\/page"}],"author":[{"embeddable":true,"href":"https:\/\/sentec.es\/index.php\/wp-json\/wp\/v2\/users\/1"}],"replies":[{"embeddable":true,"href":"https:\/\/sentec.es\/index.php\/wp-json\/wp\/v2\/comments?post=1712"}],"version-history":[{"count":9,"href":"https:\/\/sentec.es\/index.php\/wp-json\/wp\/v2\/pages\/1712\/revisions"}],"predecessor-version":[{"id":2539,"href":"https:\/\/sentec.es\/index.php\/wp-json\/wp\/v2\/pages\/1712\/revisions\/2539"}],"wp:attachment":[{"href":"https:\/\/sentec.es\/index.php\/wp-json\/wp\/v2\/media?parent=1712"}],"curies":[{"name":"wp","href":"https:\/\/api.w.org\/{rel}","templated":true}]}}