{"id":175,"date":"2020-03-02T12:29:27","date_gmt":"2020-03-02T12:29:27","guid":{"rendered":"http:\/\/sentec.es\/?page_id=175"},"modified":"2021-07-28T10:28:23","modified_gmt":"2021-07-28T08:28:23","slug":"inicio","status":"publish","type":"page","link":"https:\/\/sentec.es\/","title":{"rendered":"Inicio"},"content":{"rendered":"<p>[et_pb_section fb_built=\u00bb1&#8243; custom_padding_last_edited=\u00bbon|tablet\u00bb admin_label=\u00bbPackages\u00bb _builder_version=\u00bb3.22&#8243; min_height=\u00bb1367px\u00bb custom_margin=\u00bb||-155px|||\u00bb custom_padding=\u00bb31px||0px|||\u00bb custom_padding_tablet=\u00bb0px||0px|\u00bb custom_padding_phone=\u00bb\u00bb][et_pb_row _builder_version=\u00bb4.3.4&#8243; custom_padding=\u00bb79px|||||\u00bb][et_pb_column type=\u00bb4_4&#8243; _builder_version=\u00bb4.3.4&#8243;][et_pb_text _builder_version=\u00bb4.3.4&#8243; text_font=\u00bbArial||||||||\u00bb text_text_color=\u00bb#000000&#8243; text_font_size=\u00bb40px\u00bb custom_margin=\u00bb0px||29px|||\u00bb custom_padding=\u00bb||25px|||\u00bb header_font_tablet=\u00bb\u00bb header_font_phone=\u00bb\u00bb header_font_last_edited=\u00bbon|desktop\u00bb]<\/p>\n<pre style=\"text-align: center;\"><strong><\/strong><\/pre>\n<h1 style=\"text-align: center;\"><strong>EQUIPOS PARA LA CONTENCI\u00d3N<\/strong><\/h1>\n<h1 style=\"text-align: center;\"><strong> Y\u00a0RECUPERACI\u00d3N<\/strong><\/h1>\n<h1 style=\"text-align: center;\"><strong>DE VERTIDOS\u00a0L\u00cdQUIDOS Y S\u00d3LIDOS<\/strong><\/h1>\n<p>[\/et_pb_text][\/et_pb_column][\/et_pb_row][et_pb_row column_structure=\u00bb1_4,1_4,1_4,1_4&#8243; _builder_version=\u00bb4.3.4&#8243;][et_pb_column type=\u00bb1_4&#8243; _builder_version=\u00bb4.3.4&#8243;][et_pb_image src=\u00bbhttps:\/\/sentec.es\/wp-content\/uploads\/2020\/03\/www.sentec.es-5.jpg\u00bb url=\u00bbhttps:\/\/sentec.es\/index.php\/barreras\/\u00bb _builder_version=\u00bb4.3.4&#8243;][\/et_pb_image][\/et_pb_column][et_pb_column type=\u00bb1_4&#8243; _builder_version=\u00bb4.3.4&#8243;][et_pb_image src=\u00bbhttps:\/\/sentec.es\/wp-content\/uploads\/2020\/03\/www.sentec.es-barrera-terrestre-contra-vertidos-3.jpg\u00bb url=\u00bbhttps:\/\/sentec.es\/index.php\/vertidos-en-tierra-2\/\u00bb _builder_version=\u00bb4.3.4&#8243;][\/et_pb_image][\/et_pb_column][et_pb_column type=\u00bb1_4&#8243; _builder_version=\u00bb4.3.4&#8243;][et_pb_image src=\u00bbhttps:\/\/sentec.es\/wp-content\/uploads\/2020\/03\/skimmer-oleofilico-cepillos-1-1.jpg\u00bb url=\u00bbhttps:\/\/sentec.es\/index.php\/skimmers-2\/\u00bb _builder_version=\u00bb4.3.4&#8243;][\/et_pb_image][\/et_pb_column][et_pb_column type=\u00bb1_4&#8243; _builder_version=\u00bb4.3.4&#8243;][et_pb_image src=\u00bbhttps:\/\/sentec.es\/wp-content\/uploads\/2020\/03\/102a.jpg\u00bb url=\u00bbhttps:\/\/sentec.es\/index.php\/bombas-hidrocarburos\/\u00bb _builder_version=\u00bb4.3.4&#8243;][\/et_pb_image][\/et_pb_column][\/et_pb_row][et_pb_row column_structure=\u00bb1_4,1_4,1_4,1_4&#8243; _builder_version=\u00bb4.3.4&#8243; custom_margin=\u00bb-24px|auto||auto||\u00bb][et_pb_column type=\u00bb1_4&#8243; _builder_version=\u00bb4.3.4&#8243;][et_pb_text _builder_version=\u00bb4.3.4&#8243; text_font=\u00bb||||||||\u00bb link_option_url=\u00bbhttps:\/\/sentec.es\/index.php\/barreras\/\u00bb]<\/p>\n<p><span style=\"text-decoration: underline;\"><strong>BARRERAS FLOTANTES<\/strong><\/span><\/p>\n<p>Barreras portuarias<\/p>\n<p>Barreras oce\u00e1nicas<\/p>\n<p>Barreras permanentes<\/p>\n<p>Barreras ign\u00edfugas<\/p>\n<p>[\/et_pb_text][\/et_pb_column][et_pb_column type=\u00bb1_4&#8243; _builder_version=\u00bb4.3.4&#8243;][et_pb_text _builder_version=\u00bb4.3.4&#8243; text_font=\u00bb||||||||\u00bb link_option_url=\u00bbhttps:\/\/sentec.es\/index.php\/vertidos-en-tierra-2\/\u00bb]<\/p>\n<p style=\"text-align: left;\"><span style=\"text-decoration: underline;\"><strong>BARRERAS TERRESTRES<\/strong><\/span><\/p>\n<p>Barreras Spillstop<\/p>\n<p>Barreras Flowstop<\/p>\n<p>Barreras absorbentes<\/p>\n<p>Barreras selladoras<\/p>\n<p>[\/et_pb_text][\/et_pb_column][et_pb_column type=\u00bb1_4&#8243; _builder_version=\u00bb4.3.4&#8243;][et_pb_text _builder_version=\u00bb4.3.4&#8243; text_font=\u00bb||||||||\u00bb link_option_url=\u00bbhttps:\/\/sentec.es\/index.php\/skimmers-2\/\u00bb]<\/p>\n<p style=\"text-align: left;\"><span style=\"text-decoration: underline;\"><strong>SKIMMERS &#8211; HIDROCARBUROS<\/strong><\/span><\/p>\n<p>Skimmers de rebosadero<\/p>\n<p>Skimmers de discos<\/p>\n<p>Skimmers de cepillos<\/p>\n<p>Skimmers de soga<\/p>\n<p>[\/et_pb_text][\/et_pb_column][et_pb_column type=\u00bb1_4&#8243; _builder_version=\u00bb4.3.4&#8243;][et_pb_text _builder_version=\u00bb4.3.4&#8243; link_option_url=\u00bbhttps:\/\/sentec.es\/index.php\/bombas-hidrocarburos\/\u00bb]<\/p>\n<p style=\"text-align: left;\"><span style=\"text-decoration: underline;\"><strong>BOMBAS &#8211; HIDROCARBUROS<\/strong><\/span><\/p>\n<p>Bombas de diafragma<\/p>\n<p>Bombas centr\u00edfugas<\/p>\n<p>Bombas de tornillo<\/p>\n<p>Anillos de inyecci\u00f3n<\/p>\n<p>[\/et_pb_text][\/et_pb_column][\/et_pb_row][et_pb_row column_structure=\u00bb1_4,1_4,1_4,1_4&#8243; _builder_version=\u00bb4.3.4&#8243; min_height=\u00bb222px\u00bb][et_pb_column type=\u00bb1_4&#8243; _builder_version=\u00bb4.3.4&#8243;][et_pb_image src=\u00bbhttps:\/\/sentec.es\/wp-content\/uploads\/2020\/03\/www.sentec.es-tanque-flotante-Ro-Tank-4.jpg\u00bb url=\u00bbhttps:\/\/sentec.es\/index.php\/tanques-2\/\u00bb _builder_version=\u00bb4.3.4&#8243;][\/et_pb_image][\/et_pb_column][et_pb_column type=\u00bb1_4&#8243; _builder_version=\u00bb4.3.4&#8243;][et_pb_image src=\u00bbhttps:\/\/sentec.es\/wp-content\/uploads\/2020\/03\/www.sentec.es-embarcacion-antipolucion-5.jpg\u00bb url=\u00bbhttps:\/\/sentec.es\/index.php\/embarcaciones-2\/\u00bb _builder_version=\u00bb4.3.4&#8243;][\/et_pb_image][\/et_pb_column][et_pb_column type=\u00bb1_4&#8243; _builder_version=\u00bb4.3.4&#8243;][et_pb_image src=\u00bbhttps:\/\/sentec.es\/wp-content\/uploads\/2020\/03\/www.sentec.es-absorbentes-hidrocarburos-2.jpg\u00bb _builder_version=\u00bb4.3.4&#8243;][\/et_pb_image][\/et_pb_column][et_pb_column type=\u00bb1_4&#8243; _builder_version=\u00bb4.3.4&#8243;][et_pb_image src=\u00bbhttps:\/\/sentec.es\/wp-content\/uploads\/2020\/04\/Central-hidraulica-DESMI-11.jpg\u00bb _builder_version=\u00bb4.3.4&#8243;][\/et_pb_image][\/et_pb_column][\/et_pb_row][et_pb_row column_structure=\u00bb1_4,1_4,1_4,1_4&#8243; _builder_version=\u00bb4.3.4&#8243; custom_margin=\u00bb-27px|auto||auto||\u00bb][et_pb_column type=\u00bb1_4&#8243; _builder_version=\u00bb4.3.4&#8243;][et_pb_text _builder_version=\u00bb4.3.4&#8243; text_font=\u00bb||||||||\u00bb link_option_url=\u00bbhttps:\/\/sentec.es\/index.php\/tanques-2\/\u00bb]<\/p>\n<p style=\"text-align: left;\"><span style=\"text-decoration: underline;\"><b>TANQUES &amp; DEP\u00d3SITOS<\/b><\/span><\/p>\n<p>Tanques flotantes<\/p>\n<p>Tanques terrestres<\/p>\n<p>Tanques plegables<\/p>\n<p>Tanques r\u00edgidos<\/p>\n<p>[\/et_pb_text][\/et_pb_column][et_pb_column type=\u00bb1_4&#8243; _builder_version=\u00bb4.3.4&#8243;][et_pb_text _builder_version=\u00bb4.3.4&#8243; text_font=\u00bb||||||||\u00bb link_option_url=\u00bbhttps:\/\/sentec.es\/index.php\/embarcaciones-2\/\u00bb hover_enabled=\u00bb0&#8243;]<\/p>\n<p style=\"text-align: left;\"><span style=\"text-decoration: underline;\"><b>EMBARCACIONES<\/b><\/span><\/p>\n<p>Pollcraft<\/p>\n<p>Pollcat<\/p>\n<p>Pollkitten<\/p>\n<p>Kazicat<\/p>\n<p>[\/et_pb_text][\/et_pb_column][et_pb_column type=\u00bb1_4&#8243; _builder_version=\u00bb4.3.4&#8243;][et_pb_text _builder_version=\u00bb4.3.4&#8243;]<\/p>\n<p style=\"text-align: left;\"><span style=\"text-decoration: underline;\"><b>ABSORBENTES <a href=\"https:\/\/sentec.es\/index.php\/absorventes-oilsorb\/\">OIL<\/a> &amp; <a href=\"https:\/\/sentec.es\/index.php\/absorbentes-chemsorb\/\">CHEM<\/a><\/b><\/span><\/p>\n<p>Para hidrocarburos<\/p>\n<p>Para productos qu\u00edmicos<\/p>\n<p>Barreras, pa\u00f1os, rollos<\/p>\n<p>Almohadillas, cordones<\/p>\n<p>[\/et_pb_text][\/et_pb_column][et_pb_column type=\u00bb1_4&#8243; _builder_version=\u00bb4.3.4&#8243;][et_pb_text _builder_version=\u00bb4.3.4&#8243;]<\/p>\n<p style=\"text-align: left;\"><span style=\"text-decoration: underline;\"><b>ACCESORIOS VARIOS<\/b><\/span><\/p>\n<p><a href=\"https:\/\/sentec.es\/index.php\/centrales-hidraulicas\/\">Centrales hidr\u00e1ulicas<\/a><\/p>\n<p><a href=\"https:\/\/sentec.es\/index.php\/contenedores-carreteles\/\">Carreteles de barreras<\/a><\/p>\n<p><a href=\"https:\/\/sentec.es\/index.php\/contenedores-carreteles\/\">Carreteles de mangueras<\/a><\/p>\n<p><a href=\"https:\/\/sentec.es\/index.php\/contenedores-carreteles\/\">Contenedores de servicio<\/a><\/p>\n<p>[\/et_pb_text][\/et_pb_column][\/et_pb_row][\/et_pb_section][et_pb_section fb_built=\u00bb1&#8243; fullwidth=\u00bbon\u00bb _builder_version=\u00bb4.3.4&#8243;][et_pb_fullwidth_image src=\u00bbhttps:\/\/sentec.es\/wp-content\/uploads\/2020\/03\/Imagen73-1.jpg\u00bb disabled_on=\u00bbon|on|off\u00bb _builder_version=\u00bb4.3.4&#8243;][\/et_pb_fullwidth_image][\/et_pb_section]<\/p>\n","protected":false},"excerpt":{"rendered":"<p>EQUIPOS PARA LA CONTENCI\u00d3N Y\u00a0RECUPERACI\u00d3N DE VERTIDOS\u00a0L\u00cdQUIDOS Y S\u00d3LIDOSBARRERAS FLOTANTES Barreras portuarias Barreras oce\u00e1nicas Barreras permanentes Barreras ign\u00edfugasBARRERAS TERRESTRES Barreras Spillstop Barreras Flowstop Barreras absorbentes Barreras selladorasSKIMMERS &#8211; HIDROCARBUROS Skimmers de rebosadero Skimmers de discos Skimmers de cepillos Skimmers de sogaBOMBAS &#8211; HIDROCARBUROS Bombas de diafragma Bombas centr\u00edfugas Bombas de tornillo Anillos de inyecci\u00f3nTANQUES &amp; [&hellip;]<\/p>\n","protected":false},"author":1,"featured_media":0,"parent":0,"menu_order":0,"comment_status":"closed","ping_status":"closed","template":"","meta":{"_et_pb_use_builder":"on","_et_pb_old_content":"","_et_gb_content_width":"","footnotes":""},"class_list":["post-175","page","type-page","status-publish","hentry"],"aioseo_notices":[],"_links":{"self":[{"href":"https:\/\/sentec.es\/index.php\/wp-json\/wp\/v2\/pages\/175"}],"collection":[{"href":"https:\/\/sentec.es\/index.php\/wp-json\/wp\/v2\/pages"}],"about":[{"href":"https:\/\/sentec.es\/index.php\/wp-json\/wp\/v2\/types\/page"}],"author":[{"embeddable":true,"href":"https:\/\/sentec.es\/index.php\/wp-json\/wp\/v2\/users\/1"}],"replies":[{"embeddable":true,"href":"https:\/\/sentec.es\/index.php\/wp-json\/wp\/v2\/comments?post=175"}],"version-history":[{"count":48,"href":"https:\/\/sentec.es\/index.php\/wp-json\/wp\/v2\/pages\/175\/revisions"}],"predecessor-version":[{"id":2724,"href":"https:\/\/sentec.es\/index.php\/wp-json\/wp\/v2\/pages\/175\/revisions\/2724"}],"wp:attachment":[{"href":"https:\/\/sentec.es\/index.php\/wp-json\/wp\/v2\/media?parent=175"}],"curies":[{"name":"wp","href":"https:\/\/api.w.org\/{rel}","templated":true}]}}