{"id":1833,"date":"2020-04-09T10:51:25","date_gmt":"2020-04-09T08:51:25","guid":{"rendered":"http:\/\/sentec.es\/?page_id=1833"},"modified":"2020-11-27T13:24:42","modified_gmt":"2020-11-27T11:24:42","slug":"recogida-plasticos-flotantes-enviro-enhancer-enviro-tube","status":"publish","type":"page","link":"https:\/\/sentec.es\/index.php\/recogida-plasticos-flotantes-enviro-enhancer-enviro-tube\/","title":{"rendered":"ENVIRO-ENHANCER &#038; ENVIRO-TUBE"},"content":{"rendered":"<p>[et_pb_section fb_built=\u00bb1&#8243; _builder_version=\u00bb4.3.4&#8243;][et_pb_row _builder_version=\u00bb4.3.4&#8243; custom_padding=\u00bb||5px|||\u00bb][et_pb_column type=\u00bb4_4&#8243; _builder_version=\u00bb4.3.4&#8243;][et_pb_text _builder_version=\u00bb4.3.4&#8243; text_font=\u00bbVerdana||||||||\u00bb text_font_size=\u00bb17px\u00bb header_font_size=\u00bb25px\u00bb custom_margin=\u00bb||1px|||\u00bb custom_padding=\u00bb||0px|||\u00bb]<\/p>\n<h1 style=\"text-align: left;\"><strong>ENVIRO-ENHANCER &amp; ENVIRO-TUBE<\/strong><\/h1>\n<h2><strong><br \/> Sistemas para la recuperaci\u00f3n de s\u00f3lidos flotantes<\/strong><\/h2>\n<p>&nbsp;<\/p>\n<p style=\"text-align: justify;\">La contaminaci\u00f3n de los mares y los r\u00edos con residuos pl\u00e1sticos se ha convertido en un grave problema para el medio ambiente. \u00a0Las estimaciones para el a\u00f1o 2050 son alarmantes, ya que se estima que habr\u00e1\u00a0m\u00e1s de 10.000 millones de toneladas de desechos pl\u00e1sticos esparcidos en entornos naturales.\u00a0 Esta contaminaci\u00f3n no s\u00f3lo implica una p\u00e9rdida de biodiversidad para el ecosistema acu\u00e1tico, sino que tambi\u00e9n afecta a la calidad del agua necesaria para el consumo humano, la agricultura y la ganader\u00eda.\u00a0El <em>DESMI Enviro-Enhancer<\/em> y el <em>DESMI Enviro-Tube<\/em> han sido dise\u00f1ados para la recogida de pl\u00e1sticos y otros s\u00f3lidos flotantes en r\u00edos, acequias y azarbes de una forma eficiente y con un m\u00ednimo de mantenimiento.<\/p>\n<p>[\/et_pb_text][\/et_pb_column][\/et_pb_row][et_pb_row column_structure=\u00bb1_3,1_3,1_3&#8243; _builder_version=\u00bb4.3.4&#8243;][et_pb_column type=\u00bb1_3&#8243; _builder_version=\u00bb4.3.4&#8243;][et_pb_image src=\u00bbhttps:\/\/sentec.es\/wp-content\/uploads\/2020\/04\/Enviro-Enhancer-6.jpg\u00bb _builder_version=\u00bb4.3.4&#8243; hover_enabled=\u00bb0&#8243;][\/et_pb_image][\/et_pb_column][et_pb_column type=\u00bb1_3&#8243; _builder_version=\u00bb4.3.4&#8243;][et_pb_image src=\u00bbhttps:\/\/sentec.es\/wp-content\/uploads\/2020\/04\/Enviro-Enhancer-2.jpg\u00bb _builder_version=\u00bb4.3.4&#8243;][\/et_pb_image][\/et_pb_column][et_pb_column type=\u00bb1_3&#8243; _builder_version=\u00bb4.3.4&#8243;][et_pb_image src=\u00bbhttps:\/\/sentec.es\/wp-content\/uploads\/2020\/04\/Enviro-Enhancer-1.jpg\u00bb _builder_version=\u00bb4.3.4&#8243;][\/et_pb_image][\/et_pb_column][\/et_pb_row][et_pb_row _builder_version=\u00bb4.3.4&#8243; custom_padding=\u00bb||12px|||\u00bb][et_pb_column type=\u00bb4_4&#8243; _builder_version=\u00bb4.3.4&#8243;][et_pb_text _builder_version=\u00bb4.3.4&#8243; text_font=\u00bbVerdana||||||||\u00bb text_font_size=\u00bb17px\u00bb custom_margin=\u00bb-23px|||||\u00bb custom_padding=\u00bb||0px|||\u00bb hover_enabled=\u00bb0&#8243;]<\/p>\n<p style=\"text-align: justify;\">El Enviro-Enhancer puede contener gran parte de los s\u00f3lidos de la superficie mientras que permite que las part\u00edculas m\u00e1s peque\u00f1as y la mayor\u00eda de los materiales naturales suspendidos en la columna de agua puedan pasar a trav\u00e9s de ella.<\/p>\n<p style=\"text-align: justify;\">\n[\/et_pb_text][\/et_pb_column][\/et_pb_row][et_pb_row _builder_version=\u00bb4.3.4&#8243; column_structure=\u00bb1_3,1_3,1_3&#8243; hover_enabled=\u00bb0&#8243; custom_padding=\u00bb1px|||||\u00bb][et_pb_column _builder_version=\u00bb4.3.4&#8243; type=\u00bb1_3&#8243;][et_pb_image src=\u00bbhttps:\/\/sentec.es\/wp-content\/uploads\/2020\/11\/desmi-enviro-clean_enhancer_1.jpg\u00bb _builder_version=\u00bb4.3.4&#8243; hover_enabled=\u00bb0&#8243;][\/et_pb_image][\/et_pb_column][et_pb_column _builder_version=\u00bb4.3.4&#8243; type=\u00bb1_3&#8243;][et_pb_image src=\u00bbhttps:\/\/sentec.es\/wp-content\/uploads\/2020\/11\/desmi-rise_s.jpg\u00bb _builder_version=\u00bb4.3.4&#8243; hover_enabled=\u00bb0&#8243;][\/et_pb_image][\/et_pb_column][et_pb_column _builder_version=\u00bb4.3.4&#8243; type=\u00bb1_3&#8243;][et_pb_image src=\u00bbhttps:\/\/sentec.es\/wp-content\/uploads\/2020\/11\/desmi-rise_s_1.jpg\u00bb _builder_version=\u00bb4.3.4&#8243; hover_enabled=\u00bb0&#8243;][\/et_pb_image][\/et_pb_column][\/et_pb_row][et_pb_row _builder_version=\u00bb4.3.4&#8243; custom_padding=\u00bb||12px|||\u00bb][et_pb_column type=\u00bb4_4&#8243; _builder_version=\u00bb4.3.4&#8243;][et_pb_text _builder_version=\u00bb4.3.4&#8243; text_font=\u00bbVerdana||||||||\u00bb text_font_size=\u00bb17px\u00bb custom_margin=\u00bb-23px|||||\u00bb custom_padding=\u00bb||0px|||\u00bb hover_enabled=\u00bb0&#8243;]<\/p>\n<p style=\"text-align: justify;\">El Enviro-Enhancer puede ser anclado al lecho del r\u00edo mediante pilares, aunque tambi\u00e9n disponemos de unidades de flotaci\u00f3n libre. El sistema utiliza el flujo natural del r\u00edo para atrapar el pl\u00e1stico y est\u00e1 dise\u00f1ado para un funcionamiento aut\u00f3nomo las 24 horas del d\u00eda. La cesta de recogida flota en la superficie adapt\u00e1ndose a los cambios de nivel del agua o a las mareas.<\/p>\n<p>[\/et_pb_text][\/et_pb_column][\/et_pb_row][et_pb_row column_structure=\u00bb1_5,1_5,1_5,1_5,1_5&#8243; _builder_version=\u00bb4.3.4&#8243; custom_padding=\u00bb3px|||||\u00bb][et_pb_column type=\u00bb1_5&#8243; _builder_version=\u00bb4.3.4&#8243;][et_pb_image src=\u00bbhttps:\/\/sentec.es\/wp-content\/uploads\/2020\/04\/Enviro-Enhancer-3.jpg\u00bb _builder_version=\u00bb4.3.4&#8243;][\/et_pb_image][\/et_pb_column][et_pb_column type=\u00bb1_5&#8243; _builder_version=\u00bb4.3.4&#8243;][et_pb_image src=\u00bbhttps:\/\/sentec.es\/wp-content\/uploads\/2020\/04\/Enviro-Enhancer-4.jpg\u00bb _builder_version=\u00bb4.3.4&#8243;][\/et_pb_image][\/et_pb_column][et_pb_column type=\u00bb1_5&#8243; _builder_version=\u00bb4.3.4&#8243;][et_pb_image src=\u00bbhttps:\/\/sentec.es\/wp-content\/uploads\/2020\/04\/Enviro-Enhancer-7.jpg\u00bb _builder_version=\u00bb4.3.4&#8243;][\/et_pb_image][\/et_pb_column][et_pb_column type=\u00bb1_5&#8243; _builder_version=\u00bb4.3.4&#8243;][et_pb_image src=\u00bbhttps:\/\/sentec.es\/wp-content\/uploads\/2020\/04\/Enviro-Enhancer-5.jpg\u00bb _builder_version=\u00bb4.3.4&#8243;][\/et_pb_image][\/et_pb_column][et_pb_column type=\u00bb1_5&#8243; _builder_version=\u00bb4.3.4&#8243;][et_pb_image src=\u00bbhttps:\/\/sentec.es\/wp-content\/uploads\/2020\/04\/Enviro-Enhancer-8.jpg\u00bb _builder_version=\u00bb4.3.4&#8243;][\/et_pb_image][\/et_pb_column][\/et_pb_row][et_pb_row _builder_version=\u00bb4.3.4&#8243;][et_pb_column type=\u00bb4_4&#8243; _builder_version=\u00bb4.3.4&#8243;][et_pb_text _builder_version=\u00bb4.3.4&#8243; text_font=\u00bbVerdana||||||||\u00bb text_font_size=\u00bb17px\u00bb custom_margin=\u00bb-25px|||||\u00bb]<\/p>\n<p style=\"text-align: justify;\">Los flotadores llevan un relleno de espuma de polietileno para garantizar la flotabilidad en caso de rotura. La estructura se fabrica en acero galvanizado en caliente. El Enviro-Enhancer se conecta a un tramo de barrera flotante que dirige los s\u00f3lidos flotantes hasta la cesta. La barrera se puede fondear de modo que s\u00f3lo abarque parte del r\u00edo y no interfiera el paso de embarcaciones.<\/p>\n<p>[\/et_pb_text][\/et_pb_column][\/et_pb_row][et_pb_row _builder_version=\u00bb4.3.4&#8243; column_structure=\u00bb1_4,1_4,1_4,1_4&#8243; custom_margin=\u00bb-28px|auto||auto||\u00bb][et_pb_column _builder_version=\u00bb4.3.4&#8243; type=\u00bb1_4&#8243;][et_pb_image src=\u00bbhttps:\/\/sentec.es\/wp-content\/uploads\/2020\/11\/Page-8-Image-11.jpg\u00bb _builder_version=\u00bb4.3.4&#8243; hover_enabled=\u00bb0&#8243;][\/et_pb_image][\/et_pb_column][et_pb_column _builder_version=\u00bb4.3.4&#8243; type=\u00bb1_4&#8243;][et_pb_image src=\u00bbhttps:\/\/sentec.es\/wp-content\/uploads\/2020\/11\/Page-8-Image-10.jpg\u00bb _builder_version=\u00bb4.3.4&#8243; hover_enabled=\u00bb0&#8243; custom_padding=\u00bb|0px||||\u00bb][\/et_pb_image][\/et_pb_column][et_pb_column _builder_version=\u00bb4.3.4&#8243; type=\u00bb1_4&#8243;][et_pb_image src=\u00bbhttps:\/\/sentec.es\/wp-content\/uploads\/2020\/11\/Page-8-Image-9.jpg\u00bb _builder_version=\u00bb4.3.4&#8243; hover_enabled=\u00bb0&#8243; custom_padding=\u00bb|0px||||\u00bb][\/et_pb_image][\/et_pb_column][et_pb_column _builder_version=\u00bb4.3.4&#8243; type=\u00bb1_4&#8243;][et_pb_image src=\u00bbhttps:\/\/sentec.es\/wp-content\/uploads\/2020\/11\/desmi-enviro-tube_2.jpg\u00bb _builder_version=\u00bb4.3.4&#8243; hover_enabled=\u00bb0&#8243; custom_padding=\u00bb|0px||||\u00bb][\/et_pb_image][\/et_pb_column][\/et_pb_row][et_pb_row _builder_version=\u00bb4.3.4&#8243; custom_padding=\u00bb6px|||||\u00bb][et_pb_column type=\u00bb4_4&#8243; _builder_version=\u00bb4.3.4&#8243;][et_pb_text _builder_version=\u00bb4.3.4&#8243; text_font=\u00bbVerdana||||||||\u00bb text_font_size=\u00bb17px\u00bb]<\/p>\n<p style=\"text-align: justify;\">El <em>Enviro-Tube<\/em> es un sistema ligero y port\u00e1til para la recuperaci\u00f3n de s\u00f3lidos flotantes en lugares de dif\u00edcil acceso. Se conecta entre dos tramos de barrera flotante y utiliza bolsas desechables o reutilizables para atrapar los residuos.<\/p>\n<p>[\/et_pb_text][\/et_pb_column][\/et_pb_row][\/et_pb_section]<\/p>\n","protected":false},"excerpt":{"rendered":"<p>ENVIRO-ENHANCER &amp; ENVIRO-TUBE Sistemas para la recuperaci\u00f3n de s\u00f3lidos flotantes &nbsp; La contaminaci\u00f3n de los mares y los r\u00edos con residuos pl\u00e1sticos se ha convertido en un grave problema para el medio ambiente. \u00a0Las estimaciones para el a\u00f1o 2050 son alarmantes, ya que se estima que habr\u00e1\u00a0m\u00e1s de 10.000 millones de toneladas de desechos pl\u00e1sticos [&hellip;]<\/p>\n","protected":false},"author":1,"featured_media":0,"parent":0,"menu_order":0,"comment_status":"closed","ping_status":"closed","template":"","meta":{"_et_pb_use_builder":"on","_et_pb_old_content":"","_et_gb_content_width":"","footnotes":""},"class_list":["post-1833","page","type-page","status-publish","hentry"],"aioseo_notices":[],"_links":{"self":[{"href":"https:\/\/sentec.es\/index.php\/wp-json\/wp\/v2\/pages\/1833"}],"collection":[{"href":"https:\/\/sentec.es\/index.php\/wp-json\/wp\/v2\/pages"}],"about":[{"href":"https:\/\/sentec.es\/index.php\/wp-json\/wp\/v2\/types\/page"}],"author":[{"embeddable":true,"href":"https:\/\/sentec.es\/index.php\/wp-json\/wp\/v2\/users\/1"}],"replies":[{"embeddable":true,"href":"https:\/\/sentec.es\/index.php\/wp-json\/wp\/v2\/comments?post=1833"}],"version-history":[{"count":8,"href":"https:\/\/sentec.es\/index.php\/wp-json\/wp\/v2\/pages\/1833\/revisions"}],"predecessor-version":[{"id":2562,"href":"https:\/\/sentec.es\/index.php\/wp-json\/wp\/v2\/pages\/1833\/revisions\/2562"}],"wp:attachment":[{"href":"https:\/\/sentec.es\/index.php\/wp-json\/wp\/v2\/media?parent=1833"}],"curies":[{"name":"wp","href":"https:\/\/api.w.org\/{rel}","templated":true}]}}