{"id":236,"date":"2020-03-03T16:02:35","date_gmt":"2020-03-03T16:02:35","guid":{"rendered":"http:\/\/sentec.es\/?page_id=236"},"modified":"2020-09-25T12:08:42","modified_gmt":"2020-09-25T10:08:42","slug":"productos-2","status":"publish","type":"page","link":"https:\/\/sentec.es\/index.php\/productos-2\/","title":{"rendered":"Productos 2"},"content":{"rendered":"<p>[et_pb_section fb_built=\u00bb1&#8243; admin_label=\u00bbHero Section\u00bb _builder_version=\u00bb4.3.4&#8243; use_background_color_gradient=\u00bbon\u00bb background_color_gradient_start=\u00bbrgba(0,0,0,0.5)\u00bb background_color_gradient_end=\u00bbrgba(0,0,0,0)\u00bb background_color_gradient_overlays_image=\u00bbon\u00bb background_image=\u00bbhttps:\/\/sentec.es\/wp-content\/uploads\/2020\/02\/travel-landscape-19.jpg\u00bb parallax=\u00bbon\u00bb min_height=\u00bb660px\u00bb custom_margin=\u00bb|||\u00bb custom_padding=\u00bb0%||0%|||\u00bb][et_pb_row _builder_version=\u00bb3.25&#8243; background_size=\u00bbinitial\u00bb background_position=\u00bbtop_left\u00bb background_repeat=\u00bbrepeat\u00bb][et_pb_column type=\u00bb4_4&#8243; _builder_version=\u00bb3.25&#8243; custom_padding=\u00bb|||\u00bb custom_padding__hover=\u00bb|||\u00bb][et_pb_text admin_label=\u00bbTitle\u00bb _builder_version=\u00bb3.27.4&#8243; text_font=\u00bbQuattrocento||||||||\u00bb text_font_size=\u00bb22px\u00bb text_line_height=\u00bb2em\u00bb header_font=\u00bbQuattrocento|||on|||||\u00bb header_text_align=\u00bbcenter\u00bb header_font_size=\u00bb80px\u00bb header_letter_spacing=\u00bb6px\u00bb header_line_height=\u00bb1.4em\u00bb text_orientation=\u00bbcenter\u00bb background_layout=\u00bbdark\u00bb max_width=\u00bb800px\u00bb module_alignment=\u00bbcenter\u00bb animation_style=\u00bbslide\u00bb animation_direction=\u00bbtop\u00bb animation_intensity_slide=\u00bb3%\u00bb animation_starting_opacity=\u00bb100%\u00bb header_font_size_tablet=\u00bb40px\u00bb header_font_size_phone=\u00bb\u00bb header_font_size_last_edited=\u00bbon|tablet\u00bb]<\/p>\n<h1>BARRERAS SKIMMERS BOMBAS<\/h1>\n<p>EQUIPOS PARA LA CONTENCI\u00d3N DE VERTIDOS DE L\u00cdQUIDOS Y S\u00d3LIDOS EN AGUA Y EN TIERRA<\/p>\n<p>[\/et_pb_text][\/et_pb_column][\/et_pb_row][\/et_pb_section][et_pb_section fb_built=\u00bb1&#8243; admin_label=\u00bbBlog Section\u00bb _builder_version=\u00bb3.22&#8243; min_height=\u00bb380px\u00bb custom_margin=\u00bb||-1px|||\u00bb custom_padding=\u00bb51px||50px|||\u00bb][et_pb_row _builder_version=\u00bb4.3.4&#8243; min_height=\u00bb48px\u00bb custom_margin=\u00bb47px|auto||auto||\u00bb][et_pb_column type=\u00bb4_4&#8243; _builder_version=\u00bb4.3.4&#8243;][et_pb_text _builder_version=\u00bb4.3.4&#8243; text_font=\u00bbVerdana||||||||\u00bb text_font_size=\u00bb17px\u00bb hover_enabled=\u00bb0&#8243;]<\/p>\n<p style=\"text-align: center;\"><span style=\"text-decoration: underline;\"><b><i>LA M\u00c1S AMPLIA GAMA DE EQUIPOS PARA EL CONTROL DE VERTIDOS<\/i><\/b><\/span><\/p>\n<p style=\"text-align: justify;\">Somos\u00a0 una empresa especializada en el dise\u00f1o, fabricaci\u00f3n y comercializaci\u00f3n de equipos para la contenci\u00f3n y recuperaci\u00f3n de vertidos de l\u00edquidos y s\u00f3lidos. Estamos en disposici\u00f3n de recomendar la soluci\u00f3n m\u00e1s adecuada a las necesidades de cada cliente al disponer de la gama de productos m\u00e1s amplia del mercado espa\u00f1ol. Nuestro liderazgo se basa en la fiabilidad tecnol\u00f3gica de los productos, en la agilidad de respuesta y en nuestro fuerte compromiso de servicio al cliente.<\/p>\n<p>[\/et_pb_text][\/et_pb_column][\/et_pb_row][et_pb_row column_structure=\u00bb1_4,1_4,1_4,1_4&#8243; _builder_version=\u00bb4.3.4&#8243;][et_pb_column type=\u00bb1_4&#8243; _builder_version=\u00bb4.3.4&#8243;][et_pb_image src=\u00bbhttps:\/\/sentec.es\/wp-content\/uploads\/2020\/03\/www.sentec.es-skimmer-Desmi-Terminator19.jpg\u00bb url=\u00bbhttps:\/\/sentec.es\/index.php\/vertidos-en-agua\/\u00bb align=\u00bbcenter\u00bb _builder_version=\u00bb4.3.4&#8243;][\/et_pb_image][et_pb_text _builder_version=\u00bb4.3.4&#8243; link_option_url=\u00bbhttps:\/\/sentec.es\/index.php\/vertidos-en-agua\/\u00bb]<\/p>\n<p style=\"text-align: center;\"><b>VERTIDOS L\u00cdQUIDOS EN AGUA<\/b><\/p>\n<p>[\/et_pb_text][\/et_pb_column][et_pb_column type=\u00bb1_4&#8243; _builder_version=\u00bb4.3.4&#8243;][et_pb_image src=\u00bbhttps:\/\/sentec.es\/wp-content\/uploads\/2020\/03\/www.sentec.es-11.jpg\u00bb url=\u00bbhttps:\/\/sentec.es\/index.php\/solidos-en-agua\/\u00bb align=\u00bbcenter\u00bb _builder_version=\u00bb4.3.4&#8243;][\/et_pb_image][et_pb_text _builder_version=\u00bb4.3.4&#8243; link_option_url=\u00bbhttps:\/\/sentec.es\/index.php\/solidos-en-agua\/\u00bb]<\/p>\n<p style=\"text-align: center;\"><b>VERTIDOS\u00a0 S\u00d3LIDOS EN AGUA<\/b><\/p>\n<p>[\/et_pb_text][\/et_pb_column][et_pb_column type=\u00bb1_4&#8243; _builder_version=\u00bb4.3.4&#8243;][et_pb_image src=\u00bbhttps:\/\/sentec.es\/wp-content\/uploads\/2020\/03\/WWW.SENTEC.ES-Fastank.jpg\u00bb url=\u00bbhttps:\/\/sentec.es\/index.php\/vertidos-en-tierra-2\/\u00bb align=\u00bbcenter\u00bb _builder_version=\u00bb4.3.4&#8243;][\/et_pb_image][et_pb_text _builder_version=\u00bb4.3.4&#8243; custom_padding=\u00bb||0px|||\u00bb link_option_url=\u00bbhttps:\/\/sentec.es\/index.php\/vertidos-en-tierra-2\/\u00bb]<\/p>\n<p style=\"text-align: center;\"><b>VERTIDOS L\u00cdQUIDOS EN TIERRA<\/b><\/p>\n<p>[\/et_pb_text][\/et_pb_column][et_pb_column type=\u00bb1_4&#8243; _builder_version=\u00bb4.3.4&#8243;][et_pb_image src=\u00bbhttps:\/\/sentec.es\/wp-content\/uploads\/2020\/03\/www.sentec.es-barrera-rerrestre-Flowstop.jpg\u00bb url=\u00bbhttps:\/\/sentec.es\/index.php\/riadas-inundaciones-2\/\u00bb align=\u00bbcenter\u00bb _builder_version=\u00bb4.3.4&#8243;][\/et_pb_image][et_pb_text _builder_version=\u00bb4.3.4&#8243; custom_padding=\u00bb||0px|||\u00bb link_option_url=\u00bbhttps:\/\/sentec.es\/index.php\/riadas-inundaciones-2\/\u00bb]<\/p>\n<p style=\"text-align: center;\"><b>INUNDACIONES Y RIADAS<\/b><\/p>\n<p>[\/et_pb_text][\/et_pb_column][\/et_pb_row][\/et_pb_section][et_pb_section fb_built=\u00bb1&#8243; fullwidth=\u00bbon\u00bb _builder_version=\u00bb4.3.4&#8243;][et_pb_fullwidth_image src=\u00bbhttps:\/\/sentec.es\/wp-content\/uploads\/2020\/04\/www.sentec.es-barrera-inflable-Ro-Boom.jpg\u00bb _builder_version=\u00bb4.3.4&#8243;][\/et_pb_fullwidth_image][\/et_pb_section]<\/p>\n","protected":false},"excerpt":{"rendered":"<p>BARRERAS SKIMMERS BOMBAS EQUIPOS PARA LA CONTENCI\u00d3N DE VERTIDOS DE L\u00cdQUIDOS Y S\u00d3LIDOS EN AGUA Y EN TIERRALA M\u00c1S AMPLIA GAMA DE EQUIPOS PARA EL CONTROL DE VERTIDOS Somos\u00a0 una empresa especializada en el dise\u00f1o, fabricaci\u00f3n y comercializaci\u00f3n de equipos para la contenci\u00f3n y recuperaci\u00f3n de vertidos de l\u00edquidos y s\u00f3lidos. Estamos en disposici\u00f3n de [&hellip;]<\/p>\n","protected":false},"author":1,"featured_media":0,"parent":0,"menu_order":0,"comment_status":"closed","ping_status":"closed","template":"","meta":{"_et_pb_use_builder":"on","_et_pb_old_content":"","_et_gb_content_width":"","footnotes":""},"class_list":["post-236","page","type-page","status-publish","hentry"],"aioseo_notices":[],"_links":{"self":[{"href":"https:\/\/sentec.es\/index.php\/wp-json\/wp\/v2\/pages\/236"}],"collection":[{"href":"https:\/\/sentec.es\/index.php\/wp-json\/wp\/v2\/pages"}],"about":[{"href":"https:\/\/sentec.es\/index.php\/wp-json\/wp\/v2\/types\/page"}],"author":[{"embeddable":true,"href":"https:\/\/sentec.es\/index.php\/wp-json\/wp\/v2\/users\/1"}],"replies":[{"embeddable":true,"href":"https:\/\/sentec.es\/index.php\/wp-json\/wp\/v2\/comments?post=236"}],"version-history":[{"count":22,"href":"https:\/\/sentec.es\/index.php\/wp-json\/wp\/v2\/pages\/236\/revisions"}],"predecessor-version":[{"id":2509,"href":"https:\/\/sentec.es\/index.php\/wp-json\/wp\/v2\/pages\/236\/revisions\/2509"}],"wp:attachment":[{"href":"https:\/\/sentec.es\/index.php\/wp-json\/wp\/v2\/media?parent=236"}],"curies":[{"name":"wp","href":"https:\/\/api.w.org\/{rel}","templated":true}]}}