{"id":311,"date":"2020-03-04T14:44:01","date_gmt":"2020-03-04T14:44:01","guid":{"rendered":"http:\/\/sentec.es\/?page_id=311"},"modified":"2024-11-15T14:27:03","modified_gmt":"2024-11-15T12:27:03","slug":"enlaces","status":"publish","type":"page","link":"https:\/\/sentec.es\/index.php\/enlaces\/","title":{"rendered":"Enlaces"},"content":{"rendered":"<p>[et_pb_section fb_built=\u00bb1&#8243; admin_label=\u00bbHero Section\u00bb _builder_version=\u00bb4.3.4&#8243; use_background_color_gradient=\u00bbon\u00bb background_color_gradient_start=\u00bbrgba(0,0,0,0.5)\u00bb background_color_gradient_end=\u00bbrgba(0,0,0,0)\u00bb background_color_gradient_overlays_image=\u00bbon\u00bb background_image=\u00bbhttps:\/\/sentec.es\/wp-content\/uploads\/2020\/02\/travel-landscape-19.jpg\u00bb parallax=\u00bbon\u00bb min_height=\u00bb658px\u00bb custom_margin=\u00bb||0px|||\u00bb custom_padding=\u00bb3.2%||0.7%|||\u00bb global_colors_info=\u00bb{}\u00bb][et_pb_row _builder_version=\u00bb3.25&#8243; background_size=\u00bbinitial\u00bb background_position=\u00bbtop_left\u00bb background_repeat=\u00bbrepeat\u00bb global_colors_info=\u00bb{}\u00bb][et_pb_column type=\u00bb4_4&#8243; _builder_version=\u00bb3.25&#8243; custom_padding=\u00bb|||\u00bb global_colors_info=\u00bb{}\u00bb custom_padding__hover=\u00bb|||\u00bb][et_pb_text admin_label=\u00bbTitle\u00bb _builder_version=\u00bb4.3.4&#8243; text_font=\u00bbQuattrocento||||||||\u00bb text_font_size=\u00bb22px\u00bb text_line_height=\u00bb2em\u00bb header_font=\u00bbQuattrocento|||on|||||\u00bb header_text_align=\u00bbcenter\u00bb header_font_size=\u00bb80px\u00bb header_letter_spacing=\u00bb6px\u00bb header_line_height=\u00bb1.4em\u00bb text_orientation=\u00bbcenter\u00bb background_layout=\u00bbdark\u00bb max_width=\u00bb800px\u00bb module_alignment=\u00bbcenter\u00bb animation_style=\u00bbslide\u00bb animation_direction=\u00bbtop\u00bb animation_intensity_slide=\u00bb3%\u00bb animation_starting_opacity=\u00bb100%\u00bb header_font_size_tablet=\u00bb40px\u00bb header_font_size_phone=\u00bb30px\u00bb header_font_size_last_edited=\u00bbon|tablet\u00bb global_colors_info=\u00bb{}\u00bb]<\/p>\n<h1><\/h1>\n<h1><\/h1>\n<h1>ENLACES<\/h1>\n<h1>DESCARGAS<\/h1>\n<p>EQUIPOS PARA LA CONTENCI\u00d3N DE VERTIDOS DE L\u00cdQUIDOS Y S\u00d3LIDOS EN AGUA Y EN TIERRA<\/p>\n<p>[\/et_pb_text][\/et_pb_column][\/et_pb_row][\/et_pb_section][et_pb_section fb_built=\u00bb1&#8243; admin_label=\u00bbBlog Section\u00bb _builder_version=\u00bb3.22&#8243; custom_padding=\u00bb41px||50px|||\u00bb global_colors_info=\u00bb{}\u00bb][et_pb_row column_structure=\u00bb1_4,1_4,1_4,1_4&#8243; _builder_version=\u00bb4.3.4&#8243; global_colors_info=\u00bb{}\u00bb][et_pb_column type=\u00bb1_4&#8243; _builder_version=\u00bb4.3.4&#8243; global_colors_info=\u00bb{}\u00bb][et_pb_image src=\u00bbhttps:\/\/sentec.es\/wp-content\/uploads\/2020\/03\/www.sentec.es-barrera-flotante-Ro-Boom.jpg\u00bb alt=\u00bbBarrera flotante Ro Boom\u00bb title_text=\u00bbBarrera flotante Ro Boom\u00bb url=\u00bbhttps:\/\/www.desmiro-clean.com\/products-solutions\/oil-spill-response\/\u00bb url_new_window=\u00bbon\u00bb _builder_version=\u00bb4.10.6&#8243; custom_margin=\u00bb||2px|||\u00bb hover_enabled=\u00bb0&#8243; global_colors_info=\u00bb{}\u00bb sticky_enabled=\u00bb0&#8243;][\/et_pb_image][et_pb_text _builder_version=\u00bb4.3.4&#8243; link_option_url=\u00bbhttps:\/\/www.desmi.com\/desmi-products\/enviroclean.aspx\u00bb link_option_url_new_window=\u00bbon\u00bb global_colors_info=\u00bb{}\u00bb]<\/p>\n<p style=\"text-align: center;\"><b>WEB DESMI ENVIRO-CLEAN<\/b><\/p>\n<p>[\/et_pb_text][\/et_pb_column][et_pb_column type=\u00bb1_4&#8243; _builder_version=\u00bb4.3.4&#8243; global_colors_info=\u00bb{}\u00bb][et_pb_image src=\u00bbhttps:\/\/sentec.es\/wp-content\/uploads\/2020\/12\/www.sentec.es-equipos-antipolucion.jpg\u00bb url=\u00bbhttps:\/\/www.desmiro-clean.com\/brochures-videos\/brochure-library\/\u00bb url_new_window=\u00bbon\u00bb _builder_version=\u00bb4.10.6&#8243; min_height=\u00bb176px\u00bb custom_margin=\u00bb||3px|||\u00bb hover_enabled=\u00bb0&#8243; global_colors_info=\u00bb{}\u00bb sticky_enabled=\u00bb0&#8243;][\/et_pb_image][et_pb_text _builder_version=\u00bb4.3.4&#8243; link_option_url=\u00bbhttps:\/\/www.desmi.com\/oil-spill-response-brochures.aspx\u00bb link_option_url_new_window=\u00bbon\u00bb global_colors_info=\u00bb{}\u00bb]<\/p>\n<p style=\"text-align: center;\"><b>CAT\u00c1LOGOS EN INGLES<\/b><\/p>\n<p>[\/et_pb_text][\/et_pb_column][et_pb_column type=\u00bb1_4&#8243; _builder_version=\u00bb4.3.4&#8243; global_colors_info=\u00bb{}\u00bb][et_pb_image src=\u00bbhttps:\/\/sentec.es\/wp-content\/uploads\/2020\/03\/www.sentec.es-barreras-contencion-.jpg\u00bb url=\u00bbhttps:\/\/www.desmiro-clean.com\/videos\/\u00bb url_new_window=\u00bbon\u00bb _builder_version=\u00bb4.10.6&#8243; custom_margin=\u00bb||2px|||\u00bb hover_enabled=\u00bb0&#8243; global_colors_info=\u00bb{}\u00bb sticky_enabled=\u00bb0&#8243;][\/et_pb_image][et_pb_text _builder_version=\u00bb4.3.4&#8243; custom_padding=\u00bb||0px|||\u00bb link_option_url=\u00bbhttps:\/\/www.desmi.com\/videos\/?segment=enviro-clean&#038;page=2&#8243; link_option_url_new_window=\u00bbon\u00bb global_colors_info=\u00bb{}\u00bb]<\/p>\n<p style=\"text-align: center;\"><b>VIDEOS EQUIPOS DESMI<\/b><\/p>\n<p>[\/et_pb_text][\/et_pb_column][et_pb_column type=\u00bb1_4&#8243; _builder_version=\u00bb4.3.4&#8243; global_colors_info=\u00bb{}\u00bb][et_pb_image src=\u00bbhttps:\/\/sentec.es\/wp-content\/uploads\/2020\/04\/desmi1b.jpg\u00bb url=\u00bbhttps:\/\/www.desmiro-clean.com\/products-solutions\/enviro-care\/\u00bb _builder_version=\u00bb4.10.6&#8243; min_height=\u00bb176px\u00bb custom_margin=\u00bb||2px|||\u00bb hover_enabled=\u00bb0&#8243; global_colors_info=\u00bb{}\u00bb sticky_enabled=\u00bb0&#8243;][\/et_pb_image][et_pb_text _builder_version=\u00bb4.3.4&#8243; custom_padding=\u00bb||0px|||\u00bb link_option_url=\u00bbhttps:\/\/www.desmi.com\/enviro-clean-equipment.aspx\u00bb link_option_url_new_window=\u00bbon\u00bb global_colors_info=\u00bb{}\u00bb]<\/p>\n<p style=\"text-align: center;\"><b>WEB DESMI ENVIRO-CARE<\/b><\/p>\n<p>[\/et_pb_text][\/et_pb_column][\/et_pb_row][et_pb_row _builder_version=\u00bb4.3.4&#8243; global_colors_info=\u00bb{}\u00bb][et_pb_column type=\u00bb4_4&#8243; _builder_version=\u00bb4.3.4&#8243; global_colors_info=\u00bb{}\u00bb][et_pb_image src=\u00bbhttps:\/\/sentec.es\/wp-content\/uploads\/2020\/04\/image038.jpg\u00bb url=\u00bbhttps:\/\/www.youtube.com\/watch?v=n6bFvDW0dmk&#038;list=PLHkqBLlagVARzQkAFpRNixnQE1R3bCr5_&#038;index=36&#8243; url_new_window=\u00bbon\u00bb _builder_version=\u00bb4.3.4&#8243; global_colors_info=\u00bb{}\u00bb][\/et_pb_image][\/et_pb_column][\/et_pb_row][et_pb_row column_structure=\u00bb1_4,1_4,1_4,1_4&#8243; _builder_version=\u00bb4.3.4&#8243; global_colors_info=\u00bb{}\u00bb][et_pb_column type=\u00bb1_4&#8243; _builder_version=\u00bb4.3.4&#8243; global_colors_info=\u00bb{}\u00bb][et_pb_video src_webm=\u00bbhttps:\/\/sentec.es\/wp-content\/uploads\/2020\/04\/DOP250.mp4&#8243; image_src=\u00bbhttps:\/\/sentec.es\/wp-content\/uploads\/2020\/03\/www.sentec.es-bomba-tornillo-Desmi-DOP-5.jpg\u00bb thumbnail_overlay_color=\u00bbrgba(0,0,0,0.6)\u00bb _builder_version=\u00bb4.3.4&#8243; min_height=\u00bb161px\u00bb custom_margin=\u00bb||5px|||\u00bb custom_padding=\u00bb||0px|||\u00bb global_colors_info=\u00bb{}\u00bb][\/et_pb_video][et_pb_text _builder_version=\u00bb4.3.4&#8243; link_option_url_new_window=\u00bbon\u00bb global_colors_info=\u00bb{}\u00bb]<\/p>\n<p style=\"text-align: center;\"><b>Video bomba DOP<\/b><\/p>\n<p>[\/et_pb_text][\/et_pb_column][et_pb_column type=\u00bb1_4&#8243; _builder_version=\u00bb4.3.4&#8243; global_colors_info=\u00bb{}\u00bb][et_pb_video src_webm=\u00bbhttps:\/\/sentec.es\/wp-content\/uploads\/2020\/03\/Spillstop.mp4&#8243; image_src=\u00bbhttps:\/\/sentec.es\/wp-content\/uploads\/2020\/03\/www.sentec.es-barrera-riadas-8.jpg\u00bb thumbnail_overlay_color=\u00bbrgba(0,0,0,0.6)\u00bb _builder_version=\u00bb4.3.4&#8243; custom_margin=\u00bb||5px|||\u00bb custom_padding=\u00bb||52px|||\u00bb global_colors_info=\u00bb{}\u00bb][\/et_pb_video][et_pb_text _builder_version=\u00bb4.3.4&#8243; link_option_url_new_window=\u00bbon\u00bb global_colors_info=\u00bb{}\u00bb]<\/p>\n<p style=\"text-align: center;\"><b>Video Spillstop<\/b><\/p>\n<p>[\/et_pb_text][\/et_pb_column][et_pb_column type=\u00bb1_4&#8243; _builder_version=\u00bb4.3.4&#8243; global_colors_info=\u00bb{}\u00bb][et_pb_video src_webm=\u00bbhttps:\/\/sentec.es\/wp-content\/uploads\/2020\/04\/Flowstop-3.mp4&#8243; image_src=\u00bbhttps:\/\/sentec.es\/wp-content\/uploads\/2020\/03\/barrera-terrestre-Flowstop-7.jpg\u00bb thumbnail_overlay_color=\u00bbrgba(0,0,0,0.6)\u00bb _builder_version=\u00bb4.3.4&#8243; custom_margin=\u00bb||5px|||\u00bb custom_padding=\u00bb||52px|||\u00bb global_colors_info=\u00bb{}\u00bb][\/et_pb_video][et_pb_text _builder_version=\u00bb4.3.4&#8243; link_option_url_new_window=\u00bbon\u00bb global_colors_info=\u00bb{}\u00bb]<\/p>\n<p style=\"text-align: center;\"><b>Video Flowstop<\/b><\/p>\n<p>[\/et_pb_text][\/et_pb_column][et_pb_column type=\u00bb1_4&#8243; _builder_version=\u00bb4.3.4&#8243; global_colors_info=\u00bb{}\u00bb][et_pb_video src_webm=\u00bbhttps:\/\/sentec.es\/wp-content\/uploads\/2020\/04\/1-FASTANK-Corporate-Video.mp4&#8243; image_src=\u00bbhttps:\/\/sentec.es\/wp-content\/uploads\/2020\/03\/tanque-portatil-Fastank-6-1.jpg\u00bb thumbnail_overlay_color=\u00bbrgba(0,0,0,0.6)\u00bb _builder_version=\u00bb4.3.4&#8243; min_height=\u00bb179px\u00bb custom_margin=\u00bb||5px|||\u00bb custom_padding=\u00bb||51px|||\u00bb global_colors_info=\u00bb{}\u00bb][\/et_pb_video][et_pb_text _builder_version=\u00bb4.3.4&#8243; link_option_url_new_window=\u00bbon\u00bb global_colors_info=\u00bb{}\u00bb]<\/p>\n<p style=\"text-align: center;\"><b>Video Fastank<\/b><\/p>\n<p>[\/et_pb_text][\/et_pb_column][\/et_pb_row][et_pb_row column_structure=\u00bb1_4,1_4,1_4,1_4&#8243; _builder_version=\u00bb4.3.4&#8243; global_colors_info=\u00bb{}\u00bb][et_pb_column type=\u00bb1_4&#8243; _builder_version=\u00bb4.3.4&#8243; global_colors_info=\u00bb{}\u00bb][et_pb_video src_webm=\u00bbhttps:\/\/sentec.es\/wp-content\/uploads\/2021\/02\/Despliegue-barrera-Troilboom-GP-750_0.mp4&#8243; image_src=\u00bbhttps:\/\/sentec.es\/wp-content\/uploads\/2020\/04\/www.sentec.es-carretel-barrera-flotante-8.jpg\u00bb thumbnail_overlay_color=\u00bbrgba(0,0,0,0.6)\u00bb _builder_version=\u00bb4.3.4&#8243; min_height=\u00bb179px\u00bb custom_margin=\u00bb||5px|||\u00bb custom_padding=\u00bb||1px|||\u00bb global_colors_info=\u00bb{}\u00bb][\/et_pb_video][et_pb_text _builder_version=\u00bb4.3.4&#8243; custom_margin=\u00bb-3px|||||\u00bb custom_padding=\u00bb6px|2px||||\u00bb link_option_url_new_window=\u00bbon\u00bb global_colors_info=\u00bb{}\u00bb]<\/p>\n<p style=\"text-align: center;\"><b>Despliegue barrera Troilboom GP 750<\/b><\/p>\n<p>[\/et_pb_text][\/et_pb_column][et_pb_column type=\u00bb1_4&#8243; _builder_version=\u00bb4.3.4&#8243; global_colors_info=\u00bb{}\u00bb][et_pb_video src_webm=\u00bbhttps:\/\/sentec.es\/wp-content\/uploads\/2020\/04\/Troilboom-GP-750-ASTM.mp4&#8243; image_src=\u00bbhttps:\/\/sentec.es\/wp-content\/uploads\/2020\/04\/www.sentec.es-carretel-barrera-flotante-2.jpg\u00bb thumbnail_overlay_color=\u00bbrgba(0,0,0,0.6)\u00bb _builder_version=\u00bb4.3.4&#8243; custom_margin=\u00bb||5px|||\u00bb custom_padding=\u00bb||52px|||\u00bb global_colors_info=\u00bb{}\u00bb][\/et_pb_video][et_pb_text _builder_version=\u00bb4.3.4&#8243; link_option_url_new_window=\u00bbon\u00bb global_colors_info=\u00bb{}\u00bb]<\/p>\n<p style=\"text-align: center;\"><b>Despliegue barrera Troilboom GP 750<\/b><\/p>\n<p>[\/et_pb_text][\/et_pb_column][et_pb_column type=\u00bb1_4&#8243; _builder_version=\u00bb4.3.4&#8243; global_colors_info=\u00bb{}\u00bb][et_pb_video src_webm=\u00bbhttps:\/\/sentec.es\/wp-content\/uploads\/2021\/02\/Barrera-para-la-contenci\u00f3n-de-algas-DESMI-Mesh-Boom.mp4&#8243; image_src=\u00bbhttps:\/\/sentec.es\/wp-content\/uploads\/2020\/03\/C-1.jpg\u00bb thumbnail_overlay_color=\u00bbrgba(0,0,0,0.6)\u00bb _builder_version=\u00bb4.3.4&#8243; custom_margin=\u00bb||5px|||\u00bb custom_padding=\u00bb||52px|||\u00bb global_colors_info=\u00bb{}\u00bb][\/et_pb_video][et_pb_text _builder_version=\u00bb4.3.4&#8243; link_option_url_new_window=\u00bbon\u00bb global_colors_info=\u00bb{}\u00bb]<\/p>\n<p style=\"text-align: center;\"><b>Barrera contenci\u00f3n de algas Mesh-Boom<\/b><\/p>\n<p>[\/et_pb_text][\/et_pb_column][et_pb_column type=\u00bb1_4&#8243; _builder_version=\u00bb4.3.4&#8243; global_colors_info=\u00bb{}\u00bb][et_pb_video src_webm=\u00bbhttps:\/\/sentec.es\/wp-content\/uploads\/2021\/02\/Sistema-para-la-recogida-de-algas.mp4&#8243; image_src=\u00bbhttps:\/\/sentec.es\/wp-content\/uploads\/2021\/02\/Barrera-antialgas.jpg\u00bb thumbnail_overlay_color=\u00bbrgba(0,0,0,0.6)\u00bb _builder_version=\u00bb4.3.4&#8243; min_height=\u00bb179px\u00bb custom_margin=\u00bb||5px|||\u00bb custom_padding=\u00bb||51px|||\u00bb global_colors_info=\u00bb{}\u00bb][\/et_pb_video][et_pb_text _builder_version=\u00bb4.3.4&#8243; link_option_url_new_window=\u00bbon\u00bb global_colors_info=\u00bb{}\u00bb]<\/p>\n<p style=\"text-align: center;\"><b>Sistema recogida de algas Desmi ST MK II<\/b><\/p>\n<p>[\/et_pb_text][\/et_pb_column][\/et_pb_row][et_pb_row column_structure=\u00bb1_4,1_4,1_4,1_4&#8243; _builder_version=\u00bb4.3.4&#8243; global_colors_info=\u00bb{}\u00bb][et_pb_column type=\u00bb1_4&#8243; _builder_version=\u00bb4.3.4&#8243; global_colors_info=\u00bb{}\u00bb][et_pb_video src=\u00bbhttps:\/\/www.youtube.com\/watch?v=TzHkVaGAE80&#038;t=19s\u00bb image_src=\u00bbhttps:\/\/sentec.es\/wp-content\/uploads\/2020\/03\/www.sentec.es-barrera-contencion-Ro-Boom-4.jpg\u00bb thumbnail_overlay_color=\u00bbrgba(0,0,0,0.6)\u00bb _builder_version=\u00bb4.3.4&#8243; min_height=\u00bb179px\u00bb custom_margin=\u00bb||5px|||\u00bb custom_padding=\u00bb||1px|||\u00bb global_colors_info=\u00bb{}\u00bb][\/et_pb_video][et_pb_text _builder_version=\u00bb4.3.4&#8243; custom_margin=\u00bb-3px|||||\u00bb custom_padding=\u00bb6px|2px||||\u00bb link_option_url_new_window=\u00bbon\u00bb global_colors_info=\u00bb{}\u00bb]<\/p>\n<p style=\"text-align: center;\"><b>Despliegue RO-BOOM 1500<\/b><\/p>\n<p>[\/et_pb_text][\/et_pb_column][et_pb_column type=\u00bb1_4&#8243; _builder_version=\u00bb4.3.4&#8243; global_colors_info=\u00bb{}\u00bb][et_pb_video src=\u00bbhttps:\/\/www.youtube.com\/watch?v=-lOyFNv2Q2A\u00bb image_src=\u00bbhttps:\/\/sentec.es\/wp-content\/uploads\/2020\/03\/www.sentec.es-barrera-flotante-oceanica-Ro-Boom.jpg\u00bb thumbnail_overlay_color=\u00bbrgba(0,0,0,0.6)\u00bb _builder_version=\u00bb4.3.4&#8243; min_height=\u00bb179px\u00bb custom_margin=\u00bb||5px|||\u00bb custom_padding=\u00bb||1px|||\u00bb global_colors_info=\u00bb{}\u00bb][\/et_pb_video][et_pb_text _builder_version=\u00bb4.3.4&#8243; link_option_url_new_window=\u00bbon\u00bb global_colors_info=\u00bb{}\u00bb]<\/p>\n<p style=\"text-align: center;\"><b>Despliegue RO-BOOM 1800<\/b><\/p>\n<p>[\/et_pb_text][\/et_pb_column][et_pb_column type=\u00bb1_4&#8243; _builder_version=\u00bb4.3.4&#8243; global_colors_info=\u00bb{}\u00bb][et_pb_video src=\u00bbhttps:\/\/www.youtube.com\/watch?v=oNGS3tJPYjU&#038;t=38s\u00bb image_src=\u00bbhttps:\/\/sentec.es\/wp-content\/uploads\/2020\/04\/River-Sweep-1.jpg\u00bb thumbnail_overlay_color=\u00bbrgba(0,0,0,0.6)\u00bb _builder_version=\u00bb4.3.4&#8243; custom_margin=\u00bb||5px|||\u00bb custom_padding=\u00bb||52px|||\u00bb global_colors_info=\u00bb{}\u00bb][\/et_pb_video][et_pb_text _builder_version=\u00bb4.3.4&#8243; link_option_url_new_window=\u00bbon\u00bb global_colors_info=\u00bb{}\u00bb]<\/p>\n<p style=\"text-align: center;\"><b>Sistema SPEED SWEEP<\/b><\/p>\n<p>[\/et_pb_text][\/et_pb_column][et_pb_column type=\u00bb1_4&#8243; _builder_version=\u00bb4.3.4&#8243; global_colors_info=\u00bb{}\u00bb][et_pb_video src=\u00bbhttps:\/\/www.youtube.com\/watch?v=EdaTPI0L3mk&#038;t=19s\u00bb image_src=\u00bbhttps:\/\/sentec.es\/wp-content\/uploads\/2020\/03\/DESMI-SPEED-SWEEP-barrera-corrientes-rapidas-2.jpg\u00bb thumbnail_overlay_color=\u00bbrgba(0,0,0,0.6)\u00bb _builder_version=\u00bb4.3.4&#8243; min_height=\u00bb179px\u00bb custom_margin=\u00bb||5px|||\u00bb custom_padding=\u00bb||51px|||\u00bb global_colors_info=\u00bb{}\u00bb][\/et_pb_video][et_pb_text _builder_version=\u00bb4.3.4&#8243; link_option_url_new_window=\u00bbon\u00bb global_colors_info=\u00bb{}\u00bb]<\/p>\n<p style=\"text-align: center;\"><b>SPEED SWEEP corrientes r\u00e1pidas<\/b><\/p>\n<p>[\/et_pb_text][\/et_pb_column][\/et_pb_row][et_pb_row column_structure=\u00bb1_4,1_4,1_4,1_4&#8243; _builder_version=\u00bb4.3.4&#8243; global_colors_info=\u00bb{}\u00bb][et_pb_column type=\u00bb1_4&#8243; _builder_version=\u00bb4.3.4&#8243; global_colors_info=\u00bb{}\u00bb][et_pb_video src=\u00bbhttps:\/\/www.youtube.com\/watch?v=2I8HtqRFkWg\u00bb image_src=\u00bbhttps:\/\/sentec.es\/wp-content\/uploads\/2021\/03\/Skimmer-DBD13-4.jpg\u00bb thumbnail_overlay_color=\u00bbrgba(0,0,0,0.6)\u00bb _builder_version=\u00bb4.3.4&#8243; min_height=\u00bb179px\u00bb custom_margin=\u00bb||5px|||\u00bb custom_padding=\u00bb||1px|||\u00bb global_colors_info=\u00bb{}\u00bb][\/et_pb_video][et_pb_text _builder_version=\u00bb4.3.4&#8243; custom_margin=\u00bb-3px|||||\u00bb custom_padding=\u00bb6px|2px||||\u00bb link_option_url_new_window=\u00bbon\u00bb global_colors_info=\u00bb{}\u00bb]<\/p>\n<p style=\"text-align: center;\"><b>Skimmer DESMI DBD 13<\/b><\/p>\n<p>[\/et_pb_text][\/et_pb_column][et_pb_column type=\u00bb1_4&#8243; _builder_version=\u00bb4.3.4&#8243; global_colors_info=\u00bb{}\u00bb][et_pb_video src=\u00bbhttps:\/\/www.youtube.com\/watch?v=h7V1Jw1p_jM&#038;t=2s\u00bb image_src=\u00bbhttps:\/\/sentec.es\/wp-content\/uploads\/2020\/03\/Desmi-Sweeper.jpg\u00bb thumbnail_overlay_color=\u00bbrgba(0,0,0,0.6)\u00bb _builder_version=\u00bb4.3.4&#8243; min_height=\u00bb179px\u00bb custom_margin=\u00bb||5px|||\u00bb custom_padding=\u00bb||1px|||\u00bb global_colors_info=\u00bb{}\u00bb][\/et_pb_video][et_pb_text _builder_version=\u00bb4.3.4&#8243; link_option_url_new_window=\u00bbon\u00bb global_colors_info=\u00bb{}\u00bb]<\/p>\n<p style=\"text-align: center;\"><b>Equipo bombeo Crane Sweeper<\/b><\/p>\n<p>[\/et_pb_text][\/et_pb_column][et_pb_column type=\u00bb1_4&#8243; _builder_version=\u00bb4.3.4&#8243; global_colors_info=\u00bb{}\u00bb][et_pb_video src=\u00bbhttps:\/\/www.youtube.com\/watch?v=-f_QpQjh0Ag\u00bb image_src=\u00bbhttps:\/\/sentec.es\/wp-content\/uploads\/2020\/03\/www.sentec.es-embarcacion-antipolucion-3.jpg\u00bb thumbnail_overlay_color=\u00bbrgba(0,0,0,0.6)\u00bb _builder_version=\u00bb4.3.4&#8243; custom_margin=\u00bb||5px|||\u00bb custom_padding=\u00bb||52px|||\u00bb global_colors_info=\u00bb{}\u00bb][\/et_pb_video][et_pb_text _builder_version=\u00bb4.3.4&#8243; link_option_url_new_window=\u00bbon\u00bb global_colors_info=\u00bb{}\u00bb]<\/p>\n<p style=\"text-align: center;\"><b>Embarcaci\u00f3n PollCat<\/b><\/p>\n<p>[\/et_pb_text][\/et_pb_column][et_pb_column type=\u00bb1_4&#8243; _builder_version=\u00bb4.3.4&#8243; global_colors_info=\u00bb{}\u00bb][et_pb_video src=\u00bbhttps:\/\/www.youtube.com\/watch?v=NNwD7cnRaaU\u00bb image_src=\u00bbhttps:\/\/sentec.es\/wp-content\/uploads\/2020\/11\/desmi-enviro-clean_enhancer_1.jpg\u00bb thumbnail_overlay_color=\u00bbrgba(0,0,0,0.6)\u00bb _builder_version=\u00bb4.3.4&#8243; min_height=\u00bb179px\u00bb custom_margin=\u00bb||5px|||\u00bb custom_padding=\u00bb||51px|||\u00bb global_colors_info=\u00bb{}\u00bb][\/et_pb_video][et_pb_text _builder_version=\u00bb4.3.4&#8243; link_option_url_new_window=\u00bbon\u00bb global_colors_info=\u00bb{}\u00bb]<\/p>\n<p style=\"text-align: center;\"><b>Recogida de basura flotante<\/b><\/p>\n<p>[\/et_pb_text][\/et_pb_column][\/et_pb_row][\/et_pb_section][et_pb_section fb_built=\u00bb1&#8243; fullwidth=\u00bbon\u00bb _builder_version=\u00bb4.3.4&#8243; global_colors_info=\u00bb{}\u00bb][et_pb_fullwidth_image src=\u00bbhttps:\/\/sentec.es\/wp-content\/uploads\/2020\/04\/Barrera-portuaria-Troilboom.jpg\u00bb _builder_version=\u00bb4.3.4&#8243; global_colors_info=\u00bb{}\u00bb][\/et_pb_fullwidth_image][\/et_pb_section]<\/p>\n","protected":false},"excerpt":{"rendered":"<p>ENLACES DESCARGAS EQUIPOS PARA LA CONTENCI\u00d3N DE VERTIDOS DE L\u00cdQUIDOS Y S\u00d3LIDOS EN AGUA Y EN TIERRAWEB DESMI ENVIRO-CLEANCAT\u00c1LOGOS EN INGLESVIDEOS EQUIPOS DESMIWEB DESMI ENVIRO-CAREVideo bomba DOPVideo SpillstopVideo FlowstopVideo FastankDespliegue barrera Troilboom GP 750Despliegue barrera Troilboom GP 750Barrera contenci\u00f3n de algas Mesh-BoomSistema recogida de algas Desmi ST MK IIDespliegue RO-BOOM 1500Despliegue RO-BOOM 1800Sistema SPEED SWEEPSPEED [&hellip;]<\/p>\n","protected":false},"author":1,"featured_media":0,"parent":0,"menu_order":0,"comment_status":"closed","ping_status":"closed","template":"","meta":{"_et_pb_use_builder":"on","_et_pb_old_content":"","_et_gb_content_width":"","footnotes":""},"class_list":["post-311","page","type-page","status-publish","hentry"],"aioseo_notices":[],"_links":{"self":[{"href":"https:\/\/sentec.es\/index.php\/wp-json\/wp\/v2\/pages\/311"}],"collection":[{"href":"https:\/\/sentec.es\/index.php\/wp-json\/wp\/v2\/pages"}],"about":[{"href":"https:\/\/sentec.es\/index.php\/wp-json\/wp\/v2\/types\/page"}],"author":[{"embeddable":true,"href":"https:\/\/sentec.es\/index.php\/wp-json\/wp\/v2\/users\/1"}],"replies":[{"embeddable":true,"href":"https:\/\/sentec.es\/index.php\/wp-json\/wp\/v2\/comments?post=311"}],"version-history":[{"count":44,"href":"https:\/\/sentec.es\/index.php\/wp-json\/wp\/v2\/pages\/311\/revisions"}],"predecessor-version":[{"id":2851,"href":"https:\/\/sentec.es\/index.php\/wp-json\/wp\/v2\/pages\/311\/revisions\/2851"}],"wp:attachment":[{"href":"https:\/\/sentec.es\/index.php\/wp-json\/wp\/v2\/media?parent=311"}],"curies":[{"name":"wp","href":"https:\/\/api.w.org\/{rel}","templated":true}]}}