{"id":430,"date":"2020-03-06T13:13:07","date_gmt":"2020-03-06T11:13:07","guid":{"rendered":"http:\/\/sentec.es\/?page_id=430"},"modified":"2024-10-29T12:51:28","modified_gmt":"2024-10-29T10:51:28","slug":"barrera-flotante-portuaria-troilboom-gp","status":"publish","type":"page","link":"https:\/\/sentec.es\/index.php\/barrera-flotante-portuaria-troilboom-gp\/","title":{"rendered":"TROILBOOM GP"},"content":{"rendered":"<p>[et_pb_section fb_built=\u00bb1&#8243; _builder_version=\u00bb4.3.4&#8243; global_colors_info=\u00bb{}\u00bb][et_pb_row _builder_version=\u00bb4.3.4&#8243; global_colors_info=\u00bb{}\u00bb][et_pb_column type=\u00bb4_4&#8243; _builder_version=\u00bb4.3.4&#8243; global_colors_info=\u00bb{}\u00bb][et_pb_text _builder_version=\u00bb4.10.6&#8243; text_font=\u00bbVerdana||||||||\u00bb text_font_size=\u00bb17px\u00bb custom_padding=\u00bb||0px|||\u00bb global_colors_info=\u00bb{}\u00bb]<\/p>\n<h1 style=\"text-align: justify;\"><span><strong>DESMI TROILBOOM GP<\/strong><\/span><\/h1>\n<h2><strong><br \/><\/strong><span><strong>Barreras de contenci\u00f3n de flotadores s\u00f3lidos<\/strong><\/span><\/h2>\n<p>&nbsp;<\/p>\n<p style=\"text-align: justify;\">Las <em>TROILBOOM GP<\/em> son barreras robustas y ligeras de despliegue r\u00e1pido y sencillo ideales para aplicaciones portuarias y costeras en las que una intervenci\u00f3n inmediata es esencial. Con m\u00e1s de 25.000 metros suministrados en Espa\u00f1a, las TROILBOOM son las barreras portuarias m\u00e1s utilizadas.<\/p>\n<p>[\/et_pb_text][\/et_pb_column][\/et_pb_row][et_pb_row column_structure=\u00bb1_3,1_3,1_3&#8243; _builder_version=\u00bb4.3.4&#8243; custom_padding=\u00bb4px||4px|||\u00bb global_colors_info=\u00bb{}\u00bb][et_pb_column type=\u00bb1_3&#8243; _builder_version=\u00bb4.3.4&#8243; global_colors_info=\u00bb{}\u00bb][et_pb_image src=\u00bbhttps:\/\/sentec.es\/wp-content\/uploads\/2020\/03\/www.sentec.es-13.jpg\u00bb disabled_on=\u00bboff|off|off\u00bb _builder_version=\u00bb4.3.4&#8243; global_colors_info=\u00bb{}\u00bb][\/et_pb_image][\/et_pb_column][et_pb_column type=\u00bb1_3&#8243; _builder_version=\u00bb4.3.4&#8243; global_colors_info=\u00bb{}\u00bb][et_pb_image src=\u00bbhttps:\/\/sentec.es\/wp-content\/uploads\/2020\/03\/www.sentec.es-14.jpg\u00bb _builder_version=\u00bb4.3.4&#8243; global_colors_info=\u00bb{}\u00bb][\/et_pb_image][\/et_pb_column][et_pb_column type=\u00bb1_3&#8243; _builder_version=\u00bb4.3.4&#8243; global_colors_info=\u00bb{}\u00bb][et_pb_image src=\u00bbhttps:\/\/sentec.es\/wp-content\/uploads\/2020\/03\/www.sentec.es-2.jpg\u00bb disabled_on=\u00bboff|off|off\u00bb _builder_version=\u00bb4.3.4&#8243; global_colors_info=\u00bb{}\u00bb][\/et_pb_image][\/et_pb_column][\/et_pb_row][et_pb_row _builder_version=\u00bb4.3.4&#8243; global_colors_info=\u00bb{}\u00bb][et_pb_column type=\u00bb4_4&#8243; _builder_version=\u00bb4.3.4&#8243; global_colors_info=\u00bb{}\u00bb][et_pb_text _builder_version=\u00bb4.3.4&#8243; text_font=\u00bbVerdana||||||||\u00bb text_font_size=\u00bb17px\u00bb global_colors_info=\u00bb{}\u00bb]<\/p>\n<p style=\"text-align: justify;\">Pueden suministrarse sobre pallet y tambi\u00e9n sobre carreteles de accionamiento manual o hidr\u00e1ulico que permiten desplegar hasta 400m en menos de 9 minutos.<\/p>\n<p style=\"text-align: justify;\">Las barreras TROILBOOM se fabrican con un tejido de fibra de poli\u00e9ster impregnado de una mezcla optimizada de PVC y NBR obteni\u00e9ndose la m\u00e1xima resistencia a la acci\u00f3n de los hidrocarburos, el agua de mar, los rayos ultravioleta y el ozono. Los flotadores son de espuma de polietileno expandido de c\u00e9lulas cerradas, un material totalmente hidr\u00f3fobo que, adem\u00e1s,\u00a0 recobra su forma original en caso de ser deformado.<\/p>\n<p>[\/et_pb_text][\/et_pb_column][\/et_pb_row][et_pb_row column_structure=\u00bb1_3,1_3,1_3&#8243; _builder_version=\u00bb4.3.4&#8243; custom_padding=\u00bb4px||4px|||\u00bb global_colors_info=\u00bb{}\u00bb][et_pb_column type=\u00bb1_3&#8243; _builder_version=\u00bb4.3.4&#8243; global_colors_info=\u00bb{}\u00bb][et_pb_image src=\u00bbhttps:\/\/sentec.es\/wp-content\/uploads\/2020\/03\/www.sentec.es-21.jpg\u00bb disabled_on=\u00bboff|off|off\u00bb _builder_version=\u00bb4.3.4&#8243; global_colors_info=\u00bb{}\u00bb][\/et_pb_image][\/et_pb_column][et_pb_column type=\u00bb1_3&#8243; _builder_version=\u00bb4.3.4&#8243; global_colors_info=\u00bb{}\u00bb][et_pb_video src=\u00bbhttps:\/\/sentec.es\/wp-content\/uploads\/2020\/04\/Troilboom-GP-750-ASTM.mp4&#8243; image_src=\u00bbhttps:\/\/sentec.es\/wp-content\/uploads\/2020\/03\/www.sentec.es-3.jpg\u00bb thumbnail_overlay_color=\u00bbrgba(0,0,0,0.6)\u00bb _builder_version=\u00bb4.3.4&#8243; custom_padding=\u00bb58px|||||\u00bb global_colors_info=\u00bb{}\u00bb][\/et_pb_video][\/et_pb_column][et_pb_column type=\u00bb1_3&#8243; _builder_version=\u00bb4.3.4&#8243; global_colors_info=\u00bb{}\u00bb][et_pb_image src=\u00bbhttps:\/\/sentec.es\/wp-content\/uploads\/2020\/03\/www.sentec.es-18.jpg\u00bb disabled_on=\u00bboff|off|off\u00bb _builder_version=\u00bb4.3.4&#8243; global_colors_info=\u00bb{}\u00bb][\/et_pb_image][\/et_pb_column][\/et_pb_row][et_pb_row _builder_version=\u00bb4.3.4&#8243; global_colors_info=\u00bb{}\u00bb][et_pb_column type=\u00bb4_4&#8243; _builder_version=\u00bb4.3.4&#8243; global_colors_info=\u00bb{}\u00bb][et_pb_text _builder_version=\u00bb4.3.4&#8243; text_font=\u00bbVerdana||||||||\u00bb text_font_size=\u00bb17px\u00bb global_colors_info=\u00bb{}\u00bb]<\/p>\n<p style=\"text-align: justify;\">Las barras de refuerzo verticales situadas a ambos lados de cada flotador proporcionan a la falda de la barrera la rigidez necesaria para evitar su inclinaci\u00f3n y que el hidrocarburo pase por debajo. Al estar fabricadas de poli\u00e9ster y fibra de vidrio no se deforman si son flexionadas.<\/p>\n<p>[\/et_pb_text][\/et_pb_column][\/et_pb_row][et_pb_row column_structure=\u00bb1_3,1_3,1_3&#8243; _builder_version=\u00bb4.3.4&#8243; global_colors_info=\u00bb{}\u00bb][et_pb_column type=\u00bb1_3&#8243; _builder_version=\u00bb4.3.4&#8243; global_colors_info=\u00bb{}\u00bb][et_pb_image src=\u00bbhttps:\/\/sentec.es\/wp-content\/uploads\/2020\/03\/www.sentec.es-10.jpg\u00bb disabled_on=\u00bboff|off|off\u00bb _builder_version=\u00bb4.3.4&#8243; global_colors_info=\u00bb{}\u00bb][\/et_pb_image][\/et_pb_column][et_pb_column type=\u00bb1_3&#8243; _builder_version=\u00bb4.3.4&#8243; global_colors_info=\u00bb{}\u00bb][et_pb_video src=\u00bbhttps:\/\/sentec.es\/wp-content\/uploads\/2021\/02\/Despliegue-barrera-Troilboom-GP-750_0.mp4&#8243; image_src=\u00bbhttps:\/\/sentec.es\/wp-content\/uploads\/2020\/03\/www.sentec.es-1.jpg\u00bb thumbnail_overlay_color=\u00bbrgba(0,0,0,0.6)\u00bb _builder_version=\u00bb4.3.4&#8243; global_colors_info=\u00bb{}\u00bb][\/et_pb_video][\/et_pb_column][et_pb_column type=\u00bb1_3&#8243; _builder_version=\u00bb4.3.4&#8243; global_colors_info=\u00bb{}\u00bb][et_pb_image src=\u00bbhttps:\/\/sentec.es\/wp-content\/uploads\/2020\/04\/www.sentec.es-17.jpg\u00bb _builder_version=\u00bb4.3.4&#8243; global_colors_info=\u00bb{}\u00bb][\/et_pb_image][\/et_pb_column][\/et_pb_row][et_pb_row _builder_version=\u00bb4.3.4&#8243; custom_padding=\u00bb||6px|||\u00bb global_colors_info=\u00bb{}\u00bb][et_pb_column type=\u00bb4_4&#8243; _builder_version=\u00bb4.3.4&#8243; global_colors_info=\u00bb{}\u00bb][et_pb_text _builder_version=\u00bb4.3.4&#8243; text_font=\u00bbVerdana||||||||\u00bb text_font_size=\u00bb17px\u00bb global_colors_info=\u00bb{}\u00bb]<\/p>\n<p style=\"text-align: justify;\">Las barreras TROILBOOM son mundialmente conocidas por su elevada resistencia mec\u00e1nica, consecuencia de la incorporaci\u00f3n de 3 cintas de poli\u00e9ster longitudinales con una resistencia a la tracci\u00f3n de hasta 10 toneladas. Un cuidadoso dise\u00f1o tras intensivas pruebas ha dado como resultado una \u00f3ptima proporci\u00f3n entre francobordo, calado y lastre que permiten a la barrera permanecer erguida en presencia de viento y oleaje. Tanto los flotadores de doble grosor, como el efecto producido por la existencia de las barras verticales de refuerzo, reducen al m\u00ednimo la oscilaci\u00f3n vertical y el balanceo de la barrera.<\/p>\n<p>[\/et_pb_text][\/et_pb_column][\/et_pb_row][et_pb_row _builder_version=\u00bb4.10.6&#8243; global_colors_info=\u00bb{}\u00bb][et_pb_column type=\u00bb4_4&#8243; _builder_version=\u00bb4.3.4&#8243; global_colors_info=\u00bb{}\u00bb][et_pb_text _builder_version=\u00bb4.10.6&#8243; text_font_size=\u00bb16px\u00bb hover_enabled=\u00bb0&#8243; global_colors_info=\u00bb{}\u00bb sticky_enabled=\u00bb0&#8243;]<\/p>\n<table width=\"100%\">\n<tbody>\n<tr>\n<td width=\"34%\"><strong>DATOS T\u00c9CNICOS<\/strong><\/td>\n<td width=\"33%\" style=\"text-align: center;\"><strong>TROILBOOM GP 450<\/strong><\/td>\n<td width=\"33%\" style=\"text-align: center;\"><strong>TROILBOOM GP 750 <\/strong><\/td>\n<\/tr>\n<tr>\n<td width=\"34%\"><strong>Francobordo<\/strong><\/td>\n<td width=\"33%\" style=\"text-align: center;\">0,15 m<\/td>\n<td width=\"33%\" style=\"text-align: center;\">0, 25 m<\/td>\n<\/tr>\n<tr>\n<td width=\"34%\"><strong>Calado<\/strong><\/td>\n<td width=\"33%\" style=\"text-align: center;\">0,30 m<\/td>\n<td width=\"33%\" style=\"text-align: center;\">0,50 m<\/td>\n<\/tr>\n<tr>\n<td width=\"34%\"><strong>Altura total <\/strong><\/td>\n<td width=\"33%\" style=\"text-align: center;\">0,45 m<\/td>\n<td width=\"33%\" style=\"text-align: center;\">0,75 m<\/td>\n<\/tr>\n<tr>\n<td width=\"34%\"><strong>Peso por metro<\/strong><\/td>\n<td width=\"33%\" style=\"text-align: center;\">3,10 kg<\/td>\n<td width=\"33%\" style=\"text-align: center;\">4,20 kg<\/td>\n<\/tr>\n<tr>\n<td width=\"34%\"><strong>Velocidad de despliegue 200 m<\/strong><\/td>\n<td width=\"33%\" style=\"text-align: center;\">3-5 min<\/td>\n<td width=\"33%\" style=\"text-align: center;\">3-5 min<\/td>\n<\/tr>\n<tr>\n<td width=\"34%\"><strong>Material<\/strong><\/td>\n<td width=\"33%\" style=\"text-align: center;\">PVC 650 \u00f3 1000 g\/m2<br \/>Poliuretano 900 g\/m2<\/td>\n<td width=\"33%\" style=\"text-align: center;\">PVC 650 \u00f3 1000 g\/m2<br \/>Poliuretano 900 g\/m2<\/td>\n<\/tr>\n<tr>\n<td width=\"34%\"><strong>Conectores standard<\/strong><\/td>\n<td width=\"33%\" style=\"text-align: center;\">Conector \u2018U\u2019 \u00f3 ASTM<\/td>\n<td width=\"33%\" style=\"text-align: center;\">Conector \u2018U\u2019 \u00f3 ASTM<\/td>\n<\/tr>\n<tr>\n<td width=\"34%\"><strong>Longitud secci\u00f3n standard<\/strong><\/td>\n<td width=\"33%\" style=\"text-align: center;\">25\u00a0 m<\/td>\n<td width=\"33%\" style=\"text-align: center;\">25\u00a0 m<\/td>\n<\/tr>\n<tr>\n<td width=\"34%\"><strong>Lastre<\/strong><\/td>\n<td width=\"33%\" style=\"text-align: center;\">Cadena galvanizada<\/td>\n<td width=\"33%\" style=\"text-align: center;\">Cadena galvanizada<\/td>\n<\/tr>\n<\/tbody>\n<\/table>\n<p>[\/et_pb_text][\/et_pb_column][\/et_pb_row][et_pb_row column_structure=\u00bb1_3,1_3,1_3&#8243; _builder_version=\u00bb4.3.4&#8243; custom_padding=\u00bb4px||4px|||\u00bb global_colors_info=\u00bb{}\u00bb][et_pb_column type=\u00bb1_3&#8243; _builder_version=\u00bb4.3.4&#8243; global_colors_info=\u00bb{}\u00bb][et_pb_image src=\u00bbhttps:\/\/sentec.es\/wp-content\/uploads\/2020\/03\/www.sentec.es-8.jpg\u00bb disabled_on=\u00bboff|off|off\u00bb _builder_version=\u00bb4.3.4&#8243; global_colors_info=\u00bb{}\u00bb][\/et_pb_image][\/et_pb_column][et_pb_column type=\u00bb1_3&#8243; _builder_version=\u00bb4.3.4&#8243; global_colors_info=\u00bb{}\u00bb][et_pb_image src=\u00bbhttps:\/\/sentec.es\/wp-content\/uploads\/2020\/03\/www.sentec.es-19.jpg\u00bb disabled_on=\u00bboff|off|off\u00bb _builder_version=\u00bb4.3.4&#8243; global_colors_info=\u00bb{}\u00bb][\/et_pb_image][\/et_pb_column][et_pb_column type=\u00bb1_3&#8243; _builder_version=\u00bb4.3.4&#8243; global_colors_info=\u00bb{}\u00bb][et_pb_image src=\u00bbhttps:\/\/sentec.es\/wp-content\/uploads\/2020\/03\/www.sentec.es-23.jpg\u00bb _builder_version=\u00bb4.3.4&#8243; global_colors_info=\u00bb{}\u00bb][\/et_pb_image][\/et_pb_column][\/et_pb_row][et_pb_row _builder_version=\u00bb4.3.4&#8243; global_colors_info=\u00bb{}\u00bb][et_pb_column type=\u00bb4_4&#8243; _builder_version=\u00bb4.3.4&#8243; global_colors_info=\u00bb{}\u00bb][et_pb_text _builder_version=\u00bb4.10.6&#8243; text_font_size=\u00bb16px\u00bb hover_enabled=\u00bb0&#8243; global_colors_info=\u00bb{}\u00bb sticky_enabled=\u00bb0&#8243;]<\/p>\n<table width=\"100%\">\n<tbody>\n<tr>\n<td width=\"34%\"><strong>DATOS T\u00c9CNICOS<\/strong><\/td>\n<td width=\"33%\" style=\"text-align: center;\"><strong>TROILBOOM GP 900<\/strong><\/td>\n<td width=\"33%\" style=\"text-align: center;\"><strong>TROILBOOM GP 1100 <\/strong><\/td>\n<\/tr>\n<tr>\n<td width=\"34%\"><strong>Francobordo<\/strong><\/td>\n<td width=\"33%\" style=\"text-align: center;\">0,30 m<\/td>\n<td width=\"33%\" style=\"text-align: center;\">0,40 m<\/td>\n<\/tr>\n<tr>\n<td width=\"34%\"><strong>Calado<\/strong><\/td>\n<td width=\"33%\" style=\"text-align: center;\">0,60 m<\/td>\n<td width=\"33%\" style=\"text-align: center;\">0,70 m<\/td>\n<\/tr>\n<tr>\n<td width=\"34%\"><strong>Altura total <\/strong><\/td>\n<td width=\"33%\" style=\"text-align: center;\">0,90 m<\/td>\n<td width=\"33%\" style=\"text-align: center;\">1,10 m<\/td>\n<\/tr>\n<tr>\n<td width=\"34%\"><strong>Peso por metro<\/strong><\/td>\n<td width=\"33%\" style=\"text-align: center;\">4,50 kg<\/td>\n<td width=\"33%\" style=\"text-align: center;\">5,60 kg<\/td>\n<\/tr>\n<tr>\n<td width=\"34%\"><strong>Velocidad de despliegue 200 m<\/strong><\/td>\n<td width=\"33%\" style=\"text-align: center;\">3-5 min<\/td>\n<td width=\"33%\" style=\"text-align: center;\">3-5 min<\/td>\n<\/tr>\n<tr>\n<td width=\"34%\"><strong>Material<\/strong><\/td>\n<td width=\"33%\" style=\"text-align: center;\">PVC 650 \u00f3 1000 g\/m2<br \/>Poliuretano 900 g\/m2<\/td>\n<td width=\"33%\" style=\"text-align: center;\">PVC 650 \u00f3 1000 g\/m2<br \/>Poliuretano 900 g\/m2<\/td>\n<\/tr>\n<tr>\n<td width=\"34%\"><strong>Conectores standard<\/strong><\/td>\n<td width=\"33%\" style=\"text-align: center;\">Conector \u2018U\u2019 \u00f3 ASTM<\/td>\n<td width=\"33%\" style=\"text-align: center;\">Conector \u2018U\u2019 \u00f3 ASTM<\/td>\n<\/tr>\n<tr>\n<td width=\"34%\"><strong>Longitud secci\u00f3n standard<\/strong><\/td>\n<td width=\"33%\" style=\"text-align: center;\">\u00a025 m<\/td>\n<td width=\"33%\" style=\"text-align: center;\">\u00a025 m<\/td>\n<\/tr>\n<\/tbody>\n<\/table>\n<p>[\/et_pb_text][\/et_pb_column][\/et_pb_row][et_pb_row column_structure=\u00bb1_3,1_3,1_3&#8243; _builder_version=\u00bb4.3.4&#8243; custom_padding=\u00bb4px||4px|||\u00bb global_colors_info=\u00bb{}\u00bb][et_pb_column type=\u00bb1_3&#8243; _builder_version=\u00bb4.3.4&#8243; global_colors_info=\u00bb{}\u00bb][et_pb_image src=\u00bbhttps:\/\/sentec.es\/wp-content\/uploads\/2020\/03\/www.sentec.es-5.jpg\u00bb _builder_version=\u00bb4.3.4&#8243; global_colors_info=\u00bb{}\u00bb][\/et_pb_image][\/et_pb_column][et_pb_column type=\u00bb1_3&#8243; _builder_version=\u00bb4.3.4&#8243; global_colors_info=\u00bb{}\u00bb][et_pb_image src=\u00bbhttps:\/\/sentec.es\/wp-content\/uploads\/2020\/03\/www.sentec.es-6.jpg\u00bb disabled_on=\u00bboff|off|off\u00bb _builder_version=\u00bb4.3.4&#8243; global_colors_info=\u00bb{}\u00bb][\/et_pb_image][\/et_pb_column][et_pb_column type=\u00bb1_3&#8243; _builder_version=\u00bb4.3.4&#8243; global_colors_info=\u00bb{}\u00bb][et_pb_image src=\u00bbhttps:\/\/sentec.es\/wp-content\/uploads\/2020\/03\/www.sentec.es-15.jpg\u00bb _builder_version=\u00bb4.3.4&#8243; global_colors_info=\u00bb{}\u00bb][\/et_pb_image][\/et_pb_column][\/et_pb_row][et_pb_row column_structure=\u00bb1_3,1_3,1_3&#8243; _builder_version=\u00bb4.3.4&#8243; global_colors_info=\u00bb{}\u00bb][et_pb_column type=\u00bb1_3&#8243; _builder_version=\u00bb4.3.4&#8243; global_colors_info=\u00bb{}\u00bb][et_pb_image src=\u00bbhttps:\/\/sentec.es\/wp-content\/uploads\/2020\/03\/www.sentec.es-11-1.jpg\u00bb _builder_version=\u00bb4.3.4&#8243; global_colors_info=\u00bb{}\u00bb][\/et_pb_image][\/et_pb_column][et_pb_column type=\u00bb1_3&#8243; _builder_version=\u00bb4.3.4&#8243; global_colors_info=\u00bb{}\u00bb][et_pb_image src=\u00bbhttps:\/\/sentec.es\/wp-content\/uploads\/2020\/03\/www.sentec.es-25.jpg\u00bb _builder_version=\u00bb4.3.4&#8243; global_colors_info=\u00bb{}\u00bb][\/et_pb_image][\/et_pb_column][et_pb_column type=\u00bb1_3&#8243; _builder_version=\u00bb4.3.4&#8243; global_colors_info=\u00bb{}\u00bb][et_pb_image src=\u00bbhttps:\/\/sentec.es\/wp-content\/uploads\/2020\/03\/www.sentec.es-12.jpg\u00bb disabled_on=\u00bboff|off|off\u00bb _builder_version=\u00bb4.3.4&#8243; global_colors_info=\u00bb{}\u00bb][\/et_pb_image][\/et_pb_column][\/et_pb_row][\/et_pb_section]<\/p>\n","protected":false},"excerpt":{"rendered":"<p>DESMI TROILBOOM GP Barreras de contenci\u00f3n de flotadores s\u00f3lidos &nbsp; Las TROILBOOM GP son barreras robustas y ligeras de despliegue r\u00e1pido y sencillo ideales para aplicaciones portuarias y costeras en las que una intervenci\u00f3n inmediata es esencial. Con m\u00e1s de 25.000 metros suministrados en Espa\u00f1a, las TROILBOOM son las barreras portuarias m\u00e1s utilizadas.Pueden suministrarse sobre [&hellip;]<\/p>\n","protected":false},"author":1,"featured_media":0,"parent":0,"menu_order":0,"comment_status":"closed","ping_status":"closed","template":"","meta":{"_et_pb_use_builder":"on","_et_pb_old_content":"","_et_gb_content_width":"","footnotes":""},"class_list":["post-430","page","type-page","status-publish","hentry"],"aioseo_notices":[],"_links":{"self":[{"href":"https:\/\/sentec.es\/index.php\/wp-json\/wp\/v2\/pages\/430"}],"collection":[{"href":"https:\/\/sentec.es\/index.php\/wp-json\/wp\/v2\/pages"}],"about":[{"href":"https:\/\/sentec.es\/index.php\/wp-json\/wp\/v2\/types\/page"}],"author":[{"embeddable":true,"href":"https:\/\/sentec.es\/index.php\/wp-json\/wp\/v2\/users\/1"}],"replies":[{"embeddable":true,"href":"https:\/\/sentec.es\/index.php\/wp-json\/wp\/v2\/comments?post=430"}],"version-history":[{"count":18,"href":"https:\/\/sentec.es\/index.php\/wp-json\/wp\/v2\/pages\/430\/revisions"}],"predecessor-version":[{"id":2848,"href":"https:\/\/sentec.es\/index.php\/wp-json\/wp\/v2\/pages\/430\/revisions\/2848"}],"wp:attachment":[{"href":"https:\/\/sentec.es\/index.php\/wp-json\/wp\/v2\/media?parent=430"}],"curies":[{"name":"wp","href":"https:\/\/api.w.org\/{rel}","templated":true}]}}