{"id":545,"date":"2020-03-07T18:07:31","date_gmt":"2020-03-07T18:07:31","guid":{"rendered":"http:\/\/sentec.es\/?page_id=545"},"modified":"2023-06-23T10:15:55","modified_gmt":"2023-06-23T08:15:55","slug":"absorventes-oilsorb","status":"publish","type":"page","link":"https:\/\/sentec.es\/index.php\/absorventes-oilsorb\/","title":{"rendered":"Absorbentes Oilsorb"},"content":{"rendered":"<p>[et_pb_section fb_built=\u00bb1&#8243; _builder_version=\u00bb4.3.4&#8243; global_colors_info=\u00bb{}\u00bb][et_pb_row _builder_version=\u00bb4.3.4&#8243; global_colors_info=\u00bb{}\u00bb][et_pb_column type=\u00bb4_4&#8243; _builder_version=\u00bb4.3.4&#8243; global_colors_info=\u00bb{}\u00bb][et_pb_text _builder_version=\u00bb4.3.4&#8243; text_font=\u00bbVerdana||||||||\u00bb text_font_size=\u00bb17px\u00bb global_colors_info=\u00bb{}\u00bb]<\/p>\n<h1 style=\"text-align: justify;\"><span>OILSORB<strong>\u00a0<\/strong><\/span><\/h1>\n<p><strong><br \/> <\/strong><span><strong>Absorbentes de polipropileno para hidrocarburos<\/strong><\/span><\/p>\n<p style=\"text-align: justify;\">Los absorbentes <em><strong>OILSORB <\/strong><\/em>son un medio eficaz y econ\u00f3mico para la contenci\u00f3n y recuperaci\u00f3n de vertidos de aceites y combustibles sobre tierra o agua dada su facilidad de manejo y su elevada absorci\u00f3n. Est\u00e1n constituidos por fibras de polipropileno que, al ser oleofilicas e hidr\u00f3fobas, atraen el hidrocarburo pero repelen el agua.<\/p>\n<p style=\"text-align: justify;\">Su extraordinaria capacidad de absorci\u00f3n en relaci\u00f3n con su peso reduce considerablemente los costes de gesti\u00f3n del absorbente contaminado.<\/p>\n<p>[\/et_pb_text][\/et_pb_column][\/et_pb_row][et_pb_row column_structure=\u00bb1_4,1_4,1_4,1_4&#8243; _builder_version=\u00bb4.3.4&#8243; custom_padding=\u00bb2px||29px|||\u00bb global_colors_info=\u00bb{}\u00bb][et_pb_column type=\u00bb1_4&#8243; _builder_version=\u00bb4.3.4&#8243; global_colors_info=\u00bb{}\u00bb][et_pb_image src=\u00bbhttps:\/\/sentec.es\/wp-content\/uploads\/2020\/03\/Pa\u00f1os-Absorbentes-Sentec-5.jpg\u00bb _builder_version=\u00bb4.3.4&#8243; custom_margin=\u00bb||3px|||\u00bb custom_padding=\u00bb||0px|||\u00bb global_colors_info=\u00bb{}\u00bb][\/et_pb_image][et_pb_text _builder_version=\u00bb4.3.4&#8243; global_colors_info=\u00bb{}\u00bb]<\/p>\n<p style=\"text-align: center;\"><strong>PA\u00d1OS<\/strong><\/p>\n<p>[\/et_pb_text][\/et_pb_column][et_pb_column type=\u00bb1_4&#8243; _builder_version=\u00bb4.3.4&#8243; global_colors_info=\u00bb{}\u00bb][et_pb_image src=\u00bbhttps:\/\/sentec.es\/wp-content\/uploads\/2020\/03\/Rollos-Absorbentes-Sentec-10.jpg\u00bb _builder_version=\u00bb4.3.4&#8243; custom_margin=\u00bb||0px|||\u00bb global_colors_info=\u00bb{}\u00bb][\/et_pb_image][et_pb_text _builder_version=\u00bb4.3.4&#8243; global_colors_info=\u00bb{}\u00bb]<\/p>\n<p style=\"text-align: center;\"><strong>ROLLOS<\/strong><\/p>\n<p>[\/et_pb_text][\/et_pb_column][et_pb_column type=\u00bb1_4&#8243; _builder_version=\u00bb4.3.4&#8243; global_colors_info=\u00bb{}\u00bb][et_pb_image src=\u00bbhttps:\/\/sentec.es\/wp-content\/uploads\/2020\/03\/Cordones-Absorbentes-Sentec-4.jpg\u00bb _builder_version=\u00bb4.3.4&#8243; custom_margin=\u00bb||0px|||\u00bb global_colors_info=\u00bb{}\u00bb][\/et_pb_image][et_pb_text _builder_version=\u00bb4.3.4&#8243; global_colors_info=\u00bb{}\u00bb]<\/p>\n<p style=\"text-align: center;\"><strong>BARRERAS<\/strong><\/p>\n<p>[\/et_pb_text][\/et_pb_column][et_pb_column type=\u00bb1_4&#8243; _builder_version=\u00bb4.3.4&#8243; global_colors_info=\u00bb{}\u00bb][et_pb_image src=\u00bbhttps:\/\/sentec.es\/wp-content\/uploads\/2020\/03\/Cordones-Absorbentes-Sentec-6.jpg\u00bb _builder_version=\u00bb4.3.4&#8243; custom_margin=\u00bb||0px|||\u00bb global_colors_info=\u00bb{}\u00bb][\/et_pb_image][et_pb_text _builder_version=\u00bb4.3.4&#8243; global_colors_info=\u00bb{}\u00bb]<\/p>\n<p style=\"text-align: center;\"><strong>CORDONES<\/strong><\/p>\n<p>[\/et_pb_text][\/et_pb_column][\/et_pb_row][et_pb_row column_structure=\u00bb1_4,1_4,1_4,1_4&#8243; _builder_version=\u00bb4.3.4&#8243; custom_padding=\u00bb40px||42px|||\u00bb global_colors_info=\u00bb{}\u00bb][et_pb_column type=\u00bb1_4&#8243; _builder_version=\u00bb4.3.4&#8243; global_colors_info=\u00bb{}\u00bb][et_pb_image src=\u00bbhttps:\/\/sentec.es\/wp-content\/uploads\/2020\/03\/Almohadillas-Absorbentes-Sentec-12.jpg\u00bb _builder_version=\u00bb4.3.4&#8243; custom_margin=\u00bb||0px|||\u00bb global_colors_info=\u00bb{}\u00bb][\/et_pb_image][et_pb_text _builder_version=\u00bb4.3.4&#8243; global_colors_info=\u00bb{}\u00bb]<\/p>\n<p style=\"text-align: center;\"><strong>ALMOHADILLAS<\/strong><\/p>\n<p>[\/et_pb_text][\/et_pb_column][et_pb_column type=\u00bb1_4&#8243; _builder_version=\u00bb4.3.4&#8243; global_colors_info=\u00bb{}\u00bb][et_pb_image src=\u00bbhttps:\/\/sentec.es\/wp-content\/uploads\/2020\/03\/Pa\u00f1os-Absorbentes-Sentec-1.jpg\u00bb _builder_version=\u00bb4.3.4&#8243; custom_margin=\u00bb||1px|||\u00bb global_colors_info=\u00bb{}\u00bb][\/et_pb_image][et_pb_text _builder_version=\u00bb4.3.4&#8243; global_colors_info=\u00bb{}\u00bb]<\/p>\n<p style=\"text-align: center;\"><strong>PA\u00d1OS ANTIEST\u00c1TICOS<\/strong><\/p>\n<p>[\/et_pb_text][\/et_pb_column][et_pb_column type=\u00bb1_4&#8243; _builder_version=\u00bb4.3.4&#8243; global_colors_info=\u00bb{}\u00bb][et_pb_image src=\u00bbhttps:\/\/sentec.es\/wp-content\/uploads\/2020\/03\/Rollos-Absorbentes-Sentec-8.jpg\u00bb _builder_version=\u00bb4.3.4&#8243; custom_margin=\u00bb||2px|||\u00bb global_colors_info=\u00bb{}\u00bb][\/et_pb_image][et_pb_text _builder_version=\u00bb4.3.4&#8243; global_colors_info=\u00bb{}\u00bb]<\/p>\n<p style=\"text-align: center;\"><strong>ROLLOS ANTIEST\u00c1TICOS<\/strong><\/p>\n<p>[\/et_pb_text][\/et_pb_column][et_pb_column type=\u00bb1_4&#8243; _builder_version=\u00bb4.3.4&#8243; global_colors_info=\u00bb{}\u00bb][et_pb_image src=\u00bbhttps:\/\/sentec.es\/wp-content\/uploads\/2020\/03\/Kit-absorbentes-Sentec.jpg\u00bb _builder_version=\u00bb4.3.4&#8243; custom_margin=\u00bb||1px|||\u00bb global_colors_info=\u00bb{}\u00bb][\/et_pb_image][et_pb_text _builder_version=\u00bb4.3.4&#8243; global_colors_info=\u00bb{}\u00bb]<\/p>\n<p style=\"text-align: center;\"><strong>KITS DE EMERGENCIA<\/strong><\/p>\n<p>[\/et_pb_text][\/et_pb_column][\/et_pb_row][et_pb_row _builder_version=\u00bb4.3.4&#8243; global_colors_info=\u00bb{}\u00bb][et_pb_column type=\u00bb4_4&#8243; _builder_version=\u00bb4.3.4&#8243; global_colors_info=\u00bb{}\u00bb][et_pb_text _builder_version=\u00bb4.3.4&#8243; text_font=\u00bbVerdana||||||||\u00bb text_font_size=\u00bb17px\u00bb global_colors_info=\u00bb{}\u00bb]<\/p>\n<p><span style=\"text-decoration: underline;\"><strong>Principales ventajas<\/strong><\/span><\/p>\n<ul>\n<li>Absorben hasta 20 veces su propio peso<\/li>\n<li>Su reducido volumen en relaci\u00f3n a su capacidad de absorci\u00f3n reduce los costes de almacenamiento y los de eliminaci\u00f3n<\/li>\n<li>Pueden ser reutilizados una vez exprimidos<\/li>\n<li>Pueden ser incinerados, dejando menos de un 0,02 % de cenizas<\/li>\n<li>Alta resistencia al desgarro<\/li>\n<li>Al no ser inflamables no requieren medidas especiales contra incendios<\/li>\n<li>Frente a otros tipos de absorbentes no crean polvo que pueda afectar a la maquinaria<\/li>\n<li>Disponibles en m\u00faltiples formatos para adaptarse a todas las necesidades<\/li>\n<\/ul>\n<p>&nbsp;<\/p>\n<p>[\/et_pb_text][\/et_pb_column][\/et_pb_row][et_pb_row _builder_version=\u00bb4.3.4&#8243; custom_margin=\u00bb-41px|auto||auto||\u00bb global_colors_info=\u00bb{}\u00bb][et_pb_column type=\u00bb4_4&#8243; _builder_version=\u00bb4.3.4&#8243; global_colors_info=\u00bb{}\u00bb][et_pb_text _builder_version=\u00bb4.3.4&#8243; text_font=\u00bbVerdana||||||||\u00bb text_font_size=\u00bb17px\u00bb min_height=\u00bb833px\u00bb custom_margin=\u00bb-52px|||||\u00bb custom_padding=\u00bb||0px|||\u00bb global_colors_info=\u00bb{}\u00bb]<\/p>\n<p><strong><\/strong><\/p>\n<p><strong><\/strong><\/p>\n<p style=\"text-align: justify;\"><span style=\"text-decoration: underline;\"><strong>Pa\u00f1os<\/strong><\/span><\/p>\n<p style=\"text-align: justify;\">Ideales para recoger p\u00e9rdidas de lubricantes de m\u00e1quinas, l\u00edquidos refrigerantes, fluidos hidr\u00e1ulicos, fluidos de corte en la industria del metal, derrames de hidrocarburos sobre tierra o agua, etc. Eliminan hasta las m\u00e1s finas pel\u00edculas de aceite.<\/p>\n<p style=\"text-align: justify;\"><span style=\"text-decoration: underline;\"><strong>Rollos<\/strong><\/span><\/p>\n<p style=\"text-align: justify;\">Es el formato m\u00e1s vers\u00e1til. Permite cortar las porciones que se necesitan en cada momento. Son muy \u00fatiles para forrar cajones de herramientas y mesas de trabajo o para cubrir grandes superficies contaminadas en tierra o sobre agua.<\/p>\n<p style=\"text-align: justify;\"><span style=\"text-decoration: underline;\"><strong>Barreras<\/strong><\/span><\/p>\n<p style=\"text-align: justify;\">Contienen y absorben grandes derrames de hidrocarburos evitando la extensi\u00f3n del vertido y la contaminaci\u00f3n de zonas sensibles. Disponibles en tramos de diferentes di\u00e1metros y longitudes que se unen entre si para formar un cerco de contenci\u00f3n y absorci\u00f3n en la longitud requerida. Alta flotabilidad incluso estando totalmente saturadas de hidrocarburo.<\/p>\n<p style=\"text-align: justify;\"><span style=\"text-decoration: underline;\"><strong>Cordones<\/strong><\/span><\/p>\n<p style=\"text-align: justify;\">Similares a las barreras pero de menor di\u00e1metro, son m\u00e1s apropiados para su uso en tierra.Se pueden colocar alrededor de la fuga para aislarla y evitar su extensi\u00f3n a otras zonas. Son ideales para proteger arquetas y tapas de alcantarillas.<\/p>\n<p style=\"text-align: justify;\"><span style=\"text-decoration: underline;\"><strong>Almohadillas<\/strong><\/span><\/p>\n<p style=\"text-align: justify;\">Absorben grandes cantidades de hidrocarburo previamente concentrado por una barrera o cord\u00f3n o en lugares de dif\u00edcil acceso como pozos, desag\u00fces y sumideros. Ideales para eliminar los restos de aceite y combustible del agua de sentina.<\/p>\n<p style=\"text-align: justify;\"><span style=\"text-decoration: underline;\"><strong>Pa\u00f1os y rollos antiest\u00e1ticos<\/strong><\/span><\/p>\n<p style=\"text-align: justify;\">Nuestra gama de absorbentes antiest\u00e1ticos ha sido dise\u00f1ada para absorber productos altamente inflamables eliminando el riesgo de ignici\u00f3n por cargas est\u00e1ticas que presentan los absorbentes tradicionales. Son capaces de disipar electricidad est\u00e1tica de acuerdo con el standard brit\u00e1nico <em>BS 7506-2<\/em>.<\/p>\n<p style=\"text-align: justify;\"><span style=\"text-decoration: underline;\"><strong>Kits<\/strong><\/span><\/p>\n<p style=\"text-align: justify;\">Los absorbentes OILSORB tambi\u00e9n se suministran en forma de kits para adaptarse a todas las necesidades. Son id\u00f3neos para su ubicaci\u00f3n en lugares estrat\u00e9gicos con alto riesgo de derrame o en camiones cisterna, embarcaciones y puertos deportivos.Disponibles con capacidades de absorci\u00f3n de entre 60 y 2.000 litros.<\/p>\n<p><span style=\"font-size: 9.0pt; font-family: Tahoma; color: black;\"><\/span><\/p>\n<p><span style=\"font-size: 9.0pt; font-family: Tahoma; color: black;\"><\/span><\/p>\n<p><span style=\"font-size: 9.0pt; font-family: Tahoma; color: black;\"> <\/span><\/p>\n<p><span style=\"font-size: 9.0pt; font-family: Tahoma; color: black;\"><\/span><\/p>\n<p>[\/et_pb_text][\/et_pb_column][\/et_pb_row][et_pb_row column_structure=\u00bb1_4,1_4,1_4,1_4&#8243; _builder_version=\u00bb4.3.4&#8243; custom_padding=\u00bb5px||3px|||\u00bb global_colors_info=\u00bb{}\u00bb][et_pb_column type=\u00bb1_4&#8243; _builder_version=\u00bb4.3.4&#8243; global_colors_info=\u00bb{}\u00bb][et_pb_image src=\u00bbhttps:\/\/sentec.es\/wp-content\/uploads\/2020\/03\/www.sentec.es-Kit-de-absorbentes-hidrocarburos-12.jpg\u00bb _builder_version=\u00bb4.3.4&#8243; global_colors_info=\u00bb{}\u00bb][\/et_pb_image][\/et_pb_column][et_pb_column type=\u00bb1_4&#8243; _builder_version=\u00bb4.3.4&#8243; global_colors_info=\u00bb{}\u00bb][et_pb_image src=\u00bbhttps:\/\/sentec.es\/wp-content\/uploads\/2020\/03\/www.sentec.es-Kit-de-absorbentes-hidrocarburos-11.jpg\u00bb _builder_version=\u00bb4.3.4&#8243; global_colors_info=\u00bb{}\u00bb][\/et_pb_image][\/et_pb_column][et_pb_column type=\u00bb1_4&#8243; _builder_version=\u00bb4.3.4&#8243; global_colors_info=\u00bb{}\u00bb][et_pb_image src=\u00bbhttps:\/\/sentec.es\/wp-content\/uploads\/2020\/03\/www.sentec.es-Kit-de-absorbentes-hidrocarburos-10.jpg\u00bb _builder_version=\u00bb4.3.4&#8243; global_colors_info=\u00bb{}\u00bb][\/et_pb_image][\/et_pb_column][et_pb_column type=\u00bb1_4&#8243; _builder_version=\u00bb4.3.4&#8243; global_colors_info=\u00bb{}\u00bb][et_pb_image src=\u00bbhttps:\/\/sentec.es\/wp-content\/uploads\/2020\/03\/www.sentec.es-Kit-de-absorbentes-hidrocarburos-8.jpg\u00bb _builder_version=\u00bb4.3.4&#8243; global_colors_info=\u00bb{}\u00bb][\/et_pb_image][\/et_pb_column][\/et_pb_row][et_pb_row _builder_version=\u00bb4.3.4&#8243; global_colors_info=\u00bb{}\u00bb][et_pb_column type=\u00bb4_4&#8243; _builder_version=\u00bb4.3.4&#8243; global_colors_info=\u00bb{}\u00bb][et_pb_text _builder_version=\u00bb4.10.6&#8243; text_font_size=\u00bb16px\u00bb global_colors_info=\u00bb{}\u00bb]<\/p>\n<p><strong>Pa\u00f1os y rollos<\/strong><\/p>\n<p><strong><\/strong><\/p>\n<table width=\"100%\">\n<tbody>\n<tr>\n<td style=\"text-align: center;\"><strong>Producto<\/strong><\/td>\n<td style=\"text-align: center;\"><strong>C\u00f3digo<\/strong><\/td>\n<td style=\"text-align: center;\"><strong>Absorci\u00f3n (litros)<\/strong><\/td>\n<td style=\"text-align: center;\"><strong>Uds\/pq<\/strong><strong>t. <\/strong><\/td>\n<td style=\"text-align: center;\"><strong>Dimensiones<\/strong><\/td>\n<td style=\"text-align: center;\"><strong>Peso <\/strong><\/td>\n<\/tr>\n<tr>\n<td style=\"text-align: center;\">Pa\u00f1os<\/td>\n<td style=\"text-align: center;\">140<\/td>\n<td style=\"text-align: center;\">150-200<\/td>\n<td style=\"text-align: center;\">200<\/td>\n<td style=\"text-align: center;\">40 x 52 cm<\/td>\n<td style=\"text-align: center;\">7,3 kg<\/td>\n<\/tr>\n<tr>\n<td style=\"text-align: center;\">Rollos<\/td>\n<td style=\"text-align: center;\">142<\/td>\n<td style=\"text-align: center;\">150-200<\/td>\n<td style=\"text-align: center;\">1<\/td>\n<td style=\"text-align: center;\">4200 x 100 cm<\/td>\n<td style=\"text-align: center;\">7,4 kg<\/td>\n<\/tr>\n<tr>\n<td style=\"text-align: center;\">Rollos<\/td>\n<td style=\"text-align: center;\">143<\/td>\n<td style=\"text-align: center;\">75-100<\/td>\n<td style=\"text-align: center;\">1<\/td>\n<td style=\"text-align: center;\">4200 x 50 cm<\/td>\n<td style=\"text-align: center;\">3,7 kg<\/td>\n<\/tr>\n<\/tbody>\n<\/table>\n<p>[\/et_pb_text][\/et_pb_column][\/et_pb_row][et_pb_row _builder_version=\u00bb4.3.4&#8243; global_colors_info=\u00bb{}\u00bb][et_pb_column type=\u00bb4_4&#8243; _builder_version=\u00bb4.3.4&#8243; global_colors_info=\u00bb{}\u00bb][et_pb_text _builder_version=\u00bb4.3.4&#8243; text_font_size=\u00bb16px\u00bb global_colors_info=\u00bb{}\u00bb]<\/p>\n<p><strong>Pa\u00f1os y rollos antiet\u00e1ticos<\/strong><\/p>\n<table width=\"100%\">\n<tbody>\n<tr>\n<td style=\"text-align: center;\"><strong>Producto<\/strong><\/td>\n<td style=\"text-align: center;\"><strong>C\u00f3digo<\/strong><\/td>\n<td style=\"text-align: center;\"><strong>Absorci\u00f3n (litros)<\/strong><\/td>\n<td style=\"text-align: center;\"><strong>Uds\/pq<\/strong><strong>t. <\/strong><\/td>\n<td style=\"text-align: center;\"><strong>Dimensiones<\/strong><\/td>\n<td style=\"text-align: center;\"><strong>Peso <\/strong><\/td>\n<\/tr>\n<tr>\n<td style=\"text-align: center;\">Pa\u00f1os<\/td>\n<td style=\"text-align: center;\">140 A<\/td>\n<td style=\"text-align: center;\">185<\/td>\n<td style=\"text-align: center;\">200<\/td>\n<td style=\"text-align: center;\">40 x 50 cm<\/td>\n<td style=\"text-align: center;\">7,0 kg<\/td>\n<\/tr>\n<tr>\n<td style=\"text-align: center;\">Rollos<\/td>\n<td style=\"text-align: center;\">142 A<\/td>\n<td style=\"text-align: center;\">194<\/td>\n<td style=\"text-align: center;\">1<\/td>\n<td style=\"text-align: center;\">4200 x 100 cm<\/td>\n<td style=\"text-align: center;\">7,6 kg<\/td>\n<\/tr>\n<\/tbody>\n<\/table>\n<p>&nbsp;<\/p>\n<p>[\/et_pb_text][\/et_pb_column][\/et_pb_row][et_pb_row column_structure=\u00bb1_4,1_4,1_4,1_4&#8243; _builder_version=\u00bb4.3.4&#8243; custom_padding=\u00bb2px||4px|||\u00bb global_colors_info=\u00bb{}\u00bb][et_pb_column type=\u00bb1_4&#8243; _builder_version=\u00bb4.3.4&#8243; global_colors_info=\u00bb{}\u00bb][et_pb_image src=\u00bbhttps:\/\/sentec.es\/wp-content\/uploads\/2020\/03\/www.sentec.es-Kit-de-absorbentes-hidrocarburos-7.jpg\u00bb _builder_version=\u00bb4.3.4&#8243; global_colors_info=\u00bb{}\u00bb][\/et_pb_image][\/et_pb_column][et_pb_column type=\u00bb1_4&#8243; _builder_version=\u00bb4.3.4&#8243; global_colors_info=\u00bb{}\u00bb][et_pb_image src=\u00bbhttps:\/\/sentec.es\/wp-content\/uploads\/2020\/03\/www.sentec.es-Kit-de-absorbentes-hidrocarburos-6.jpg\u00bb _builder_version=\u00bb4.3.4&#8243; global_colors_info=\u00bb{}\u00bb][\/et_pb_image][\/et_pb_column][et_pb_column type=\u00bb1_4&#8243; _builder_version=\u00bb4.3.4&#8243; global_colors_info=\u00bb{}\u00bb][et_pb_image src=\u00bbhttps:\/\/sentec.es\/wp-content\/uploads\/2020\/03\/www.sentec.es-Kit-de-absorbentes-hidrocarburos-5.jpg\u00bb _builder_version=\u00bb4.3.4&#8243; global_colors_info=\u00bb{}\u00bb][\/et_pb_image][\/et_pb_column][et_pb_column type=\u00bb1_4&#8243; _builder_version=\u00bb4.3.4&#8243; global_colors_info=\u00bb{}\u00bb][et_pb_image src=\u00bbhttps:\/\/sentec.es\/wp-content\/uploads\/2020\/03\/www.sentec.es-Kit-de-absorbentes-hidrocarburos-4.jpg\u00bb _builder_version=\u00bb4.3.4&#8243; global_colors_info=\u00bb{}\u00bb][\/et_pb_image][\/et_pb_column][\/et_pb_row][et_pb_row _builder_version=\u00bb4.3.4&#8243; global_colors_info=\u00bb{}\u00bb][et_pb_column type=\u00bb4_4&#8243; _builder_version=\u00bb4.3.4&#8243; global_colors_info=\u00bb{}\u00bb][et_pb_text _builder_version=\u00bb4.3.4&#8243; text_font_size=\u00bb16px\u00bb global_colors_info=\u00bb{}\u00bb]<\/p>\n<p><strong>Barreras<\/strong><\/p>\n<p><strong><\/strong><\/p>\n<table width=\"100%\">\n<tbody>\n<tr>\n<td style=\"text-align: center;\"><strong>C\u00f3digo<\/strong><\/td>\n<td style=\"text-align: center;\"><strong>Absorci\u00f3n (litros)<\/strong><\/td>\n<td style=\"text-align: center;\"><strong>Uds\/pq<\/strong><strong>t. <\/strong><\/td>\n<td style=\"text-align: center;\"><strong>Dimensiones<\/strong><\/td>\n<td style=\"text-align: center;\"><strong>Longitud total <\/strong><\/td>\n<td style=\"text-align: center;\"><strong>Peso <\/strong><\/td>\n<\/tr>\n<tr>\n<td style=\"text-align: center;\">105\/net\/3<\/td>\n<td style=\"text-align: center;\">hasta 130<\/td>\n<td style=\"text-align: center;\">4<\/td>\n<td style=\"text-align: center;\">12,5 x 300 cm<\/td>\n<td style=\"text-align: center;\">12m<\/td>\n<td style=\"text-align: center;\">9,2 kg<\/td>\n<\/tr>\n<tr>\n<td style=\"text-align: center;\">112\/net\/3<\/td>\n<td style=\"text-align: center;\">hasta 344<\/td>\n<td style=\"text-align: center;\">4<\/td>\n<td style=\"text-align: center;\">20,0 x 300 cm<\/td>\n<td style=\"text-align: center;\">12m<\/td>\n<td style=\"text-align: center;\">17,4 kg<\/td>\n<\/tr>\n<tr>\n<td style=\"text-align: center;\">112\/net\/6<\/td>\n<td style=\"text-align: center;\">hasta 344<\/td>\n<td style=\"text-align: center;\">2<\/td>\n<td style=\"text-align: center;\">20,0 x 600 cm<\/td>\n<td style=\"text-align: center;\">12m<\/td>\n<td style=\"text-align: center;\">17,4 kg<\/td>\n<\/tr>\n<\/tbody>\n<\/table>\n<p>[\/et_pb_text][\/et_pb_column][\/et_pb_row][et_pb_row column_structure=\u00bb1_4,1_4,1_4,1_4&#8243; _builder_version=\u00bb4.3.4&#8243; custom_padding=\u00bb3px||5px|||\u00bb global_colors_info=\u00bb{}\u00bb][et_pb_column type=\u00bb1_4&#8243; _builder_version=\u00bb4.3.4&#8243; global_colors_info=\u00bb{}\u00bb][et_pb_image src=\u00bbhttps:\/\/sentec.es\/wp-content\/uploads\/2020\/03\/www.sentec.es-Kit-de-absorbentes-hidrocarburos-3.jpg\u00bb _builder_version=\u00bb4.3.4&#8243; global_colors_info=\u00bb{}\u00bb][\/et_pb_image][\/et_pb_column][et_pb_column type=\u00bb1_4&#8243; _builder_version=\u00bb4.3.4&#8243; global_colors_info=\u00bb{}\u00bb][et_pb_image src=\u00bbhttps:\/\/sentec.es\/wp-content\/uploads\/2021\/02\/www.sentec.es-Kit-de-absorbentes-hidrocarburos-1.jpg\u00bb _builder_version=\u00bb4.3.4&#8243; global_colors_info=\u00bb{}\u00bb][\/et_pb_image][\/et_pb_column][et_pb_column type=\u00bb1_4&#8243; _builder_version=\u00bb4.3.4&#8243; global_colors_info=\u00bb{}\u00bb][et_pb_image src=\u00bbhttps:\/\/sentec.es\/wp-content\/uploads\/2021\/02\/www.sentec.es-Kit-de-absorbentes-hidrocarburos-13.jpg\u00bb _builder_version=\u00bb4.3.4&#8243; global_colors_info=\u00bb{}\u00bb][\/et_pb_image][\/et_pb_column][et_pb_column type=\u00bb1_4&#8243; _builder_version=\u00bb4.3.4&#8243; global_colors_info=\u00bb{}\u00bb][et_pb_image src=\u00bbhttps:\/\/sentec.es\/wp-content\/uploads\/2020\/03\/www.sentec.es-Kit-de-absorbentes-hidrocarburos-2.jpg\u00bb _builder_version=\u00bb4.3.4&#8243; global_colors_info=\u00bb{}\u00bb][\/et_pb_image][\/et_pb_column][\/et_pb_row][et_pb_row _builder_version=\u00bb4.3.4&#8243; global_colors_info=\u00bb{}\u00bb][et_pb_column type=\u00bb4_4&#8243; _builder_version=\u00bb4.3.4&#8243; global_colors_info=\u00bb{}\u00bb][et_pb_text _builder_version=\u00bb4.3.4&#8243; text_font_size=\u00bb16px\u00bb global_colors_info=\u00bb{}\u00bb]<\/p>\n<p><strong>Cordones<\/strong><\/p>\n<table width=\"100%\">\n<tbody>\n<tr>\n<td style=\"text-align: center;\"><strong>C\u00f3digo<\/strong><\/td>\n<td style=\"text-align: center;\"><strong>Absorci\u00f3n (litros)<\/strong><\/td>\n<td style=\"text-align: center;\"><strong>Uds\/pq<\/strong><strong>t. <\/strong><\/td>\n<td style=\"text-align: center;\"><strong>Dimensiones<\/strong><\/td>\n<td style=\"text-align: center;\"><strong>Longitud total <\/strong><\/td>\n<td style=\"text-align: center;\"><strong>Peso <\/strong><\/td>\n<\/tr>\n<tr>\n<td style=\"text-align: center;\">130<\/td>\n<td style=\"text-align: center;\">35-40<\/td>\n<td style=\"text-align: center;\">10<\/td>\n<td style=\"text-align: center;\">7,5 x 125 cm<\/td>\n<td style=\"text-align: center;\">12,5m<\/td>\n<td style=\"text-align: center;\">3,1 kg<\/td>\n<\/tr>\n<tr>\n<td style=\"text-align: center;\">134<\/td>\n<td style=\"text-align: center;\">42-48<\/td>\n<td style=\"text-align: center;\">5<\/td>\n<td style=\"text-align: center;\">7,5 x 300 cm<\/td>\n<td style=\"text-align: center;\">15m<\/td>\n<td style=\"text-align: center;\">3,9 kg<\/td>\n<\/tr>\n<\/tbody>\n<\/table>\n<p><strong><\/strong><\/p>\n<p><strong><\/strong><\/p>\n<p><strong>Almohadillas\u00a0<\/strong><\/p>\n<p><strong><\/strong><\/p>\n<table width=\"100%\">\n<tbody>\n<tr>\n<td style=\"text-align: center;\"><strong>Producto<\/strong><\/td>\n<td style=\"text-align: center;\"><strong>C\u00f3digo<\/strong><\/td>\n<td style=\"text-align: center;\"><strong>Absorci\u00f3n (litros)<\/strong><\/td>\n<td style=\"text-align: center;\"><strong>Uds\/pq<\/strong><strong>t. <\/strong><\/td>\n<td style=\"text-align: center;\"><strong>Dimensiones<\/strong><\/td>\n<td style=\"text-align: center;\"><strong>Peso <\/strong><\/td>\n<\/tr>\n<tr>\n<td style=\"text-align: center;\">Almohadillas<\/td>\n<td style=\"text-align: center;\">110<\/td>\n<td style=\"text-align: center;\">135-150<\/td>\n<td style=\"text-align: center;\">10<\/td>\n<td style=\"text-align: center;\">55 x 35 x 10 cm<\/td>\n<td style=\"text-align: center;\">7,1 kg<\/td>\n<\/tr>\n<tr>\n<td style=\"text-align: center;\">Almohadillas<\/td>\n<td style=\"text-align: center;\">111<\/td>\n<td style=\"text-align: center;\">85-94<\/td>\n<td style=\"text-align: center;\">20<\/td>\n<td style=\"text-align: center;\">33 x 21 x 6 cm<\/td>\n<td style=\"text-align: center;\">5,4 kg<\/td>\n<\/tr>\n<\/tbody>\n<\/table>\n<p>[\/et_pb_text][\/et_pb_column][\/et_pb_row][\/et_pb_section]<\/p>\n","protected":false},"excerpt":{"rendered":"<p>OILSORB\u00a0 Absorbentes de polipropileno para hidrocarburos Los absorbentes OILSORB son un medio eficaz y econ\u00f3mico para la contenci\u00f3n y recuperaci\u00f3n de vertidos de aceites y combustibles sobre tierra o agua dada su facilidad de manejo y su elevada absorci\u00f3n. Est\u00e1n constituidos por fibras de polipropileno que, al ser oleofilicas e hidr\u00f3fobas, atraen el hidrocarburo pero [&hellip;]<\/p>\n","protected":false},"author":1,"featured_media":0,"parent":0,"menu_order":0,"comment_status":"closed","ping_status":"closed","template":"","meta":{"_et_pb_use_builder":"on","_et_pb_old_content":"","_et_gb_content_width":"","footnotes":""},"class_list":["post-545","page","type-page","status-publish","hentry"],"aioseo_notices":[],"_links":{"self":[{"href":"https:\/\/sentec.es\/index.php\/wp-json\/wp\/v2\/pages\/545"}],"collection":[{"href":"https:\/\/sentec.es\/index.php\/wp-json\/wp\/v2\/pages"}],"about":[{"href":"https:\/\/sentec.es\/index.php\/wp-json\/wp\/v2\/types\/page"}],"author":[{"embeddable":true,"href":"https:\/\/sentec.es\/index.php\/wp-json\/wp\/v2\/users\/1"}],"replies":[{"embeddable":true,"href":"https:\/\/sentec.es\/index.php\/wp-json\/wp\/v2\/comments?post=545"}],"version-history":[{"count":24,"href":"https:\/\/sentec.es\/index.php\/wp-json\/wp\/v2\/pages\/545\/revisions"}],"predecessor-version":[{"id":2764,"href":"https:\/\/sentec.es\/index.php\/wp-json\/wp\/v2\/pages\/545\/revisions\/2764"}],"wp:attachment":[{"href":"https:\/\/sentec.es\/index.php\/wp-json\/wp\/v2\/media?parent=545"}],"curies":[{"name":"wp","href":"https:\/\/api.w.org\/{rel}","templated":true}]}}