{"id":708,"date":"2020-03-10T11:41:41","date_gmt":"2020-03-10T09:41:41","guid":{"rendered":"http:\/\/sentec.es\/?page_id=708"},"modified":"2021-09-17T11:54:36","modified_gmt":"2021-09-17T09:54:36","slug":"skimmer-rebosadero-termite","status":"publish","type":"page","link":"https:\/\/sentec.es\/index.php\/skimmer-rebosadero-termite\/","title":{"rendered":"TERMITE"},"content":{"rendered":"<p>[et_pb_section fb_built=\u00bb1&#8243; _builder_version=\u00bb4.3.4&#8243; global_colors_info=\u00bb{}\u00bb][et_pb_row _builder_version=\u00bb4.3.4&#8243; global_colors_info=\u00bb{}\u00bb][et_pb_column type=\u00bb4_4&#8243; _builder_version=\u00bb4.3.4&#8243; global_colors_info=\u00bb{}\u00bb][et_pb_text _builder_version=\u00bb4.3.4&#8243; text_font=\u00bbVerdana||||||||\u00bb text_font_size=\u00bb17px\u00bb global_colors_info=\u00bb{}\u00bb]<\/p>\n<h1 style=\"text-align: justify;\">DESMI TERMITE<\/h1>\n<h2><strong><br \/> <\/strong>Skimmer de rebosadero con bomba de tornillo de 30 m3\/h<\/h2>\n<p>&nbsp;<\/p>\n<p style=\"text-align: justify;\">El <em>DESMI TERMITE<\/em> es un skimmer de rebosadero para aguas expuestas desarrollado a partir del conocido skimmer oce\u00e1nico <em>DESMI TERMINATOR<\/em> con el que comparte el eficiente rebosadero de admisi\u00f3n \u2018<em>DESMI EASY FLOW\u2019<\/em>.<\/p>\n<p style=\"text-align: justify;\">Este rebosadero permanece en todo momento paralelo a la superficie de contacto agua\/hidrocarburo, ya que se ajusta autom\u00e1ticamente al caudal de la bomba.<\/p>\n<p>[\/et_pb_text][\/et_pb_column][\/et_pb_row][et_pb_row column_structure=\u00bb1_3,1_3,1_3&#8243; _builder_version=\u00bb4.3.4&#8243; custom_padding=\u00bb5px||4px|||\u00bb global_colors_info=\u00bb{}\u00bb][et_pb_column type=\u00bb1_3&#8243; _builder_version=\u00bb4.3.4&#8243; global_colors_info=\u00bb{}\u00bb][et_pb_image src=\u00bbhttps:\/\/sentec.es\/wp-content\/uploads\/2020\/03\/skimmer-rebosadero-Desmi-Termite-4.jpg\u00bb disabled_on=\u00bboff|off|off\u00bb _builder_version=\u00bb4.3.4&#8243; global_colors_info=\u00bb{}\u00bb][\/et_pb_image][\/et_pb_column][et_pb_column type=\u00bb1_3&#8243; _builder_version=\u00bb4.3.4&#8243; global_colors_info=\u00bb{}\u00bb][et_pb_image src=\u00bbhttps:\/\/sentec.es\/wp-content\/uploads\/2020\/03\/www.sentec.es-skimmer-rebosadero-Desmi-Termite-1.jpg\u00bb url=\u00bbhttps:\/\/sentec.es\/wp-content\/uploads\/2020\/04\/DOP250.mp4&#8243; _builder_version=\u00bb4.10.6&#8243; hover_enabled=\u00bb0&#8243; global_colors_info=\u00bb{}\u00bb sticky_enabled=\u00bb0&#8243;][\/et_pb_image][\/et_pb_column][et_pb_column type=\u00bb1_3&#8243; _builder_version=\u00bb4.3.4&#8243; global_colors_info=\u00bb{}\u00bb][et_pb_image src=\u00bbhttps:\/\/sentec.es\/wp-content\/uploads\/2020\/03\/skimmer-rebosadero-Desmi-Termite-6.jpg\u00bb disabled_on=\u00bboff|off|off\u00bb _builder_version=\u00bb4.3.4&#8243; global_colors_info=\u00bb{}\u00bb][\/et_pb_image][\/et_pb_column][\/et_pb_row][et_pb_row _builder_version=\u00bb4.3.4&#8243; global_colors_info=\u00bb{}\u00bb][et_pb_column type=\u00bb4_4&#8243; _builder_version=\u00bb4.3.4&#8243; global_colors_info=\u00bb{}\u00bb][et_pb_text _builder_version=\u00bb4.3.4&#8243; text_font=\u00bbVerdana||||||||\u00bb text_font_size=\u00bb17px\u00bb global_colors_info=\u00bb{}\u00bb]<\/p>\n<p style=\"text-align: justify;\">A una velocidad baja de la bomba el rebosadero flotante se situar\u00e1 en una posici\u00f3n m\u00e1s elevada permitiendo la recuperaci\u00f3n de capas de hidrocarburo muy finas. A mayor velocidad de la bomba el borde del rebosadero flotante alcanzar\u00e1 una posici\u00f3n m\u00e1s baja, por lo que entrar\u00e1 m\u00e1s hidrocarburo en el skimmer.<\/p>\n<p style=\"text-align: justify;\">De este modo la altura del rebosadero se adapta al grosor de la capa de hidrocarburo reduci\u00e9ndose el contenido de agua y aumentando con ello la eficiencia del skimmer.<\/p>\n<p>[\/et_pb_text][\/et_pb_column][\/et_pb_row][et_pb_row column_structure=\u00bb1_3,1_3,1_3&#8243; _builder_version=\u00bb4.3.4&#8243; custom_padding=\u00bb5px||4px|||\u00bb global_colors_info=\u00bb{}\u00bb][et_pb_column type=\u00bb1_3&#8243; _builder_version=\u00bb4.3.4&#8243; global_colors_info=\u00bb{}\u00bb][et_pb_image src=\u00bbhttps:\/\/sentec.es\/wp-content\/uploads\/2020\/03\/www.sentec.es-skimmer-rebosadero-Desmi-Termite-35.jpg\u00bb disabled_on=\u00bboff|off|off\u00bb _builder_version=\u00bb4.3.4&#8243; global_colors_info=\u00bb{}\u00bb][\/et_pb_image][\/et_pb_column][et_pb_column type=\u00bb1_3&#8243; _builder_version=\u00bb4.3.4&#8243; global_colors_info=\u00bb{}\u00bb][et_pb_image src=\u00bbhttps:\/\/sentec.es\/wp-content\/uploads\/2020\/03\/www.sentec.es-skimmer-rebosadero-Desmi-Termite-3.jpg\u00bb _builder_version=\u00bb4.3.4&#8243; global_colors_info=\u00bb{}\u00bb][\/et_pb_image][\/et_pb_column][et_pb_column type=\u00bb1_3&#8243; _builder_version=\u00bb4.3.4&#8243; global_colors_info=\u00bb{}\u00bb][et_pb_image src=\u00bbhttps:\/\/sentec.es\/wp-content\/uploads\/2020\/03\/www.sentec.es-skimmer-rebosadero-Desmi-Termite-2.jpg\u00bb disabled_on=\u00bbon|off|off\u00bb _builder_version=\u00bb4.3.4&#8243; global_colors_info=\u00bb{}\u00bb][\/et_pb_image][\/et_pb_column][\/et_pb_row][et_pb_row _builder_version=\u00bb4.3.4&#8243; global_colors_info=\u00bb{}\u00bb][et_pb_column type=\u00bb4_4&#8243; _builder_version=\u00bb4.3.4&#8243; global_colors_info=\u00bb{}\u00bb][et_pb_text _builder_version=\u00bb4.3.4&#8243; text_font=\u00bbVerdana||||||||\u00bb text_font_size=\u00bb17px\u00bb custom_padding=\u00bb||1px|||\u00bb global_colors_info=\u00bb{}\u00bb]<\/p>\n<p style=\"text-align: justify;\">El DESMI TERMITE incorpora la bomba de tornillo vertical tipo Arqu\u00edmedes <a href=\"https:\/\/sentec.es\/index.php\/bombas-hidrocarburos-desmi-dop\/\">DOP-160<\/a> capaz de bombear 30 m3\/h de hidrocarburo de viscosidad extrema a contrapresiones de hasta 10 bar, as\u00ed como de triturar los s\u00f3lidos flotantes que habitualmente se encuentran en un derrame. La DOP-160 puede ser f\u00e1cilmente desmontada para su utilizaci\u00f3n como bomba de trasiego.<\/p>\n<p>[\/et_pb_text][\/et_pb_column][\/et_pb_row][et_pb_row column_structure=\u00bb1_3,1_3,1_3&#8243; _builder_version=\u00bb4.3.4&#8243; custom_padding=\u00bb5px||4px|||\u00bb global_colors_info=\u00bb{}\u00bb][et_pb_column type=\u00bb1_3&#8243; _builder_version=\u00bb4.3.4&#8243; global_colors_info=\u00bb{}\u00bb][et_pb_image src=\u00bbhttps:\/\/sentec.es\/wp-content\/uploads\/2020\/03\/skimmer-rebosadero-Desmi-Termite-3.jpg\u00bb disabled_on=\u00bbon|off|off\u00bb _builder_version=\u00bb4.3.4&#8243; custom_margin=\u00bb||1px|||\u00bb global_colors_info=\u00bb{}\u00bb][\/et_pb_image][\/et_pb_column][et_pb_column type=\u00bb1_3&#8243; _builder_version=\u00bb4.3.4&#8243; global_colors_info=\u00bb{}\u00bb][et_pb_image src=\u00bbhttps:\/\/sentec.es\/wp-content\/uploads\/2020\/03\/skimmer-rebosadero-Desmi-Termite-5.jpg\u00bb _builder_version=\u00bb4.3.4&#8243; min_height=\u00bb103px\u00bb custom_margin=\u00bb||-3px|||\u00bb custom_padding=\u00bb59px||27px|15px||\u00bb global_colors_info=\u00bb{}\u00bb][\/et_pb_image][\/et_pb_column][et_pb_column type=\u00bb1_3&#8243; _builder_version=\u00bb4.3.4&#8243; global_colors_info=\u00bb{}\u00bb][et_pb_image src=\u00bbhttps:\/\/sentec.es\/wp-content\/uploads\/2020\/03\/skimmer-rebosadero-Desmi-Termite-1.jpg\u00bb disabled_on=\u00bboff|off|off\u00bb _builder_version=\u00bb4.3.4&#8243; custom_margin=\u00bb||-9px|||\u00bb global_colors_info=\u00bb{}\u00bb][\/et_pb_image][\/et_pb_column][\/et_pb_row][et_pb_row _builder_version=\u00bb4.3.4&#8243; global_colors_info=\u00bb{}\u00bb][et_pb_column type=\u00bb4_4&#8243; _builder_version=\u00bb4.3.4&#8243; global_colors_info=\u00bb{}\u00bb][et_pb_text _builder_version=\u00bb4.3.4&#8243; text_font=\u00bbVerdana||||||||\u00bb text_font_size=\u00bb17px\u00bb global_colors_info=\u00bb{}\u00bb]<\/p>\n<p style=\"text-align: justify;\">Opcionalmente el DESMI TERMITE se puede suministrar con un racor de descarga adicional que permite conectar una bomba de aspiraci\u00f3n externa e incrementar su capacidad de recogida hasta 80 m3\/h.<\/p>\n<p style=\"text-align: justify;\">Todos los componentes del DESMI TERMITE est\u00e1n fabricados de acero inoxidable, aluminio naval y polietileno de alta densidad, lo que confiere al skimmer un peso de tan s\u00f3lo 95 kg, incluyendo la bomba.<\/p>\n<p style=\"text-align: justify;\">Como accesorios opcionales puede incorporar m\u00f3dulos de discos o cepillos oleof\u00edlicos, as\u00ed como propulsores hidr\u00e1ulicos. \u00c9stos permiten dirigir el skimmer por control remoto hasta la zona de m\u00e1xima concentraci\u00f3n de hidrocarburo.<\/p>\n<p style=\"text-align: justify;\">El DESMI TERMITE tambi\u00e9n se puede suministrar con\u00a0una bomba de aspiraci\u00f3n externa como la Spate PD 75.<\/p>\n<p>[\/et_pb_text][\/et_pb_column][\/et_pb_row][et_pb_row _builder_version=\u00bb4.3.4&#8243; global_colors_info=\u00bb{}\u00bb][et_pb_column type=\u00bb4_4&#8243; _builder_version=\u00bb4.3.4&#8243; global_colors_info=\u00bb{}\u00bb][et_pb_text _builder_version=\u00bb4.3.4&#8243; text_font_size=\u00bb16px\u00bb global_colors_info=\u00bb{}\u00bb]<\/p>\n<table width=\"100%\">\n<tbody>\n<tr>\n<td><strong>DATOS T\u00c9CNICOS<\/strong><\/td>\n<td style=\"text-align: center;\"><strong>DESMI TERMITE <\/strong><\/td>\n<\/tr>\n<tr>\n<td>Capacidad nominal<\/td>\n<td style=\"text-align: center;\">30 m3\/h<\/td>\n<\/tr>\n<tr>\n<td>M\u00f3dulos opcionales<\/td>\n<td style=\"text-align: center;\">Cinta transportadora, discos y cepillos<\/td>\n<\/tr>\n<tr>\n<td>Rebosadero de admisi\u00f3n<\/td>\n<td style=\"text-align: center;\">0 ,72 m (28 \u201c) di\u00e1m. Autoajustable<\/td>\n<\/tr>\n<tr>\n<td>Calado<\/td>\n<td style=\"text-align: center;\">0,35 m<\/td>\n<\/tr>\n<tr>\n<td>Peso<\/td>\n<td style=\"text-align: center;\">95 kg con bomba<\/td>\n<\/tr>\n<tr>\n<td>Bomba<\/td>\n<td style=\"text-align: center;\">DESMI DOP-160<\/td>\n<\/tr>\n<tr>\n<td>M\u00e1xima presi\u00f3n de descarga<\/td>\n<td style=\"text-align: center;\">10 bar<\/td>\n<\/tr>\n<tr>\n<td>Racor de descarga<\/td>\n<td style=\"text-align: center;\">75 mm\/3\u201d<\/td>\n<\/tr>\n<tr>\n<td>M\u00e1ximo paso de s\u00f3lidos<\/td>\n<td style=\"text-align: center;\">30 mm<\/td>\n<\/tr>\n<tr>\n<td>Cuchillas para corte de s\u00f3lidos<\/td>\n<td style=\"text-align: center;\">Una a la entrada<\/td>\n<\/tr>\n<tr>\n<td>Requerimientos hidr\u00e1ulicos<\/td>\n<td style=\"text-align: center;\">80 l\/min; 210 bar<\/td>\n<\/tr>\n<tr>\n<td>Conexiones hidr\u00e1ulicas de la bomba<\/td>\n<td style=\"text-align: center;\">2 x 3\/4\u201d y 1 x 3\/8\u201d<\/td>\n<\/tr>\n<tr>\n<td>Dimensiones<\/td>\n<td style=\"text-align: center;\">1,74 x 1,56 x 0,7 m<\/td>\n<\/tr>\n<tr>\n<td>Racor de aspiraci\u00f3n<\/td>\n<td style=\"text-align: center;\">3\u201d CAMLOCK macho (opcional)<\/td>\n<\/tr>\n<tr>\n<td>Propulsores hidr\u00e1ulicos<\/td>\n<td style=\"text-align: center;\">Opcional<\/td>\n<\/tr>\n<tr>\n<td>M\u00f3dulos de discos o cepillos<\/td>\n<td style=\"text-align: center;\">Opcional<\/td>\n<\/tr>\n<\/tbody>\n<\/table>\n<p>[\/et_pb_text][\/et_pb_column][\/et_pb_row][et_pb_row column_structure=\u00bb1_3,1_3,1_3&#8243; _builder_version=\u00bb4.3.4&#8243; custom_padding=\u00bb5px|||||\u00bb global_colors_info=\u00bb{}\u00bb][et_pb_column type=\u00bb1_3&#8243; _builder_version=\u00bb4.3.4&#8243; global_colors_info=\u00bb{}\u00bb][et_pb_image src=\u00bbhttps:\/\/sentec.es\/wp-content\/uploads\/2020\/03\/skimmer-Desmi-Termite.jpg\u00bb _builder_version=\u00bb4.3.4&#8243; global_colors_info=\u00bb{}\u00bb][\/et_pb_image][\/et_pb_column][et_pb_column type=\u00bb1_3&#8243; _builder_version=\u00bb4.3.4&#8243; global_colors_info=\u00bb{}\u00bb][et_pb_image src=\u00bbhttps:\/\/sentec.es\/wp-content\/uploads\/2020\/03\/04-12.jpg\u00bb disabled_on=\u00bbon|off|off\u00bb _builder_version=\u00bb4.3.4&#8243; global_colors_info=\u00bb{}\u00bb][\/et_pb_image][\/et_pb_column][et_pb_column type=\u00bb1_3&#8243; _builder_version=\u00bb4.3.4&#8243; global_colors_info=\u00bb{}\u00bb][et_pb_image src=\u00bbhttps:\/\/sentec.es\/wp-content\/uploads\/2020\/03\/Desmi-Termite-skimmer.jpg\u00bb disabled_on=\u00bbon|off|off\u00bb _builder_version=\u00bb4.3.4&#8243; global_colors_info=\u00bb{}\u00bb][\/et_pb_image][\/et_pb_column][\/et_pb_row][\/et_pb_section]<\/p>\n","protected":false},"excerpt":{"rendered":"<p>DESMI TERMITE Skimmer de rebosadero con bomba de tornillo de 30 m3\/h &nbsp; El DESMI TERMITE es un skimmer de rebosadero para aguas expuestas desarrollado a partir del conocido skimmer oce\u00e1nico DESMI TERMINATOR con el que comparte el eficiente rebosadero de admisi\u00f3n \u2018DESMI EASY FLOW\u2019. Este rebosadero permanece en todo momento paralelo a la superficie [&hellip;]<\/p>\n","protected":false},"author":1,"featured_media":0,"parent":0,"menu_order":0,"comment_status":"closed","ping_status":"closed","template":"","meta":{"_et_pb_use_builder":"on","_et_pb_old_content":"","_et_gb_content_width":"","footnotes":""},"class_list":["post-708","page","type-page","status-publish","hentry"],"aioseo_notices":[],"_links":{"self":[{"href":"https:\/\/sentec.es\/index.php\/wp-json\/wp\/v2\/pages\/708"}],"collection":[{"href":"https:\/\/sentec.es\/index.php\/wp-json\/wp\/v2\/pages"}],"about":[{"href":"https:\/\/sentec.es\/index.php\/wp-json\/wp\/v2\/types\/page"}],"author":[{"embeddable":true,"href":"https:\/\/sentec.es\/index.php\/wp-json\/wp\/v2\/users\/1"}],"replies":[{"embeddable":true,"href":"https:\/\/sentec.es\/index.php\/wp-json\/wp\/v2\/comments?post=708"}],"version-history":[{"count":14,"href":"https:\/\/sentec.es\/index.php\/wp-json\/wp\/v2\/pages\/708\/revisions"}],"predecessor-version":[{"id":2733,"href":"https:\/\/sentec.es\/index.php\/wp-json\/wp\/v2\/pages\/708\/revisions\/2733"}],"wp:attachment":[{"href":"https:\/\/sentec.es\/index.php\/wp-json\/wp\/v2\/media?parent=708"}],"curies":[{"name":"wp","href":"https:\/\/api.w.org\/{rel}","templated":true}]}}