{"id":768,"date":"2020-03-10T16:39:43","date_gmt":"2020-03-10T14:39:43","guid":{"rendered":"http:\/\/sentec.es\/?page_id=768"},"modified":"2021-04-30T12:10:14","modified_gmt":"2021-04-30T10:10:14","slug":"skimmer-cepillos-helix","status":"publish","type":"page","link":"https:\/\/sentec.es\/index.php\/skimmer-cepillos-helix\/","title":{"rendered":"HELIX"},"content":{"rendered":"<p>[et_pb_section fb_built=\u00bb1&#8243; _builder_version=\u00bb4.3.4&#8243;][et_pb_row _builder_version=\u00bb4.3.4&#8243;][et_pb_column type=\u00bb4_4&#8243; _builder_version=\u00bb4.3.4&#8243;][et_pb_text _builder_version=\u00bb4.3.4&#8243; text_font=\u00bbVerdana||||||||\u00bb text_font_size=\u00bb17px\u00bb]<\/p>\n<h1 style=\"text-align: justify;\">DESMI HELIX<\/h1>\n<h2><strong><br \/> <\/strong>Skimmer de cepillos circular<\/h2>\n<p>&nbsp;<\/p>\n<p style=\"text-align: justify;\">El skimmer de cepillos <em>DESMI HELIX<\/em> representa un avance significativo en la tecnolog\u00eda para la limpieza de vertidos de hidrocarburos. Su dise\u00f1o circular accionado por un eje card\u00e1n y una caja reductora es el resultado de varios a\u00f1os de investigaci\u00f3n y desarrollo.\u00a0DESMI RO-CLEAN es consciente desde hace tiempo de que los skimmers circulares poseen considerables ventajas operativas frente a los de dise\u00f1o cuadrado o rectangular, ya que el hidrocarburo tiene libre acceso desde todas las direcciones, lo cual es especialmente importante con hidrocarburos muy viscosos que fluyen con dificultad. Las virtudes de este principio ya quedaron manifiestas con los tradicionales skimmers DESMI provistos de un rebosadero circular autoajustable. Otra ventaja de ese dise\u00f1o es la enorme superficie de acceso y de contacto con los cepillos que en el caso del HELIX es de m\u00e1s de 4m.<\/p>\n<p>[\/et_pb_text][\/et_pb_column][\/et_pb_row][et_pb_row column_structure=\u00bb1_3,1_3,1_3&#8243; _builder_version=\u00bb4.3.4&#8243; custom_padding=\u00bb4px||4px|||\u00bb][et_pb_column type=\u00bb1_3&#8243; _builder_version=\u00bb4.3.4&#8243;][et_pb_image src=\u00bbhttps:\/\/sentec.es\/wp-content\/uploads\/2020\/03\/www.sentec.es-skimmer-de-cepillos-1-1.jpg\u00bb disabled_on=\u00bbon|off|off\u00bb _builder_version=\u00bb4.3.4&#8243;][\/et_pb_image][\/et_pb_column][et_pb_column type=\u00bb1_3&#8243; _builder_version=\u00bb4.3.4&#8243;][et_pb_image src=\u00bbhttps:\/\/sentec.es\/wp-content\/uploads\/2020\/03\/skimmer-oleofilico-cepillos-2-2.jpg\u00bb _builder_version=\u00bb4.3.4&#8243;][\/et_pb_image][\/et_pb_column][et_pb_column type=\u00bb1_3&#8243; _builder_version=\u00bb4.3.4&#8243;][et_pb_image src=\u00bbhttps:\/\/sentec.es\/wp-content\/uploads\/2020\/03\/www.sentec.es-skimmer-de-cepillos-22.jpg\u00bb disabled_on=\u00bbon|off|off\u00bb _builder_version=\u00bb4.3.4&#8243;][\/et_pb_image][\/et_pb_column][\/et_pb_row][et_pb_row _builder_version=\u00bb4.3.4&#8243; custom_padding=\u00bb||4px|||\u00bb][et_pb_column type=\u00bb4_4&#8243; _builder_version=\u00bb4.3.4&#8243;][et_pb_text _builder_version=\u00bb4.3.4&#8243; text_font=\u00bbVerdana||||||||\u00bb text_font_size=\u00bb17px\u00bb]<\/p>\n<p style=\"text-align: justify;\">El DESMI HELIX puede suministrarse como un skimmer completo incluyendo la prestigiosa bomba de tornillo DESMI DOP-DUAL o como un adaptador para su montaje a posteriori sobre el skimmer de rebosadero DESMI TERMINATOR o DESMI TERMITE.<\/p>\n<p>[\/et_pb_text][\/et_pb_column][\/et_pb_row][et_pb_row column_structure=\u00bb1_3,1_3,1_3&#8243; _builder_version=\u00bb4.3.4&#8243; min_height=\u00bb251px\u00bb custom_padding=\u00bb4px||4px|||\u00bb][et_pb_column type=\u00bb1_3&#8243; _builder_version=\u00bb4.3.4&#8243;][et_pb_image src=\u00bbhttps:\/\/sentec.es\/wp-content\/uploads\/2020\/03\/www.sentec.es-skimmer-de-cepillos-33.jpg\u00bb disabled_on=\u00bboff|off|off\u00bb _builder_version=\u00bb4.3.4&#8243; hover_enabled=\u00bb0&#8243;][\/et_pb_image][\/et_pb_column][et_pb_column type=\u00bb1_3&#8243; _builder_version=\u00bb4.3.4&#8243;][et_pb_image src=\u00bbhttps:\/\/sentec.es\/wp-content\/uploads\/2020\/03\/skimmer-oleofilico-cepillos-3-3.jpg\u00bb _builder_version=\u00bb4.3.4&#8243;][\/et_pb_image][\/et_pb_column][et_pb_column type=\u00bb1_3&#8243; _builder_version=\u00bb4.3.4&#8243;][et_pb_image src=\u00bbhttps:\/\/sentec.es\/wp-content\/uploads\/2020\/03\/www.sentec.es-skimmer-de-cepillos-44.jpg\u00bb disabled_on=\u00bbon|off|off\u00bb _builder_version=\u00bb4.3.4&#8243;][\/et_pb_image][\/et_pb_column][\/et_pb_row][et_pb_row _builder_version=\u00bb4.3.4&#8243; custom_padding=\u00bb||3px|||\u00bb][et_pb_column type=\u00bb4_4&#8243; _builder_version=\u00bb4.3.4&#8243;][et_pb_text _builder_version=\u00bb4.3.4&#8243; text_font=\u00bbVerdana||||||||\u00bb text_font_size=\u00bb17px\u00bb custom_padding=\u00bb||1px|||\u00bb]<\/p>\n<p style=\"text-align: justify;\">Los cepillos son accionados por un motor hidr\u00e1ulico dotado de una caja reductora capaz de manejar los hidrocarburos m\u00e1s pesados. El gran di\u00e1metro de los cepillos permite al HELIX alcanzar tasas de recuperaci\u00f3n muy elevadas.\u00a0La bomba de tornillo de desplazamiento positivo DESMI DOP-DUAL es capaz de bombear hidrocarburos de viscosidad extrema con caudales de hasta 125 m3\/h y a contrapresiones de hasta 10 bar, as\u00ed como de triturar los desechos flotantes que habitualmente se encuentran en un vertido.<\/p>\n<p>[\/et_pb_text][\/et_pb_column][\/et_pb_row][et_pb_row column_structure=\u00bb1_3,1_3,1_3&#8243; _builder_version=\u00bb4.3.4&#8243; min_height=\u00bb253px\u00bb custom_margin=\u00bb18px|auto||auto||\u00bb custom_padding=\u00bb4px||4px|||\u00bb][et_pb_column type=\u00bb1_3&#8243; _builder_version=\u00bb4.3.4&#8243;][et_pb_image src=\u00bbhttps:\/\/sentec.es\/wp-content\/uploads\/2020\/03\/skimmer-oleofilico-cepillos-1-1.jpg\u00bb disabled_on=\u00bbon|off|off\u00bb _builder_version=\u00bb4.3.4&#8243;][\/et_pb_image][\/et_pb_column][et_pb_column type=\u00bb1_3&#8243; _builder_version=\u00bb4.3.4&#8243;][et_pb_video src=\u00bbhttps:\/\/sentec.es\/wp-content\/uploads\/2020\/04\/Helix.mp4&#8243; image_src=\u00bbhttps:\/\/sentec.es\/wp-content\/uploads\/2020\/03\/skimmer-oleofilico-cepillos-5-5.jpg\u00bb thumbnail_overlay_color=\u00bbrgba(0,0,0,0.6)\u00bb _builder_version=\u00bb4.3.4&#8243; custom_margin=\u00bb2px|||||\u00bb custom_padding=\u00bb57px|||||\u00bb][\/et_pb_video][\/et_pb_column][et_pb_column type=\u00bb1_3&#8243; _builder_version=\u00bb4.3.4&#8243;][et_pb_image src=\u00bbhttps:\/\/sentec.es\/wp-content\/uploads\/2020\/03\/skimmer-oleofilico-cepillos-44.jpg\u00bb disabled_on=\u00bbon|off|off\u00bb _builder_version=\u00bb4.3.4&#8243;][\/et_pb_image][\/et_pb_column][\/et_pb_row][et_pb_row _builder_version=\u00bb4.3.4&#8243; min_height=\u00bb819px\u00bb custom_margin=\u00bb|auto|-3px|auto||\u00bb custom_padding=\u00bb57px|||||\u00bb][et_pb_column type=\u00bb4_4&#8243; _builder_version=\u00bb4.3.4&#8243;][et_pb_text _builder_version=\u00bb4.3.4&#8243; text_font_size=\u00bb16px\u00bb custom_margin=\u00bb-2px|||||\u00bb custom_padding=\u00bb7px|||||\u00bb]<\/p>\n<table style=\"width: 96.9042%;\">\n<tbody>\n<tr>\n<td style=\"width: 27%;\"><strong>DATOS T\u00c9CNICOS<\/strong><\/td>\n<td style=\"width: 32%; text-align: center;\"><strong>DESMI HELIX con bomba DOP- 250<\/strong><\/td>\n<td style=\"width: 82.7345%; text-align: center;\"><strong>DESMI HELIX con bomba DOP- 160<\/strong><\/td>\n<\/tr>\n<tr>\n<td style=\"width: 27%;\">Dimensiones<\/td>\n<td style=\"width: 32%; text-align: center;\">2,1 x 2,3 x 1,0m<\/td>\n<td style=\"width: 82.7345%; text-align: center;\">1,75 x 1,95 x 0,8m<\/td>\n<\/tr>\n<tr>\n<td style=\"width: 27%;\">Peso total<\/td>\n<td style=\"width: 32%; text-align: center;\">215 Kg<\/td>\n<td style=\"width: 82.7345%; text-align: center;\">180 Kg<\/td>\n<\/tr>\n<tr>\n<td style=\"width: 27%;\">Calado<\/td>\n<td style=\"width: 32%; text-align: center;\">0,8 m<\/td>\n<td style=\"width: 82.7345%; text-align: center;\">0,4 m<\/td>\n<\/tr>\n<tr>\n<td style=\"width: 27%;\">Discos de cepillos<\/td>\n<td style=\"width: 32%; text-align: center;\">24 x 290mm (11,5\u201d) de di\u00e1metro<br \/> longitud de las cerdas: 100 mm<\/td>\n<td style=\"width: 82.7345%; text-align: center;\">24 x 290mm (11,5\u201d) de di\u00e1metro<br \/> longitud de las cerdas: 100 mm<\/td>\n<\/tr>\n<tr>\n<td style=\"width: 27%;\">Bancada de cepillos<\/td>\n<td style=\"width: 32%; text-align: center;\">1,3 m de di\u00e1metro<\/td>\n<td style=\"width: 82.7345%; text-align: center;\">1,3 m de di\u00e1metro<\/td>\n<\/tr>\n<tr>\n<td style=\"width: 27%;\">Velocidad de giro<\/td>\n<td style=\"width: 32%; text-align: center;\">35 r.p.m. max.<\/td>\n<td style=\"width: 82.7345%; text-align: center;\">35 r.p.m. max.<\/td>\n<\/tr>\n<tr>\n<td style=\"width: 27%;\">Motor de accionamiento<\/td>\n<td style=\"width: 32%; text-align: center;\">hidr\u00e1ulico con caja reductora 40<strong>:<\/strong>1<\/td>\n<td style=\"width: 82.7345%; text-align: center;\">hidr\u00e1ulico con caja reductora 40<strong>:<\/strong>1<\/td>\n<\/tr>\n<tr>\n<td style=\"width: 27%;\">Requerimientos hidr\u00e1ulicos (cepillos)<\/td>\n<td style=\"width: 32%; text-align: center;\">10 l\/min a 100 bar<\/td>\n<td style=\"width: 82.7345%; text-align: center;\">10 l\/min a 100 bar<\/td>\n<\/tr>\n<tr>\n<td style=\"width: 27%;\">Conexiones hidr\u00e1ulicas<\/td>\n<td style=\"width: 32%; text-align: center;\">\u00bd \u201d presi\u00f3n y retorno, 3\/8\u201d drenaje<\/td>\n<td style=\"width: 82.7345%; text-align: center;\">\u00bd \u201d presi\u00f3n y retorno, 3\/8\u201d drenaje<\/td>\n<\/tr>\n<tr>\n<td style=\"width: 27%;\">Bomba de trasiego<\/td>\n<td style=\"width: 32%; text-align: center;\">DOP-DUAL 250<\/td>\n<td style=\"width: 82.7345%; text-align: center;\">DOP-160<\/td>\n<\/tr>\n<tr>\n<td style=\"width: 27%;\">Capacidad de la bomba<\/td>\n<td style=\"width: 32%; text-align: center;\">125 m3\/h<\/td>\n<td style=\"width: 82.7345%; text-align: center;\">30 m3\/h<\/td>\n<\/tr>\n<tr>\n<td style=\"width: 27%;\">Presi\u00f3n m\u00e1xima de descarga<\/td>\n<td style=\"width: 32%; text-align: center;\">10 bar<\/td>\n<td style=\"width: 82.7345%; text-align: center;\">10 bar<\/td>\n<\/tr>\n<tr>\n<td style=\"width: 27%;\">Rango de viscosidad<\/td>\n<td style=\"width: 32%; text-align: center;\">La Desmi DOP-DUAL 250 puede bombear todos los hidrocarburos que fluyen hasta 1.000.000 cSt.<\/td>\n<td style=\"width: 82.7345%; text-align: center;\">La Desmi DOP 160 puede bombear todos los hidrocarburos que fluyen hasta 1.000.000 cSt.<\/td>\n<\/tr>\n<tr>\n<td style=\"width: 27%;\">Di\u00e1metro boca de admisi\u00f3n<\/td>\n<td style=\"width: 32%; text-align: center;\">250mm<\/td>\n<td style=\"width: 82.7345%; text-align: center;\">160mm<\/td>\n<\/tr>\n<tr>\n<td style=\"width: 27%;\">Racor de descarga<\/td>\n<td style=\"width: 32%; text-align: center;\">Tipo CAMLOCK 4,5 \u00f3 6\u201d (Otros racores o bridas disponibles)<\/td>\n<td style=\"width: 82.7345%; text-align: center;\">Tipo CAMLOCK\u00a0 3\u201d (Otros racores o bridas disponibles)<\/td>\n<\/tr>\n<tr>\n<td style=\"width: 27%;\">Materiales standard<\/td>\n<td style=\"width: 32%; text-align: center;\">Carcasa de aluminio.<br \/> Tornillo de acero \u2018SSNi-resist\u2019.<\/td>\n<td style=\"width: 82.7345%; text-align: center;\">Carcasa de aluminio.<br \/> Tornillo de acero \u2018SSNi-resist\u2019.<\/td>\n<\/tr>\n<tr>\n<td style=\"width: 27%;\">Requerimientos hidr\u00e1ulicos (bomba)<\/td>\n<td style=\"width: 32%; text-align: center;\">50 kW<br \/> 160 l\/min a 210 bar max.<\/td>\n<td style=\"width: 82.7345%; text-align: center;\">25 kW<br \/> 80 l\/min a 210 bar max.<\/td>\n<\/tr>\n<\/tbody>\n<\/table>\n<p>&nbsp;<\/p>\n<p>&nbsp;<\/p>\n<p>&nbsp;<\/p>\n<p>&nbsp;<\/p>\n<p>[\/et_pb_text][\/et_pb_column][\/et_pb_row][\/et_pb_section]<\/p>\n","protected":false},"excerpt":{"rendered":"<p>DESMI HELIX Skimmer de cepillos circular &nbsp; El skimmer de cepillos DESMI HELIX representa un avance significativo en la tecnolog\u00eda para la limpieza de vertidos de hidrocarburos. Su dise\u00f1o circular accionado por un eje card\u00e1n y una caja reductora es el resultado de varios a\u00f1os de investigaci\u00f3n y desarrollo.\u00a0DESMI RO-CLEAN es consciente desde hace tiempo [&hellip;]<\/p>\n","protected":false},"author":1,"featured_media":0,"parent":0,"menu_order":0,"comment_status":"closed","ping_status":"closed","template":"","meta":{"_et_pb_use_builder":"on","_et_pb_old_content":"","_et_gb_content_width":"","footnotes":""},"class_list":["post-768","page","type-page","status-publish","hentry"],"aioseo_notices":[],"_links":{"self":[{"href":"https:\/\/sentec.es\/index.php\/wp-json\/wp\/v2\/pages\/768"}],"collection":[{"href":"https:\/\/sentec.es\/index.php\/wp-json\/wp\/v2\/pages"}],"about":[{"href":"https:\/\/sentec.es\/index.php\/wp-json\/wp\/v2\/types\/page"}],"author":[{"embeddable":true,"href":"https:\/\/sentec.es\/index.php\/wp-json\/wp\/v2\/users\/1"}],"replies":[{"embeddable":true,"href":"https:\/\/sentec.es\/index.php\/wp-json\/wp\/v2\/comments?post=768"}],"version-history":[{"count":12,"href":"https:\/\/sentec.es\/index.php\/wp-json\/wp\/v2\/pages\/768\/revisions"}],"predecessor-version":[{"id":2682,"href":"https:\/\/sentec.es\/index.php\/wp-json\/wp\/v2\/pages\/768\/revisions\/2682"}],"wp:attachment":[{"href":"https:\/\/sentec.es\/index.php\/wp-json\/wp\/v2\/media?parent=768"}],"curies":[{"name":"wp","href":"https:\/\/api.w.org\/{rel}","templated":true}]}}