{"id":810,"date":"2020-03-11T10:41:24","date_gmt":"2020-03-11T08:41:24","guid":{"rendered":"http:\/\/sentec.es\/?page_id=810"},"modified":"2021-04-30T12:15:04","modified_gmt":"2021-04-30T10:15:04","slug":"skimmer-de-sogas-oleofilicas-2","status":"publish","type":"page","link":"https:\/\/sentec.es\/index.php\/skimmer-de-sogas-oleofilicas-2\/","title":{"rendered":"SEA-MOP"},"content":{"rendered":"<p>[et_pb_section fb_built=\u00bb1&#8243; _builder_version=\u00bb4.3.4&#8243;][et_pb_row _builder_version=\u00bb4.3.4&#8243;][et_pb_column type=\u00bb4_4&#8243; _builder_version=\u00bb4.3.4&#8243;][et_pb_text _builder_version=\u00bb4.3.4&#8243; text_font=\u00bbVerdana||||||||\u00bb text_font_size=\u00bb17px\u00bb]<\/p>\n<h1>SEA-MOP<\/h1>\n<h2><strong><br \/> <\/strong>Skimmers de sogas oleof\u00edlicas<\/h2>\n<p>&nbsp;<\/p>\n<p style=\"text-align: justify;\">Los skimmers de sogas oleof\u00edlicas <em>SEAMOP<\/em> son la herramienta id\u00f3nea para la recuperaci\u00f3n de hidrocarburos en presencia de oleaje, ya que se operan suspendidos del pescante de una embarcaci\u00f3n. El sistema se basa en unas sogas dotadas de fibras oleof\u00edlicas e hidr\u00f3fobas que, una vez saturadas de hidrocarburo, son exprimidas por unos rodillos de caucho.<strong>\u00a0<\/strong>Su funcionamiento es \u00f3ptimo con un amplio rango de viscosidades incluso con hidrocarburos emulsionados y no se ve afectado por la presencia de residuos s\u00f3lidos flotantes.<\/p>\n<p>[\/et_pb_text][\/et_pb_column][\/et_pb_row][et_pb_row column_structure=\u00bb1_3,1_3,1_3&#8243; _builder_version=\u00bb4.3.4&#8243; custom_padding=\u00bb5px||4px|||\u00bb][et_pb_column type=\u00bb1_3&#8243; _builder_version=\u00bb4.3.4&#8243;][et_pb_image src=\u00bbhttps:\/\/sentec.es\/wp-content\/uploads\/2020\/03\/www.sentec.es-skimmer-sogas-oleof\u00edlicas-Seamop-7.jpg\u00bb _builder_version=\u00bb4.3.4&#8243;][\/et_pb_image][\/et_pb_column][et_pb_column type=\u00bb1_3&#8243; _builder_version=\u00bb4.3.4&#8243;][et_pb_image src=\u00bbhttps:\/\/sentec.es\/wp-content\/uploads\/2020\/03\/www.sentec.es-skimmer-sogas-oleof\u00edlicas-Seamop-5.jpg\u00bb _builder_version=\u00bb4.3.4&#8243;][\/et_pb_image][\/et_pb_column][et_pb_column type=\u00bb1_3&#8243; _builder_version=\u00bb4.3.4&#8243;][et_pb_image src=\u00bbhttps:\/\/sentec.es\/wp-content\/uploads\/2020\/03\/www.sentec.es-skimmer-sogas-oleof\u00edlicas-Seamop-6.jpg\u00bb _builder_version=\u00bb4.3.4&#8243;][\/et_pb_image][\/et_pb_column][\/et_pb_row][et_pb_row _builder_version=\u00bb4.3.4&#8243;][et_pb_column type=\u00bb4_4&#8243; _builder_version=\u00bb4.3.4&#8243;][et_pb_text _builder_version=\u00bb4.3.4&#8243; text_font=\u00bbVerdana||||||||\u00bb text_font_size=\u00bb17px\u00bb]<\/p>\n<p style=\"text-align: justify;\">Los skimmers de sogas oleof\u00edlicas SEAMOP apenas recogen agua junto con el hidrocarburo, lo que permite aprovechar al m\u00e1ximo la capacidad de almacenamiento de los tanques de la embarcaci\u00f3n. Los modelos 3060 y 5060 pueden suministrarse con la bomba de descarga incorporada o con una bomba de aspiraci\u00f3n accionada desde cubierta. Los skimmers SEAMOP han participado con \u00e9xito en la limpieza de innumerables vertidos de hidrocarburos a lo largo de los \u00faltimos 30 a\u00f1os.<\/p>\n<p>[\/et_pb_text][\/et_pb_column][\/et_pb_row][et_pb_row column_structure=\u00bb1_3,1_3,1_3&#8243; _builder_version=\u00bb4.3.4&#8243; custom_padding=\u00bb4px||4px|||\u00bb][et_pb_column type=\u00bb1_3&#8243; _builder_version=\u00bb4.3.4&#8243;][et_pb_image src=\u00bbhttps:\/\/sentec.es\/wp-content\/uploads\/2020\/03\/www.sentec.es-skimmer-sogas-oleof\u00edlicas-Seamop-3.jpg\u00bb disabled_on=\u00bboff|off|off\u00bb _builder_version=\u00bb4.3.4&#8243; hover_enabled=\u00bb0&#8243;][\/et_pb_image][\/et_pb_column][et_pb_column type=\u00bb1_3&#8243; _builder_version=\u00bb4.3.4&#8243;][et_pb_video src=\u00bbhttps:\/\/sentec.es\/wp-content\/uploads\/2020\/04\/Seamop-3040-test.mp4&#8243; image_src=\u00bbhttps:\/\/sentec.es\/wp-content\/uploads\/2020\/03\/www.sentec.es-skimmer-sogas-oleof\u00edlicas-Seamop-1.jpg\u00bb thumbnail_overlay_color=\u00bbrgba(0,0,0,0.6)\u00bb _builder_version=\u00bb4.3.4&#8243; min_height=\u00bb241px\u00bb custom_margin=\u00bb-1px|||||\u00bb custom_padding=\u00bb1px||24px|||\u00bb][\/et_pb_video][\/et_pb_column][et_pb_column type=\u00bb1_3&#8243; _builder_version=\u00bb4.3.4&#8243;][et_pb_image src=\u00bbhttps:\/\/sentec.es\/wp-content\/uploads\/2020\/03\/www.sentec.es-skimmer-sogas-oleof\u00edlicas-Seamop-2.jpg\u00bb disabled_on=\u00bbon|off|off\u00bb _builder_version=\u00bb4.3.4&#8243;][\/et_pb_image][\/et_pb_column][\/et_pb_row][et_pb_row _builder_version=\u00bb4.3.4&#8243;][et_pb_column type=\u00bb4_4&#8243; _builder_version=\u00bb4.3.4&#8243;][et_pb_text _builder_version=\u00bb4.3.4&#8243; text_font_size=\u00bb16px\u00bb custom_padding=\u00bb0px|||||\u00bb]<\/p>\n<p>&nbsp;<\/p>\n<table width=\"100%\">\n<tbody>\n<tr>\n<td width=\"34%\"><strong>DATOS T\u00c9CNICOS<\/strong><\/td>\n<td width=\"33%\" style=\"text-align: center;\"><strong>SEAMOP 3060<\/strong><\/td>\n<td width=\"33%\" style=\"text-align: center;\"><strong>SEAMOP 5060<\/strong><\/td>\n<\/tr>\n<tr>\n<td width=\"34%\">Capacidad nominal<\/td>\n<td width=\"33%\" style=\"text-align: center;\">10 m3\/h<\/td>\n<td width=\"33%\" style=\"text-align: center;\">15 m3\/h<\/td>\n<\/tr>\n<tr>\n<td width=\"34%\">Sogas oleof\u00edlicas<\/td>\n<td width=\"33%\" style=\"text-align: center;\">3 x 150mm di\u00e1m<\/td>\n<td width=\"33%\" style=\"text-align: center;\">5 x 150mm di\u00e1m.<\/td>\n<\/tr>\n<tr>\n<td width=\"34%\">Velocidad m\u00e1xima sogas<\/td>\n<td width=\"33%\" style=\"text-align: center;\">40m\/min<\/td>\n<td width=\"33%\" style=\"text-align: center;\">40m\/min<\/td>\n<\/tr>\n<tr>\n<td width=\"34%\">Altura de trabajo<\/td>\n<td width=\"33%\" style=\"text-align: center;\">1 &#8211; 1,5 m<\/td>\n<td width=\"33%\" style=\"text-align: center;\">1 &#8211; 1,5 m<\/td>\n<\/tr>\n<tr>\n<td width=\"34%\">Tensor de rodillos<\/td>\n<td width=\"33%\" style=\"text-align: center;\">Muelle<\/td>\n<td width=\"33%\" style=\"text-align: center;\">Muelle<\/td>\n<\/tr>\n<tr>\n<td width=\"34%\">Requerimientos hidr\u00e1ulicos<\/td>\n<td width=\"33%\" style=\"text-align: center;\">7,5 l\/min<br \/> 100 bar<\/td>\n<td width=\"33%\" style=\"text-align: center;\">7,5 l\/min<br \/> 100 bar<\/td>\n<\/tr>\n<tr>\n<td width=\"34%\">Conexiones hidr\u00e1ulicas (excluyendo bomba)<\/td>\n<td width=\"33%\" style=\"text-align: center;\">2 x \u00bd \u201c<\/td>\n<td width=\"33%\" style=\"text-align: center;\">2 x \u00bd \u201c<\/td>\n<\/tr>\n<tr>\n<td width=\"34%\">Dimensiones<\/td>\n<td width=\"33%\" style=\"text-align: center;\">0,63 x 0,63 x 0,48 m<\/td>\n<td width=\"33%\" style=\"text-align: center;\">0,63 x 1,0 x 0,48 m<\/td>\n<\/tr>\n<tr>\n<td width=\"34%\">Peso con mangueras<\/td>\n<td width=\"33%\" style=\"text-align: center;\">112 kg seco<br \/> 180 kg mojado<\/td>\n<td width=\"33%\" style=\"text-align: center;\">180 kg seco<br \/> 290 kg mojado<\/td>\n<\/tr>\n<tr>\n<td>Racor de descarga<\/td>\n<td style=\"text-align: center;\">3\u201d<\/td>\n<td style=\"text-align: center;\">3\u201d<\/td>\n<\/tr>\n<tr>\n<td>Bomba<\/td>\n<td style=\"text-align: center;\">Spate 75 C \u00f3 Desmi DOP-160<\/td>\n<td style=\"text-align: center;\">Spate 75 C \u00f3 Desmi DOP-160<\/td>\n<\/tr>\n<\/tbody>\n<\/table>\n<p>&nbsp;<\/p>\n<table width=\"100%\">\n<tbody>\n<tr>\n<td width=\"34%\"><strong>DATOS T\u00c9CNICOS<\/strong><\/td>\n<td width=\"33%\" style=\"text-align: center;\"><strong>SEAMOP 4090 <\/strong><\/td>\n<td width=\"33%\" style=\"text-align: center;\"><strong>SEAMOP 8090 <\/strong><\/td>\n<\/tr>\n<tr>\n<td width=\"34%\">Capacidad nominal<\/td>\n<td width=\"33%\" style=\"text-align: center;\">35 m3\/h<\/td>\n<td width=\"33%\" style=\"text-align: center;\">70 m3\/h<\/td>\n<\/tr>\n<tr>\n<td width=\"34%\">Sogas oleof\u00edlicas<\/td>\n<td width=\"33%\" style=\"text-align: center;\">4 x 225mm di\u00e1m.<\/td>\n<td width=\"33%\" style=\"text-align: center;\">8 x 225mm di\u00e1m.<\/td>\n<\/tr>\n<tr>\n<td width=\"34%\">Velocidad m\u00e1xima sogas<\/td>\n<td width=\"33%\" style=\"text-align: center;\">40m\/min<\/td>\n<td width=\"33%\" style=\"text-align: center;\">40m\/min<\/td>\n<\/tr>\n<tr>\n<td width=\"34%\">Altura de trabajo<\/td>\n<td width=\"33%\" style=\"text-align: center;\">3 \u2013 4 m<\/td>\n<td width=\"33%\" style=\"text-align: center;\">3 \u2013 4 m<\/td>\n<\/tr>\n<tr>\n<td width=\"34%\">Tensor de rodillos<\/td>\n<td width=\"33%\" style=\"text-align: center;\">Hidr\u00e1ulico<\/td>\n<td width=\"33%\" style=\"text-align: center;\">Hidr\u00e1ulico<\/td>\n<\/tr>\n<tr>\n<td width=\"34%\">Requerimientos hidr\u00e1ulicos<\/td>\n<td width=\"33%\" style=\"text-align: center;\">25 l\/min<br \/> 120 bar<\/td>\n<td width=\"33%\" style=\"text-align: center;\">25 l\/min<br \/> 120 bar<\/td>\n<\/tr>\n<tr>\n<td width=\"34%\">Conexiones hidr\u00e1ulicas (excluyendo bomba)<\/td>\n<td width=\"33%\" style=\"text-align: center;\">2 x \u00bd \u201c<br \/> 2 x 3\/8 \u201d<\/td>\n<td width=\"33%\" style=\"text-align: center;\">2 x \u00bd \u201c<br \/> 2 x 3\/8 \u201d<\/td>\n<\/tr>\n<tr>\n<td width=\"34%\">Dimensiones<\/td>\n<td width=\"33%\" style=\"text-align: center;\">1,53 x 1,2 x 1,3 m<\/td>\n<td width=\"33%\" style=\"text-align: center;\">1,63 x 1,5 x 1,63 m<\/td>\n<\/tr>\n<tr>\n<td width=\"34%\">Peso con mangueras<\/td>\n<td width=\"33%\" style=\"text-align: center;\">590 kg seco<br \/> 1150 kg mojado con bomba DOP-250<\/td>\n<td width=\"33%\" style=\"text-align: center;\">900 kg seco<br \/> 1800 kg mojado con bomba DOP-250<\/td>\n<\/tr>\n<tr>\n<td>Racor de descarga<\/td>\n<td style=\"text-align: center;\">4\u201d<\/td>\n<td style=\"text-align: center;\">6 \u201d<\/td>\n<\/tr>\n<tr>\n<td>Bomba<\/td>\n<td style=\"text-align: center;\">Desmi DOP-160 \u00f3 Desmi DOP-250<\/td>\n<td style=\"text-align: center;\">Desmi DOP-250<\/td>\n<\/tr>\n<\/tbody>\n<\/table>\n<p>[\/et_pb_text][\/et_pb_column][\/et_pb_row][\/et_pb_section]<\/p>\n","protected":false},"excerpt":{"rendered":"<p>SEA-MOP Skimmers de sogas oleof\u00edlicas &nbsp; Los skimmers de sogas oleof\u00edlicas SEAMOP son la herramienta id\u00f3nea para la recuperaci\u00f3n de hidrocarburos en presencia de oleaje, ya que se operan suspendidos del pescante de una embarcaci\u00f3n. El sistema se basa en unas sogas dotadas de fibras oleof\u00edlicas e hidr\u00f3fobas que, una vez saturadas de hidrocarburo, son [&hellip;]<\/p>\n","protected":false},"author":1,"featured_media":0,"parent":0,"menu_order":0,"comment_status":"closed","ping_status":"closed","template":"","meta":{"_et_pb_use_builder":"on","_et_pb_old_content":"","_et_gb_content_width":"","footnotes":""},"class_list":["post-810","page","type-page","status-publish","hentry"],"aioseo_notices":[],"_links":{"self":[{"href":"https:\/\/sentec.es\/index.php\/wp-json\/wp\/v2\/pages\/810"}],"collection":[{"href":"https:\/\/sentec.es\/index.php\/wp-json\/wp\/v2\/pages"}],"about":[{"href":"https:\/\/sentec.es\/index.php\/wp-json\/wp\/v2\/types\/page"}],"author":[{"embeddable":true,"href":"https:\/\/sentec.es\/index.php\/wp-json\/wp\/v2\/users\/1"}],"replies":[{"embeddable":true,"href":"https:\/\/sentec.es\/index.php\/wp-json\/wp\/v2\/comments?post=810"}],"version-history":[{"count":15,"href":"https:\/\/sentec.es\/index.php\/wp-json\/wp\/v2\/pages\/810\/revisions"}],"predecessor-version":[{"id":2683,"href":"https:\/\/sentec.es\/index.php\/wp-json\/wp\/v2\/pages\/810\/revisions\/2683"}],"wp:attachment":[{"href":"https:\/\/sentec.es\/index.php\/wp-json\/wp\/v2\/media?parent=810"}],"curies":[{"name":"wp","href":"https:\/\/api.w.org\/{rel}","templated":true}]}}