{"id":954,"date":"2020-03-13T11:22:24","date_gmt":"2020-03-13T09:22:24","guid":{"rendered":"http:\/\/sentec.es\/?page_id=954"},"modified":"2021-09-17T11:50:36","modified_gmt":"2021-09-17T09:50:36","slug":"skimmer-rebosadero-terminator","status":"publish","type":"page","link":"https:\/\/sentec.es\/index.php\/skimmer-rebosadero-terminator\/","title":{"rendered":"TERMINATOR"},"content":{"rendered":"<p>[et_pb_section fb_built=\u00bb1&#8243; _builder_version=\u00bb4.3.4&#8243; global_colors_info=\u00bb{}\u00bb][et_pb_row _builder_version=\u00bb4.3.4&#8243; global_colors_info=\u00bb{}\u00bb][et_pb_column type=\u00bb4_4&#8243; _builder_version=\u00bb4.3.4&#8243; global_colors_info=\u00bb{}\u00bb][et_pb_text _builder_version=\u00bb4.3.4&#8243; text_font=\u00bbVerdana||||||||\u00bb text_font_size=\u00bb17px\u00bb custom_padding=\u00bb||0px|||\u00bb global_colors_info=\u00bb{}\u00bb]<\/p>\n<h1>DESMI TERMINATOR<\/h1>\n<h2><strong><br \/> <\/strong>Skimmer de rebosadero con bomba de tornillo de 125 m3\/h<\/h2>\n<p>&nbsp;<\/p>\n<p style=\"text-align: justify;\">El <em>DESMI TERMINATOR <\/em>es un skimmer ideal para la recuperaci\u00f3n de derrames de hidrocarburos de alta, media y baja viscosidad, en la costa y en mar abierto. Nuevos materiales de construcci\u00f3n y un dise\u00f1o simplificado han dado como resultado una excelente relaci\u00f3n coste-rendimiento. El <em>TERMINATOR<\/em> incorpora la prestigiosa bomba de tornillo vertical tipo Arqu\u00edmedes DOP-250, capaz de bombear hidrocarburos de muy elevada viscosidad a contrapresiones de hasta 10 bar, as\u00ed como de triturar los desechos flotantes que habitualmente se encuentran en un derrame.<\/p>\n<p>[\/et_pb_text][\/et_pb_column][\/et_pb_row][et_pb_row column_structure=\u00bb1_3,1_3,1_3&#8243; _builder_version=\u00bb4.3.4&#8243; custom_padding=\u00bb4px||4px|||\u00bb global_colors_info=\u00bb{}\u00bb][et_pb_column type=\u00bb1_3&#8243; _builder_version=\u00bb4.3.4&#8243; global_colors_info=\u00bb{}\u00bb][et_pb_image src=\u00bbhttps:\/\/sentec.es\/wp-content\/uploads\/2020\/03\/skimmer-rebosadero-Terminator-1.jpg\u00bb _builder_version=\u00bb4.3.4&#8243; global_colors_info=\u00bb{}\u00bb][\/et_pb_image][\/et_pb_column][et_pb_column type=\u00bb1_3&#8243; _builder_version=\u00bb4.3.4&#8243; global_colors_info=\u00bb{}\u00bb][et_pb_image src=\u00bbhttps:\/\/sentec.es\/wp-content\/uploads\/2020\/03\/skimmer-rebosadero-Terminator-13.jpg\u00bb url=\u00bbhttps:\/\/sentec.es\/wp-content\/uploads\/2021\/02\/Skimmer-rebosadero-Bomba-DOP-250_0.mp4&#8243; _builder_version=\u00bb4.10.6&#8243; global_colors_info=\u00bb{}\u00bb][\/et_pb_image][\/et_pb_column][et_pb_column type=\u00bb1_3&#8243; _builder_version=\u00bb4.3.4&#8243; global_colors_info=\u00bb{}\u00bb][et_pb_image src=\u00bbhttps:\/\/sentec.es\/wp-content\/uploads\/2020\/03\/skimmer-rebosadero-Terminator-8.jpg\u00bb _builder_version=\u00bb4.3.4&#8243; global_colors_info=\u00bb{}\u00bb][\/et_pb_image][\/et_pb_column][\/et_pb_row][et_pb_row _builder_version=\u00bb4.3.4&#8243; global_colors_info=\u00bb{}\u00bb][et_pb_column type=\u00bb4_4&#8243; _builder_version=\u00bb4.3.4&#8243; global_colors_info=\u00bb{}\u00bb][et_pb_text _builder_version=\u00bb4.10.6&#8243; text_font=\u00bbVerdana||||||||\u00bb text_font_size=\u00bb17px\u00bb hover_enabled=\u00bb0&#8243; global_colors_info=\u00bb{}\u00bb sticky_enabled=\u00bb0&#8243;]<\/p>\n<p>La DOP-250 tiene un peso de tan s\u00f3lo 75 kg y puede ser f\u00e1cilmente desmontada del skimmer para su utilizaci\u00f3n como bomba de trasiego. El rebosadero de admisi\u00f3n autoajustable \u00ab<em>DESMI EASY FLOW\u00bb<\/em>\u00a0del skimmer TERMINATOR corrige de forma inmediata las oscilaciones verticales causadas por el oleaje. El\u00a0 <em>Easy Flow<\/em> flota independientemente del skimmer debido a sus conexiones flexibles y a su masa inerte extremadamente baja, por lo que permanece en todo momento paralelo a la superficie de contacto agua\/hidrocarburo.<\/p>\n<p>[\/et_pb_text][\/et_pb_column][\/et_pb_row][et_pb_row column_structure=\u00bb1_3,1_3,1_3&#8243; _builder_version=\u00bb4.3.4&#8243; custom_padding=\u00bb4px||4px|||\u00bb global_colors_info=\u00bb{}\u00bb][et_pb_column type=\u00bb1_3&#8243; _builder_version=\u00bb4.3.4&#8243; global_colors_info=\u00bb{}\u00bb][et_pb_image src=\u00bbhttps:\/\/sentec.es\/wp-content\/uploads\/2020\/03\/skimmer-rebosadero-Terminator-3.jpg\u00bb _builder_version=\u00bb4.3.4&#8243; global_colors_info=\u00bb{}\u00bb][\/et_pb_image][\/et_pb_column][et_pb_column type=\u00bb1_3&#8243; _builder_version=\u00bb4.3.4&#8243; global_colors_info=\u00bb{}\u00bb][et_pb_image src=\u00bbhttps:\/\/sentec.es\/wp-content\/uploads\/2020\/03\/skimmer-rebosadero-Terminator-5.jpg\u00bb _builder_version=\u00bb4.3.4&#8243; background_video_mp4=\u00bbhttps:\/\/sentec.es\/wp-content\/uploads\/2021\/02\/Bomba-Desmi-DOP-250-vertido-real.mov\u00bb global_colors_info=\u00bb{}\u00bb][\/et_pb_image][\/et_pb_column][et_pb_column type=\u00bb1_3&#8243; _builder_version=\u00bb4.3.4&#8243; global_colors_info=\u00bb{}\u00bb][et_pb_image src=\u00bbhttps:\/\/sentec.es\/wp-content\/uploads\/2020\/03\/skimmer-rebosadero-Terminator-2.jpg\u00bb _builder_version=\u00bb4.3.4&#8243; global_colors_info=\u00bb{}\u00bb][\/et_pb_image][\/et_pb_column][\/et_pb_row][et_pb_row _builder_version=\u00bb4.3.4&#8243; global_colors_info=\u00bb{}\u00bb][et_pb_column type=\u00bb4_4&#8243; _builder_version=\u00bb4.3.4&#8243; global_colors_info=\u00bb{}\u00bb][et_pb_text _builder_version=\u00bb4.3.4&#8243; text_font=\u00bbVerdana||||||||\u00bb text_font_size=\u00bb17px\u00bb global_colors_info=\u00bb{}\u00bb]<\/p>\n<p style=\"text-align: justify;\">El DESMI TERMINATOR se fabrica con los mejores materiales como son el aluminio naval, el acero inoxidable y el polietileno de alta densidad. Como accesorio opcional puede incorporar m\u00f3dulos de discos o cepillos oleof\u00edlicos, as\u00ed como propulsores hidr\u00e1ulicos que permiten dirigir el skimmer por control remoto hasta la zona de m\u00e1xima concentraci\u00f3n de hidrocarburo.<\/p>\n<p>[\/et_pb_text][\/et_pb_column][\/et_pb_row][et_pb_row column_structure=\u00bb1_3,1_3,1_3&#8243; _builder_version=\u00bb4.3.4&#8243; custom_padding=\u00bb4px||4px|||\u00bb global_colors_info=\u00bb{}\u00bb][et_pb_column type=\u00bb1_3&#8243; _builder_version=\u00bb4.3.4&#8243; global_colors_info=\u00bb{}\u00bb][et_pb_image src=\u00bbhttps:\/\/sentec.es\/wp-content\/uploads\/2020\/03\/skimmer-rebosadero-Terminator-12.jpg\u00bb _builder_version=\u00bb4.3.4&#8243; global_colors_info=\u00bb{}\u00bb][\/et_pb_image][\/et_pb_column][et_pb_column type=\u00bb1_3&#8243; _builder_version=\u00bb4.3.4&#8243; global_colors_info=\u00bb{}\u00bb][et_pb_image src=\u00bbhttps:\/\/sentec.es\/wp-content\/uploads\/2020\/03\/skimmer-rebosadero-Terminator-7.jpg\u00bb _builder_version=\u00bb4.3.4&#8243; global_colors_info=\u00bb{}\u00bb][\/et_pb_image][\/et_pb_column][et_pb_column type=\u00bb1_3&#8243; _builder_version=\u00bb4.3.4&#8243; global_colors_info=\u00bb{}\u00bb][et_pb_image src=\u00bbhttps:\/\/sentec.es\/wp-content\/uploads\/2020\/03\/skimmer-rebosadero-Terminator-4.jpg\u00bb _builder_version=\u00bb4.3.4&#8243; global_colors_info=\u00bb{}\u00bb][\/et_pb_image][\/et_pb_column][\/et_pb_row][et_pb_row _builder_version=\u00bb4.3.4&#8243; global_colors_info=\u00bb{}\u00bb][et_pb_column type=\u00bb4_4&#8243; _builder_version=\u00bb4.3.4&#8243; global_colors_info=\u00bb{}\u00bb][et_pb_text _builder_version=\u00bb4.3.4&#8243; text_font_size=\u00bb16px\u00bb global_colors_info=\u00bb{}\u00bb]<\/p>\n<table style=\"width: 100.576%;\">\n<tbody>\n<tr>\n<td style=\"width: 36.7419%;\"><strong>DATOS T\u00c9CNICOS<\/strong><\/td>\n<td style=\"width: 67.2581%; text-align: center;\"><strong>DESMI TERMINATOR <\/strong><\/td>\n<\/tr>\n<tr>\n<td style=\"width: 36.7419%;\">Capacidad nominal<\/td>\n<td style=\"width: 67.2581%; text-align: center;\">100 \u00f3 125 m3\/h<\/td>\n<\/tr>\n<tr>\n<td style=\"width: 36.7419%;\">M\u00f3dulos opcionales<\/td>\n<td style=\"width: 67.2581%; text-align: center;\">Cinta transportadora, discos y cepillos<\/td>\n<\/tr>\n<tr>\n<td style=\"width: 36.7419%;\">Rebosadero de admisi\u00f3n<\/td>\n<td style=\"width: 67.2581%; text-align: center;\">0 ,72 m (28 \u201c) di\u00e1m. Autoajustable<\/td>\n<\/tr>\n<tr>\n<td style=\"width: 36.7419%;\">Calado<\/td>\n<td style=\"width: 67.2581%; text-align: center;\">0,70 m<\/td>\n<\/tr>\n<tr>\n<td style=\"width: 36.7419%;\">Peso<\/td>\n<td style=\"width: 67.2581%; text-align: center;\">165 kg con bomba DOP-DUAL<\/td>\n<\/tr>\n<tr>\n<td style=\"width: 36.7419%;\">Bomba<\/td>\n<td style=\"width: 67.2581%; text-align: center;\">DESMI DOP-DUAL 250<\/td>\n<\/tr>\n<tr>\n<td style=\"width: 36.7419%;\">M\u00e1xima presi\u00f3n de descarga<\/td>\n<td style=\"width: 67.2581%; text-align: center;\">10 bar<\/td>\n<\/tr>\n<tr>\n<td style=\"width: 36.7419%;\">Racor de descarga<\/td>\n<td style=\"width: 67.2581%; text-align: center;\">4, 5 \u00f3 6\u201d<\/td>\n<\/tr>\n<tr>\n<td style=\"width: 36.7419%;\">M\u00e1ximo paso de s\u00f3lidos<\/td>\n<td style=\"width: 67.2581%; text-align: center;\">50 mm<\/td>\n<\/tr>\n<tr>\n<td style=\"width: 36.7419%;\">Cuchillas para corte de s\u00f3lidos<\/td>\n<td style=\"width: 67.2581%; text-align: center;\">una a la entrada<\/td>\n<\/tr>\n<tr>\n<td style=\"width: 36.7419%;\">Requerimientos hidr\u00e1ulicos<\/td>\n<td style=\"width: 67.2581%; text-align: center;\">160 l\/min; 210 bar<\/td>\n<\/tr>\n<tr>\n<td style=\"width: 36.7419%;\">Conexiones hidr\u00e1ulicas de la bomba<\/td>\n<td style=\"width: 67.2581%; text-align: center;\">2 x 3\/4\u201d y 1 x 3\/8\u201d \u00f3 2 x 1\u201d y 1 x 3\/8\u201d<\/td>\n<\/tr>\n<tr>\n<td style=\"width: 36.7419%;\">Dimensiones<\/td>\n<td style=\"width: 67.2581%; text-align: center;\">\u00a0 \u00a02,10 x 2,33 x 0,93 m<\/td>\n<\/tr>\n<tr>\n<td style=\"width: 36.7419%;\">Racor de aspiraci\u00f3n<\/td>\n<td style=\"width: 67.2581%; text-align: center;\">Opcional<\/td>\n<\/tr>\n<tr>\n<td style=\"width: 36.7419%;\">Propulsores hidr\u00e1ulicos<\/td>\n<td style=\"width: 67.2581%; text-align: center;\">Opcional<\/td>\n<\/tr>\n<\/tbody>\n<\/table>\n<p>[\/et_pb_text][\/et_pb_column][\/et_pb_row][et_pb_row column_structure=\u00bb1_3,1_3,1_3&#8243; _builder_version=\u00bb4.3.4&#8243; custom_padding=\u00bb4px||4px|||\u00bb global_colors_info=\u00bb{}\u00bb][et_pb_column type=\u00bb1_3&#8243; _builder_version=\u00bb4.3.4&#8243; global_colors_info=\u00bb{}\u00bb][et_pb_image src=\u00bbhttps:\/\/sentec.es\/wp-content\/uploads\/2020\/03\/skimmer-rebosadero-Terminator-11.jpg\u00bb _builder_version=\u00bb4.3.4&#8243; global_colors_info=\u00bb{}\u00bb][\/et_pb_image][\/et_pb_column][et_pb_column type=\u00bb1_3&#8243; _builder_version=\u00bb4.3.4&#8243; global_colors_info=\u00bb{}\u00bb][et_pb_image src=\u00bbhttps:\/\/sentec.es\/wp-content\/uploads\/2020\/03\/skimmer-rebosadero-Terminator-1.gif\u00bb _builder_version=\u00bb4.3.4&#8243; global_colors_info=\u00bb{}\u00bb][\/et_pb_image][\/et_pb_column][et_pb_column type=\u00bb1_3&#8243; _builder_version=\u00bb4.3.4&#8243; global_colors_info=\u00bb{}\u00bb][et_pb_image src=\u00bbhttps:\/\/sentec.es\/wp-content\/uploads\/2020\/03\/skimmer-rebosadero-Terminator-9.jpg\u00bb _builder_version=\u00bb4.3.4&#8243; global_colors_info=\u00bb{}\u00bb][\/et_pb_image][\/et_pb_column][\/et_pb_row][\/et_pb_section]<\/p>\n","protected":false},"excerpt":{"rendered":"<p>DESMI TERMINATOR Skimmer de rebosadero con bomba de tornillo de 125 m3\/h &nbsp; El DESMI TERMINATOR es un skimmer ideal para la recuperaci\u00f3n de derrames de hidrocarburos de alta, media y baja viscosidad, en la costa y en mar abierto. Nuevos materiales de construcci\u00f3n y un dise\u00f1o simplificado han dado como resultado una excelente relaci\u00f3n [&hellip;]<\/p>\n","protected":false},"author":1,"featured_media":0,"parent":0,"menu_order":0,"comment_status":"closed","ping_status":"closed","template":"","meta":{"_et_pb_use_builder":"on","_et_pb_old_content":"","_et_gb_content_width":"","footnotes":""},"class_list":["post-954","page","type-page","status-publish","hentry"],"aioseo_notices":[],"_links":{"self":[{"href":"https:\/\/sentec.es\/index.php\/wp-json\/wp\/v2\/pages\/954"}],"collection":[{"href":"https:\/\/sentec.es\/index.php\/wp-json\/wp\/v2\/pages"}],"about":[{"href":"https:\/\/sentec.es\/index.php\/wp-json\/wp\/v2\/types\/page"}],"author":[{"embeddable":true,"href":"https:\/\/sentec.es\/index.php\/wp-json\/wp\/v2\/users\/1"}],"replies":[{"embeddable":true,"href":"https:\/\/sentec.es\/index.php\/wp-json\/wp\/v2\/comments?post=954"}],"version-history":[{"count":12,"href":"https:\/\/sentec.es\/index.php\/wp-json\/wp\/v2\/pages\/954\/revisions"}],"predecessor-version":[{"id":2732,"href":"https:\/\/sentec.es\/index.php\/wp-json\/wp\/v2\/pages\/954\/revisions\/2732"}],"wp:attachment":[{"href":"https:\/\/sentec.es\/index.php\/wp-json\/wp\/v2\/media?parent=954"}],"curies":[{"name":"wp","href":"https:\/\/api.w.org\/{rel}","templated":true}]}}