{"id":975,"date":"2020-03-13T12:21:34","date_gmt":"2020-03-13T10:21:34","guid":{"rendered":"http:\/\/sentec.es\/?page_id=975"},"modified":"2026-02-27T10:28:04","modified_gmt":"2026-02-27T08:28:04","slug":"skimmers-discos-y-cepillos-desmi-dbd","status":"publish","type":"page","link":"https:\/\/sentec.es\/index.php\/skimmers-discos-y-cepillos-desmi-dbd\/","title":{"rendered":"DESMI DBD"},"content":{"rendered":"<p>[et_pb_section fb_built=\u00bb1&#8243; _builder_version=\u00bb4.3.4&#8243; global_colors_info=\u00bb{}\u00bb][et_pb_row _builder_version=\u00bb4.3.4&#8243; global_colors_info=\u00bb{}\u00bb][et_pb_column type=\u00bb4_4&#8243; _builder_version=\u00bb4.3.4&#8243; global_colors_info=\u00bb{}\u00bb][et_pb_text _builder_version=\u00bb4.3.4&#8243; text_font=\u00bbVerdana||||||||\u00bb text_font_size=\u00bb17px\u00bb header_font_size=\u00bb25px\u00bb custom_padding=\u00bb||0px|||\u00bb global_colors_info=\u00bb{}\u00bb]<\/p>\n<h2>MULTISKIMMERS DESMI DBD<\/h2>\n<h2><strong><br \/> <\/strong>Skimmers de discos y cepillos intercambiables<\/h2>\n<p>&nbsp;<\/p>\n<p style=\"text-align: justify;\">Desmi Ro-Clean dispone de una ampl\u00edsima gama de skimmers de discos, tanto para aplicaciones portuarias como para la recuperaci\u00f3n de derrames de hidrocarburos en mar abierto y con capacidades que van desde los 2m3\/h hasta los 160 m3\/h.<\/p>\n<p>[\/et_pb_text][\/et_pb_column][\/et_pb_row][et_pb_row column_structure=\u00bb1_3,1_3,1_3&#8243; _builder_version=\u00bb4.3.4&#8243; custom_padding=\u00bb4px||4px|||\u00bb global_colors_info=\u00bb{}\u00bb][et_pb_column type=\u00bb1_3&#8243; _builder_version=\u00bb4.3.4&#8243; global_colors_info=\u00bb{}\u00bb][et_pb_image src=\u00bbhttps:\/\/sentec.es\/wp-content\/uploads\/2020\/03\/multiskimmer-Desmi-DBD-3.jpg\u00bb _builder_version=\u00bb4.3.4&#8243; global_colors_info=\u00bb{}\u00bb][\/et_pb_image][\/et_pb_column][et_pb_column type=\u00bb1_3&#8243; _builder_version=\u00bb4.3.4&#8243; global_colors_info=\u00bb{}\u00bb][et_pb_image src=\u00bbhttps:\/\/sentec.es\/wp-content\/uploads\/2020\/03\/www.sentec.es-skimmer-discos-y-cepillos-Desmi-DBD-2.jpg\u00bb _builder_version=\u00bb4.3.4&#8243; global_colors_info=\u00bb{}\u00bb][\/et_pb_image][\/et_pb_column][et_pb_column type=\u00bb1_3&#8243; _builder_version=\u00bb4.3.4&#8243; global_colors_info=\u00bb{}\u00bb][et_pb_image src=\u00bbhttps:\/\/sentec.es\/wp-content\/uploads\/2020\/03\/skimmer-oleof\u00edlico-discos-cepillos-11.jpg\u00bb _builder_version=\u00bb4.3.4&#8243; global_colors_info=\u00bb{}\u00bb][\/et_pb_image][\/et_pb_column][\/et_pb_row][et_pb_row _builder_version=\u00bb4.3.4&#8243; global_colors_info=\u00bb{}\u00bb][et_pb_column type=\u00bb4_4&#8243; _builder_version=\u00bb4.3.4&#8243; global_colors_info=\u00bb{}\u00bb][et_pb_text _builder_version=\u00bb4.3.4&#8243; text_font=\u00bbVerdana||||||||\u00bb text_font_size=\u00bb17px\u00bb global_colors_info=\u00bb{}\u00bb]<\/p>\n<p style=\"text-align: justify;\">Como accesorio opcional todos ellos pueden ser dotados de m\u00f3dulos de cepillos oleof\u00edlicos para aumentar la eficiencia en la recuperaci\u00f3n de hidrocarburos de elevada viscosidad. El accionamiento de los DESMI<em>\u00a0DBD<\/em> puede ser diesel-hidr\u00e1ulico o el\u00e9ctro-hidr\u00e1ulico. La bomba de descarga puede ser centr\u00edfuga, de tornillo o de diafragma, en funci\u00f3n del modelo y de la aplicaci\u00f3n.<\/p>\n<p>[\/et_pb_text][\/et_pb_column][\/et_pb_row][et_pb_row column_structure=\u00bb1_3,1_3,1_3&#8243; _builder_version=\u00bb4.3.4&#8243; custom_padding=\u00bb4px||4px|||\u00bb global_colors_info=\u00bb{}\u00bb][et_pb_column type=\u00bb1_3&#8243; _builder_version=\u00bb4.3.4&#8243; global_colors_info=\u00bb{}\u00bb][et_pb_image src=\u00bbhttps:\/\/sentec.es\/wp-content\/uploads\/2020\/03\/skimmer-oleof\u00edlico-discos-cepillos-1.jpg\u00bb _builder_version=\u00bb4.3.4&#8243; global_colors_info=\u00bb{}\u00bb][\/et_pb_image][\/et_pb_column][et_pb_column type=\u00bb1_3&#8243; _builder_version=\u00bb4.3.4&#8243; global_colors_info=\u00bb{}\u00bb][et_pb_image src=\u00bbhttps:\/\/sentec.es\/wp-content\/uploads\/2020\/03\/multiskimmer-Desmi-DBD-5.jpg\u00bb _builder_version=\u00bb4.3.4&#8243; global_colors_info=\u00bb{}\u00bb][\/et_pb_image][\/et_pb_column][et_pb_column type=\u00bb1_3&#8243; _builder_version=\u00bb4.3.4&#8243; global_colors_info=\u00bb{}\u00bb][et_pb_image src=\u00bbhttps:\/\/sentec.es\/wp-content\/uploads\/2020\/03\/skimmer-oleof\u00edlico-discos-cepillos-8.jpg\u00bb _builder_version=\u00bb4.3.4&#8243; global_colors_info=\u00bb{}\u00bb][\/et_pb_image][\/et_pb_column][\/et_pb_row][et_pb_row _builder_version=\u00bb4.3.4&#8243; global_colors_info=\u00bb{}\u00bb][et_pb_column type=\u00bb4_4&#8243; _builder_version=\u00bb4.3.4&#8243; global_colors_info=\u00bb{}\u00bb][et_pb_text _builder_version=\u00bb4.3.4&#8243; text_font=\u00bbVerdana||||||||\u00bb text_font_size=\u00bb17px\u00bb global_colors_info=\u00bb{}\u00bb]<\/p>\n<p style=\"text-align: justify;\">Desmi Ro-Clean tambi\u00e9n dispone de m\u00f3dulos de discos y cepillos para su instalaci\u00f3n sobre los skimmers de rebosadero oce\u00e1nicos DESMI TERMINATOR y DESMI TARANTULA.<\/p>\n<p style=\"text-align: justify;\">Los skimmers DESMI\u00a0<em>DBD<\/em> apenas recogen agua junto con el hidrocarburo, una caracter\u00edstica especialmente importante cuando los medios de almacenamiento son limitados y no es posible un proceso de decantaci\u00f3n.<\/p>\n<p>[\/et_pb_text][\/et_pb_column][\/et_pb_row][et_pb_row column_structure=\u00bb1_3,1_3,1_3&#8243; _builder_version=\u00bb4.3.4&#8243; custom_margin=\u00bb|auto|60px|auto||\u00bb custom_padding=\u00bb4px||4px|||\u00bb global_colors_info=\u00bb{}\u00bb][et_pb_column type=\u00bb1_3&#8243; _builder_version=\u00bb4.3.4&#8243; global_colors_info=\u00bb{}\u00bb][et_pb_image src=\u00bbhttps:\/\/sentec.es\/wp-content\/uploads\/2020\/03\/www.sentec.es-skimmer-discos-y-cepillos-Desmi-DBD-5.jpg\u00bb _builder_version=\u00bb4.3.4&#8243; global_colors_info=\u00bb{}\u00bb][\/et_pb_image][\/et_pb_column][et_pb_column type=\u00bb1_3&#8243; _builder_version=\u00bb4.3.4&#8243; global_colors_info=\u00bb{}\u00bb][et_pb_image src=\u00bbhttps:\/\/sentec.es\/wp-content\/uploads\/2020\/03\/multiskimmer-Desmi-DBD-2.jpg\u00bb _builder_version=\u00bb4.3.4&#8243; global_colors_info=\u00bb{}\u00bb][\/et_pb_image][\/et_pb_column][et_pb_column type=\u00bb1_3&#8243; _builder_version=\u00bb4.3.4&#8243; global_colors_info=\u00bb{}\u00bb][et_pb_image src=\u00bbhttps:\/\/sentec.es\/wp-content\/uploads\/2020\/03\/www.sentec.es-multiskimmer-discos-y-cepillos-2.jpg\u00bb _builder_version=\u00bb4.3.4&#8243; global_colors_info=\u00bb{}\u00bb][\/et_pb_image][\/et_pb_column][\/et_pb_row][et_pb_row _builder_version=\u00bb4.3.4&#8243; global_colors_info=\u00bb{}\u00bb][et_pb_column type=\u00bb4_4&#8243; _builder_version=\u00bb4.3.4&#8243; global_colors_info=\u00bb{}\u00bb][et_pb_text _builder_version=\u00bb4.3.4&#8243; text_font_size=\u00bb16px\u00bb global_colors_info=\u00bb{}\u00bb]<\/p>\n<table>\n<tbody>\n<tr>\n<td width=\"166\">\n<p><strong>MODELO<\/strong><\/p>\n<p><strong>\u00a0<\/strong><\/p>\n<\/td>\n<td width=\"126\">\n<p><strong>DBD 2<\/strong><\/p>\n<p><strong>\u00a0<\/strong><\/p>\n<\/td>\n<td width=\"123\">\n<p><strong>DBD 5<\/strong><\/p>\n<p><strong>\u00a0<\/strong><\/p>\n<\/td>\n<td width=\"132\">\n<p><strong>DBD 15<\/strong><\/p>\n<p><strong>\u00a0<\/strong><\/p>\n<\/td>\n<\/tr>\n<tr>\n<td width=\"166\"><strong>Aplicaci\u00f3n<\/strong><\/td>\n<td width=\"126\">Aguas tranquilas; industrial<\/td>\n<td width=\"123\">Aguas protegidas<\/td>\n<td width=\"132\">Aguas agitadas y mar abierto<\/td>\n<\/tr>\n<tr>\n<td width=\"166\"><strong>Capacidad m\u00e1xima<\/strong><\/td>\n<td width=\"126\">\n<p>5 m3\/h (cepillos)<\/p>\n<p>2 m3\/h\u00a0 (discos)<\/p>\n<\/td>\n<td width=\"123\">\n<p>10 m3\/h(cepillos)<\/p>\n<p>5 m3\/h\u00a0 (discos)<\/p>\n<\/td>\n<td width=\"132\">\n<p>20 m3\/h (cepillos)<\/p>\n<p>15 m3\/h\u00a0 (discos)<\/p>\n<\/td>\n<\/tr>\n<tr>\n<td width=\"166\"><strong>N\u00ba tambores<\/strong><\/td>\n<td width=\"126\">1<\/td>\n<td width=\"123\">1<\/td>\n<td width=\"132\">3<\/td>\n<\/tr>\n<tr>\n<td width=\"166\"><strong>Flotadores auxiliares<\/strong><\/td>\n<td width=\"126\">No<\/td>\n<td width=\"123\">No<\/td>\n<td width=\"132\">3 de polietileno con brazos de acero inox.<\/td>\n<\/tr>\n<tr>\n<td width=\"166\"><strong>Accionamiento<\/strong><\/td>\n<td width=\"126\">hidr\u00e1ulico<\/td>\n<td width=\"123\">\n<p>&nbsp;<\/p>\n<p>hidr\u00e1ulico<\/p>\n<p>&nbsp;<\/p>\n<\/td>\n<td width=\"132\">hidr\u00e1ulico<\/td>\n<\/tr>\n<tr>\n<td width=\"166\"><strong>Manguera de descarga<\/strong><\/td>\n<td width=\"126\">2\u201d (50mm) con conexiones Camlock<\/td>\n<td width=\"123\">3\u201d (75mm) con conexiones Camlock<\/td>\n<td width=\"132\">3\u201d (75mm) con conexiones Camlock<\/td>\n<\/tr>\n<tr>\n<td width=\"166\"><strong>Estructura<\/strong><\/td>\n<td width=\"126\">aluminio naval<\/td>\n<td width=\"123\">aluminio naval<\/td>\n<td width=\"132\">aluminio naval<\/td>\n<\/tr>\n<tr>\n<td width=\"166\"><strong>Flotadores estructurales<\/strong><\/td>\n<td width=\"126\">aluminio naval<\/td>\n<td width=\"123\">aluminio naval<\/td>\n<td width=\"132\">aluminio naval<\/td>\n<\/tr>\n<tr>\n<td width=\"166\"><\/td>\n<td width=\"126\"><\/td>\n<td width=\"123\"><\/td>\n<td width=\"132\"><\/td>\n<\/tr>\n<tr>\n<td width=\"166\"><strong>Tambores de discos y cepillos<\/strong><\/td>\n<td width=\"126\">termopl\u00e1stico<\/td>\n<td width=\"123\">termopl\u00e1stico<\/td>\n<td width=\"132\">termopl\u00e1stico<\/td>\n<\/tr>\n<tr>\n<td width=\"166\"><strong>Bomba trasiego<\/strong><\/td>\n<td width=\"126\">auxiliar de compresor rotativo flexible PACER 5m3\/h<\/td>\n<td width=\"123\">auxiliar de diafragma Selwood Spate PD75 (20 m3\/h)<\/td>\n<td width=\"132\">auxiliar de diafragma Selwood Spate PD75 (30 m3\/h)<\/td>\n<\/tr>\n<tr>\n<td width=\"166\"><strong>Dimensiones aprox.<\/strong><\/td>\n<td width=\"126\">800 x 650 x 370mm<\/td>\n<td width=\"123\">1200 x 750 x 370mm<\/td>\n<td width=\"132\">2280 x 2000 x 1112 mm<\/td>\n<\/tr>\n<tr>\n<td width=\"166\"><strong>Peso aprox.<\/strong><\/td>\n<td width=\"126\">30 kg<\/td>\n<td width=\"123\">40 kg<\/td>\n<td width=\"132\">170 kg<\/td>\n<\/tr>\n<\/tbody>\n<\/table>\n<p>[\/et_pb_text][\/et_pb_column][\/et_pb_row][et_pb_row column_structure=\u00bb1_3,1_3,1_3&#8243; _builder_version=\u00bb4.3.4&#8243; custom_margin=\u00bb|auto|60px|auto||\u00bb custom_padding=\u00bb4px||4px|||\u00bb global_colors_info=\u00bb{}\u00bb][et_pb_column type=\u00bb1_3&#8243; _builder_version=\u00bb4.3.4&#8243; global_colors_info=\u00bb{}\u00bb][et_pb_image src=\u00bbhttps:\/\/sentec.es\/wp-content\/uploads\/2021\/03\/Skimmer-DBD13-4.jpg\u00bb _builder_version=\u00bb4.10.6&#8243; global_colors_info=\u00bb{}\u00bb][\/et_pb_image][\/et_pb_column][et_pb_column type=\u00bb1_3&#8243; _builder_version=\u00bb4.3.4&#8243; global_colors_info=\u00bb{}\u00bb][et_pb_image src=\u00bbhttps:\/\/sentec.es\/wp-content\/uploads\/2021\/05\/30919-11900929-1.jpg\u00bb _builder_version=\u00bb4.3.4&#8243; global_colors_info=\u00bb{}\u00bb][\/et_pb_image][\/et_pb_column][et_pb_column type=\u00bb1_3&#8243; _builder_version=\u00bb4.3.4&#8243; global_colors_info=\u00bb{}\u00bb][et_pb_image src=\u00bbhttps:\/\/sentec.es\/wp-content\/uploads\/2021\/05\/Multiskimmer-DESMI-DBD-20.jpg\u00bb _builder_version=\u00bb4.3.4&#8243; global_colors_info=\u00bb{}\u00bb][\/et_pb_image][\/et_pb_column][\/et_pb_row][et_pb_row _builder_version=\u00bb4.3.4&#8243; global_colors_info=\u00bb{}\u00bb][et_pb_column type=\u00bb4_4&#8243; _builder_version=\u00bb4.3.4&#8243; global_colors_info=\u00bb{}\u00bb][et_pb_text _builder_version=\u00bb4.3.4&#8243; text_font_size=\u00bb16px\u00bb global_colors_info=\u00bb{}\u00bb]<\/p>\n<p>3\u00a0<\/p>\n<table>\n<tbody>\n<tr>\n<td width=\"166\">\n<p><strong>MODELO<\/strong><\/p>\n<p><strong>\u00a0<\/strong><\/p>\n<\/td>\n<td width=\"126\">\n<p><strong>DBD 13<\/strong><\/p>\n<p><strong>\u00a0<\/strong><\/p>\n<\/td>\n<td width=\"123\">\n<p><strong>DBD 16<\/strong><\/p>\n<p><strong>\u00a0<\/strong><\/p>\n<\/td>\n<td width=\"132\">\n<p><strong>DBD 20<\/strong><\/p>\n<p><strong>\u00a0<\/strong><\/p>\n<\/td>\n<\/tr>\n<tr>\n<td width=\"166\"><strong>Aplicaci\u00f3n<\/strong><\/td>\n<td width=\"126\">Aguas tranquilas; industrial<\/td>\n<td width=\"123\">Aguas protegidas<\/td>\n<td width=\"132\">Aguas agitadas y mar abierto<\/td>\n<\/tr>\n<tr>\n<td width=\"166\"><strong>Capacidad m\u00e1xima<\/strong><\/td>\n<td width=\"126\">\n<p>24 m3\/h (cepillos)<\/p>\n<p>16 m3\/h\u00a0 (discos)<\/p>\n<\/td>\n<td width=\"123\">\n<p>30 m3\/h(cepillos)<\/p>\n<p>28 m3\/h\u00a0 (discos)<\/p>\n<\/td>\n<td width=\"132\">\n<p>20 m3\/h (cepillos)<\/p>\n<p>15 m3\/h\u00a0 (discos)<\/p>\n<\/td>\n<\/tr>\n<tr>\n<td width=\"166\"><strong>N\u00ba tambores<\/strong><\/td>\n<td width=\"126\">4<\/td>\n<td width=\"123\">2<\/td>\n<td width=\"132\">3<\/td>\n<\/tr>\n<tr>\n<td width=\"166\"><strong>Flotadores auxiliares<\/strong><\/td>\n<td width=\"126\">No<\/td>\n<td width=\"123\">No<\/td>\n<td width=\"132\">3 de polietileno con brazos de acero inox.<\/td>\n<\/tr>\n<tr>\n<td width=\"166\"><strong>Accionamiento<\/strong><\/td>\n<td width=\"126\">hidr\u00e1ulico<\/td>\n<td width=\"123\">\n<p>&nbsp;<\/p>\n<p>hidr\u00e1ulico<\/p>\n<p>&nbsp;<\/p>\n<\/td>\n<td width=\"132\">hidr\u00e1ulico<\/td>\n<\/tr>\n<tr>\n<td width=\"166\"><strong>Manguera de descarga<\/strong><\/td>\n<td width=\"126\">3\u201d (75mm) con conexiones Camlock<\/td>\n<td width=\"123\">3\u201d (75mm) con conexiones Camlock<\/td>\n<td width=\"132\">3\u201d (75mm) con conexiones Camlock<\/td>\n<\/tr>\n<tr>\n<td width=\"166\"><strong>Estructura<\/strong><\/td>\n<td width=\"126\">pl\u00e1stico\/fibra vidrio<\/td>\n<td width=\"123\">aluminio naval<\/td>\n<td width=\"132\">aluminio naval<\/td>\n<\/tr>\n<tr>\n<td width=\"166\"><strong>Flotadores estructurales<\/strong><\/td>\n<td width=\"126\">espuma pl\u00e1stica<\/td>\n<td width=\"123\">aluminio naval<\/td>\n<td width=\"132\">aluminio naval<\/td>\n<\/tr>\n<tr>\n<td width=\"166\"><\/td>\n<td width=\"126\"><\/td>\n<td width=\"123\"><\/td>\n<td width=\"132\"><\/td>\n<\/tr>\n<tr>\n<td width=\"166\"><strong>Tambores de discos y cepillos<\/strong><\/td>\n<td width=\"126\">PMMA\/Nylon<\/td>\n<td width=\"123\">termopl\u00e1stico<\/td>\n<td width=\"132\">termopl\u00e1stico<\/td>\n<\/tr>\n<tr>\n<td width=\"166\"><strong>Bomba trasiego<\/strong><\/td>\n<td width=\"126\">auxiliar de diafragma Selwood Spate PD75 (30 m3\/h)<\/td>\n<td width=\"123\">auxiliar de diafragma Selwood Spate PD75\u00a0 o Desmi Lobe (30 m3\/h)<\/td>\n<td width=\"132\">centr\u00edfuga o de tornillo incorporada en el cabezal<\/td>\n<\/tr>\n<tr>\n<td width=\"166\"><strong>Dimensiones aprox.<\/strong><\/td>\n<td width=\"126\">690 x 690 x 365mm<\/td>\n<td width=\"123\">1320 x 930 x 660mm<\/td>\n<td width=\"132\">2280 x 2000 x 1112 mm<\/td>\n<\/tr>\n<tr>\n<td width=\"166\"><strong>Peso aprox.<\/strong><\/td>\n<td width=\"126\">31,5 kg<\/td>\n<td width=\"123\">52 kg<\/td>\n<td width=\"132\">170-200 kg<\/td>\n<\/tr>\n<\/tbody>\n<\/table>\n<p>&nbsp;<\/p>\n<p>[\/et_pb_text][\/et_pb_column][\/et_pb_row][et_pb_row column_structure=\u00bb1_3,1_3,1_3&#8243; _builder_version=\u00bb4.3.4&#8243; custom_padding=\u00bb4px||4px|||\u00bb global_colors_info=\u00bb{}\u00bb][et_pb_column type=\u00bb1_3&#8243; _builder_version=\u00bb4.3.4&#8243; global_colors_info=\u00bb{}\u00bb][et_pb_image src=\u00bbhttps:\/\/sentec.es\/wp-content\/uploads\/2020\/03\/www.sentec.es-multiskimmer-discos-y-cepillos-1-1.jpg\u00bb _builder_version=\u00bb4.3.4&#8243; global_colors_info=\u00bb{}\u00bb][\/et_pb_image][\/et_pb_column][et_pb_column type=\u00bb1_3&#8243; _builder_version=\u00bb4.3.4&#8243; global_colors_info=\u00bb{}\u00bb][et_pb_video src=\u00bbhttps:\/\/sentec.es\/wp-content\/uploads\/2020\/04\/DBD-15.mp4&#8243; image_src=\u00bbhttps:\/\/sentec.es\/wp-content\/uploads\/2020\/03\/multiskimmer-Desmi-DBD-1.jpg\u00bb thumbnail_overlay_color=\u00bbrgba(0,0,0,0.6)\u00bb _builder_version=\u00bb4.3.4&#8243; min_height=\u00bb180px\u00bb custom_padding=\u00bb61px|||||\u00bb global_colors_info=\u00bb{}\u00bb][\/et_pb_video][\/et_pb_column][et_pb_column type=\u00bb1_3&#8243; _builder_version=\u00bb4.3.4&#8243; global_colors_info=\u00bb{}\u00bb][et_pb_image src=\u00bbhttps:\/\/sentec.es\/wp-content\/uploads\/2020\/03\/skimmer-oleof\u00edlico-discos-cepillos-10.jpg\u00bb _builder_version=\u00bb4.3.4&#8243; global_colors_info=\u00bb{}\u00bb][\/et_pb_image][\/et_pb_column][\/et_pb_row][et_pb_row _builder_version=\u00bb4.3.4&#8243; custom_padding=\u00bb60px|||||\u00bb global_colors_info=\u00bb{}\u00bb][et_pb_column type=\u00bb4_4&#8243; _builder_version=\u00bb4.3.4&#8243; global_colors_info=\u00bb{}\u00bb][et_pb_text _builder_version=\u00bb4.3.4&#8243; text_font_size=\u00bb16px\u00bb global_colors_info=\u00bb{}\u00bb]<\/p>\n<table width=\"612\">\n<tbody>\n<tr style=\"height: 160px;\">\n<td width=\"148\" style=\"height: 160px;\">\n<p><strong>MODELO<\/strong><\/p>\n<p>&nbsp;<\/p>\n<\/td>\n<td width=\"162\" style=\"height: 160px;\">\n<p><strong>Desmi <\/strong><\/p>\n<p><strong>DBD 40\/80<\/strong><\/p>\n<p><strong>\u00a0<\/strong><\/p>\n<\/td>\n<td width=\"148\" style=\"height: 160px;\">\n<p><strong>Desmi <\/strong><\/p>\n<p><strong>DBD 60\/120<\/strong><\/p>\n<p><strong>\u00a0<\/strong><\/p>\n<\/td>\n<td width=\"154\" style=\"height: 160px;\">\n<p><strong>Desmi <\/strong><\/p>\n<p><strong>DBD 140 Tarantula<\/strong><\/p>\n<p><strong>\u00a0<\/strong><\/p>\n<\/td>\n<\/tr>\n<tr style=\"height: 48px;\">\n<td width=\"148\" style=\"height: 48px;\"><strong>Aplicaci\u00f3n<\/strong><\/td>\n<td width=\"162\" style=\"height: 48px;\">Aguas agitadas y mar abierto<\/td>\n<td width=\"148\" style=\"height: 48px;\">Aguas agitadas y mar abierto<\/td>\n<td width=\"154\" style=\"height: 48px;\">Mar abierto<\/td>\n<\/tr>\n<tr style=\"height: 144px;\">\n<td width=\"148\" style=\"height: 144px;\"><strong>Capacidad m\u00e1xima<\/strong><\/td>\n<td width=\"162\" style=\"height: 144px;\">\n<p>\u00a080 m3\/h (cepillos)<\/p>\n<p>40 m3\/h\u00a0 (discos)<\/p>\n<\/td>\n<td width=\"148\" style=\"height: 144px;\">\n<p>120 m3\/h (cepillos)<\/p>\n<p>60 m3\/h\u00a0 (discos)<\/p>\n<\/td>\n<td width=\"154\" style=\"height: 144px;\">\n<p>200 m3\/h(rebosadero)<\/p>\n<p>140 m3\/h\u00a0 (cepillos)<\/p>\n<\/td>\n<\/tr>\n<tr style=\"height: 24px;\">\n<td width=\"148\" style=\"height: 24px;\"><strong>N\u00ba tambores<\/strong><\/td>\n<td width=\"162\" style=\"height: 24px;\">3<\/td>\n<td width=\"148\" style=\"height: 24px;\">3<\/td>\n<td width=\"154\" style=\"height: 24px;\">2<\/td>\n<\/tr>\n<tr style=\"height: 72px;\">\n<td width=\"148\" style=\"height: 72px;\"><strong>Flotadores auxiliares<\/strong><\/td>\n<td width=\"162\" style=\"height: 72px;\">3 de polietileno con brazos de acero inox.<\/td>\n<td width=\"148\" style=\"height: 72px;\">3 de polietileno con brazos de acero inox.<\/td>\n<td width=\"154\" style=\"height: 72px;\">4 de polietileno con brazos de acero inox.<\/td>\n<\/tr>\n<tr style=\"height: 103px;\">\n<td width=\"148\" style=\"height: 103px;\"><strong>Accionamiento<\/strong><\/td>\n<td width=\"162\" style=\"height: 103px;\">hidr\u00e1ulico<\/td>\n<td width=\"148\" style=\"height: 103px;\">\n<p>&nbsp;<\/p>\n<p>hidr\u00e1ulico<\/p>\n<p>&nbsp;<\/p>\n<\/td>\n<td width=\"154\" style=\"height: 103px;\">\n<p>&nbsp;<\/p>\n<p>hidr\u00e1ulico<\/p>\n<p>&nbsp;<\/p>\n<\/td>\n<\/tr>\n<tr style=\"height: 72px;\">\n<td width=\"148\" style=\"height: 72px;\"><strong>Manguera de descarga<\/strong><\/td>\n<td width=\"162\" style=\"height: 72px;\">3\u2019\u2019 o\u00a0 4\u201d con conexiones Camlock<\/td>\n<td width=\"148\" style=\"height: 72px;\">5\u201d (125mm) con conexiones Camlock<\/td>\n<td width=\"154\" style=\"height: 72px;\">6\u201d (150mm) con conexiones Camlock<\/td>\n<\/tr>\n<tr style=\"height: 24px;\">\n<td width=\"148\" style=\"height: 24px;\"><strong>Estructura<\/strong><\/td>\n<td width=\"162\" style=\"height: 24px;\">\u00a0\u00a0 aluminio naval<\/td>\n<td width=\"148\" style=\"height: 24px;\">aluminio naval<\/td>\n<td width=\"154\" style=\"height: 24px;\">aluminio naval<\/td>\n<\/tr>\n<tr style=\"height: 48px;\">\n<td width=\"148\" style=\"height: 48px;\"><strong>Flotadores estructurales<\/strong><\/td>\n<td width=\"162\" style=\"height: 48px;\">\u00a0 \u00a0aluminio naval<\/td>\n<td width=\"148\" style=\"height: 48px;\">aluminio naval<\/td>\n<td width=\"154\" style=\"height: 48px;\">\u00a0\u00a0\u00a0\u00a0\u00a0\u00a0\u00a0\u00a0\u00a0\u00a0 N\/A<\/td>\n<\/tr>\n<tr style=\"height: 48px;\">\n<td width=\"148\" style=\"height: 48px;\"><strong>Flotadores auxiliares<\/strong><\/td>\n<td width=\"162\" style=\"height: 48px;\">\u00a0\u00a0\u00a0\u00a0\u00a0\u00a0 polietileno<\/td>\n<td width=\"148\" style=\"height: 48px;\">\u00a0\u00a0\u00a0\u00a0\u00a0 polietileno<\/td>\n<td width=\"154\" style=\"height: 48px;\">\u00a0\u00a0\u00a0 polietileno<\/td>\n<\/tr>\n<tr style=\"height: 72px;\">\n<td width=\"148\" style=\"height: 72px;\"><strong>Tambores de discos y cepillos oleof\u00edlicos<\/strong><\/td>\n<td width=\"162\" style=\"height: 72px;\">\u00a0\u00a0\u00a0\u00a0\u00a0 termopl\u00e1stico<\/td>\n<td width=\"148\" style=\"height: 72px;\">\u00a0 termopl\u00e1stico<\/td>\n<td width=\"154\" style=\"height: 72px;\">\u00a0 termopl\u00e1stico<\/td>\n<\/tr>\n<tr style=\"height: 232px;\">\n<td width=\"148\" style=\"height: 232px;\"><strong>Bomba trasiego<\/strong><\/td>\n<td width=\"162\" style=\"height: 232px;\">\n<p>Centr\u00edfuga Desmi Loop 80 (80 m3\/h)<\/p>\n<p>\u00f3 de tornillo Desmi DOP 200 (66 m3\/h)<\/p>\n<p>&nbsp;<\/p>\n<\/td>\n<td width=\"148\" style=\"height: 232px;\">\n<p>de tornillo Desmi DOP 250 (125 m3\/h)<\/p>\n<p>&nbsp;<\/p>\n<\/td>\n<td width=\"154\" style=\"height: 232px;\">\n<p>2 x de tornillo Desmi DOP 250 (200 m3\/h)<\/p>\n<p>&nbsp;<\/p>\n<\/td>\n<\/tr>\n<tr style=\"height: 96px;\">\n<td width=\"148\" style=\"height: 96px;\"><strong>Dimensiones aprox. mm<\/strong><\/td>\n<td width=\"162\" style=\"height: 96px;\">\n<p>1780 x 1840 x 850<\/p>\n<p>sin flotadores<\/p>\n<\/td>\n<td width=\"148\" style=\"height: 96px;\">\n<p>2100 x 2300<\/p>\n<p>con flotadores<\/p>\n<\/td>\n<td width=\"154\" style=\"height: 96px;\">\n<p>2350 x 2350<\/p>\n<p>con flotadores<\/p>\n<\/td>\n<\/tr>\n<tr style=\"height: 24px;\">\n<td width=\"148\" style=\"height: 24px;\"><strong>Peso aprox.<\/strong><\/td>\n<td width=\"162\" style=\"height: 24px;\">230\/270 kg<\/td>\n<td width=\"148\" style=\"height: 24px;\">290 kg<\/td>\n<td width=\"154\" style=\"height: 24px;\">590 kg<\/td>\n<\/tr>\n<\/tbody>\n<\/table>\n<p>[\/et_pb_text][\/et_pb_column][\/et_pb_row][et_pb_row column_structure=\u00bb1_3,1_3,1_3&#8243; _builder_version=\u00bb4.3.4&#8243; custom_padding=\u00bb4px||4px|||\u00bb global_colors_info=\u00bb{}\u00bb][et_pb_column type=\u00bb1_3&#8243; _builder_version=\u00bb4.3.4&#8243; global_colors_info=\u00bb{}\u00bb][et_pb_image src=\u00bbhttps:\/\/sentec.es\/wp-content\/uploads\/2020\/03\/skimmer-oleof\u00edlico-discos-cepillos-9.jpg\u00bb _builder_version=\u00bb4.3.4&#8243; global_colors_info=\u00bb{}\u00bb][\/et_pb_image][\/et_pb_column][et_pb_column type=\u00bb1_3&#8243; _builder_version=\u00bb4.3.4&#8243; global_colors_info=\u00bb{}\u00bb][et_pb_image src=\u00bbhttps:\/\/sentec.es\/wp-content\/uploads\/2020\/03\/skimmer-oleof\u00edlico-discos-cepillos-7.jpg\u00bb _builder_version=\u00bb4.3.4&#8243; global_colors_info=\u00bb{}\u00bb][\/et_pb_image][\/et_pb_column][et_pb_column type=\u00bb1_3&#8243; _builder_version=\u00bb4.3.4&#8243; global_colors_info=\u00bb{}\u00bb][et_pb_image src=\u00bbhttps:\/\/sentec.es\/wp-content\/uploads\/2020\/03\/www.sentec.es-skimmer-discos-y-cepillos-Desmi-DBD-1.jpg\u00bb _builder_version=\u00bb4.3.4&#8243; global_colors_info=\u00bb{}\u00bb][\/et_pb_image][\/et_pb_column][\/et_pb_row][\/et_pb_section]<\/p>\n","protected":false},"excerpt":{"rendered":"<p>MULTISKIMMERS DESMI DBD Skimmers de discos y cepillos intercambiables &nbsp; Desmi Ro-Clean dispone de una ampl\u00edsima gama de skimmers de discos, tanto para aplicaciones portuarias como para la recuperaci\u00f3n de derrames de hidrocarburos en mar abierto y con capacidades que van desde los 2m3\/h hasta los 160 m3\/h.Como accesorio opcional todos ellos pueden ser dotados [&hellip;]<\/p>\n","protected":false},"author":1,"featured_media":0,"parent":0,"menu_order":0,"comment_status":"closed","ping_status":"closed","template":"","meta":{"_et_pb_use_builder":"on","_et_pb_old_content":"","_et_gb_content_width":"","footnotes":""},"class_list":["post-975","page","type-page","status-publish","hentry"],"aioseo_notices":[],"_links":{"self":[{"href":"https:\/\/sentec.es\/index.php\/wp-json\/wp\/v2\/pages\/975"}],"collection":[{"href":"https:\/\/sentec.es\/index.php\/wp-json\/wp\/v2\/pages"}],"about":[{"href":"https:\/\/sentec.es\/index.php\/wp-json\/wp\/v2\/types\/page"}],"author":[{"embeddable":true,"href":"https:\/\/sentec.es\/index.php\/wp-json\/wp\/v2\/users\/1"}],"replies":[{"embeddable":true,"href":"https:\/\/sentec.es\/index.php\/wp-json\/wp\/v2\/comments?post=975"}],"version-history":[{"count":22,"href":"https:\/\/sentec.es\/index.php\/wp-json\/wp\/v2\/pages\/975\/revisions"}],"predecessor-version":[{"id":2868,"href":"https:\/\/sentec.es\/index.php\/wp-json\/wp\/v2\/pages\/975\/revisions\/2868"}],"wp:attachment":[{"href":"https:\/\/sentec.es\/index.php\/wp-json\/wp\/v2\/media?parent=975"}],"curies":[{"name":"wp","href":"https:\/\/api.w.org\/{rel}","templated":true}]}}